{"id":10844,"date":"2019-03-21T15:24:01","date_gmt":"2019-03-21T15:24:01","guid":{"rendered":"https:\/\/3w.sienteomana.com\/en\/?page_id=10844"},"modified":"2019-05-24T09:22:54","modified_gmt":"2019-05-24T09:22:54","slug":"murias-de-paredes","status":"publish","type":"page","link":"https:\/\/3w.sienteomana.com\/en\/murias-de-paredes\/","title":{"rendered":"MURIAS DE PAREDES"},"content":{"rendered":"<div class=\"standard_wrapper\">\n<div class=\"one_third withsmallpadding ppb_text\" style=\"padding: 30px 0 30px 0;\">\n<div class=\"standard_wrapper\">\n<div class=\"page_content_wrapper\">\n<div class=\"inner\">\n<div style=\"margin: auto; width: 100%;\">\n<h1 style=\"text-align: right;\"><span style=\"color: #99cc00;\">Murias de Paredes<br \/>\n<\/span><\/h1>\n<\/div>\n<\/div>\n<\/div>\n<\/div>\n<\/div>\n<\/div>\n<div class=\"standard_wrapper\">\n<div class=\"two_third last withsmallpadding ppb_text\" style=\"padding: 30px 0 30px 0;\">\n<div class=\"standard_wrapper\">\n<div class=\"page_content_wrapper\">\n<div class=\"inner\">\n<div style=\"margin: auto; width: 100%;\">\n<p>Dicen que su nombre proviene de la ancestral costumbre de delimitar prados y tierras por muros de maposter\u00eda de pizarra colocadas en seco, aunque tambi\u00e9n podr\u00eda estar relacionado con el cercano monte de El Cuvich\u00f3n, ubicado justo encima del pueblo y donde podr\u00eda haber restos de un poblamiento prerromano y de las labores relacionadas con la miner\u00eda de oro en la \u00e9poca romana. Es el Castro de Curuezas o del Cuvich\u00f3n, donde la leyenda tambi\u00e9n ubica una sima en la que quien se asoma pude oir \u201cfervir a borbot\u00f3n una gran olla colgada de unas pregancias llena de pepitas de oro\u201d.<\/p>\n<p>Visita La Casona de Los Condes de Luna, antiguo palacio residencia de los Qui\u00f1ones de Le\u00f3n y en la actualidad restaurado Punto de Informaci\u00f3n Tur\u00edstica, Centro de Interpretaci\u00f3n de la Reserva de la Biosfera de los Valles de Oma\u00f1a y Luna y din\u00e1mica actividad cultural.<\/p>\n<p>Admira su iglesia y su espectacular campanario de cuerpo cil\u00edndrico y escaleras de caracol. Recorre sus soportales y entra en su interior para contemplar en su retablo barroco la imagen de una virgen que data del rom\u00e1nico tard\u00edo.<\/p>\n<p>Pasea hacia el puente medieval de \u201cLa Lecher\u00eda\u201d, construido con piedras superpuestas, y descubre sus molinos, lavadero y potro de herrar, elementos a\u00fan bien conservados.<\/p>\n<p>Muy cerca, en el Puerto de La Magdalena, la ermita medieval es otro elemento de elevado inter\u00e9s arquitect\u00f3nico y paisaj\u00edstico, aunque lamentablemente hoy est\u00e9 abandonada.<\/p>\n<\/div>\n<\/div>\n<\/div>\n<\/div>\n<\/div>\n<\/div>\n<div class=\"standard_wrapper\">\n<div class=\"two_third last withsmallpadding ppb_text\" style=\"padding: 30px 0 30px 0;\">\n<div class=\"standard_wrapper\">\n<div class=\"page_content_wrapper\">\n<div class=\"inner\">\n<div style=\"margin: auto; width: 100%;\">\n<p>Dicen que su nombre proviene de la ancestral costumbre de delimitar prados y tierras por muros de maposter\u00eda de pizarra colocadas en seco, aunque tambi\u00e9n podr\u00eda estar relacionado con el cercano monte de El Cuvich\u00f3n, ubicado justo encima del pueblo y donde podr\u00eda haber restos de un poblamiento prerromano y de las labores relacionadas con la miner\u00eda de oro en la \u00e9poca romana. Es el Castro de Curuezas o del Cuvich\u00f3n, donde la leyenda tambi\u00e9n ubica una sima en la que quien se asoma pude oir \u201cfervir a borbot\u00f3n una gran olla colgada de unas pregancias llena de pepitas de oro\u201d.<\/p>\n<p>Visita La Casona de Los Condes de Luna, antiguo palacio residencia de los Qui\u00f1ones de Le\u00f3n y en la actualidad restaurado Punto de Informaci\u00f3n Tur\u00edstica, Centro de Interpretaci\u00f3n de la Reserva de la Biosfera de los Valles de Oma\u00f1a y Luna y din\u00e1mica actividad cultural.<\/p>\n<p>Admira su iglesia y su espectacular campanario de cuerpo cil\u00edndrico y escaleras de caracol. Recorre sus soportales y entra en su interior para contemplar en su retablo barroco la imagen de una virgen que data del rom\u00e1nico tard\u00edo.<\/p>\n<p>Pasea hacia el puente medieval de \u201cLa Lecher\u00eda\u201d, construido con piedras superpuestas, y descubre sus molinos, lavadero y potro de herrar, elementos a\u00fan bien conservados.<\/p>\n<p>Muy cerca, en el Puerto de La Magdalena, la ermita medieval es otro elemento de elevado inter\u00e9s arquitect\u00f3nico y paisaj\u00edstico, aunque lamentablemente hoy est\u00e9 abandonada.<\/p>\n<\/div>\n<\/div>\n<\/div>\n<\/div>\n<\/div>\n<\/div>\n<div class=\"standard_wrapper\">\n<div class=\"two_third last withsmallpadding ppb_text\" style=\"padding: 30px 0 30px 0;\">\n<div class=\"standard_wrapper\">\n<div class=\"page_content_wrapper\">\n<div class=\"inner\">\n<div style=\"margin: auto; width: 100%;\">\n<p>Dicen que su nombre proviene de la ancestral costumbre de delimitar prados y tierras por muros de maposter\u00eda de pizarra colocadas en seco, aunque tambi\u00e9n podr\u00eda estar relacionado con el cercano monte de El Cuvich\u00f3n, ubicado justo encima del pueblo y donde podr\u00eda haber restos de un poblamiento prerromano y de las labores relacionadas con la miner\u00eda de oro en la \u00e9poca romana. Es el Castro de Curuezas o del Cuvich\u00f3n, donde la leyenda tambi\u00e9n ubica una sima en la que quien se asoma pude oir \u201cfervir a borbot\u00f3n una gran olla colgada de unas pregancias llena de pepitas de oro\u201d.<\/p>\n<p>Visita La Casona de Los Condes de Luna, antiguo palacio residencia de los Qui\u00f1ones de Le\u00f3n y en la actualidad restaurado Punto de Informaci\u00f3n Tur\u00edstica, Centro de Interpretaci\u00f3n de la Reserva de la Biosfera de los Valles de Oma\u00f1a y Luna y din\u00e1mica actividad cultural.<\/p>\n<p>Admira su iglesia y su espectacular campanario de cuerpo cil\u00edndrico y escaleras de caracol. Recorre sus soportales y entra en su interior para contemplar en su retablo barroco la imagen de una virgen que data del rom\u00e1nico tard\u00edo.<\/p>\n<p>Pasea hacia el puente medieval de \u201cLa Lecher\u00eda\u201d, construido con piedras superpuestas, y descubre sus molinos, lavadero y potro de herrar, elementos a\u00fan bien conservados.<\/p>\n<p>Muy cerca, en el Puerto de La Magdalena, la ermita medieval es otro elemento de elevado inter\u00e9s arquitect\u00f3nico y paisaj\u00edstico, aunque lamentablemente hoy est\u00e9 abandonada.<\/p>\n<\/div>\n<\/div>\n<\/div>\n<\/div>\n<\/div>\n<\/div>\n<div class=\"standard_wrapper\">\n<div class=\"two_third last withsmallpadding ppb_text\" style=\"padding: 30px 0 30px 0;\">\n<div class=\"standard_wrapper\">\n<div class=\"page_content_wrapper\">\n<div class=\"inner\">\n<div style=\"margin: auto; width: 100%;\">\n<p>Dicen que su nombre proviene de la ancestral costumbre de delimitar prados y tierras por muros de maposter\u00eda de pizarra colocadas en seco, aunque tambi\u00e9n podr\u00eda estar relacionado con el cercano monte de El Cuvich\u00f3n, ubicado justo encima del pueblo y donde podr\u00eda haber restos de un poblamiento prerromano y de las labores relacionadas con la miner\u00eda de oro en la \u00e9poca romana. Es el Castro de Curuezas o del Cuvich\u00f3n, donde la leyenda tambi\u00e9n ubica una sima en la que quien se asoma pude oir \u201cfervir a borbot\u00f3n una gran olla colgada de unas pregancias llena de pepitas de oro\u201d.<\/p>\n<p>Visita La Casona de Los Condes de Luna, antiguo palacio residencia de los Qui\u00f1ones de Le\u00f3n y en la actualidad restaurado Punto de Informaci\u00f3n Tur\u00edstica, Centro de Interpretaci\u00f3n de la Reserva de la Biosfera de los Valles de Oma\u00f1a y Luna y din\u00e1mica actividad cultural.<\/p>\n<p>Admira su iglesia y su espectacular campanario de cuerpo cil\u00edndrico y escaleras de caracol. Recorre sus soportales y entra en su interior para contemplar en su retablo barroco la imagen de una virgen que data del rom\u00e1nico tard\u00edo.<\/p>\n<p>Pasea hacia el puente medieval de \u201cLa Lecher\u00eda\u201d, construido con piedras superpuestas, y descubre sus molinos, lavadero y potro de herrar, elementos a\u00fan bien conservados.<\/p>\n<p>Muy cerca, en el Puerto de La Magdalena, la ermita medieval es otro elemento de elevado inter\u00e9s arquitect\u00f3nico y paisaj\u00edstico, aunque lamentablemente hoy est\u00e9 abandonada.<\/p>\n<\/div>\n<\/div>\n<\/div>\n<\/div>\n<\/div>\n<\/div>\n","protected":false},"excerpt":{"rendered":"<p>Murias de Paredes Dicen que su nombre proviene de la ancestral costumbre de delimitar prados y tierras por muros de maposter\u00eda de pizarra colocadas en seco, aunque tambi\u00e9n podr\u00eda estar relacionado con el cercano monte de El Cuvich\u00f3n, ubicado justo [&hellip;]<\/p>\n","protected":false},"author":2,"featured_media":0,"parent":0,"menu_order":0,"comment_status":"closed","ping_status":"closed","template":"","meta":{"inline_featured_image":false,"footnotes":""},"yoast_head":"<!-- This site is optimized with the Yoast SEO plugin v20.13 - https:\/\/yoast.com\/wordpress\/plugins\/seo\/ -->\n<title>MURIAS DE PAREDES - (EN) Siente Oma\u00f1a<\/title>\n<meta name=\"robots\" content=\"index, follow, max-snippet:-1, max-image-preview:large, max-video-preview:-1\" \/>\n<link rel=\"canonical\" href=\"https:\/\/3w.sienteomana.com\/en\/murias-de-paredes\/\" \/>\n<meta property=\"og:locale\" content=\"es_ES\" \/>\n<meta property=\"og:type\" content=\"article\" \/>\n<meta property=\"og:title\" content=\"MURIAS DE PAREDES - (EN) Siente Oma\u00f1a\" \/>\n<meta property=\"og:description\" content=\"Murias de Paredes Dicen que su nombre proviene de la ancestral costumbre de delimitar prados y tierras por muros de maposter\u00eda de pizarra colocadas en seco, aunque tambi\u00e9n podr\u00eda estar relacionado con el cercano monte de El Cuvich\u00f3n, ubicado justo [&hellip;]\" \/>\n<meta property=\"og:url\" content=\"https:\/\/3w.sienteomana.com\/en\/murias-de-paredes\/\" \/>\n<meta property=\"og:site_name\" content=\"(EN) Siente Oma\u00f1a\" \/>\n<meta property=\"article:modified_time\" content=\"2019-05-24T09:22:54+00:00\" \/>\n<meta name=\"twitter:card\" content=\"summary_large_image\" \/>\n<meta name=\"twitter:label1\" content=\"Tiempo de lectura\" \/>\n\t<meta name=\"twitter:data1\" content=\"5 minutos\" \/>\n<script type=\"application\/ld+json\" class=\"yoast-schema-graph\">{\"@context\":\"https:\/\/schema.org\",\"@graph\":[{\"@type\":\"WebPage\",\"@id\":\"https:\/\/3w.sienteomana.com\/en\/murias-de-paredes\/\",\"url\":\"https:\/\/3w.sienteomana.com\/en\/murias-de-paredes\/\",\"name\":\"MURIAS DE PAREDES - (EN) Siente Oma\u00f1a\",\"isPartOf\":{\"@id\":\"https:\/\/3w.sienteomana.com\/en\/#website\"},\"datePublished\":\"2019-03-21T15:24:01+00:00\",\"dateModified\":\"2019-05-24T09:22:54+00:00\",\"breadcrumb\":{\"@id\":\"https:\/\/3w.sienteomana.com\/en\/murias-de-paredes\/#breadcrumb\"},\"inLanguage\":\"es\",\"potentialAction\":[{\"@type\":\"ReadAction\",\"target\":[\"https:\/\/3w.sienteomana.com\/en\/murias-de-paredes\/\"]}]},{\"@type\":\"BreadcrumbList\",\"@id\":\"https:\/\/3w.sienteomana.com\/en\/murias-de-paredes\/#breadcrumb\",\"itemListElement\":[{\"@type\":\"ListItem\",\"position\":1,\"name\":\"Home\",\"item\":\"https:\/\/3w.sienteomana.com\/en\/\"},{\"@type\":\"ListItem\",\"position\":2,\"name\":\"MURIAS DE PAREDES\"}]},{\"@type\":\"WebSite\",\"@id\":\"https:\/\/3w.sienteomana.com\/en\/#website\",\"url\":\"https:\/\/3w.sienteomana.com\/en\/\",\"name\":\"(EN) Siente Oma\u00f1a\",\"description\":\"Oma\u00f1a\",\"potentialAction\":[{\"@type\":\"SearchAction\",\"target\":{\"@type\":\"EntryPoint\",\"urlTemplate\":\"https:\/\/3w.sienteomana.com\/en\/?s={search_term_string}\"},\"query-input\":\"required name=search_term_string\"}],\"inLanguage\":\"es\"}]}<\/script>\n<!-- \/ Yoast SEO plugin. -->","yoast_head_json":{"title":"MURIAS DE PAREDES - (EN) Siente Oma\u00f1a","robots":{"index":"index","follow":"follow","max-snippet":"max-snippet:-1","max-image-preview":"max-image-preview:large","max-video-preview":"max-video-preview:-1"},"canonical":"https:\/\/3w.sienteomana.com\/en\/murias-de-paredes\/","og_locale":"es_ES","og_type":"article","og_title":"MURIAS DE PAREDES - (EN) Siente Oma\u00f1a","og_description":"Murias de Paredes Dicen que su nombre proviene de la ancestral costumbre de delimitar prados y tierras por muros de maposter\u00eda de pizarra colocadas en seco, aunque tambi\u00e9n podr\u00eda estar relacionado con el cercano monte de El Cuvich\u00f3n, ubicado justo [&hellip;]","og_url":"https:\/\/3w.sienteomana.com\/en\/murias-de-paredes\/","og_site_name":"(EN) Siente Oma\u00f1a","article_modified_time":"2019-05-24T09:22:54+00:00","twitter_card":"summary_large_image","twitter_misc":{"Tiempo de lectura":"5 minutos"},"schema":{"@context":"https:\/\/schema.org","@graph":[{"@type":"WebPage","@id":"https:\/\/3w.sienteomana.com\/en\/murias-de-paredes\/","url":"https:\/\/3w.sienteomana.com\/en\/murias-de-paredes\/","name":"MURIAS DE PAREDES - (EN) Siente Oma\u00f1a","isPartOf":{"@id":"https:\/\/3w.sienteomana.com\/en\/#website"},"datePublished":"2019-03-21T15:24:01+00:00","dateModified":"2019-05-24T09:22:54+00:00","breadcrumb":{"@id":"https:\/\/3w.sienteomana.com\/en\/murias-de-paredes\/#breadcrumb"},"inLanguage":"es","potentialAction":[{"@type":"ReadAction","target":["https:\/\/3w.sienteomana.com\/en\/murias-de-paredes\/"]}]},{"@type":"BreadcrumbList","@id":"https:\/\/3w.sienteomana.com\/en\/murias-de-paredes\/#breadcrumb","itemListElement":[{"@type":"ListItem","position":1,"name":"Home","item":"https:\/\/3w.sienteomana.com\/en\/"},{"@type":"ListItem","position":2,"name":"MURIAS DE PAREDES"}]},{"@type":"WebSite","@id":"https:\/\/3w.sienteomana.com\/en\/#website","url":"https:\/\/3w.sienteomana.com\/en\/","name":"(EN) Siente Oma\u00f1a","description":"Oma\u00f1a","potentialAction":[{"@type":"SearchAction","target":{"@type":"EntryPoint","urlTemplate":"https:\/\/3w.sienteomana.com\/en\/?s={search_term_string}"},"query-input":"required name=search_term_string"}],"inLanguage":"es"}]}},"_links":{"self":[{"href":"https:\/\/3w.sienteomana.com\/en\/wp-json\/wp\/v2\/pages\/10844"}],"collection":[{"href":"https:\/\/3w.sienteomana.com\/en\/wp-json\/wp\/v2\/pages"}],"about":[{"href":"https:\/\/3w.sienteomana.com\/en\/wp-json\/wp\/v2\/types\/page"}],"author":[{"embeddable":true,"href":"https:\/\/3w.sienteomana.com\/en\/wp-json\/wp\/v2\/users\/2"}],"replies":[{"embeddable":true,"href":"https:\/\/3w.sienteomana.com\/en\/wp-json\/wp\/v2\/comments?post=10844"}],"version-history":[{"count":33,"href":"https:\/\/3w.sienteomana.com\/en\/wp-json\/wp\/v2\/pages\/10844\/revisions"}],"predecessor-version":[{"id":12424,"href":"https:\/\/3w.sienteomana.com\/en\/wp-json\/wp\/v2\/pages\/10844\/revisions\/12424"}],"wp:attachment":[{"href":"https:\/\/3w.sienteomana.com\/en\/wp-json\/wp\/v2\/media?parent=10844"}],"curies":[{"name":"wp","href":"https:\/\/api.w.org\/{rel}","templated":true}]}}