{"id":10907,"date":"2019-03-22T19:19:57","date_gmt":"2019-03-22T19:19:57","guid":{"rendered":"https:\/\/3w.sienteomana.com\/en\/?page_id=10907"},"modified":"2019-03-30T20:42:34","modified_gmt":"2019-03-30T20:42:34","slug":"barrio-de-la-puente","status":"publish","type":"page","link":"https:\/\/3w.sienteomana.com\/en\/barrio-de-la-puente\/","title":{"rendered":"BARRIO DE LA PUENTE"},"content":{"rendered":"<div class=\"standard_wrapper\">\n<div  class=\"one_third withsmallpadding ppb_text\" style=\"padding:30px 0 30px 0;\" >\n<div class=\"standard_wrapper\">\n<div class=\"page_content_wrapper\">\n<div class=\"inner\">\n<div style=\"margin:auto;width:100%\">\n<h1 style=\"text-align: right;\"><span style=\"color: #99cc00;\">Barrio de la Puente<br \/>\n<\/span><\/h1>\n<\/div>\n<\/div>\n<\/div>\n<\/div>\n<\/div>\n<\/div>\n<div class=\"standard_wrapper\">\n<div  class=\"two_third last withsmallpadding ppb_text\" style=\"padding:30px 0 30px 0;\" >\n<div class=\"standard_wrapper\">\n<div class=\"page_content_wrapper\">\n<div class=\"inner\">\n<div style=\"margin:auto;width:100%\">\n<p>Barrio de la Puente es uno de los ocho pueblos del Valle Gordo, as\u00ed llamado por su anchura y por estar regado por un r\u00edo de gran caudal llamado igual. El nombre del pueblo proviene del puente medieval, o quiz\u00e1 m\u00e1s antiguo, ubicado en mitad del pueblo y que enlaza el barrio de Portugal con los de la Prazuela y la Fuente.<\/p>\n<p>Barrio cuenta con dos interesantes ermitas, la de Nuestro Se\u00f1or Jes\u00fas Nazareno,\u00a0 al lado de la Iglesia Parroquial y la del Santo Cristo, en el barrio de la Casablanca. Desde Barrio se pueden hacer interesantes rutas de senderismo hasta el Monte Suspir\u00f3n o buscar las huellas de la miner\u00eda romana del oro. El pueblo tambi\u00e9n cuenta con molinos restaurados y celebra su fiesta patronal de Santa Ana el 26 de julio.<\/p>\n<\/div>\n<\/div>\n<\/div>\n<\/div>\n<\/div>\n<\/div>\n<div class=\"standard_wrapper\">\n<div  class=\"two_third last withsmallpadding ppb_text\" style=\"padding:30px 0 30px 0;\" >\n<div class=\"standard_wrapper\">\n<div class=\"page_content_wrapper\">\n<div class=\"inner\">\n<div style=\"margin:auto;width:100%\">\n<p>Barrio de la Puente es uno de los ocho pueblos del Valle Gordo, as\u00ed llamado por su anchura y por estar regado por un r\u00edo de gran caudal llamado igual. El nombre del pueblo proviene del puente medieval, o quiz\u00e1 m\u00e1s antiguo, ubicado en mitad del pueblo y que enlaza el barrio de Portugal con los de la Prazuela y la Fuente.<\/p>\n<p>Barrio cuenta con dos interesantes ermitas, la de Nuestro Se\u00f1or Jes\u00fas Nazareno,\u00a0 al lado de la Iglesia Parroquial y la del Santo Cristo, en el barrio de la Casablanca. Desde Barrio se pueden hacer interesantes rutas de senderismo hasta el Monte Suspir\u00f3n o buscar las huellas de la miner\u00eda romana del oro. El pueblo tambi\u00e9n cuenta con molinos restaurados y celebra su fiesta patronal de Santa Ana el 26 de julio.<\/p>\n<\/div>\n<\/div>\n<\/div>\n<\/div>\n<\/div>\n<\/div>\n<div class=\"standard_wrapper\">\n<div  class=\"two_third last withsmallpadding ppb_text\" style=\"padding:30px 0 30px 0;\" >\n<div class=\"standard_wrapper\">\n<div class=\"page_content_wrapper\">\n<div class=\"inner\">\n<div style=\"margin:auto;width:100%\">\n<p>Barrio de la Puente es uno de los ocho pueblos del Valle Gordo, as\u00ed llamado por su anchura y por estar regado por un r\u00edo de gran caudal llamado igual. El nombre del pueblo proviene del puente medieval, o quiz\u00e1 m\u00e1s antiguo, ubicado en mitad del pueblo y que enlaza el barrio de Portugal con los de la Prazuela y la Fuente.<\/p>\n<p>Barrio cuenta con dos interesantes ermitas, la de Nuestro Se\u00f1or Jes\u00fas Nazareno,\u00a0 al lado de la Iglesia Parroquial y la del Santo Cristo, en el barrio de la Casablanca. Desde Barrio se pueden hacer interesantes rutas de senderismo hasta el Monte Suspir\u00f3n o buscar las huellas de la miner\u00eda romana del oro. El pueblo tambi\u00e9n cuenta con molinos restaurados y celebra su fiesta patronal de Santa Ana el 26 de julio.<\/p>\n<\/div>\n<\/div>\n<\/div>\n<\/div>\n<\/div>\n<\/div>\n<div class=\"standard_wrapper\">\n<div  class=\"two_third last withsmallpadding ppb_text\" style=\"padding:30px 0 30px 0;\" >\n<div class=\"standard_wrapper\">\n<div class=\"page_content_wrapper\">\n<div class=\"inner\">\n<div style=\"margin:auto;width:100%\">\n<p>Barrio de la Puente es uno de los ocho pueblos del Valle Gordo, as\u00ed llamado por su anchura y por estar regado por un r\u00edo de gran caudal llamado igual. El nombre del pueblo proviene del puente medieval, o quiz\u00e1 m\u00e1s antiguo, ubicado en mitad del pueblo y que enlaza el barrio de Portugal con los de la Prazuela y la Fuente.<\/p>\n<p>Barrio cuenta con dos interesantes ermitas, la de Nuestro Se\u00f1or Jes\u00fas Nazareno,\u00a0 al lado de la Iglesia Parroquial y la del Santo Cristo, en el barrio de la Casablanca. Desde Barrio se pueden hacer interesantes rutas de senderismo hasta el Monte Suspir\u00f3n o buscar las huellas de la miner\u00eda romana del oro. El pueblo tambi\u00e9n cuenta con molinos restaurados y celebra su fiesta patronal de Santa Ana el 26 de julio.<\/p>\n<\/div>\n<\/div>\n<\/div>\n<\/div>\n<\/div>\n<\/div>\n","protected":false},"excerpt":{"rendered":"<p>Barrio de la Puente Barrio de la Puente es uno de los ocho pueblos del Valle Gordo, as\u00ed llamado por su anchura y por estar regado por un r\u00edo de gran caudal llamado igual. El nombre del pueblo proviene del [&hellip;]<\/p>\n","protected":false},"author":2,"featured_media":0,"parent":0,"menu_order":0,"comment_status":"closed","ping_status":"closed","template":"","meta":{"inline_featured_image":false,"footnotes":""},"yoast_head":"<!-- This site is optimized with the Yoast SEO plugin v20.13 - https:\/\/yoast.com\/wordpress\/plugins\/seo\/ -->\n<title>BARRIO DE LA PUENTE - (EN) Siente Oma\u00f1a<\/title>\n<meta name=\"robots\" content=\"index, follow, max-snippet:-1, max-image-preview:large, max-video-preview:-1\" \/>\n<link rel=\"canonical\" href=\"https:\/\/3w.sienteomana.com\/en\/barrio-de-la-puente\/\" \/>\n<meta property=\"og:locale\" content=\"es_ES\" \/>\n<meta property=\"og:type\" content=\"article\" \/>\n<meta property=\"og:title\" content=\"BARRIO DE LA PUENTE - (EN) Siente Oma\u00f1a\" \/>\n<meta property=\"og:description\" content=\"Barrio de la Puente Barrio de la Puente es uno de los ocho pueblos del Valle Gordo, as\u00ed llamado por su anchura y por estar regado por un r\u00edo de gran caudal llamado igual. El nombre del pueblo proviene del [&hellip;]\" \/>\n<meta property=\"og:url\" content=\"https:\/\/3w.sienteomana.com\/en\/barrio-de-la-puente\/\" \/>\n<meta property=\"og:site_name\" content=\"(EN) Siente Oma\u00f1a\" \/>\n<meta property=\"article:modified_time\" content=\"2019-03-30T20:42:34+00:00\" \/>\n<meta name=\"twitter:card\" content=\"summary_large_image\" \/>\n<meta name=\"twitter:label1\" content=\"Tiempo de lectura\" \/>\n\t<meta name=\"twitter:data1\" content=\"3 minutos\" \/>\n<script type=\"application\/ld+json\" class=\"yoast-schema-graph\">{\"@context\":\"https:\/\/schema.org\",\"@graph\":[{\"@type\":\"WebPage\",\"@id\":\"https:\/\/3w.sienteomana.com\/en\/barrio-de-la-puente\/\",\"url\":\"https:\/\/3w.sienteomana.com\/en\/barrio-de-la-puente\/\",\"name\":\"BARRIO DE LA PUENTE - (EN) Siente Oma\u00f1a\",\"isPartOf\":{\"@id\":\"https:\/\/3w.sienteomana.com\/en\/#website\"},\"datePublished\":\"2019-03-22T19:19:57+00:00\",\"dateModified\":\"2019-03-30T20:42:34+00:00\",\"breadcrumb\":{\"@id\":\"https:\/\/3w.sienteomana.com\/en\/barrio-de-la-puente\/#breadcrumb\"},\"inLanguage\":\"es\",\"potentialAction\":[{\"@type\":\"ReadAction\",\"target\":[\"https:\/\/3w.sienteomana.com\/en\/barrio-de-la-puente\/\"]}]},{\"@type\":\"BreadcrumbList\",\"@id\":\"https:\/\/3w.sienteomana.com\/en\/barrio-de-la-puente\/#breadcrumb\",\"itemListElement\":[{\"@type\":\"ListItem\",\"position\":1,\"name\":\"Home\",\"item\":\"https:\/\/3w.sienteomana.com\/en\/\"},{\"@type\":\"ListItem\",\"position\":2,\"name\":\"BARRIO DE LA PUENTE\"}]},{\"@type\":\"WebSite\",\"@id\":\"https:\/\/3w.sienteomana.com\/en\/#website\",\"url\":\"https:\/\/3w.sienteomana.com\/en\/\",\"name\":\"(EN) Siente Oma\u00f1a\",\"description\":\"Oma\u00f1a\",\"potentialAction\":[{\"@type\":\"SearchAction\",\"target\":{\"@type\":\"EntryPoint\",\"urlTemplate\":\"https:\/\/3w.sienteomana.com\/en\/?s={search_term_string}\"},\"query-input\":\"required name=search_term_string\"}],\"inLanguage\":\"es\"}]}<\/script>\n<!-- \/ Yoast SEO plugin. -->","yoast_head_json":{"title":"BARRIO DE LA PUENTE - (EN) Siente Oma\u00f1a","robots":{"index":"index","follow":"follow","max-snippet":"max-snippet:-1","max-image-preview":"max-image-preview:large","max-video-preview":"max-video-preview:-1"},"canonical":"https:\/\/3w.sienteomana.com\/en\/barrio-de-la-puente\/","og_locale":"es_ES","og_type":"article","og_title":"BARRIO DE LA PUENTE - (EN) Siente Oma\u00f1a","og_description":"Barrio de la Puente Barrio de la Puente es uno de los ocho pueblos del Valle Gordo, as\u00ed llamado por su anchura y por estar regado por un r\u00edo de gran caudal llamado igual. El nombre del pueblo proviene del [&hellip;]","og_url":"https:\/\/3w.sienteomana.com\/en\/barrio-de-la-puente\/","og_site_name":"(EN) Siente Oma\u00f1a","article_modified_time":"2019-03-30T20:42:34+00:00","twitter_card":"summary_large_image","twitter_misc":{"Tiempo de lectura":"3 minutos"},"schema":{"@context":"https:\/\/schema.org","@graph":[{"@type":"WebPage","@id":"https:\/\/3w.sienteomana.com\/en\/barrio-de-la-puente\/","url":"https:\/\/3w.sienteomana.com\/en\/barrio-de-la-puente\/","name":"BARRIO DE LA PUENTE - (EN) Siente Oma\u00f1a","isPartOf":{"@id":"https:\/\/3w.sienteomana.com\/en\/#website"},"datePublished":"2019-03-22T19:19:57+00:00","dateModified":"2019-03-30T20:42:34+00:00","breadcrumb":{"@id":"https:\/\/3w.sienteomana.com\/en\/barrio-de-la-puente\/#breadcrumb"},"inLanguage":"es","potentialAction":[{"@type":"ReadAction","target":["https:\/\/3w.sienteomana.com\/en\/barrio-de-la-puente\/"]}]},{"@type":"BreadcrumbList","@id":"https:\/\/3w.sienteomana.com\/en\/barrio-de-la-puente\/#breadcrumb","itemListElement":[{"@type":"ListItem","position":1,"name":"Home","item":"https:\/\/3w.sienteomana.com\/en\/"},{"@type":"ListItem","position":2,"name":"BARRIO DE LA PUENTE"}]},{"@type":"WebSite","@id":"https:\/\/3w.sienteomana.com\/en\/#website","url":"https:\/\/3w.sienteomana.com\/en\/","name":"(EN) Siente Oma\u00f1a","description":"Oma\u00f1a","potentialAction":[{"@type":"SearchAction","target":{"@type":"EntryPoint","urlTemplate":"https:\/\/3w.sienteomana.com\/en\/?s={search_term_string}"},"query-input":"required name=search_term_string"}],"inLanguage":"es"}]}},"_links":{"self":[{"href":"https:\/\/3w.sienteomana.com\/en\/wp-json\/wp\/v2\/pages\/10907"}],"collection":[{"href":"https:\/\/3w.sienteomana.com\/en\/wp-json\/wp\/v2\/pages"}],"about":[{"href":"https:\/\/3w.sienteomana.com\/en\/wp-json\/wp\/v2\/types\/page"}],"author":[{"embeddable":true,"href":"https:\/\/3w.sienteomana.com\/en\/wp-json\/wp\/v2\/users\/2"}],"replies":[{"embeddable":true,"href":"https:\/\/3w.sienteomana.com\/en\/wp-json\/wp\/v2\/comments?post=10907"}],"version-history":[{"count":17,"href":"https:\/\/3w.sienteomana.com\/en\/wp-json\/wp\/v2\/pages\/10907\/revisions"}],"predecessor-version":[{"id":11552,"href":"https:\/\/3w.sienteomana.com\/en\/wp-json\/wp\/v2\/pages\/10907\/revisions\/11552"}],"wp:attachment":[{"href":"https:\/\/3w.sienteomana.com\/en\/wp-json\/wp\/v2\/media?parent=10907"}],"curies":[{"name":"wp","href":"https:\/\/api.w.org\/{rel}","templated":true}]}}