{"id":10922,"date":"2019-03-22T19:32:20","date_gmt":"2019-03-22T19:32:20","guid":{"rendered":"https:\/\/3w.sienteomana.com\/en\/?page_id=10922"},"modified":"2019-03-30T15:53:13","modified_gmt":"2019-03-30T15:53:13","slug":"fasgar","status":"publish","type":"page","link":"https:\/\/3w.sienteomana.com\/en\/fasgar\/","title":{"rendered":"FASGAR"},"content":{"rendered":"<div class=\"standard_wrapper\">\n<div  class=\"one_third withsmallpadding ppb_text\" style=\"padding:30px 0 30px 0;\" >\n<div class=\"standard_wrapper\">\n<div class=\"page_content_wrapper\">\n<div class=\"inner\">\n<div style=\"margin:auto;width:100%\">\n<h1 style=\"text-align: right;\"><span style=\"color: #99cc00;\">Fasgar<br \/>\n<\/span><\/h1>\n<\/div>\n<\/div>\n<\/div>\n<\/div>\n<\/div>\n<\/div>\n<div class=\"standard_wrapper\">\n<div  class=\"two_third last withsmallpadding ppb_text\" style=\"padding:30px 0 30px 0;\" >\n<div class=\"standard_wrapper\">\n<div class=\"page_content_wrapper\">\n<div class=\"inner\">\n<div style=\"margin:auto;width:100%\">\n<p>Situado al final del Valle Gordo, tiene numerosos ejemplos de arquitectura popular oma\u00f1esa. La Ermita de Santiago Matamoros en el Campo de Santiago de Mart\u00edn Moro Toledano, donde seg\u00fan la tradici\u00f3n el Santo decidi\u00f3 la victoria de los cristianos sobre los moros es una de las visitas obligadas y ya etapa reina de uno de los tramos m\u00e1s significati- vos del Camino Olvidado a Santiago. Escenario de cine en la pel\u00edcula El Filand\u00f3n, celebra su gran romer\u00eda el 25 de julio, d\u00eda de Santiago.<\/p>\n<p>Recientemente inaugurado, Fasgar de Oma\u00f1a cuenta con un albergue en sus antiguas escuelas, hoy restauradas. Tambi\u00e9n es posible visitar en el pueblo una antigua central el\u00e9ctrica que abastec\u00eda a los pueblos del valle, hoy recuperada.<\/p>\n<\/div>\n<\/div>\n<\/div>\n<\/div>\n<\/div>\n<\/div>\n<div class=\"standard_wrapper\">\n<div  class=\"two_third last withsmallpadding ppb_text\" style=\"padding:30px 0 30px 0;\" >\n<div class=\"standard_wrapper\">\n<div class=\"page_content_wrapper\">\n<div class=\"inner\">\n<div style=\"margin:auto;width:100%\">\n<p>Situado al final del Valle Gordo, tiene numerosos ejemplos de arquitectura popular oma\u00f1esa. La Ermita de Santiago Matamoros en el Campo de Santiago de Mart\u00edn Moro Toledano, donde seg\u00fan la tradici\u00f3n el Santo decidi\u00f3 la victoria de los cristianos sobre los moros es una de las visitas obligadas y ya etapa reina de uno de los tramos m\u00e1s significati- vos del Camino Olvidado a Santiago. Escenario de cine en la pel\u00edcula El Filand\u00f3n, celebra su gran romer\u00eda el 25 de julio, d\u00eda de Santiago.<\/p>\n<p>Recientemente inaugurado, Fasgar de Oma\u00f1a cuenta con un albergue en sus antiguas escuelas, hoy restauradas. Tambi\u00e9n es posible visitar en el pueblo una antigua central el\u00e9ctrica que abastec\u00eda a los pueblos del valle, hoy recuperada.<\/p>\n<\/div>\n<\/div>\n<\/div>\n<\/div>\n<\/div>\n<\/div>\n<div class=\"standard_wrapper\">\n<div  class=\"two_third last withsmallpadding ppb_text\" style=\"padding:30px 0 30px 0;\" >\n<div class=\"standard_wrapper\">\n<div class=\"page_content_wrapper\">\n<div class=\"inner\">\n<div style=\"margin:auto;width:100%\">\n<p>Situado al final del Valle Gordo, tiene numerosos ejemplos de arquitectura popular oma\u00f1esa. La Ermita de Santiago Matamoros en el Campo de Santiago de Mart\u00edn Moro Toledano, donde seg\u00fan la tradici\u00f3n el Santo decidi\u00f3 la victoria de los cristianos sobre los moros es una de las visitas obligadas y ya etapa reina de uno de los tramos m\u00e1s significati- vos del Camino Olvidado a Santiago. Escenario de cine en la pel\u00edcula El Filand\u00f3n, celebra su gran romer\u00eda el 25 de julio, d\u00eda de Santiago.<\/p>\n<p>Recientemente inaugurado, Fasgar de Oma\u00f1a cuenta con un albergue en sus antiguas escuelas, hoy restauradas. Tambi\u00e9n es posible visitar en el pueblo una antigua central el\u00e9ctrica que abastec\u00eda a los pueblos del valle, hoy recuperada.<\/p>\n<\/div>\n<\/div>\n<\/div>\n<\/div>\n<\/div>\n<\/div>\n<div class=\"standard_wrapper\">\n<div  class=\"two_third last withsmallpadding ppb_text\" style=\"padding:30px 0 30px 0;\" >\n<div class=\"standard_wrapper\">\n<div class=\"page_content_wrapper\">\n<div class=\"inner\">\n<div style=\"margin:auto;width:100%\">\n<p>Situado al final del Valle Gordo, tiene numerosos ejemplos de arquitectura popular oma\u00f1esa. La Ermita de Santiago Matamoros en el Campo de Santiago de Mart\u00edn Moro Toledano, donde seg\u00fan la tradici\u00f3n el Santo decidi\u00f3 la victoria de los cristianos sobre los moros es una de las visitas obligadas y ya etapa reina de uno de los tramos m\u00e1s significati- vos del Camino Olvidado a Santiago. Escenario de cine en la pel\u00edcula El Filand\u00f3n, celebra su gran romer\u00eda el 25 de julio, d\u00eda de Santiago.<\/p>\n<p>Recientemente inaugurado, Fasgar de Oma\u00f1a cuenta con un albergue en sus antiguas escuelas, hoy restauradas. Tambi\u00e9n es posible visitar en el pueblo una antigua central el\u00e9ctrica que abastec\u00eda a los pueblos del valle, hoy recuperada.<\/p>\n<\/div>\n<\/div>\n<\/div>\n<\/div>\n<\/div>\n<\/div>\n","protected":false},"excerpt":{"rendered":"<p>Fasgar Situado al final del Valle Gordo, tiene numerosos ejemplos de arquitectura popular oma\u00f1esa. La Ermita de Santiago Matamoros en el Campo de Santiago de Mart\u00edn Moro Toledano, donde seg\u00fan la tradici\u00f3n el Santo decidi\u00f3 la victoria de los cristianos [&hellip;]<\/p>\n","protected":false},"author":2,"featured_media":0,"parent":0,"menu_order":0,"comment_status":"closed","ping_status":"closed","template":"","meta":{"inline_featured_image":false,"footnotes":""},"yoast_head":"<!-- This site is optimized with the Yoast SEO plugin v20.13 - https:\/\/yoast.com\/wordpress\/plugins\/seo\/ -->\n<title>FASGAR - (EN) Siente Oma\u00f1a<\/title>\n<meta name=\"robots\" content=\"index, follow, max-snippet:-1, max-image-preview:large, max-video-preview:-1\" \/>\n<link rel=\"canonical\" href=\"https:\/\/3w.sienteomana.com\/en\/fasgar\/\" \/>\n<meta property=\"og:locale\" content=\"es_ES\" \/>\n<meta property=\"og:type\" content=\"article\" \/>\n<meta property=\"og:title\" content=\"FASGAR - (EN) Siente Oma\u00f1a\" \/>\n<meta property=\"og:description\" content=\"Fasgar Situado al final del Valle Gordo, tiene numerosos ejemplos de arquitectura popular oma\u00f1esa. La Ermita de Santiago Matamoros en el Campo de Santiago de Mart\u00edn Moro Toledano, donde seg\u00fan la tradici\u00f3n el Santo decidi\u00f3 la victoria de los cristianos [&hellip;]\" \/>\n<meta property=\"og:url\" content=\"https:\/\/3w.sienteomana.com\/en\/fasgar\/\" \/>\n<meta property=\"og:site_name\" content=\"(EN) Siente Oma\u00f1a\" \/>\n<meta property=\"article:modified_time\" content=\"2019-03-30T15:53:13+00:00\" \/>\n<meta name=\"twitter:card\" content=\"summary_large_image\" \/>\n<meta name=\"twitter:label1\" content=\"Tiempo de lectura\" \/>\n\t<meta name=\"twitter:data1\" content=\"3 minutos\" \/>\n<script type=\"application\/ld+json\" class=\"yoast-schema-graph\">{\"@context\":\"https:\/\/schema.org\",\"@graph\":[{\"@type\":\"WebPage\",\"@id\":\"https:\/\/3w.sienteomana.com\/en\/fasgar\/\",\"url\":\"https:\/\/3w.sienteomana.com\/en\/fasgar\/\",\"name\":\"FASGAR - (EN) Siente Oma\u00f1a\",\"isPartOf\":{\"@id\":\"https:\/\/3w.sienteomana.com\/en\/#website\"},\"datePublished\":\"2019-03-22T19:32:20+00:00\",\"dateModified\":\"2019-03-30T15:53:13+00:00\",\"breadcrumb\":{\"@id\":\"https:\/\/3w.sienteomana.com\/en\/fasgar\/#breadcrumb\"},\"inLanguage\":\"es\",\"potentialAction\":[{\"@type\":\"ReadAction\",\"target\":[\"https:\/\/3w.sienteomana.com\/en\/fasgar\/\"]}]},{\"@type\":\"BreadcrumbList\",\"@id\":\"https:\/\/3w.sienteomana.com\/en\/fasgar\/#breadcrumb\",\"itemListElement\":[{\"@type\":\"ListItem\",\"position\":1,\"name\":\"Home\",\"item\":\"https:\/\/3w.sienteomana.com\/en\/\"},{\"@type\":\"ListItem\",\"position\":2,\"name\":\"FASGAR\"}]},{\"@type\":\"WebSite\",\"@id\":\"https:\/\/3w.sienteomana.com\/en\/#website\",\"url\":\"https:\/\/3w.sienteomana.com\/en\/\",\"name\":\"(EN) Siente Oma\u00f1a\",\"description\":\"Oma\u00f1a\",\"potentialAction\":[{\"@type\":\"SearchAction\",\"target\":{\"@type\":\"EntryPoint\",\"urlTemplate\":\"https:\/\/3w.sienteomana.com\/en\/?s={search_term_string}\"},\"query-input\":\"required name=search_term_string\"}],\"inLanguage\":\"es\"}]}<\/script>\n<!-- \/ Yoast SEO plugin. -->","yoast_head_json":{"title":"FASGAR - (EN) Siente Oma\u00f1a","robots":{"index":"index","follow":"follow","max-snippet":"max-snippet:-1","max-image-preview":"max-image-preview:large","max-video-preview":"max-video-preview:-1"},"canonical":"https:\/\/3w.sienteomana.com\/en\/fasgar\/","og_locale":"es_ES","og_type":"article","og_title":"FASGAR - (EN) Siente Oma\u00f1a","og_description":"Fasgar Situado al final del Valle Gordo, tiene numerosos ejemplos de arquitectura popular oma\u00f1esa. La Ermita de Santiago Matamoros en el Campo de Santiago de Mart\u00edn Moro Toledano, donde seg\u00fan la tradici\u00f3n el Santo decidi\u00f3 la victoria de los cristianos [&hellip;]","og_url":"https:\/\/3w.sienteomana.com\/en\/fasgar\/","og_site_name":"(EN) Siente Oma\u00f1a","article_modified_time":"2019-03-30T15:53:13+00:00","twitter_card":"summary_large_image","twitter_misc":{"Tiempo de lectura":"3 minutos"},"schema":{"@context":"https:\/\/schema.org","@graph":[{"@type":"WebPage","@id":"https:\/\/3w.sienteomana.com\/en\/fasgar\/","url":"https:\/\/3w.sienteomana.com\/en\/fasgar\/","name":"FASGAR - (EN) Siente Oma\u00f1a","isPartOf":{"@id":"https:\/\/3w.sienteomana.com\/en\/#website"},"datePublished":"2019-03-22T19:32:20+00:00","dateModified":"2019-03-30T15:53:13+00:00","breadcrumb":{"@id":"https:\/\/3w.sienteomana.com\/en\/fasgar\/#breadcrumb"},"inLanguage":"es","potentialAction":[{"@type":"ReadAction","target":["https:\/\/3w.sienteomana.com\/en\/fasgar\/"]}]},{"@type":"BreadcrumbList","@id":"https:\/\/3w.sienteomana.com\/en\/fasgar\/#breadcrumb","itemListElement":[{"@type":"ListItem","position":1,"name":"Home","item":"https:\/\/3w.sienteomana.com\/en\/"},{"@type":"ListItem","position":2,"name":"FASGAR"}]},{"@type":"WebSite","@id":"https:\/\/3w.sienteomana.com\/en\/#website","url":"https:\/\/3w.sienteomana.com\/en\/","name":"(EN) Siente Oma\u00f1a","description":"Oma\u00f1a","potentialAction":[{"@type":"SearchAction","target":{"@type":"EntryPoint","urlTemplate":"https:\/\/3w.sienteomana.com\/en\/?s={search_term_string}"},"query-input":"required name=search_term_string"}],"inLanguage":"es"}]}},"_links":{"self":[{"href":"https:\/\/3w.sienteomana.com\/en\/wp-json\/wp\/v2\/pages\/10922"}],"collection":[{"href":"https:\/\/3w.sienteomana.com\/en\/wp-json\/wp\/v2\/pages"}],"about":[{"href":"https:\/\/3w.sienteomana.com\/en\/wp-json\/wp\/v2\/types\/page"}],"author":[{"embeddable":true,"href":"https:\/\/3w.sienteomana.com\/en\/wp-json\/wp\/v2\/users\/2"}],"replies":[{"embeddable":true,"href":"https:\/\/3w.sienteomana.com\/en\/wp-json\/wp\/v2\/comments?post=10922"}],"version-history":[{"count":11,"href":"https:\/\/3w.sienteomana.com\/en\/wp-json\/wp\/v2\/pages\/10922\/revisions"}],"predecessor-version":[{"id":11531,"href":"https:\/\/3w.sienteomana.com\/en\/wp-json\/wp\/v2\/pages\/10922\/revisions\/11531"}],"wp:attachment":[{"href":"https:\/\/3w.sienteomana.com\/en\/wp-json\/wp\/v2\/media?parent=10922"}],"curies":[{"name":"wp","href":"https:\/\/api.w.org\/{rel}","templated":true}]}}