{"id":10932,"date":"2019-03-22T20:01:07","date_gmt":"2019-03-22T20:01:07","guid":{"rendered":"https:\/\/3w.sienteomana.com\/en\/?page_id=10932"},"modified":"2019-04-18T09:53:04","modified_gmt":"2019-04-18T09:53:04","slug":"montrondo","status":"publish","type":"page","link":"https:\/\/3w.sienteomana.com\/en\/montrondo\/","title":{"rendered":"MONTRONDO"},"content":{"rendered":"<div class=\"standard_wrapper\">\n<div  class=\"one_third withsmallpadding ppb_text\" style=\"padding:30px 0 30px 0;\" >\n<div class=\"standard_wrapper\">\n<div class=\"page_content_wrapper\">\n<div class=\"inner\">\n<div style=\"margin:auto;width:100%\">\n<h1 style=\"text-align: right;\"><span style=\"color: #99cc00;\">Montrondo<br \/>\n<\/span><\/h1>\n<\/div>\n<\/div>\n<\/div>\n<\/div>\n<\/div>\n<\/div>\n<div class=\"standard_wrapper\">\n<div  class=\"two_third last withsmallpadding ppb_text\" style=\"padding:30px 0 30px 0;\" >\n<div class=\"standard_wrapper\">\n<div class=\"page_content_wrapper\">\n<div class=\"inner\">\n<div style=\"margin:auto;width:100%\">\n<p>Es el pueblo m\u00e1s cercano al nacimiento del r\u00edo que da nombre a toda la comarca, el Oma\u00f1a, y es punto de partida para acceder a la monta\u00f1a m\u00edtica de la zona: El Tambar\u00f3n (ruta se\u00f1alizada de Las Fuentes del Oma\u00f1a).<\/p>\n<p>Partiendo de Montrondo puedes conocer El Llao o el Chao (El Lago), reliquia de las eras glaciales al pie de la pe\u00f1a de Los Dados y muy pr\u00f3xima a la cumbre sudoeste del Tambar\u00f3n. El pueblo celebra el Corpus y Santa Marta.<\/p>\n<\/div>\n<\/div>\n<\/div>\n<\/div>\n<\/div>\n<\/div>\n<div class=\"standard_wrapper\">\n<div  class=\"two_third last withsmallpadding ppb_text\" style=\"padding:30px 0 30px 0;\" >\n<div class=\"standard_wrapper\">\n<div class=\"page_content_wrapper\">\n<div class=\"inner\">\n<div style=\"margin:auto;width:100%\">\n<p>Es el pueblo m\u00e1s cercano al nacimiento del r\u00edo que da nombre a toda la comarca, el Oma\u00f1a, y es punto de partida para acceder a la monta\u00f1a m\u00edtica de la zona: El Tambar\u00f3n (ruta se\u00f1alizada de Las Fuentes del Oma\u00f1a).<\/p>\n<p>Partiendo de Montrondo puedes conocer El Llao o el Chao (El Lago), reliquia de las eras glaciales al pie de la pe\u00f1a de Los Dados y muy pr\u00f3xima a la cumbre sudoeste del Tambar\u00f3n. El pueblo celebra el Corpus y Santa Marta.<\/p>\n<\/div>\n<\/div>\n<\/div>\n<\/div>\n<\/div>\n<\/div>\n<div  class=\"one withsmallpadding ppb_header \" style=\"text-align:left;padding:30px 0 30px 0;\" >\n<div class=\"standard_wrapper\">\n<div class=\"page_content_wrapper\">\n<div class=\"inner\">\n<div style=\"margin:auto;width:100%\">\n<h2 class=\"ppb_title\" style=\"\">LA LEYENDA DEL LLAO<\/h2>\n<\/div>\n<\/div>\n<\/div>\n<\/div>\n<\/div>\n<div class=\"standard_wrapper\">\n<div  class=\"one_half withsmallpadding ppb_text\" style=\"padding:30px 0 30px 0;\" >\n<div class=\"standard_wrapper\">\n<div class=\"page_content_wrapper\">\n<div class=\"inner\">\n<div style=\"margin:auto;width:100%\">\n<p>En los filandones se cuenta la leyenda del drag\u00f3n del Llao, remota morada de una serpiente descomunal que manten\u00eda aterrorizados a los feligreses del pueblo. El drag\u00f3n exig\u00eda a los vecinos que cada a\u00f1o por la fiesta de El Corpus le entregaran una doncella. La elecci\u00f3n de la joven se hac\u00eda por sorteo y en cierta ocasi\u00f3n le toc\u00f3 el turno a una familia poderosa que a base de dinero y coacciones logr\u00f3 sustituir a su hija por una moza de una casa muy pobre.<\/p>\n<\/div>\n<\/div>\n<\/div>\n<\/div>\n<\/div>\n<\/div>\n<div class=\"standard_wrapper\">\n<div  class=\"one_half last withsmallpadding ppb_text\" style=\"padding:30px 0 30px 0;\" >\n<div class=\"standard_wrapper\">\n<div class=\"page_content_wrapper\">\n<div class=\"inner\">\n<div style=\"margin:auto;width:100%\">\n<p>En v\u00edspera del Corpus, cuando la humilde muchacha\u00a0\u00a0 sub\u00eda al Llao, una hermosa y dulce anciana, para muchos la Virgen, entreg\u00e1ndole un rosario le advirti\u00f3: <em>\u201cCuando la serpiente asome la cabeza fuera del agua, \u00e9chaselo sobre las fauces\u201d<\/em>. Y as\u00ed fue como al arrojarle el rosario \u201c<em>la bicha muri\u00f3 entre horribles estertores, con la cruz atravesada en el tragadero\u201d<\/em> y desapareci\u00f3 en el fondo para siempre.<\/p>\n<\/div>\n<\/div>\n<\/div>\n<\/div>\n<\/div>\n<\/div>\n<div class=\"standard_wrapper\">\n<div  class=\"one_half last withsmallpadding ppb_text\" style=\"padding:30px 0 30px 0;\" >\n<div class=\"standard_wrapper\">\n<div class=\"page_content_wrapper\">\n<div class=\"inner\">\n<div style=\"margin:auto;width:100%\">\n<p>En v\u00edspera del Corpus, cuando la humilde muchacha\u00a0\u00a0 sub\u00eda al Llao, una hermosa y dulce anciana, para muchos la Virgen, entreg\u00e1ndole un rosario le advirti\u00f3: <em>\u201cCuando la serpiente asome la cabeza fuera del agua, \u00e9chaselo sobre las fauces\u201d<\/em>. Y as\u00ed fue como al arrojarle el rosario \u201c<em>la bicha muri\u00f3 entre horribles estertores, con la cruz atravesada en el tragadero\u201d<\/em> y desapareci\u00f3 en el fondo para siempre.<\/p>\n<\/div>\n<\/div>\n<\/div>\n<\/div>\n<\/div>\n<\/div>\n<div class=\"standard_wrapper\">\n<div  class=\"one_half last withsmallpadding ppb_text\" style=\"padding:30px 0 30px 0;\" >\n<div class=\"standard_wrapper\">\n<div class=\"page_content_wrapper\">\n<div class=\"inner\">\n<div style=\"margin:auto;width:100%\">\n<p>En v\u00edspera del Corpus, cuando la humilde muchacha\u00a0\u00a0 sub\u00eda al Llao, una hermosa y dulce anciana, para muchos la Virgen, entreg\u00e1ndole un rosario le advirti\u00f3: <em>\u201cCuando la serpiente asome la cabeza fuera del agua, \u00e9chaselo sobre las fauces\u201d<\/em>. Y as\u00ed fue como al arrojarle el rosario \u201c<em>la bicha muri\u00f3 entre horribles estertores, con la cruz atravesada en el tragadero\u201d<\/em> y desapareci\u00f3 en el fondo para siempre.<\/p>\n<\/div>\n<\/div>\n<\/div>\n<\/div>\n<\/div>\n<\/div>\n<div class=\"standard_wrapper\">\n<div  class=\"one_half last withsmallpadding ppb_text\" style=\"padding:30px 0 30px 0;\" >\n<div class=\"standard_wrapper\">\n<div class=\"page_content_wrapper\">\n<div class=\"inner\">\n<div style=\"margin:auto;width:100%\">\n<p>En v\u00edspera del Corpus, cuando la humilde muchacha\u00a0\u00a0 sub\u00eda al Llao, una hermosa y dulce anciana, para muchos la Virgen, entreg\u00e1ndole un rosario le advirti\u00f3: <em>\u201cCuando la serpiente asome la cabeza fuera del agua, \u00e9chaselo sobre las fauces\u201d<\/em>. Y as\u00ed fue como al arrojarle el rosario \u201c<em>la bicha muri\u00f3 entre horribles estertores, con la cruz atravesada en el tragadero\u201d<\/em> y desapareci\u00f3 en el fondo para siempre.<\/p>\n<\/div>\n<\/div>\n<\/div>\n<\/div>\n<\/div>\n<\/div>\n","protected":false},"excerpt":{"rendered":"<p>Montrondo Es el pueblo m\u00e1s cercano al nacimiento del r\u00edo que da nombre a toda la comarca, el Oma\u00f1a, y es punto de partida para acceder a la monta\u00f1a m\u00edtica de la zona: El Tambar\u00f3n (ruta se\u00f1alizada de Las Fuentes [&hellip;]<\/p>\n","protected":false},"author":2,"featured_media":0,"parent":0,"menu_order":0,"comment_status":"closed","ping_status":"closed","template":"","meta":{"inline_featured_image":false,"footnotes":""},"yoast_head":"<!-- This site is optimized with the Yoast SEO plugin v20.13 - https:\/\/yoast.com\/wordpress\/plugins\/seo\/ -->\n<title>MONTRONDO - (EN) Siente Oma\u00f1a<\/title>\n<meta name=\"robots\" content=\"index, follow, max-snippet:-1, max-image-preview:large, max-video-preview:-1\" \/>\n<link rel=\"canonical\" href=\"https:\/\/3w.sienteomana.com\/en\/montrondo\/\" \/>\n<meta property=\"og:locale\" content=\"es_ES\" \/>\n<meta property=\"og:type\" content=\"article\" \/>\n<meta property=\"og:title\" content=\"MONTRONDO - (EN) Siente Oma\u00f1a\" \/>\n<meta property=\"og:description\" content=\"Montrondo Es el pueblo m\u00e1s cercano al nacimiento del r\u00edo que da nombre a toda la comarca, el Oma\u00f1a, y es punto de partida para acceder a la monta\u00f1a m\u00edtica de la zona: El Tambar\u00f3n (ruta se\u00f1alizada de Las Fuentes [&hellip;]\" \/>\n<meta property=\"og:url\" content=\"https:\/\/3w.sienteomana.com\/en\/montrondo\/\" \/>\n<meta property=\"og:site_name\" content=\"(EN) Siente Oma\u00f1a\" \/>\n<meta property=\"article:modified_time\" content=\"2019-04-18T09:53:04+00:00\" \/>\n<meta name=\"twitter:card\" content=\"summary_large_image\" \/>\n<meta name=\"twitter:label1\" content=\"Tiempo de lectura\" \/>\n\t<meta name=\"twitter:data1\" content=\"3 minutos\" \/>\n<script type=\"application\/ld+json\" class=\"yoast-schema-graph\">{\"@context\":\"https:\/\/schema.org\",\"@graph\":[{\"@type\":\"WebPage\",\"@id\":\"https:\/\/3w.sienteomana.com\/en\/montrondo\/\",\"url\":\"https:\/\/3w.sienteomana.com\/en\/montrondo\/\",\"name\":\"MONTRONDO - (EN) Siente Oma\u00f1a\",\"isPartOf\":{\"@id\":\"https:\/\/3w.sienteomana.com\/en\/#website\"},\"datePublished\":\"2019-03-22T20:01:07+00:00\",\"dateModified\":\"2019-04-18T09:53:04+00:00\",\"breadcrumb\":{\"@id\":\"https:\/\/3w.sienteomana.com\/en\/montrondo\/#breadcrumb\"},\"inLanguage\":\"es\",\"potentialAction\":[{\"@type\":\"ReadAction\",\"target\":[\"https:\/\/3w.sienteomana.com\/en\/montrondo\/\"]}]},{\"@type\":\"BreadcrumbList\",\"@id\":\"https:\/\/3w.sienteomana.com\/en\/montrondo\/#breadcrumb\",\"itemListElement\":[{\"@type\":\"ListItem\",\"position\":1,\"name\":\"Home\",\"item\":\"https:\/\/3w.sienteomana.com\/en\/\"},{\"@type\":\"ListItem\",\"position\":2,\"name\":\"MONTRONDO\"}]},{\"@type\":\"WebSite\",\"@id\":\"https:\/\/3w.sienteomana.com\/en\/#website\",\"url\":\"https:\/\/3w.sienteomana.com\/en\/\",\"name\":\"(EN) Siente Oma\u00f1a\",\"description\":\"Oma\u00f1a\",\"potentialAction\":[{\"@type\":\"SearchAction\",\"target\":{\"@type\":\"EntryPoint\",\"urlTemplate\":\"https:\/\/3w.sienteomana.com\/en\/?s={search_term_string}\"},\"query-input\":\"required name=search_term_string\"}],\"inLanguage\":\"es\"}]}<\/script>\n<!-- \/ Yoast SEO plugin. -->","yoast_head_json":{"title":"MONTRONDO - (EN) Siente Oma\u00f1a","robots":{"index":"index","follow":"follow","max-snippet":"max-snippet:-1","max-image-preview":"max-image-preview:large","max-video-preview":"max-video-preview:-1"},"canonical":"https:\/\/3w.sienteomana.com\/en\/montrondo\/","og_locale":"es_ES","og_type":"article","og_title":"MONTRONDO - (EN) Siente Oma\u00f1a","og_description":"Montrondo Es el pueblo m\u00e1s cercano al nacimiento del r\u00edo que da nombre a toda la comarca, el Oma\u00f1a, y es punto de partida para acceder a la monta\u00f1a m\u00edtica de la zona: El Tambar\u00f3n (ruta se\u00f1alizada de Las Fuentes [&hellip;]","og_url":"https:\/\/3w.sienteomana.com\/en\/montrondo\/","og_site_name":"(EN) Siente Oma\u00f1a","article_modified_time":"2019-04-18T09:53:04+00:00","twitter_card":"summary_large_image","twitter_misc":{"Tiempo de lectura":"3 minutos"},"schema":{"@context":"https:\/\/schema.org","@graph":[{"@type":"WebPage","@id":"https:\/\/3w.sienteomana.com\/en\/montrondo\/","url":"https:\/\/3w.sienteomana.com\/en\/montrondo\/","name":"MONTRONDO - (EN) Siente Oma\u00f1a","isPartOf":{"@id":"https:\/\/3w.sienteomana.com\/en\/#website"},"datePublished":"2019-03-22T20:01:07+00:00","dateModified":"2019-04-18T09:53:04+00:00","breadcrumb":{"@id":"https:\/\/3w.sienteomana.com\/en\/montrondo\/#breadcrumb"},"inLanguage":"es","potentialAction":[{"@type":"ReadAction","target":["https:\/\/3w.sienteomana.com\/en\/montrondo\/"]}]},{"@type":"BreadcrumbList","@id":"https:\/\/3w.sienteomana.com\/en\/montrondo\/#breadcrumb","itemListElement":[{"@type":"ListItem","position":1,"name":"Home","item":"https:\/\/3w.sienteomana.com\/en\/"},{"@type":"ListItem","position":2,"name":"MONTRONDO"}]},{"@type":"WebSite","@id":"https:\/\/3w.sienteomana.com\/en\/#website","url":"https:\/\/3w.sienteomana.com\/en\/","name":"(EN) Siente Oma\u00f1a","description":"Oma\u00f1a","potentialAction":[{"@type":"SearchAction","target":{"@type":"EntryPoint","urlTemplate":"https:\/\/3w.sienteomana.com\/en\/?s={search_term_string}"},"query-input":"required name=search_term_string"}],"inLanguage":"es"}]}},"_links":{"self":[{"href":"https:\/\/3w.sienteomana.com\/en\/wp-json\/wp\/v2\/pages\/10932"}],"collection":[{"href":"https:\/\/3w.sienteomana.com\/en\/wp-json\/wp\/v2\/pages"}],"about":[{"href":"https:\/\/3w.sienteomana.com\/en\/wp-json\/wp\/v2\/types\/page"}],"author":[{"embeddable":true,"href":"https:\/\/3w.sienteomana.com\/en\/wp-json\/wp\/v2\/users\/2"}],"replies":[{"embeddable":true,"href":"https:\/\/3w.sienteomana.com\/en\/wp-json\/wp\/v2\/comments?post=10932"}],"version-history":[{"count":17,"href":"https:\/\/3w.sienteomana.com\/en\/wp-json\/wp\/v2\/pages\/10932\/revisions"}],"predecessor-version":[{"id":11848,"href":"https:\/\/3w.sienteomana.com\/en\/wp-json\/wp\/v2\/pages\/10932\/revisions\/11848"}],"wp:attachment":[{"href":"https:\/\/3w.sienteomana.com\/en\/wp-json\/wp\/v2\/media?parent=10932"}],"curies":[{"name":"wp","href":"https:\/\/api.w.org\/{rel}","templated":true}]}}