{"id":10948,"date":"2019-03-23T10:02:20","date_gmt":"2019-03-23T10:02:20","guid":{"rendered":"https:\/\/3w.sienteomana.com\/en\/?page_id=10948"},"modified":"2019-03-30T20:03:32","modified_gmt":"2019-03-30T20:03:32","slug":"posada-de-omana","status":"publish","type":"page","link":"https:\/\/3w.sienteomana.com\/en\/posada-de-omana\/","title":{"rendered":"POSADA DE OMA\u00d1A"},"content":{"rendered":"<div class=\"standard_wrapper\">\n<div  class=\"one_third withsmallpadding ppb_text\" style=\"padding:30px 0 30px 0;\" >\n<div class=\"standard_wrapper\">\n<div class=\"page_content_wrapper\">\n<div class=\"inner\">\n<div style=\"margin:auto;width:100%\">\n<h1 style=\"text-align: right;\"><span style=\"color: #99cc00;\">Posada de Oma\u00f1a<br \/>\n<\/span><\/h1>\n<\/div>\n<\/div>\n<\/div>\n<\/div>\n<\/div>\n<\/div>\n<div class=\"standard_wrapper\">\n<div  class=\"two_third last withsmallpadding ppb_text\" style=\"padding:30px 0 30px 0;\" >\n<div class=\"standard_wrapper\">\n<div class=\"page_content_wrapper\">\n<div class=\"inner\">\n<div style=\"margin:auto;width:100%\">\n<p>Ubicada en el coraz\u00f3n del Valle Gordo, Posada de Oma\u00f1a es conocida por la buena calidad de la patata que cultiva. Hoy a\u00fan conserva importantes ejemplos de casas con los tradicionales corredores de madera.<\/p>\n<p>Cada 15 de agosto es costumbre acudir en romer\u00eda a la Ermita de Nuestra Se\u00f1ora de Pe\u00f1afurada, situada a medio camino entre Posada de Oma\u00f1a y Tremor de Arriba, ya en el Bierzo. El 16 de agosto se reparten las tradicionales \u201cbollas de San Roque\u201d a los miembros de la Cofrad\u00eda. Desde 2006 tambi\u00e9n se viene celebrando el segundo domingo de agosto el Concurso de Tapas para poner en valor la Patata del Valle Gordo.<\/p>\n<\/div>\n<\/div>\n<\/div>\n<\/div>\n<\/div>\n<\/div>\n<div class=\"standard_wrapper\">\n<div  class=\"two_third last withsmallpadding ppb_text\" style=\"padding:30px 0 30px 0;\" >\n<div class=\"standard_wrapper\">\n<div class=\"page_content_wrapper\">\n<div class=\"inner\">\n<div style=\"margin:auto;width:100%\">\n<p>Ubicada en el coraz\u00f3n del Valle Gordo, Posada de Oma\u00f1a es conocida por la buena calidad de la patata que cultiva. Hoy a\u00fan conserva importantes ejemplos de casas con los tradicionales corredores de madera.<\/p>\n<p>Cada 15 de agosto es costumbre acudir en romer\u00eda a la Ermita de Nuestra Se\u00f1ora de Pe\u00f1afurada, situada a medio camino entre Posada de Oma\u00f1a y Tremor de Arriba, ya en el Bierzo. El 16 de agosto se reparten las tradicionales \u201cbollas de San Roque\u201d a los miembros de la Cofrad\u00eda. Desde 2006 tambi\u00e9n se viene celebrando el segundo domingo de agosto el Concurso de Tapas para poner en valor la Patata del Valle Gordo.<\/p>\n<\/div>\n<\/div>\n<\/div>\n<\/div>\n<\/div>\n<\/div>\n<div class=\"standard_wrapper\">\n<div  class=\"two_third last withsmallpadding ppb_text\" style=\"padding:30px 0 30px 0;\" >\n<div class=\"standard_wrapper\">\n<div class=\"page_content_wrapper\">\n<div class=\"inner\">\n<div style=\"margin:auto;width:100%\">\n<p>Ubicada en el coraz\u00f3n del Valle Gordo, Posada de Oma\u00f1a es conocida por la buena calidad de la patata que cultiva. Hoy a\u00fan conserva importantes ejemplos de casas con los tradicionales corredores de madera.<\/p>\n<p>Cada 15 de agosto es costumbre acudir en romer\u00eda a la Ermita de Nuestra Se\u00f1ora de Pe\u00f1afurada, situada a medio camino entre Posada de Oma\u00f1a y Tremor de Arriba, ya en el Bierzo. El 16 de agosto se reparten las tradicionales \u201cbollas de San Roque\u201d a los miembros de la Cofrad\u00eda. Desde 2006 tambi\u00e9n se viene celebrando el segundo domingo de agosto el Concurso de Tapas para poner en valor la Patata del Valle Gordo.<\/p>\n<\/div>\n<\/div>\n<\/div>\n<\/div>\n<\/div>\n<\/div>\n<div class=\"standard_wrapper\">\n<div  class=\"two_third last withsmallpadding ppb_text\" style=\"padding:30px 0 30px 0;\" >\n<div class=\"standard_wrapper\">\n<div class=\"page_content_wrapper\">\n<div class=\"inner\">\n<div style=\"margin:auto;width:100%\">\n<p>Ubicada en el coraz\u00f3n del Valle Gordo, Posada de Oma\u00f1a es conocida por la buena calidad de la patata que cultiva. Hoy a\u00fan conserva importantes ejemplos de casas con los tradicionales corredores de madera.<\/p>\n<p>Cada 15 de agosto es costumbre acudir en romer\u00eda a la Ermita de Nuestra Se\u00f1ora de Pe\u00f1afurada, situada a medio camino entre Posada de Oma\u00f1a y Tremor de Arriba, ya en el Bierzo. El 16 de agosto se reparten las tradicionales \u201cbollas de San Roque\u201d a los miembros de la Cofrad\u00eda. Desde 2006 tambi\u00e9n se viene celebrando el segundo domingo de agosto el Concurso de Tapas para poner en valor la Patata del Valle Gordo.<\/p>\n<\/div>\n<\/div>\n<\/div>\n<\/div>\n<\/div>\n<\/div>\n","protected":false},"excerpt":{"rendered":"<p>Posada de Oma\u00f1a Ubicada en el coraz\u00f3n del Valle Gordo, Posada de Oma\u00f1a es conocida por la buena calidad de la patata que cultiva. Hoy a\u00fan conserva importantes ejemplos de casas con los tradicionales corredores de madera. Cada 15 de [&hellip;]<\/p>\n","protected":false},"author":2,"featured_media":0,"parent":0,"menu_order":0,"comment_status":"closed","ping_status":"closed","template":"","meta":{"inline_featured_image":false,"footnotes":""},"yoast_head":"<!-- This site is optimized with the Yoast SEO plugin v20.13 - https:\/\/yoast.com\/wordpress\/plugins\/seo\/ -->\n<title>POSADA DE OMA\u00d1A - (EN) Siente Oma\u00f1a<\/title>\n<meta name=\"robots\" content=\"index, follow, max-snippet:-1, max-image-preview:large, max-video-preview:-1\" \/>\n<link rel=\"canonical\" href=\"https:\/\/3w.sienteomana.com\/en\/posada-de-omana\/\" \/>\n<meta property=\"og:locale\" content=\"es_ES\" \/>\n<meta property=\"og:type\" content=\"article\" \/>\n<meta property=\"og:title\" content=\"POSADA DE OMA\u00d1A - (EN) Siente Oma\u00f1a\" \/>\n<meta property=\"og:description\" content=\"Posada de Oma\u00f1a Ubicada en el coraz\u00f3n del Valle Gordo, Posada de Oma\u00f1a es conocida por la buena calidad de la patata que cultiva. Hoy a\u00fan conserva importantes ejemplos de casas con los tradicionales corredores de madera. Cada 15 de [&hellip;]\" \/>\n<meta property=\"og:url\" content=\"https:\/\/3w.sienteomana.com\/en\/posada-de-omana\/\" \/>\n<meta property=\"og:site_name\" content=\"(EN) Siente Oma\u00f1a\" \/>\n<meta property=\"article:modified_time\" content=\"2019-03-30T20:03:32+00:00\" \/>\n<meta name=\"twitter:card\" content=\"summary_large_image\" \/>\n<meta name=\"twitter:label1\" content=\"Tiempo de lectura\" \/>\n\t<meta name=\"twitter:data1\" content=\"2 minutos\" \/>\n<script type=\"application\/ld+json\" class=\"yoast-schema-graph\">{\"@context\":\"https:\/\/schema.org\",\"@graph\":[{\"@type\":\"WebPage\",\"@id\":\"https:\/\/3w.sienteomana.com\/en\/posada-de-omana\/\",\"url\":\"https:\/\/3w.sienteomana.com\/en\/posada-de-omana\/\",\"name\":\"POSADA DE OMA\u00d1A - (EN) Siente Oma\u00f1a\",\"isPartOf\":{\"@id\":\"https:\/\/3w.sienteomana.com\/en\/#website\"},\"datePublished\":\"2019-03-23T10:02:20+00:00\",\"dateModified\":\"2019-03-30T20:03:32+00:00\",\"breadcrumb\":{\"@id\":\"https:\/\/3w.sienteomana.com\/en\/posada-de-omana\/#breadcrumb\"},\"inLanguage\":\"es\",\"potentialAction\":[{\"@type\":\"ReadAction\",\"target\":[\"https:\/\/3w.sienteomana.com\/en\/posada-de-omana\/\"]}]},{\"@type\":\"BreadcrumbList\",\"@id\":\"https:\/\/3w.sienteomana.com\/en\/posada-de-omana\/#breadcrumb\",\"itemListElement\":[{\"@type\":\"ListItem\",\"position\":1,\"name\":\"Home\",\"item\":\"https:\/\/3w.sienteomana.com\/en\/\"},{\"@type\":\"ListItem\",\"position\":2,\"name\":\"POSADA DE OMA\u00d1A\"}]},{\"@type\":\"WebSite\",\"@id\":\"https:\/\/3w.sienteomana.com\/en\/#website\",\"url\":\"https:\/\/3w.sienteomana.com\/en\/\",\"name\":\"(EN) Siente Oma\u00f1a\",\"description\":\"Oma\u00f1a\",\"potentialAction\":[{\"@type\":\"SearchAction\",\"target\":{\"@type\":\"EntryPoint\",\"urlTemplate\":\"https:\/\/3w.sienteomana.com\/en\/?s={search_term_string}\"},\"query-input\":\"required name=search_term_string\"}],\"inLanguage\":\"es\"}]}<\/script>\n<!-- \/ Yoast SEO plugin. -->","yoast_head_json":{"title":"POSADA DE OMA\u00d1A - (EN) Siente Oma\u00f1a","robots":{"index":"index","follow":"follow","max-snippet":"max-snippet:-1","max-image-preview":"max-image-preview:large","max-video-preview":"max-video-preview:-1"},"canonical":"https:\/\/3w.sienteomana.com\/en\/posada-de-omana\/","og_locale":"es_ES","og_type":"article","og_title":"POSADA DE OMA\u00d1A - (EN) Siente Oma\u00f1a","og_description":"Posada de Oma\u00f1a Ubicada en el coraz\u00f3n del Valle Gordo, Posada de Oma\u00f1a es conocida por la buena calidad de la patata que cultiva. Hoy a\u00fan conserva importantes ejemplos de casas con los tradicionales corredores de madera. Cada 15 de [&hellip;]","og_url":"https:\/\/3w.sienteomana.com\/en\/posada-de-omana\/","og_site_name":"(EN) Siente Oma\u00f1a","article_modified_time":"2019-03-30T20:03:32+00:00","twitter_card":"summary_large_image","twitter_misc":{"Tiempo de lectura":"2 minutos"},"schema":{"@context":"https:\/\/schema.org","@graph":[{"@type":"WebPage","@id":"https:\/\/3w.sienteomana.com\/en\/posada-de-omana\/","url":"https:\/\/3w.sienteomana.com\/en\/posada-de-omana\/","name":"POSADA DE OMA\u00d1A - (EN) Siente Oma\u00f1a","isPartOf":{"@id":"https:\/\/3w.sienteomana.com\/en\/#website"},"datePublished":"2019-03-23T10:02:20+00:00","dateModified":"2019-03-30T20:03:32+00:00","breadcrumb":{"@id":"https:\/\/3w.sienteomana.com\/en\/posada-de-omana\/#breadcrumb"},"inLanguage":"es","potentialAction":[{"@type":"ReadAction","target":["https:\/\/3w.sienteomana.com\/en\/posada-de-omana\/"]}]},{"@type":"BreadcrumbList","@id":"https:\/\/3w.sienteomana.com\/en\/posada-de-omana\/#breadcrumb","itemListElement":[{"@type":"ListItem","position":1,"name":"Home","item":"https:\/\/3w.sienteomana.com\/en\/"},{"@type":"ListItem","position":2,"name":"POSADA DE OMA\u00d1A"}]},{"@type":"WebSite","@id":"https:\/\/3w.sienteomana.com\/en\/#website","url":"https:\/\/3w.sienteomana.com\/en\/","name":"(EN) Siente Oma\u00f1a","description":"Oma\u00f1a","potentialAction":[{"@type":"SearchAction","target":{"@type":"EntryPoint","urlTemplate":"https:\/\/3w.sienteomana.com\/en\/?s={search_term_string}"},"query-input":"required name=search_term_string"}],"inLanguage":"es"}]}},"_links":{"self":[{"href":"https:\/\/3w.sienteomana.com\/en\/wp-json\/wp\/v2\/pages\/10948"}],"collection":[{"href":"https:\/\/3w.sienteomana.com\/en\/wp-json\/wp\/v2\/pages"}],"about":[{"href":"https:\/\/3w.sienteomana.com\/en\/wp-json\/wp\/v2\/types\/page"}],"author":[{"embeddable":true,"href":"https:\/\/3w.sienteomana.com\/en\/wp-json\/wp\/v2\/users\/2"}],"replies":[{"embeddable":true,"href":"https:\/\/3w.sienteomana.com\/en\/wp-json\/wp\/v2\/comments?post=10948"}],"version-history":[{"count":8,"href":"https:\/\/3w.sienteomana.com\/en\/wp-json\/wp\/v2\/pages\/10948\/revisions"}],"predecessor-version":[{"id":11545,"href":"https:\/\/3w.sienteomana.com\/en\/wp-json\/wp\/v2\/pages\/10948\/revisions\/11545"}],"wp:attachment":[{"href":"https:\/\/3w.sienteomana.com\/en\/wp-json\/wp\/v2\/media?parent=10948"}],"curies":[{"name":"wp","href":"https:\/\/api.w.org\/{rel}","templated":true}]}}