{"id":10953,"date":"2019-03-23T10:09:39","date_gmt":"2019-03-23T10:09:39","guid":{"rendered":"https:\/\/3w.sienteomana.com\/en\/?page_id=10953"},"modified":"2019-04-18T11:22:14","modified_gmt":"2019-04-18T11:22:14","slug":"rodicol","status":"publish","type":"page","link":"https:\/\/3w.sienteomana.com\/en\/rodicol\/","title":{"rendered":"RODICOL"},"content":{"rendered":"<div class=\"standard_wrapper\">\n<div  class=\"one_third withsmallpadding ppb_text\" style=\"padding:30px 0 30px 0;\" >\n<div class=\"standard_wrapper\">\n<div class=\"page_content_wrapper\">\n<div class=\"inner\">\n<div style=\"margin:auto;width:100%\">\n<h1 style=\"text-align: right;\"><span style=\"color: #99cc00;\">Rodicol<br \/>\n<\/span><\/h1>\n<\/div>\n<\/div>\n<\/div>\n<\/div>\n<\/div>\n<\/div>\n<div class=\"standard_wrapper\">\n<div  class=\"two_third last withsmallpadding ppb_text\" style=\"padding:30px 0 30px 0;\" >\n<div class=\"standard_wrapper\">\n<div class=\"page_content_wrapper\">\n<div class=\"inner\">\n<div style=\"margin:auto;width:100%\">\n<p>Peque\u00f1o pueblo oma\u00f1\u00e9s reconocido por haberse encontrado aqu\u00ed el \u201c\u00eddolo de Rodicol\u201d, un pieza \u00fanica en el mundo, que algunos historiadores consideran un monumento f\u00e1lico, fechado entre 1800 y 2000 a\u00f1os antes de Cristo, y para otros una deidad femenina. En cualquier caso una de las joyas arqueol\u00f3gicas que se podr\u00e1 admirar en la nueva sala de arqueolog\u00eda del Edificio Fierro del Instituto Leon\u00e9s de Cultura.<\/p>\n<p>Rodicol celebra su Romer\u00eda de la Seita cada 25 de marzo, festividad que ahora se ha trasladado al tercer s\u00e1bado de agosto. La Virgen, una talla que data del siglo XII, se lleva en procesi\u00f3n hasta la Ermita de La Seita, ubicada a dos kil\u00f3metros del pueblo. Una vez en la campa donde se asienta esta ermita del siglo XV, se celebra la misa con su tradicional canto del ramo y comida campestre.<\/p>\n<\/div>\n<\/div>\n<\/div>\n<\/div>\n<\/div>\n<\/div>\n<div class=\"standard_wrapper\">\n<div  class=\"two_third last withsmallpadding ppb_text\" style=\"padding:30px 0 30px 0;\" >\n<div class=\"standard_wrapper\">\n<div class=\"page_content_wrapper\">\n<div class=\"inner\">\n<div style=\"margin:auto;width:100%\">\n<p>Peque\u00f1o pueblo oma\u00f1\u00e9s reconocido por haberse encontrado aqu\u00ed el \u201c\u00eddolo de Rodicol\u201d, un pieza \u00fanica en el mundo, que algunos historiadores consideran un monumento f\u00e1lico, fechado entre 1800 y 2000 a\u00f1os antes de Cristo, y para otros una deidad femenina. En cualquier caso una de las joyas arqueol\u00f3gicas que se podr\u00e1 admirar en la nueva sala de arqueolog\u00eda del Edificio Fierro del Instituto Leon\u00e9s de Cultura.<\/p>\n<p>Rodicol celebra su Romer\u00eda de la Seita cada 25 de marzo, festividad que ahora se ha trasladado al tercer s\u00e1bado de agosto. La Virgen, una talla que data del siglo XII, se lleva en procesi\u00f3n hasta la Ermita de La Seita, ubicada a dos kil\u00f3metros del pueblo. Una vez en la campa donde se asienta esta ermita del siglo XV, se celebra la misa con su tradicional canto del ramo y comida campestre.<\/p>\n<\/div>\n<\/div>\n<\/div>\n<\/div>\n<\/div>\n<\/div>\n<div class=\"standard_wrapper\">\n<div  class=\"two_third last withsmallpadding ppb_text\" style=\"padding:30px 0 30px 0;\" >\n<div class=\"standard_wrapper\">\n<div class=\"page_content_wrapper\">\n<div class=\"inner\">\n<div style=\"margin:auto;width:100%\">\n<p>Peque\u00f1o pueblo oma\u00f1\u00e9s reconocido por haberse encontrado aqu\u00ed el \u201c\u00eddolo de Rodicol\u201d, un pieza \u00fanica en el mundo, que algunos historiadores consideran un monumento f\u00e1lico, fechado entre 1800 y 2000 a\u00f1os antes de Cristo, y para otros una deidad femenina. En cualquier caso una de las joyas arqueol\u00f3gicas que se podr\u00e1 admirar en la nueva sala de arqueolog\u00eda del Edificio Fierro del Instituto Leon\u00e9s de Cultura.<\/p>\n<p>Rodicol celebra su Romer\u00eda de la Seita cada 25 de marzo, festividad que ahora se ha trasladado al tercer s\u00e1bado de agosto. La Virgen, una talla que data del siglo XII, se lleva en procesi\u00f3n hasta la Ermita de La Seita, ubicada a dos kil\u00f3metros del pueblo. Una vez en la campa donde se asienta esta ermita del siglo XV, se celebra la misa con su tradicional canto del ramo y comida campestre.<\/p>\n<\/div>\n<\/div>\n<\/div>\n<\/div>\n<\/div>\n<\/div>\n<div class=\"standard_wrapper\">\n<div  class=\"two_third last withsmallpadding ppb_text\" style=\"padding:30px 0 30px 0;\" >\n<div class=\"standard_wrapper\">\n<div class=\"page_content_wrapper\">\n<div class=\"inner\">\n<div style=\"margin:auto;width:100%\">\n<p>Peque\u00f1o pueblo oma\u00f1\u00e9s reconocido por haberse encontrado aqu\u00ed el \u201c\u00eddolo de Rodicol\u201d, un pieza \u00fanica en el mundo, que algunos historiadores consideran un monumento f\u00e1lico, fechado entre 1800 y 2000 a\u00f1os antes de Cristo, y para otros una deidad femenina. En cualquier caso una de las joyas arqueol\u00f3gicas que se podr\u00e1 admirar en la nueva sala de arqueolog\u00eda del Edificio Fierro del Instituto Leon\u00e9s de Cultura.<\/p>\n<p>Rodicol celebra su Romer\u00eda de la Seita cada 25 de marzo, festividad que ahora se ha trasladado al tercer s\u00e1bado de agosto. La Virgen, una talla que data del siglo XII, se lleva en procesi\u00f3n hasta la Ermita de La Seita, ubicada a dos kil\u00f3metros del pueblo. Una vez en la campa donde se asienta esta ermita del siglo XV, se celebra la misa con su tradicional canto del ramo y comida campestre.<\/p>\n<\/div>\n<\/div>\n<\/div>\n<\/div>\n<\/div>\n<\/div>\n","protected":false},"excerpt":{"rendered":"<p>Rodicol Peque\u00f1o pueblo oma\u00f1\u00e9s reconocido por haberse encontrado aqu\u00ed el \u201c\u00eddolo de Rodicol\u201d, un pieza \u00fanica en el mundo, que algunos historiadores consideran un monumento f\u00e1lico, fechado entre 1800 y 2000 a\u00f1os antes de Cristo, y para otros una deidad [&hellip;]<\/p>\n","protected":false},"author":2,"featured_media":0,"parent":0,"menu_order":0,"comment_status":"closed","ping_status":"closed","template":"","meta":{"inline_featured_image":false,"footnotes":""},"yoast_head":"<!-- This site is optimized with the Yoast SEO plugin v20.13 - https:\/\/yoast.com\/wordpress\/plugins\/seo\/ -->\n<title>RODICOL - (EN) Siente Oma\u00f1a<\/title>\n<meta name=\"robots\" content=\"index, follow, max-snippet:-1, max-image-preview:large, max-video-preview:-1\" \/>\n<link rel=\"canonical\" href=\"https:\/\/3w.sienteomana.com\/en\/rodicol\/\" \/>\n<meta property=\"og:locale\" content=\"es_ES\" \/>\n<meta property=\"og:type\" content=\"article\" \/>\n<meta property=\"og:title\" content=\"RODICOL - (EN) Siente Oma\u00f1a\" \/>\n<meta property=\"og:description\" content=\"Rodicol Peque\u00f1o pueblo oma\u00f1\u00e9s reconocido por haberse encontrado aqu\u00ed el \u201c\u00eddolo de Rodicol\u201d, un pieza \u00fanica en el mundo, que algunos historiadores consideran un monumento f\u00e1lico, fechado entre 1800 y 2000 a\u00f1os antes de Cristo, y para otros una deidad [&hellip;]\" \/>\n<meta property=\"og:url\" content=\"https:\/\/3w.sienteomana.com\/en\/rodicol\/\" \/>\n<meta property=\"og:site_name\" content=\"(EN) Siente Oma\u00f1a\" \/>\n<meta property=\"article:modified_time\" content=\"2019-04-18T11:22:14+00:00\" \/>\n<meta name=\"twitter:card\" content=\"summary_large_image\" \/>\n<meta name=\"twitter:label1\" content=\"Tiempo de lectura\" \/>\n\t<meta name=\"twitter:data1\" content=\"3 minutos\" \/>\n<script type=\"application\/ld+json\" class=\"yoast-schema-graph\">{\"@context\":\"https:\/\/schema.org\",\"@graph\":[{\"@type\":\"WebPage\",\"@id\":\"https:\/\/3w.sienteomana.com\/en\/rodicol\/\",\"url\":\"https:\/\/3w.sienteomana.com\/en\/rodicol\/\",\"name\":\"RODICOL - (EN) Siente Oma\u00f1a\",\"isPartOf\":{\"@id\":\"https:\/\/3w.sienteomana.com\/en\/#website\"},\"datePublished\":\"2019-03-23T10:09:39+00:00\",\"dateModified\":\"2019-04-18T11:22:14+00:00\",\"breadcrumb\":{\"@id\":\"https:\/\/3w.sienteomana.com\/en\/rodicol\/#breadcrumb\"},\"inLanguage\":\"es\",\"potentialAction\":[{\"@type\":\"ReadAction\",\"target\":[\"https:\/\/3w.sienteomana.com\/en\/rodicol\/\"]}]},{\"@type\":\"BreadcrumbList\",\"@id\":\"https:\/\/3w.sienteomana.com\/en\/rodicol\/#breadcrumb\",\"itemListElement\":[{\"@type\":\"ListItem\",\"position\":1,\"name\":\"Home\",\"item\":\"https:\/\/3w.sienteomana.com\/en\/\"},{\"@type\":\"ListItem\",\"position\":2,\"name\":\"RODICOL\"}]},{\"@type\":\"WebSite\",\"@id\":\"https:\/\/3w.sienteomana.com\/en\/#website\",\"url\":\"https:\/\/3w.sienteomana.com\/en\/\",\"name\":\"(EN) Siente Oma\u00f1a\",\"description\":\"Oma\u00f1a\",\"potentialAction\":[{\"@type\":\"SearchAction\",\"target\":{\"@type\":\"EntryPoint\",\"urlTemplate\":\"https:\/\/3w.sienteomana.com\/en\/?s={search_term_string}\"},\"query-input\":\"required name=search_term_string\"}],\"inLanguage\":\"es\"}]}<\/script>\n<!-- \/ Yoast SEO plugin. -->","yoast_head_json":{"title":"RODICOL - (EN) Siente Oma\u00f1a","robots":{"index":"index","follow":"follow","max-snippet":"max-snippet:-1","max-image-preview":"max-image-preview:large","max-video-preview":"max-video-preview:-1"},"canonical":"https:\/\/3w.sienteomana.com\/en\/rodicol\/","og_locale":"es_ES","og_type":"article","og_title":"RODICOL - (EN) Siente Oma\u00f1a","og_description":"Rodicol Peque\u00f1o pueblo oma\u00f1\u00e9s reconocido por haberse encontrado aqu\u00ed el \u201c\u00eddolo de Rodicol\u201d, un pieza \u00fanica en el mundo, que algunos historiadores consideran un monumento f\u00e1lico, fechado entre 1800 y 2000 a\u00f1os antes de Cristo, y para otros una deidad [&hellip;]","og_url":"https:\/\/3w.sienteomana.com\/en\/rodicol\/","og_site_name":"(EN) Siente Oma\u00f1a","article_modified_time":"2019-04-18T11:22:14+00:00","twitter_card":"summary_large_image","twitter_misc":{"Tiempo de lectura":"3 minutos"},"schema":{"@context":"https:\/\/schema.org","@graph":[{"@type":"WebPage","@id":"https:\/\/3w.sienteomana.com\/en\/rodicol\/","url":"https:\/\/3w.sienteomana.com\/en\/rodicol\/","name":"RODICOL - (EN) Siente Oma\u00f1a","isPartOf":{"@id":"https:\/\/3w.sienteomana.com\/en\/#website"},"datePublished":"2019-03-23T10:09:39+00:00","dateModified":"2019-04-18T11:22:14+00:00","breadcrumb":{"@id":"https:\/\/3w.sienteomana.com\/en\/rodicol\/#breadcrumb"},"inLanguage":"es","potentialAction":[{"@type":"ReadAction","target":["https:\/\/3w.sienteomana.com\/en\/rodicol\/"]}]},{"@type":"BreadcrumbList","@id":"https:\/\/3w.sienteomana.com\/en\/rodicol\/#breadcrumb","itemListElement":[{"@type":"ListItem","position":1,"name":"Home","item":"https:\/\/3w.sienteomana.com\/en\/"},{"@type":"ListItem","position":2,"name":"RODICOL"}]},{"@type":"WebSite","@id":"https:\/\/3w.sienteomana.com\/en\/#website","url":"https:\/\/3w.sienteomana.com\/en\/","name":"(EN) Siente Oma\u00f1a","description":"Oma\u00f1a","potentialAction":[{"@type":"SearchAction","target":{"@type":"EntryPoint","urlTemplate":"https:\/\/3w.sienteomana.com\/en\/?s={search_term_string}"},"query-input":"required name=search_term_string"}],"inLanguage":"es"}]}},"_links":{"self":[{"href":"https:\/\/3w.sienteomana.com\/en\/wp-json\/wp\/v2\/pages\/10953"}],"collection":[{"href":"https:\/\/3w.sienteomana.com\/en\/wp-json\/wp\/v2\/pages"}],"about":[{"href":"https:\/\/3w.sienteomana.com\/en\/wp-json\/wp\/v2\/types\/page"}],"author":[{"embeddable":true,"href":"https:\/\/3w.sienteomana.com\/en\/wp-json\/wp\/v2\/users\/2"}],"replies":[{"embeddable":true,"href":"https:\/\/3w.sienteomana.com\/en\/wp-json\/wp\/v2\/comments?post=10953"}],"version-history":[{"count":8,"href":"https:\/\/3w.sienteomana.com\/en\/wp-json\/wp\/v2\/pages\/10953\/revisions"}],"predecessor-version":[{"id":11871,"href":"https:\/\/3w.sienteomana.com\/en\/wp-json\/wp\/v2\/pages\/10953\/revisions\/11871"}],"wp:attachment":[{"href":"https:\/\/3w.sienteomana.com\/en\/wp-json\/wp\/v2\/media?parent=10953"}],"curies":[{"name":"wp","href":"https:\/\/api.w.org\/{rel}","templated":true}]}}