{"id":10972,"date":"2019-03-23T10:35:19","date_gmt":"2019-03-23T10:35:19","guid":{"rendered":"https:\/\/3w.sienteomana.com\/en\/?page_id=10972"},"modified":"2019-03-31T09:19:57","modified_gmt":"2019-03-31T09:19:57","slug":"torrecillo","status":"publish","type":"page","link":"https:\/\/3w.sienteomana.com\/en\/torrecillo\/","title":{"rendered":"TORRECILLO"},"content":{"rendered":"<div class=\"standard_wrapper\">\n<div  class=\"one_third withsmallpadding ppb_text\" style=\"padding:30px 0 30px 0;\" >\n<div class=\"standard_wrapper\">\n<div class=\"page_content_wrapper\">\n<div class=\"inner\">\n<div style=\"margin:auto;width:100%\">\n<h1 style=\"text-align: right;\"><span style=\"color: #99cc00;\">Torrecillo<br \/>\n<\/span><\/h1>\n<\/div>\n<\/div>\n<\/div>\n<\/div>\n<\/div>\n<\/div>\n<div class=\"standard_wrapper\">\n<div  class=\"two_third last withsmallpadding ppb_text\" style=\"padding:30px 0 30px 0;\" >\n<div class=\"standard_wrapper\">\n<div class=\"page_content_wrapper\">\n<div class=\"inner\">\n<div style=\"margin:auto;width:100%\">\n<p>Ubicado en un ramal que parte des- de la carretera, entre Barrio de la Puente y Posada de Oma\u00f1a, Torrecillo toma su nombre de la torre que ten\u00eda el pueblo.<\/p>\n<p>Su iglesia est\u00e1 consagrada a Santa Marina, y guardaba una valiosa talla \u201cel Cristo de Torrecillo\u201d, que data del siglo XII y hoy se puede admirar en el Museo Diocesano de Le\u00f3n.<\/p>\n<p>Su fiesta patronal es El Corpus.<\/p>\n<\/div>\n<\/div>\n<\/div>\n<\/div>\n<\/div>\n<\/div>\n<div class=\"standard_wrapper\">\n<div  class=\"two_third last withsmallpadding ppb_text\" style=\"padding:30px 0 30px 0;\" >\n<div class=\"standard_wrapper\">\n<div class=\"page_content_wrapper\">\n<div class=\"inner\">\n<div style=\"margin:auto;width:100%\">\n<p>Ubicado en un ramal que parte des- de la carretera, entre Barrio de la Puente y Posada de Oma\u00f1a, Torrecillo toma su nombre de la torre que ten\u00eda el pueblo.<\/p>\n<p>Su iglesia est\u00e1 consagrada a Santa Marina, y guardaba una valiosa talla \u201cel Cristo de Torrecillo\u201d, que data del siglo XII y hoy se puede admirar en el Museo Diocesano de Le\u00f3n.<\/p>\n<p>Su fiesta patronal es El Corpus.<\/p>\n<\/div>\n<\/div>\n<\/div>\n<\/div>\n<\/div>\n<\/div>\n<div class=\"standard_wrapper\">\n<div  class=\"two_third last withsmallpadding ppb_text\" style=\"padding:30px 0 30px 0;\" >\n<div class=\"standard_wrapper\">\n<div class=\"page_content_wrapper\">\n<div class=\"inner\">\n<div style=\"margin:auto;width:100%\">\n<p>Ubicado en un ramal que parte des- de la carretera, entre Barrio de la Puente y Posada de Oma\u00f1a, Torrecillo toma su nombre de la torre que ten\u00eda el pueblo.<\/p>\n<p>Su iglesia est\u00e1 consagrada a Santa Marina, y guardaba una valiosa talla \u201cel Cristo de Torrecillo\u201d, que data del siglo XII y hoy se puede admirar en el Museo Diocesano de Le\u00f3n.<\/p>\n<p>Su fiesta patronal es El Corpus.<\/p>\n<\/div>\n<\/div>\n<\/div>\n<\/div>\n<\/div>\n<\/div>\n<div class=\"standard_wrapper\">\n<div  class=\"two_third last withsmallpadding ppb_text\" style=\"padding:30px 0 30px 0;\" >\n<div class=\"standard_wrapper\">\n<div class=\"page_content_wrapper\">\n<div class=\"inner\">\n<div style=\"margin:auto;width:100%\">\n<p>Ubicado en un ramal que parte des- de la carretera, entre Barrio de la Puente y Posada de Oma\u00f1a, Torrecillo toma su nombre de la torre que ten\u00eda el pueblo.<\/p>\n<p>Su iglesia est\u00e1 consagrada a Santa Marina, y guardaba una valiosa talla \u201cel Cristo de Torrecillo\u201d, que data del siglo XII y hoy se puede admirar en el Museo Diocesano de Le\u00f3n.<\/p>\n<p>Su fiesta patronal es El Corpus.<\/p>\n<\/div>\n<\/div>\n<\/div>\n<\/div>\n<\/div>\n<\/div>\n","protected":false},"excerpt":{"rendered":"<p>Torrecillo Ubicado en un ramal que parte des- de la carretera, entre Barrio de la Puente y Posada de Oma\u00f1a, Torrecillo toma su nombre de la torre que ten\u00eda el pueblo. Su iglesia est\u00e1 consagrada a Santa Marina, y guardaba [&hellip;]<\/p>\n","protected":false},"author":2,"featured_media":0,"parent":0,"menu_order":0,"comment_status":"closed","ping_status":"closed","template":"","meta":{"inline_featured_image":false,"footnotes":""},"yoast_head":"<!-- This site is optimized with the Yoast SEO plugin v20.13 - https:\/\/yoast.com\/wordpress\/plugins\/seo\/ -->\n<title>TORRECILLO - (EN) Siente Oma\u00f1a<\/title>\n<meta name=\"robots\" content=\"index, follow, max-snippet:-1, max-image-preview:large, max-video-preview:-1\" \/>\n<link rel=\"canonical\" href=\"https:\/\/3w.sienteomana.com\/en\/torrecillo\/\" \/>\n<meta property=\"og:locale\" content=\"es_ES\" \/>\n<meta property=\"og:type\" content=\"article\" \/>\n<meta property=\"og:title\" content=\"TORRECILLO - (EN) Siente Oma\u00f1a\" \/>\n<meta property=\"og:description\" content=\"Torrecillo Ubicado en un ramal que parte des- de la carretera, entre Barrio de la Puente y Posada de Oma\u00f1a, Torrecillo toma su nombre de la torre que ten\u00eda el pueblo. Su iglesia est\u00e1 consagrada a Santa Marina, y guardaba [&hellip;]\" \/>\n<meta property=\"og:url\" content=\"https:\/\/3w.sienteomana.com\/en\/torrecillo\/\" \/>\n<meta property=\"og:site_name\" content=\"(EN) Siente Oma\u00f1a\" \/>\n<meta property=\"article:modified_time\" content=\"2019-03-31T09:19:57+00:00\" \/>\n<meta name=\"twitter:card\" content=\"summary_large_image\" \/>\n<meta name=\"twitter:label1\" content=\"Tiempo de lectura\" \/>\n\t<meta name=\"twitter:data1\" content=\"1 minuto\" \/>\n<script type=\"application\/ld+json\" class=\"yoast-schema-graph\">{\"@context\":\"https:\/\/schema.org\",\"@graph\":[{\"@type\":\"WebPage\",\"@id\":\"https:\/\/3w.sienteomana.com\/en\/torrecillo\/\",\"url\":\"https:\/\/3w.sienteomana.com\/en\/torrecillo\/\",\"name\":\"TORRECILLO - (EN) Siente Oma\u00f1a\",\"isPartOf\":{\"@id\":\"https:\/\/3w.sienteomana.com\/en\/#website\"},\"datePublished\":\"2019-03-23T10:35:19+00:00\",\"dateModified\":\"2019-03-31T09:19:57+00:00\",\"breadcrumb\":{\"@id\":\"https:\/\/3w.sienteomana.com\/en\/torrecillo\/#breadcrumb\"},\"inLanguage\":\"es\",\"potentialAction\":[{\"@type\":\"ReadAction\",\"target\":[\"https:\/\/3w.sienteomana.com\/en\/torrecillo\/\"]}]},{\"@type\":\"BreadcrumbList\",\"@id\":\"https:\/\/3w.sienteomana.com\/en\/torrecillo\/#breadcrumb\",\"itemListElement\":[{\"@type\":\"ListItem\",\"position\":1,\"name\":\"Home\",\"item\":\"https:\/\/3w.sienteomana.com\/en\/\"},{\"@type\":\"ListItem\",\"position\":2,\"name\":\"TORRECILLO\"}]},{\"@type\":\"WebSite\",\"@id\":\"https:\/\/3w.sienteomana.com\/en\/#website\",\"url\":\"https:\/\/3w.sienteomana.com\/en\/\",\"name\":\"(EN) Siente Oma\u00f1a\",\"description\":\"Oma\u00f1a\",\"potentialAction\":[{\"@type\":\"SearchAction\",\"target\":{\"@type\":\"EntryPoint\",\"urlTemplate\":\"https:\/\/3w.sienteomana.com\/en\/?s={search_term_string}\"},\"query-input\":\"required name=search_term_string\"}],\"inLanguage\":\"es\"}]}<\/script>\n<!-- \/ Yoast SEO plugin. -->","yoast_head_json":{"title":"TORRECILLO - (EN) Siente Oma\u00f1a","robots":{"index":"index","follow":"follow","max-snippet":"max-snippet:-1","max-image-preview":"max-image-preview:large","max-video-preview":"max-video-preview:-1"},"canonical":"https:\/\/3w.sienteomana.com\/en\/torrecillo\/","og_locale":"es_ES","og_type":"article","og_title":"TORRECILLO - (EN) Siente Oma\u00f1a","og_description":"Torrecillo Ubicado en un ramal que parte des- de la carretera, entre Barrio de la Puente y Posada de Oma\u00f1a, Torrecillo toma su nombre de la torre que ten\u00eda el pueblo. Su iglesia est\u00e1 consagrada a Santa Marina, y guardaba [&hellip;]","og_url":"https:\/\/3w.sienteomana.com\/en\/torrecillo\/","og_site_name":"(EN) Siente Oma\u00f1a","article_modified_time":"2019-03-31T09:19:57+00:00","twitter_card":"summary_large_image","twitter_misc":{"Tiempo de lectura":"1 minuto"},"schema":{"@context":"https:\/\/schema.org","@graph":[{"@type":"WebPage","@id":"https:\/\/3w.sienteomana.com\/en\/torrecillo\/","url":"https:\/\/3w.sienteomana.com\/en\/torrecillo\/","name":"TORRECILLO - (EN) Siente Oma\u00f1a","isPartOf":{"@id":"https:\/\/3w.sienteomana.com\/en\/#website"},"datePublished":"2019-03-23T10:35:19+00:00","dateModified":"2019-03-31T09:19:57+00:00","breadcrumb":{"@id":"https:\/\/3w.sienteomana.com\/en\/torrecillo\/#breadcrumb"},"inLanguage":"es","potentialAction":[{"@type":"ReadAction","target":["https:\/\/3w.sienteomana.com\/en\/torrecillo\/"]}]},{"@type":"BreadcrumbList","@id":"https:\/\/3w.sienteomana.com\/en\/torrecillo\/#breadcrumb","itemListElement":[{"@type":"ListItem","position":1,"name":"Home","item":"https:\/\/3w.sienteomana.com\/en\/"},{"@type":"ListItem","position":2,"name":"TORRECILLO"}]},{"@type":"WebSite","@id":"https:\/\/3w.sienteomana.com\/en\/#website","url":"https:\/\/3w.sienteomana.com\/en\/","name":"(EN) Siente Oma\u00f1a","description":"Oma\u00f1a","potentialAction":[{"@type":"SearchAction","target":{"@type":"EntryPoint","urlTemplate":"https:\/\/3w.sienteomana.com\/en\/?s={search_term_string}"},"query-input":"required name=search_term_string"}],"inLanguage":"es"}]}},"_links":{"self":[{"href":"https:\/\/3w.sienteomana.com\/en\/wp-json\/wp\/v2\/pages\/10972"}],"collection":[{"href":"https:\/\/3w.sienteomana.com\/en\/wp-json\/wp\/v2\/pages"}],"about":[{"href":"https:\/\/3w.sienteomana.com\/en\/wp-json\/wp\/v2\/types\/page"}],"author":[{"embeddable":true,"href":"https:\/\/3w.sienteomana.com\/en\/wp-json\/wp\/v2\/users\/2"}],"replies":[{"embeddable":true,"href":"https:\/\/3w.sienteomana.com\/en\/wp-json\/wp\/v2\/comments?post=10972"}],"version-history":[{"count":8,"href":"https:\/\/3w.sienteomana.com\/en\/wp-json\/wp\/v2\/pages\/10972\/revisions"}],"predecessor-version":[{"id":11560,"href":"https:\/\/3w.sienteomana.com\/en\/wp-json\/wp\/v2\/pages\/10972\/revisions\/11560"}],"wp:attachment":[{"href":"https:\/\/3w.sienteomana.com\/en\/wp-json\/wp\/v2\/media?parent=10972"}],"curies":[{"name":"wp","href":"https:\/\/api.w.org\/{rel}","templated":true}]}}