{"id":10988,"date":"2019-03-23T10:50:35","date_gmt":"2019-03-23T10:50:35","guid":{"rendered":"https:\/\/3w.sienteomana.com\/en\/?page_id=10988"},"modified":"2019-04-23T18:15:30","modified_gmt":"2019-04-23T18:15:30","slug":"villabandin","status":"publish","type":"page","link":"https:\/\/3w.sienteomana.com\/en\/villabandin\/","title":{"rendered":"VILLABAND\u00cdN"},"content":{"rendered":"<div class=\"standard_wrapper\">\n<div  class=\"one_third withsmallpadding ppb_text\" style=\"padding:30px 0 30px 0;\" >\n<div class=\"standard_wrapper\">\n<div class=\"page_content_wrapper\">\n<div class=\"inner\">\n<div style=\"margin:auto;width:100%\">\n<h1 style=\"text-align: right;\"><span style=\"color: #99cc00;\">Villaband\u00edn<br \/>\n<\/span><\/h1>\n<\/div>\n<\/div>\n<\/div>\n<\/div>\n<\/div>\n<\/div>\n<div class=\"standard_wrapper\">\n<div  class=\"two_third last withsmallpadding ppb_text\" style=\"padding:30px 0 30px 0;\" >\n<div class=\"standard_wrapper\">\n<div class=\"page_content_wrapper\">\n<div class=\"inner\">\n<div style=\"margin:auto;width:100%\">\n<p>Pueblo principal del Valle Chico, festeja el Corpus y conserva el molino y la lecher\u00eda. Punto privilegiado de acceso al Alto de la Ca\u00f1ada, cima principal de Oma\u00f1a con 2.154 metros de altura, da nombre a la Sierra de Villaband\u00edn, que se extiende de este a oeste desde el puerto de La Magdalena hasta el embalse de Los Barrios de Luna. Esta sierra ejemplifica el l\u00edmite entre los mundos atl\u00e1ntico y mediterr\u00e1neo, por lo que es punto de inter\u00e9s biol\u00f3gico internacional por su alta variedad de especies vegetales.<\/p>\n<p>Una de las piezas m\u00e1s admiradas del patrimonio hist\u00f3rico-art\u00edstico de toda la comarca es el retablo de la iglesia de esta localidad, cuya construcci\u00f3n data del siglo XVII. Diferentes escenas cubren este retablo, como La huida a Egipto, el Cristo resucitado o Santa Ana llevando en brazos a la todav\u00eda ni\u00f1a Virgen Mar\u00eda, junto con la imagen de Miguel Arc\u00e1ngel, patr\u00f3n de este templo.<\/p>\n<\/div>\n<\/div>\n<\/div>\n<\/div>\n<\/div>\n<\/div>\n<div class=\"standard_wrapper\">\n<div  class=\"two_third last withsmallpadding ppb_text\" style=\"padding:30px 0 30px 0;\" >\n<div class=\"standard_wrapper\">\n<div class=\"page_content_wrapper\">\n<div class=\"inner\">\n<div style=\"margin:auto;width:100%\">\n<p>Pueblo principal del Valle Chico, festeja el Corpus y conserva el molino y la lecher\u00eda. Punto privilegiado de acceso al Alto de la Ca\u00f1ada, cima principal de Oma\u00f1a con 2.154 metros de altura, da nombre a la Sierra de Villaband\u00edn, que se extiende de este a oeste desde el puerto de La Magdalena hasta el embalse de Los Barrios de Luna. Esta sierra ejemplifica el l\u00edmite entre los mundos atl\u00e1ntico y mediterr\u00e1neo, por lo que es punto de inter\u00e9s biol\u00f3gico internacional por su alta variedad de especies vegetales.<\/p>\n<p>Una de las piezas m\u00e1s admiradas del patrimonio hist\u00f3rico-art\u00edstico de toda la comarca es el retablo de la iglesia de esta localidad, cuya construcci\u00f3n data del siglo XVII. Diferentes escenas cubren este retablo, como La huida a Egipto, el Cristo resucitado o Santa Ana llevando en brazos a la todav\u00eda ni\u00f1a Virgen Mar\u00eda, junto con la imagen de Miguel Arc\u00e1ngel, patr\u00f3n de este templo.<\/p>\n<\/div>\n<\/div>\n<\/div>\n<\/div>\n<\/div>\n<\/div>\n<div class=\"standard_wrapper\">\n<div  class=\"two_third last withsmallpadding ppb_text\" style=\"padding:30px 0 30px 0;\" >\n<div class=\"standard_wrapper\">\n<div class=\"page_content_wrapper\">\n<div class=\"inner\">\n<div style=\"margin:auto;width:100%\">\n<p>Pueblo principal del Valle Chico, festeja el Corpus y conserva el molino y la lecher\u00eda. Punto privilegiado de acceso al Alto de la Ca\u00f1ada, cima principal de Oma\u00f1a con 2.154 metros de altura, da nombre a la Sierra de Villaband\u00edn, que se extiende de este a oeste desde el puerto de La Magdalena hasta el embalse de Los Barrios de Luna. Esta sierra ejemplifica el l\u00edmite entre los mundos atl\u00e1ntico y mediterr\u00e1neo, por lo que es punto de inter\u00e9s biol\u00f3gico internacional por su alta variedad de especies vegetales.<\/p>\n<p>Una de las piezas m\u00e1s admiradas del patrimonio hist\u00f3rico-art\u00edstico de toda la comarca es el retablo de la iglesia de esta localidad, cuya construcci\u00f3n data del siglo XVII. Diferentes escenas cubren este retablo, como La huida a Egipto, el Cristo resucitado o Santa Ana llevando en brazos a la todav\u00eda ni\u00f1a Virgen Mar\u00eda, junto con la imagen de Miguel Arc\u00e1ngel, patr\u00f3n de este templo.<\/p>\n<\/div>\n<\/div>\n<\/div>\n<\/div>\n<\/div>\n<\/div>\n<div class=\"standard_wrapper\">\n<div  class=\"two_third last withsmallpadding ppb_text\" style=\"padding:30px 0 30px 0;\" >\n<div class=\"standard_wrapper\">\n<div class=\"page_content_wrapper\">\n<div class=\"inner\">\n<div style=\"margin:auto;width:100%\">\n<p>Pueblo principal del Valle Chico, festeja el Corpus y conserva el molino y la lecher\u00eda. Punto privilegiado de acceso al Alto de la Ca\u00f1ada, cima principal de Oma\u00f1a con 2.154 metros de altura, da nombre a la Sierra de Villaband\u00edn, que se extiende de este a oeste desde el puerto de La Magdalena hasta el embalse de Los Barrios de Luna. Esta sierra ejemplifica el l\u00edmite entre los mundos atl\u00e1ntico y mediterr\u00e1neo, por lo que es punto de inter\u00e9s biol\u00f3gico internacional por su alta variedad de especies vegetales.<\/p>\n<p>Una de las piezas m\u00e1s admiradas del patrimonio hist\u00f3rico-art\u00edstico de toda la comarca es el retablo de la iglesia de esta localidad, cuya construcci\u00f3n data del siglo XVII. Diferentes escenas cubren este retablo, como La huida a Egipto, el Cristo resucitado o Santa Ana llevando en brazos a la todav\u00eda ni\u00f1a Virgen Mar\u00eda, junto con la imagen de Miguel Arc\u00e1ngel, patr\u00f3n de este templo.<\/p>\n<\/div>\n<\/div>\n<\/div>\n<\/div>\n<\/div>\n<\/div>\n","protected":false},"excerpt":{"rendered":"<p>Villaband\u00edn Pueblo principal del Valle Chico, festeja el Corpus y conserva el molino y la lecher\u00eda. Punto privilegiado de acceso al Alto de la Ca\u00f1ada, cima principal de Oma\u00f1a con 2.154 metros de altura, da nombre a la Sierra de [&hellip;]<\/p>\n","protected":false},"author":2,"featured_media":0,"parent":0,"menu_order":0,"comment_status":"closed","ping_status":"closed","template":"","meta":{"inline_featured_image":false,"footnotes":""},"yoast_head":"<!-- This site is optimized with the Yoast SEO plugin v20.13 - https:\/\/yoast.com\/wordpress\/plugins\/seo\/ -->\n<title>VILLABAND\u00cdN - (EN) Siente Oma\u00f1a<\/title>\n<meta name=\"robots\" content=\"index, follow, max-snippet:-1, max-image-preview:large, max-video-preview:-1\" \/>\n<link rel=\"canonical\" href=\"https:\/\/3w.sienteomana.com\/en\/villabandin\/\" \/>\n<meta property=\"og:locale\" content=\"es_ES\" \/>\n<meta property=\"og:type\" content=\"article\" \/>\n<meta property=\"og:title\" content=\"VILLABAND\u00cdN - (EN) Siente Oma\u00f1a\" \/>\n<meta property=\"og:description\" content=\"Villaband\u00edn Pueblo principal del Valle Chico, festeja el Corpus y conserva el molino y la lecher\u00eda. Punto privilegiado de acceso al Alto de la Ca\u00f1ada, cima principal de Oma\u00f1a con 2.154 metros de altura, da nombre a la Sierra de [&hellip;]\" \/>\n<meta property=\"og:url\" content=\"https:\/\/3w.sienteomana.com\/en\/villabandin\/\" \/>\n<meta property=\"og:site_name\" content=\"(EN) Siente Oma\u00f1a\" \/>\n<meta property=\"article:modified_time\" content=\"2019-04-23T18:15:30+00:00\" \/>\n<meta name=\"twitter:card\" content=\"summary_large_image\" \/>\n<meta name=\"twitter:label1\" content=\"Tiempo de lectura\" \/>\n\t<meta name=\"twitter:data1\" content=\"3 minutos\" \/>\n<script type=\"application\/ld+json\" class=\"yoast-schema-graph\">{\"@context\":\"https:\/\/schema.org\",\"@graph\":[{\"@type\":\"WebPage\",\"@id\":\"https:\/\/3w.sienteomana.com\/en\/villabandin\/\",\"url\":\"https:\/\/3w.sienteomana.com\/en\/villabandin\/\",\"name\":\"VILLABAND\u00cdN - (EN) Siente Oma\u00f1a\",\"isPartOf\":{\"@id\":\"https:\/\/3w.sienteomana.com\/en\/#website\"},\"datePublished\":\"2019-03-23T10:50:35+00:00\",\"dateModified\":\"2019-04-23T18:15:30+00:00\",\"breadcrumb\":{\"@id\":\"https:\/\/3w.sienteomana.com\/en\/villabandin\/#breadcrumb\"},\"inLanguage\":\"es\",\"potentialAction\":[{\"@type\":\"ReadAction\",\"target\":[\"https:\/\/3w.sienteomana.com\/en\/villabandin\/\"]}]},{\"@type\":\"BreadcrumbList\",\"@id\":\"https:\/\/3w.sienteomana.com\/en\/villabandin\/#breadcrumb\",\"itemListElement\":[{\"@type\":\"ListItem\",\"position\":1,\"name\":\"Home\",\"item\":\"https:\/\/3w.sienteomana.com\/en\/\"},{\"@type\":\"ListItem\",\"position\":2,\"name\":\"VILLABAND\u00cdN\"}]},{\"@type\":\"WebSite\",\"@id\":\"https:\/\/3w.sienteomana.com\/en\/#website\",\"url\":\"https:\/\/3w.sienteomana.com\/en\/\",\"name\":\"(EN) Siente Oma\u00f1a\",\"description\":\"Oma\u00f1a\",\"potentialAction\":[{\"@type\":\"SearchAction\",\"target\":{\"@type\":\"EntryPoint\",\"urlTemplate\":\"https:\/\/3w.sienteomana.com\/en\/?s={search_term_string}\"},\"query-input\":\"required name=search_term_string\"}],\"inLanguage\":\"es\"}]}<\/script>\n<!-- \/ Yoast SEO plugin. -->","yoast_head_json":{"title":"VILLABAND\u00cdN - (EN) Siente Oma\u00f1a","robots":{"index":"index","follow":"follow","max-snippet":"max-snippet:-1","max-image-preview":"max-image-preview:large","max-video-preview":"max-video-preview:-1"},"canonical":"https:\/\/3w.sienteomana.com\/en\/villabandin\/","og_locale":"es_ES","og_type":"article","og_title":"VILLABAND\u00cdN - (EN) Siente Oma\u00f1a","og_description":"Villaband\u00edn Pueblo principal del Valle Chico, festeja el Corpus y conserva el molino y la lecher\u00eda. Punto privilegiado de acceso al Alto de la Ca\u00f1ada, cima principal de Oma\u00f1a con 2.154 metros de altura, da nombre a la Sierra de [&hellip;]","og_url":"https:\/\/3w.sienteomana.com\/en\/villabandin\/","og_site_name":"(EN) Siente Oma\u00f1a","article_modified_time":"2019-04-23T18:15:30+00:00","twitter_card":"summary_large_image","twitter_misc":{"Tiempo de lectura":"3 minutos"},"schema":{"@context":"https:\/\/schema.org","@graph":[{"@type":"WebPage","@id":"https:\/\/3w.sienteomana.com\/en\/villabandin\/","url":"https:\/\/3w.sienteomana.com\/en\/villabandin\/","name":"VILLABAND\u00cdN - (EN) Siente Oma\u00f1a","isPartOf":{"@id":"https:\/\/3w.sienteomana.com\/en\/#website"},"datePublished":"2019-03-23T10:50:35+00:00","dateModified":"2019-04-23T18:15:30+00:00","breadcrumb":{"@id":"https:\/\/3w.sienteomana.com\/en\/villabandin\/#breadcrumb"},"inLanguage":"es","potentialAction":[{"@type":"ReadAction","target":["https:\/\/3w.sienteomana.com\/en\/villabandin\/"]}]},{"@type":"BreadcrumbList","@id":"https:\/\/3w.sienteomana.com\/en\/villabandin\/#breadcrumb","itemListElement":[{"@type":"ListItem","position":1,"name":"Home","item":"https:\/\/3w.sienteomana.com\/en\/"},{"@type":"ListItem","position":2,"name":"VILLABAND\u00cdN"}]},{"@type":"WebSite","@id":"https:\/\/3w.sienteomana.com\/en\/#website","url":"https:\/\/3w.sienteomana.com\/en\/","name":"(EN) Siente Oma\u00f1a","description":"Oma\u00f1a","potentialAction":[{"@type":"SearchAction","target":{"@type":"EntryPoint","urlTemplate":"https:\/\/3w.sienteomana.com\/en\/?s={search_term_string}"},"query-input":"required name=search_term_string"}],"inLanguage":"es"}]}},"_links":{"self":[{"href":"https:\/\/3w.sienteomana.com\/en\/wp-json\/wp\/v2\/pages\/10988"}],"collection":[{"href":"https:\/\/3w.sienteomana.com\/en\/wp-json\/wp\/v2\/pages"}],"about":[{"href":"https:\/\/3w.sienteomana.com\/en\/wp-json\/wp\/v2\/types\/page"}],"author":[{"embeddable":true,"href":"https:\/\/3w.sienteomana.com\/en\/wp-json\/wp\/v2\/users\/2"}],"replies":[{"embeddable":true,"href":"https:\/\/3w.sienteomana.com\/en\/wp-json\/wp\/v2\/comments?post=10988"}],"version-history":[{"count":20,"href":"https:\/\/3w.sienteomana.com\/en\/wp-json\/wp\/v2\/pages\/10988\/revisions"}],"predecessor-version":[{"id":12059,"href":"https:\/\/3w.sienteomana.com\/en\/wp-json\/wp\/v2\/pages\/10988\/revisions\/12059"}],"wp:attachment":[{"href":"https:\/\/3w.sienteomana.com\/en\/wp-json\/wp\/v2\/media?parent=10988"}],"curies":[{"name":"wp","href":"https:\/\/api.w.org\/{rel}","templated":true}]}}