{"id":11001,"date":"2019-03-23T11:05:44","date_gmt":"2019-03-23T11:05:44","guid":{"rendered":"https:\/\/3w.sienteomana.com\/en\/?page_id=11001"},"modified":"2019-04-23T18:41:09","modified_gmt":"2019-04-23T18:41:09","slug":"villanueva-de-omana","status":"publish","type":"page","link":"https:\/\/3w.sienteomana.com\/en\/villanueva-de-omana\/","title":{"rendered":"Villanueva de Oma\u00f1a"},"content":{"rendered":"<div class=\"standard_wrapper\">\n<div  class=\"one_third withsmallpadding ppb_text\" style=\"padding:30px 0 30px 0;\" >\n<div class=\"standard_wrapper\">\n<div class=\"page_content_wrapper\">\n<div class=\"inner\">\n<div style=\"margin:auto;width:100%\">\n<h1 style=\"text-align: right;\"><span style=\"color: #99cc00;\">Villanueva de Oma\u00f1a<br \/>\n<\/span><\/h1>\n<\/div>\n<\/div>\n<\/div>\n<\/div>\n<\/div>\n<\/div>\n<div class=\"standard_wrapper\">\n<div  class=\"two_third last withsmallpadding ppb_text\" style=\"padding:30px 0 30px 0;\" >\n<div class=\"standard_wrapper\">\n<div class=\"page_content_wrapper\">\n<div class=\"inner\">\n<div style=\"margin:auto;width:100%\">\n<p>Villanueva de Oma\u00f1a tiene su fiesta grande el 24 de junio, San Juan. Conserva molino, lecher\u00eda y algunas casas de arquitectura tradicional. En su t\u00e9rmino se halla el Valle del R\u00edo Peque\u00f1o, que alberga una de las joyas biol\u00f3gicas de Le\u00f3n: el acebal de \u201cAcebos\u201d.<\/p>\n<\/div>\n<\/div>\n<\/div>\n<\/div>\n<\/div>\n<\/div>\n<div class=\"standard_wrapper\">\n<div  class=\"two_third last withsmallpadding ppb_text\" style=\"padding:30px 0 30px 0;\" >\n<div class=\"standard_wrapper\">\n<div class=\"page_content_wrapper\">\n<div class=\"inner\">\n<div style=\"margin:auto;width:100%\">\n<p>Villanueva de Oma\u00f1a tiene su fiesta grande el 24 de junio, San Juan. Conserva molino, lecher\u00eda y algunas casas de arquitectura tradicional. En su t\u00e9rmino se halla el Valle del R\u00edo Peque\u00f1o, que alberga una de las joyas biol\u00f3gicas de Le\u00f3n: el acebal de \u201cAcebos\u201d.<\/p>\n<\/div>\n<\/div>\n<\/div>\n<\/div>\n<\/div>\n<\/div>\n<div class=\"standard_wrapper\">\n<div  class=\"two_third last withsmallpadding ppb_text\" style=\"padding:30px 0 30px 0;\" >\n<div class=\"standard_wrapper\">\n<div class=\"page_content_wrapper\">\n<div class=\"inner\">\n<div style=\"margin:auto;width:100%\">\n<p>Villanueva de Oma\u00f1a tiene su fiesta grande el 24 de junio, San Juan. Conserva molino, lecher\u00eda y algunas casas de arquitectura tradicional. En su t\u00e9rmino se halla el Valle del R\u00edo Peque\u00f1o, que alberga una de las joyas biol\u00f3gicas de Le\u00f3n: el acebal de \u201cAcebos\u201d.<\/p>\n<\/div>\n<\/div>\n<\/div>\n<\/div>\n<\/div>\n<\/div>\n<div class=\"standard_wrapper\">\n<div  class=\"two_third last withsmallpadding ppb_text\" style=\"padding:30px 0 30px 0;\" >\n<div class=\"standard_wrapper\">\n<div class=\"page_content_wrapper\">\n<div class=\"inner\">\n<div style=\"margin:auto;width:100%\">\n<p>Villanueva de Oma\u00f1a tiene su fiesta grande el 24 de junio, San Juan. Conserva molino, lecher\u00eda y algunas casas de arquitectura tradicional. En su t\u00e9rmino se halla el Valle del R\u00edo Peque\u00f1o, que alberga una de las joyas biol\u00f3gicas de Le\u00f3n: el acebal de \u201cAcebos\u201d.<\/p>\n<\/div>\n<\/div>\n<\/div>\n<\/div>\n<\/div>\n<\/div>\n","protected":false},"excerpt":{"rendered":"<p>Villanueva de Oma\u00f1a Villanueva de Oma\u00f1a tiene su fiesta grande el 24 de junio, San Juan. Conserva molino, lecher\u00eda y algunas casas de arquitectura tradicional. En su t\u00e9rmino se halla el Valle del R\u00edo Peque\u00f1o, que alberga una de las [&hellip;]<\/p>\n","protected":false},"author":2,"featured_media":0,"parent":0,"menu_order":0,"comment_status":"closed","ping_status":"closed","template":"","meta":{"inline_featured_image":false,"footnotes":""},"yoast_head":"<!-- This site is optimized with the Yoast SEO plugin v20.13 - https:\/\/yoast.com\/wordpress\/plugins\/seo\/ -->\n<title>Villanueva de Oma\u00f1a - (EN) Siente Oma\u00f1a<\/title>\n<meta name=\"robots\" content=\"index, follow, max-snippet:-1, max-image-preview:large, max-video-preview:-1\" \/>\n<link rel=\"canonical\" href=\"https:\/\/3w.sienteomana.com\/en\/villanueva-de-omana\/\" \/>\n<meta property=\"og:locale\" content=\"es_ES\" \/>\n<meta property=\"og:type\" content=\"article\" \/>\n<meta property=\"og:title\" content=\"Villanueva de Oma\u00f1a - (EN) Siente Oma\u00f1a\" \/>\n<meta property=\"og:description\" content=\"Villanueva de Oma\u00f1a Villanueva de Oma\u00f1a tiene su fiesta grande el 24 de junio, San Juan. Conserva molino, lecher\u00eda y algunas casas de arquitectura tradicional. En su t\u00e9rmino se halla el Valle del R\u00edo Peque\u00f1o, que alberga una de las [&hellip;]\" \/>\n<meta property=\"og:url\" content=\"https:\/\/3w.sienteomana.com\/en\/villanueva-de-omana\/\" \/>\n<meta property=\"og:site_name\" content=\"(EN) Siente Oma\u00f1a\" \/>\n<meta property=\"article:modified_time\" content=\"2019-04-23T18:41:09+00:00\" \/>\n<meta name=\"twitter:card\" content=\"summary_large_image\" \/>\n<meta name=\"twitter:label1\" content=\"Tiempo de lectura\" \/>\n\t<meta name=\"twitter:data1\" content=\"1 minuto\" \/>\n<script type=\"application\/ld+json\" class=\"yoast-schema-graph\">{\"@context\":\"https:\/\/schema.org\",\"@graph\":[{\"@type\":\"WebPage\",\"@id\":\"https:\/\/3w.sienteomana.com\/en\/villanueva-de-omana\/\",\"url\":\"https:\/\/3w.sienteomana.com\/en\/villanueva-de-omana\/\",\"name\":\"Villanueva de Oma\u00f1a - (EN) Siente Oma\u00f1a\",\"isPartOf\":{\"@id\":\"https:\/\/3w.sienteomana.com\/en\/#website\"},\"datePublished\":\"2019-03-23T11:05:44+00:00\",\"dateModified\":\"2019-04-23T18:41:09+00:00\",\"breadcrumb\":{\"@id\":\"https:\/\/3w.sienteomana.com\/en\/villanueva-de-omana\/#breadcrumb\"},\"inLanguage\":\"es\",\"potentialAction\":[{\"@type\":\"ReadAction\",\"target\":[\"https:\/\/3w.sienteomana.com\/en\/villanueva-de-omana\/\"]}]},{\"@type\":\"BreadcrumbList\",\"@id\":\"https:\/\/3w.sienteomana.com\/en\/villanueva-de-omana\/#breadcrumb\",\"itemListElement\":[{\"@type\":\"ListItem\",\"position\":1,\"name\":\"Home\",\"item\":\"https:\/\/3w.sienteomana.com\/en\/\"},{\"@type\":\"ListItem\",\"position\":2,\"name\":\"Villanueva de Oma\u00f1a\"}]},{\"@type\":\"WebSite\",\"@id\":\"https:\/\/3w.sienteomana.com\/en\/#website\",\"url\":\"https:\/\/3w.sienteomana.com\/en\/\",\"name\":\"(EN) Siente Oma\u00f1a\",\"description\":\"Oma\u00f1a\",\"potentialAction\":[{\"@type\":\"SearchAction\",\"target\":{\"@type\":\"EntryPoint\",\"urlTemplate\":\"https:\/\/3w.sienteomana.com\/en\/?s={search_term_string}\"},\"query-input\":\"required name=search_term_string\"}],\"inLanguage\":\"es\"}]}<\/script>\n<!-- \/ Yoast SEO plugin. -->","yoast_head_json":{"title":"Villanueva de Oma\u00f1a - (EN) Siente Oma\u00f1a","robots":{"index":"index","follow":"follow","max-snippet":"max-snippet:-1","max-image-preview":"max-image-preview:large","max-video-preview":"max-video-preview:-1"},"canonical":"https:\/\/3w.sienteomana.com\/en\/villanueva-de-omana\/","og_locale":"es_ES","og_type":"article","og_title":"Villanueva de Oma\u00f1a - (EN) Siente Oma\u00f1a","og_description":"Villanueva de Oma\u00f1a Villanueva de Oma\u00f1a tiene su fiesta grande el 24 de junio, San Juan. Conserva molino, lecher\u00eda y algunas casas de arquitectura tradicional. En su t\u00e9rmino se halla el Valle del R\u00edo Peque\u00f1o, que alberga una de las [&hellip;]","og_url":"https:\/\/3w.sienteomana.com\/en\/villanueva-de-omana\/","og_site_name":"(EN) Siente Oma\u00f1a","article_modified_time":"2019-04-23T18:41:09+00:00","twitter_card":"summary_large_image","twitter_misc":{"Tiempo de lectura":"1 minuto"},"schema":{"@context":"https:\/\/schema.org","@graph":[{"@type":"WebPage","@id":"https:\/\/3w.sienteomana.com\/en\/villanueva-de-omana\/","url":"https:\/\/3w.sienteomana.com\/en\/villanueva-de-omana\/","name":"Villanueva de Oma\u00f1a - (EN) Siente Oma\u00f1a","isPartOf":{"@id":"https:\/\/3w.sienteomana.com\/en\/#website"},"datePublished":"2019-03-23T11:05:44+00:00","dateModified":"2019-04-23T18:41:09+00:00","breadcrumb":{"@id":"https:\/\/3w.sienteomana.com\/en\/villanueva-de-omana\/#breadcrumb"},"inLanguage":"es","potentialAction":[{"@type":"ReadAction","target":["https:\/\/3w.sienteomana.com\/en\/villanueva-de-omana\/"]}]},{"@type":"BreadcrumbList","@id":"https:\/\/3w.sienteomana.com\/en\/villanueva-de-omana\/#breadcrumb","itemListElement":[{"@type":"ListItem","position":1,"name":"Home","item":"https:\/\/3w.sienteomana.com\/en\/"},{"@type":"ListItem","position":2,"name":"Villanueva de Oma\u00f1a"}]},{"@type":"WebSite","@id":"https:\/\/3w.sienteomana.com\/en\/#website","url":"https:\/\/3w.sienteomana.com\/en\/","name":"(EN) Siente Oma\u00f1a","description":"Oma\u00f1a","potentialAction":[{"@type":"SearchAction","target":{"@type":"EntryPoint","urlTemplate":"https:\/\/3w.sienteomana.com\/en\/?s={search_term_string}"},"query-input":"required name=search_term_string"}],"inLanguage":"es"}]}},"_links":{"self":[{"href":"https:\/\/3w.sienteomana.com\/en\/wp-json\/wp\/v2\/pages\/11001"}],"collection":[{"href":"https:\/\/3w.sienteomana.com\/en\/wp-json\/wp\/v2\/pages"}],"about":[{"href":"https:\/\/3w.sienteomana.com\/en\/wp-json\/wp\/v2\/types\/page"}],"author":[{"embeddable":true,"href":"https:\/\/3w.sienteomana.com\/en\/wp-json\/wp\/v2\/users\/2"}],"replies":[{"embeddable":true,"href":"https:\/\/3w.sienteomana.com\/en\/wp-json\/wp\/v2\/comments?post=11001"}],"version-history":[{"count":8,"href":"https:\/\/3w.sienteomana.com\/en\/wp-json\/wp\/v2\/pages\/11001\/revisions"}],"predecessor-version":[{"id":12072,"href":"https:\/\/3w.sienteomana.com\/en\/wp-json\/wp\/v2\/pages\/11001\/revisions\/12072"}],"wp:attachment":[{"href":"https:\/\/3w.sienteomana.com\/en\/wp-json\/wp\/v2\/media?parent=11001"}],"curies":[{"name":"wp","href":"https:\/\/api.w.org\/{rel}","templated":true}]}}