{"id":11005,"date":"2019-03-23T11:10:02","date_gmt":"2019-03-23T11:10:02","guid":{"rendered":"https:\/\/3w.sienteomana.com\/en\/?page_id=11005"},"modified":"2019-04-23T19:01:17","modified_gmt":"2019-04-23T19:01:17","slug":"vivero","status":"publish","type":"page","link":"https:\/\/3w.sienteomana.com\/en\/vivero\/","title":{"rendered":"VIVERO"},"content":{"rendered":"<div class=\"standard_wrapper\">\n<div  class=\"one_third withsmallpadding ppb_text\" style=\"padding:30px 0 30px 0;\" >\n<div class=\"standard_wrapper\">\n<div class=\"page_content_wrapper\">\n<div class=\"inner\">\n<div style=\"margin:auto;width:100%\">\n<h1 style=\"text-align: right;\"><span style=\"color: #99cc00;\">Vivero<br \/>\n<\/span><\/h1>\n<\/div>\n<\/div>\n<\/div>\n<\/div>\n<\/div>\n<\/div>\n<div class=\"standard_wrapper\">\n<div  class=\"two_third last withsmallpadding ppb_text\" style=\"padding:30px 0 30px 0;\" >\n<div class=\"standard_wrapper\">\n<div class=\"page_content_wrapper\">\n<div class=\"inner\">\n<div style=\"margin:auto;width:100%\">\n<p>Situado en las laderas del Nevad\u00edn y punto de acceso para subir a esta espectacular cumbre, este es uno de los pueblos m\u00e1s apartados de la comarca de Oma\u00f1a. La patrona de Vivero es la Virgen de la Ofrenda, que antes se celebraba el segundo domingo de julio. Hay que visitar la cascada de Las Ollinas y recorrer su maravilloso valle, en el que se ha restaurado el antiguo chozo de pastores.<\/p>\n<\/div>\n<\/div>\n<\/div>\n<\/div>\n<\/div>\n<\/div>\n<div class=\"standard_wrapper\">\n<div  class=\"two_third last withsmallpadding ppb_text\" style=\"padding:30px 0 30px 0;\" >\n<div class=\"standard_wrapper\">\n<div class=\"page_content_wrapper\">\n<div class=\"inner\">\n<div style=\"margin:auto;width:100%\">\n<p>Situado en las laderas del Nevad\u00edn y punto de acceso para subir a esta espectacular cumbre, este es uno de los pueblos m\u00e1s apartados de la comarca de Oma\u00f1a. La patrona de Vivero es la Virgen de la Ofrenda, que antes se celebraba el segundo domingo de julio. Hay que visitar la cascada de Las Ollinas y recorrer su maravilloso valle, en el que se ha restaurado el antiguo chozo de pastores.<\/p>\n<\/div>\n<\/div>\n<\/div>\n<\/div>\n<\/div>\n<\/div>\n<div class=\"standard_wrapper\">\n<div  class=\"two_third last withsmallpadding ppb_text\" style=\"padding:30px 0 30px 0;\" >\n<div class=\"standard_wrapper\">\n<div class=\"page_content_wrapper\">\n<div class=\"inner\">\n<div style=\"margin:auto;width:100%\">\n<p>Situado en las laderas del Nevad\u00edn y punto de acceso para subir a esta espectacular cumbre, este es uno de los pueblos m\u00e1s apartados de la comarca de Oma\u00f1a. La patrona de Vivero es la Virgen de la Ofrenda, que antes se celebraba el segundo domingo de julio. Hay que visitar la cascada de Las Ollinas y recorrer su maravilloso valle, en el que se ha restaurado el antiguo chozo de pastores.<\/p>\n<\/div>\n<\/div>\n<\/div>\n<\/div>\n<\/div>\n<\/div>\n<div class=\"standard_wrapper\">\n<div  class=\"two_third last withsmallpadding ppb_text\" style=\"padding:30px 0 30px 0;\" >\n<div class=\"standard_wrapper\">\n<div class=\"page_content_wrapper\">\n<div class=\"inner\">\n<div style=\"margin:auto;width:100%\">\n<p>Situado en las laderas del Nevad\u00edn y punto de acceso para subir a esta espectacular cumbre, este es uno de los pueblos m\u00e1s apartados de la comarca de Oma\u00f1a. La patrona de Vivero es la Virgen de la Ofrenda, que antes se celebraba el segundo domingo de julio. Hay que visitar la cascada de Las Ollinas y recorrer su maravilloso valle, en el que se ha restaurado el antiguo chozo de pastores.<\/p>\n<\/div>\n<\/div>\n<\/div>\n<\/div>\n<\/div>\n<\/div>\n","protected":false},"excerpt":{"rendered":"<p>Vivero Situado en las laderas del Nevad\u00edn y punto de acceso para subir a esta espectacular cumbre, este es uno de los pueblos m\u00e1s apartados de la comarca de Oma\u00f1a. La patrona de Vivero es la Virgen de la Ofrenda, [&hellip;]<\/p>\n","protected":false},"author":2,"featured_media":0,"parent":0,"menu_order":0,"comment_status":"closed","ping_status":"closed","template":"","meta":{"inline_featured_image":false,"footnotes":""},"yoast_head":"<!-- This site is optimized with the Yoast SEO plugin v20.13 - https:\/\/yoast.com\/wordpress\/plugins\/seo\/ -->\n<title>VIVERO - (EN) Siente Oma\u00f1a<\/title>\n<meta name=\"robots\" content=\"index, follow, max-snippet:-1, max-image-preview:large, max-video-preview:-1\" \/>\n<link rel=\"canonical\" href=\"https:\/\/3w.sienteomana.com\/en\/vivero\/\" \/>\n<meta property=\"og:locale\" content=\"es_ES\" \/>\n<meta property=\"og:type\" content=\"article\" \/>\n<meta property=\"og:title\" content=\"VIVERO - (EN) Siente Oma\u00f1a\" \/>\n<meta property=\"og:description\" content=\"Vivero Situado en las laderas del Nevad\u00edn y punto de acceso para subir a esta espectacular cumbre, este es uno de los pueblos m\u00e1s apartados de la comarca de Oma\u00f1a. La patrona de Vivero es la Virgen de la Ofrenda, [&hellip;]\" \/>\n<meta property=\"og:url\" content=\"https:\/\/3w.sienteomana.com\/en\/vivero\/\" \/>\n<meta property=\"og:site_name\" content=\"(EN) Siente Oma\u00f1a\" \/>\n<meta property=\"article:modified_time\" content=\"2019-04-23T19:01:17+00:00\" \/>\n<meta name=\"twitter:card\" content=\"summary_large_image\" \/>\n<meta name=\"twitter:label1\" content=\"Tiempo de lectura\" \/>\n\t<meta name=\"twitter:data1\" content=\"2 minutos\" \/>\n<script type=\"application\/ld+json\" class=\"yoast-schema-graph\">{\"@context\":\"https:\/\/schema.org\",\"@graph\":[{\"@type\":\"WebPage\",\"@id\":\"https:\/\/3w.sienteomana.com\/en\/vivero\/\",\"url\":\"https:\/\/3w.sienteomana.com\/en\/vivero\/\",\"name\":\"VIVERO - (EN) Siente Oma\u00f1a\",\"isPartOf\":{\"@id\":\"https:\/\/3w.sienteomana.com\/en\/#website\"},\"datePublished\":\"2019-03-23T11:10:02+00:00\",\"dateModified\":\"2019-04-23T19:01:17+00:00\",\"breadcrumb\":{\"@id\":\"https:\/\/3w.sienteomana.com\/en\/vivero\/#breadcrumb\"},\"inLanguage\":\"es\",\"potentialAction\":[{\"@type\":\"ReadAction\",\"target\":[\"https:\/\/3w.sienteomana.com\/en\/vivero\/\"]}]},{\"@type\":\"BreadcrumbList\",\"@id\":\"https:\/\/3w.sienteomana.com\/en\/vivero\/#breadcrumb\",\"itemListElement\":[{\"@type\":\"ListItem\",\"position\":1,\"name\":\"Home\",\"item\":\"https:\/\/3w.sienteomana.com\/en\/\"},{\"@type\":\"ListItem\",\"position\":2,\"name\":\"VIVERO\"}]},{\"@type\":\"WebSite\",\"@id\":\"https:\/\/3w.sienteomana.com\/en\/#website\",\"url\":\"https:\/\/3w.sienteomana.com\/en\/\",\"name\":\"(EN) Siente Oma\u00f1a\",\"description\":\"Oma\u00f1a\",\"potentialAction\":[{\"@type\":\"SearchAction\",\"target\":{\"@type\":\"EntryPoint\",\"urlTemplate\":\"https:\/\/3w.sienteomana.com\/en\/?s={search_term_string}\"},\"query-input\":\"required name=search_term_string\"}],\"inLanguage\":\"es\"}]}<\/script>\n<!-- \/ Yoast SEO plugin. -->","yoast_head_json":{"title":"VIVERO - (EN) Siente Oma\u00f1a","robots":{"index":"index","follow":"follow","max-snippet":"max-snippet:-1","max-image-preview":"max-image-preview:large","max-video-preview":"max-video-preview:-1"},"canonical":"https:\/\/3w.sienteomana.com\/en\/vivero\/","og_locale":"es_ES","og_type":"article","og_title":"VIVERO - (EN) Siente Oma\u00f1a","og_description":"Vivero Situado en las laderas del Nevad\u00edn y punto de acceso para subir a esta espectacular cumbre, este es uno de los pueblos m\u00e1s apartados de la comarca de Oma\u00f1a. La patrona de Vivero es la Virgen de la Ofrenda, [&hellip;]","og_url":"https:\/\/3w.sienteomana.com\/en\/vivero\/","og_site_name":"(EN) Siente Oma\u00f1a","article_modified_time":"2019-04-23T19:01:17+00:00","twitter_card":"summary_large_image","twitter_misc":{"Tiempo de lectura":"2 minutos"},"schema":{"@context":"https:\/\/schema.org","@graph":[{"@type":"WebPage","@id":"https:\/\/3w.sienteomana.com\/en\/vivero\/","url":"https:\/\/3w.sienteomana.com\/en\/vivero\/","name":"VIVERO - (EN) Siente Oma\u00f1a","isPartOf":{"@id":"https:\/\/3w.sienteomana.com\/en\/#website"},"datePublished":"2019-03-23T11:10:02+00:00","dateModified":"2019-04-23T19:01:17+00:00","breadcrumb":{"@id":"https:\/\/3w.sienteomana.com\/en\/vivero\/#breadcrumb"},"inLanguage":"es","potentialAction":[{"@type":"ReadAction","target":["https:\/\/3w.sienteomana.com\/en\/vivero\/"]}]},{"@type":"BreadcrumbList","@id":"https:\/\/3w.sienteomana.com\/en\/vivero\/#breadcrumb","itemListElement":[{"@type":"ListItem","position":1,"name":"Home","item":"https:\/\/3w.sienteomana.com\/en\/"},{"@type":"ListItem","position":2,"name":"VIVERO"}]},{"@type":"WebSite","@id":"https:\/\/3w.sienteomana.com\/en\/#website","url":"https:\/\/3w.sienteomana.com\/en\/","name":"(EN) Siente Oma\u00f1a","description":"Oma\u00f1a","potentialAction":[{"@type":"SearchAction","target":{"@type":"EntryPoint","urlTemplate":"https:\/\/3w.sienteomana.com\/en\/?s={search_term_string}"},"query-input":"required name=search_term_string"}],"inLanguage":"es"}]}},"_links":{"self":[{"href":"https:\/\/3w.sienteomana.com\/en\/wp-json\/wp\/v2\/pages\/11005"}],"collection":[{"href":"https:\/\/3w.sienteomana.com\/en\/wp-json\/wp\/v2\/pages"}],"about":[{"href":"https:\/\/3w.sienteomana.com\/en\/wp-json\/wp\/v2\/types\/page"}],"author":[{"embeddable":true,"href":"https:\/\/3w.sienteomana.com\/en\/wp-json\/wp\/v2\/users\/2"}],"replies":[{"embeddable":true,"href":"https:\/\/3w.sienteomana.com\/en\/wp-json\/wp\/v2\/comments?post=11005"}],"version-history":[{"count":8,"href":"https:\/\/3w.sienteomana.com\/en\/wp-json\/wp\/v2\/pages\/11005\/revisions"}],"predecessor-version":[{"id":12082,"href":"https:\/\/3w.sienteomana.com\/en\/wp-json\/wp\/v2\/pages\/11005\/revisions\/12082"}],"wp:attachment":[{"href":"https:\/\/3w.sienteomana.com\/en\/wp-json\/wp\/v2\/media?parent=11005"}],"curies":[{"name":"wp","href":"https:\/\/api.w.org\/{rel}","templated":true}]}}