{"id":11118,"date":"2019-03-25T15:17:24","date_gmt":"2019-03-25T15:17:24","guid":{"rendered":"https:\/\/3w.sienteomana.com\/en\/?page_id=11118"},"modified":"2021-09-03T11:37:21","modified_gmt":"2021-09-03T11:37:21","slug":"ruta-de-las-fuentes-del-omana","status":"publish","type":"page","link":"https:\/\/3w.sienteomana.com\/en\/ruta-de-las-fuentes-del-omana\/","title":{"rendered":"RUTA DE LAS FUENTES DEL OMA\u00d1A"},"content":{"rendered":"<div class=\"standard_wrapper\">\n<div  class=\"one_half withsmallpadding ppb_text\" style=\"padding:30px 0 30px 0;\" >\n<div class=\"standard_wrapper\">\n<div class=\"page_content_wrapper\">\n<div class=\"inner\">\n<div style=\"margin:auto;width:100%\">\n<h1><span style=\"color: #99cc00;\">RUTA DE LAS FUENTES DEL OMA\u00d1A<br \/>\n<\/span><\/h1>\n<p style=\"text-align: justify;\">Saliendo en la poblaci\u00f3n de Murias de Paredes, la ruta de Las Fuentes del Oma\u00f1a, discurre de forma circular a lo largo de 17\u00b42 km. La ruta comienza desde Murias y dirigi\u00e9ndonos a Montrondo. Sigue atravesando el pueblo y continuando por el valle, con una ligera pendiente, hasta llegar a un abedular con un panel explicativo.<\/p>\n<p style=\"text-align: justify;\">Ascendiendo por la falda del Tambar\u00f3n hasta la cabecera del valle, se encuentra el nacimiento del r\u00edo Oma\u00f1a y la Fuente del Miro Viejo.<\/p>\n<p style=\"text-align: justify;\">Continuando por el camino que discurre paralelo al vallado existente y siguiendo por una serie de colladas, nos conducir\u00e1 por el valle del Fasgar\u00f3n hasta alcanzar el puerto de La Magdalena y su ermita.<\/p>\n<p style=\"text-align: justify;\">Desde aqu\u00ed, siguiendo por el antiguo camino del puerto regresaremos f\u00e1cilmente a Murias de Paredes.<\/p>\n<p style=\"text-align: justify;\">A lo largo de la ruta podemos observar diferentes elementos de inter\u00e9s como arquitectura tradicional, puentes medievales y ermitas.<\/p>\n<p style=\"text-align: justify;\">Bosques de abedules, valles glaciares y capturas fluviales inundan el paisaje de la ruta de Las Fuentes del Oma\u00f1a, donde destaca la presencia de especies protegidas como el oso pardo o el urogallo.<\/p>\n<\/div>\n<\/div>\n<\/div>\n<\/div>\n<\/div>\n<\/div>\n<div class=\"standard_wrapper\">\n<div  class=\"one_half withsmallpadding ppb_text\" style=\"padding:30px 0 30px 0;\" >\n<div class=\"standard_wrapper\">\n<div class=\"page_content_wrapper\">\n<div class=\"inner\">\n<div style=\"margin:auto;width:100%\">\n<h1><span style=\"color: #99cc00;\">RUTA DE LAS FUENTES DEL OMA\u00d1A<br \/>\n<\/span><\/h1>\n<p style=\"text-align: justify;\">Saliendo en la poblaci\u00f3n de Murias de Paredes, la ruta de Las Fuentes del Oma\u00f1a, discurre de forma circular a lo largo de 17\u00b42 km. La ruta comienza desde Murias y dirigi\u00e9ndonos a Montrondo. Sigue atravesando el pueblo y continuando por el valle, con una ligera pendiente, hasta llegar a un abedular con un panel explicativo.<\/p>\n<p style=\"text-align: justify;\">Ascendiendo por la falda del Tambar\u00f3n hasta la cabecera del valle, se encuentra el nacimiento del r\u00edo Oma\u00f1a y la Fuente del Miro Viejo.<\/p>\n<p style=\"text-align: justify;\">Continuando por el camino que discurre paralelo al vallado existente y siguiendo por una serie de colladas, nos conducir\u00e1 por el valle del Fasgar\u00f3n hasta alcanzar el puerto de La Magdalena y su ermita.<\/p>\n<p style=\"text-align: justify;\">Desde aqu\u00ed, siguiendo por el antiguo camino del puerto regresaremos f\u00e1cilmente a Murias de Paredes.<\/p>\n<p style=\"text-align: justify;\">A lo largo de la ruta podemos observar diferentes elementos de inter\u00e9s como arquitectura tradicional, puentes medievales y ermitas.<\/p>\n<p style=\"text-align: justify;\">Bosques de abedules, valles glaciares y capturas fluviales inundan el paisaje de la ruta de Las Fuentes del Oma\u00f1a, donde destaca la presencia de especies protegidas como el oso pardo o el urogallo.<\/p>\n<\/div>\n<\/div>\n<\/div>\n<\/div>\n<\/div>\n<\/div>\n<div class=\"standard_wrapper\">\n<div  class=\"one_half withsmallpadding ppb_text\" style=\"padding:30px 0 30px 0;\" >\n<div class=\"standard_wrapper\">\n<div class=\"page_content_wrapper\">\n<div class=\"inner\">\n<div style=\"margin:auto;width:100%\">\n<h1><span style=\"color: #99cc00;\">RUTA DE LAS FUENTES DEL OMA\u00d1A<br \/>\n<\/span><\/h1>\n<p style=\"text-align: justify;\">Saliendo en la poblaci\u00f3n de Murias de Paredes, la ruta de Las Fuentes del Oma\u00f1a, discurre de forma circular a lo largo de 17\u00b42 km. La ruta comienza desde Murias y dirigi\u00e9ndonos a Montrondo. Sigue atravesando el pueblo y continuando por el valle, con una ligera pendiente, hasta llegar a un abedular con un panel explicativo.<\/p>\n<p style=\"text-align: justify;\">Ascendiendo por la falda del Tambar\u00f3n hasta la cabecera del valle, se encuentra el nacimiento del r\u00edo Oma\u00f1a y la Fuente del Miro Viejo.<\/p>\n<p style=\"text-align: justify;\">Continuando por el camino que discurre paralelo al vallado existente y siguiendo por una serie de colladas, nos conducir\u00e1 por el valle del Fasgar\u00f3n hasta alcanzar el puerto de La Magdalena y su ermita.<\/p>\n<p style=\"text-align: justify;\">Desde aqu\u00ed, siguiendo por el antiguo camino del puerto regresaremos f\u00e1cilmente a Murias de Paredes.<\/p>\n<p style=\"text-align: justify;\">A lo largo de la ruta podemos observar diferentes elementos de inter\u00e9s como arquitectura tradicional, puentes medievales y ermitas.<\/p>\n<p style=\"text-align: justify;\">Bosques de abedules, valles glaciares y capturas fluviales inundan el paisaje de la ruta de Las Fuentes del Oma\u00f1a, donde destaca la presencia de especies protegidas como el oso pardo o el urogallo.<\/p>\n<\/div>\n<\/div>\n<\/div>\n<\/div>\n<\/div>\n<\/div>\n<div class=\"standard_wrapper\">\n<div  class=\"one_half withsmallpadding ppb_text\" style=\"padding:30px 0 30px 0;\" >\n<div class=\"standard_wrapper\">\n<div class=\"page_content_wrapper\">\n<div class=\"inner\">\n<div style=\"margin:auto;width:100%\">\n<h3><span style=\"text-decoration: underline; color: #000000;\">MUNICIPIO<\/span><\/h3>\n<p style=\"padding-left: 30px;\">Murias de Paredes<\/p>\n<h3><span style=\"text-decoration: underline; color: #000000;\">TIPO DE SENDA<\/span><\/h3>\n<p style=\"padding-left: 30px;\">Peatonal con tramos para cicloturismo (BTT)<\/p>\n<h3><span style=\"text-decoration: underline; color: #000000;\">COORDENADAS<\/span><\/h3>\n<p style=\"padding-left: 30px;\">Inicio y llegada: <span id=\"coordinates\"><span class=\"plainlinks nourlexpansion\"><span class=\"geo-default\"><span class=\"geo-dms\" title=\"Mapas, fotos y otros datos de 42\u00b050\u203256\u2033N 6\u00b011\u203228\u2033O\"><span class=\"latitude\">2\u00b050\u203256\u2033N <\/span><span class=\"longitude\">6\u00b011\u203228\u2033O<\/span><\/span><\/span><\/span><\/span><\/p>\n<\/div>\n<\/div>\n<\/div>\n<\/div>\n<\/div>\n<\/div>\n<div class=\"standard_wrapper\">\n<div  class=\"one_half last withsmallpadding ppb_text\" style=\"padding:30px 0 30px 0;\" >\n<div class=\"standard_wrapper\">\n<div class=\"page_content_wrapper\">\n<div class=\"inner\">\n<div style=\"margin:auto;width:100%\">\n<h3><span style=\"text-decoration: underline; color: #99cc00;\"><span style=\"color: #000000; text-decoration: underline;\">DATOS T\u00c9CNICOS<\/span><br \/>\n<\/span><\/h3>\n<p style=\"padding-left: 30px;\">Itinerario Circular: Murias de Paredes (1250 m.a.) &#8211; Montrondo (1300 m.a.) &#8211; Valle de Montrondo (1385 m.a.) &#8211; Fuente del Cuadro (1530 m.a.) &#8211; Finca del Molar (1605 m.a.) &#8211; Arroyo del Tronco (1690 m.a.) &#8211; Collada Los Negreros (1767 m.a.) &#8211; Llano Verdasca (1753 m.a.) &#8211; Manantial de las Llampas &#8211; Valle Fasgar\u00f3n (1544 m.a.) &#8211; Carretera La Magdalena Km 40 (1434 m.a.) &#8211; Puerto La Magdalena (1438 m.a.) &#8211; Fuente y arroyo del Cativo (1325 m.a.) &#8211; Murias de Paredes (1250 m.a.).<\/p>\n<p style=\"padding-left: 30px;\">Longitud: 17,2 km<br \/>\nDesnivel de subida: 700 m<br \/>\nDesnivel de bajada: 700 m<br \/>\nCota m\u00e1x.: 1767 m<br \/>\nCota m\u00edn.: 1250 m<br \/>\nTiempo: 6h (senderismo)<br \/>\nDificultad: Alta<\/p>\n<\/div>\n<\/div>\n<\/div>\n<\/div>\n<\/div>\n<\/div>\n<div class=\"standard_wrapper\">\n<div  class=\"one_half last withsmallpadding ppb_text\" style=\"padding:30px 0 30px 0;\" >\n<div class=\"standard_wrapper\">\n<div class=\"page_content_wrapper\">\n<div class=\"inner\">\n<div style=\"margin:auto;width:100%\">\n<h3><span style=\"text-decoration: underline; color: #99cc00;\"><span style=\"color: #000000; text-decoration: underline;\">DATOS T\u00c9CNICOS<\/span><br \/>\n<\/span><\/h3>\n<p style=\"padding-left: 30px;\">Itinerario Circular: Murias de Paredes (1250 m.a.) &#8211; Montrondo (1300 m.a.) &#8211; Valle de Montrondo (1385 m.a.) &#8211; Fuente del Cuadro (1530 m.a.) &#8211; Finca del Molar (1605 m.a.) &#8211; Arroyo del Tronco (1690 m.a.) &#8211; Collada Los Negreros (1767 m.a.) &#8211; Llano Verdasca (1753 m.a.) &#8211; Manantial de las Llampas &#8211; Valle Fasgar\u00f3n (1544 m.a.) &#8211; Carretera La Magdalena Km 40 (1434 m.a.) &#8211; Puerto La Magdalena (1438 m.a.) &#8211; Fuente y arroyo del Cativo (1325 m.a.) &#8211; Murias de Paredes (1250 m.a.).<\/p>\n<p style=\"padding-left: 30px;\">Longitud: 17,2 km<br \/>\nDesnivel de subida: 700 m<br \/>\nDesnivel de bajada: 700 m<br \/>\nCota m\u00e1x.: 1767 m<br \/>\nCota m\u00edn.: 1250 m<br \/>\nTiempo: 6h (senderismo)<br \/>\nDificultad: Alta<\/p>\n<\/div>\n<\/div>\n<\/div>\n<\/div>\n<\/div>\n<\/div>\n<div  class=\"one withsmallpadding ppb_text\" style=\"padding:30px;\" >\n<p><iframe loading=\"lazy\" src=\"https:\/\/www.google.com\/maps\/d\/u\/4\/embed?mid=1LRtBWuHhkxybc8g0ty7rmIPiW8XFCPNA\" width=\"100%\" height=\"600\"><\/iframe><\/p>\n<\/div>\n<div  class=\"one withsmallpadding ppb_header \" style=\"text-align:left;padding:30px 0 30px 0;\" >\n<div class=\"standard_wrapper\">\n<div class=\"page_content_wrapper\">\n<div class=\"inner\">\n<div style=\"margin:auto;width:100%\">\n<h2 class=\"ppb_title\" style=\"\">DESCARGA LA RUTA<\/h2>\n<hr class=\"title_break left\" style=\"\"\/>\n<div class=\"ppb_header_content\">\n<p>Pincha en las diferentes versiones y desc\u00e1rgate la ruta, directamente a tu dispositivo gps o smartphone. \u00a1Camina con toda la info en tu mano!<\/p>\n<\/div>\n<\/div>\n<\/div>\n<\/div>\n<\/div>\n<\/div>\n<div class=\"standard_wrapper\">\n<div  class=\"one_third withsmallpadding ppb_text\" style=\"padding:30px 0 30px 0;\" >\n<div class=\"standard_wrapper\">\n<div class=\"page_content_wrapper\">\n<div class=\"inner\">\n<div style=\"margin:auto;width:100%\">\n<p><a href=\"https:\/\/drive.google.com\/open?id=1QeKSb9HFS5qPIsuG0dm88f4plEsMMxSt\"><img decoding=\"async\" loading=\"lazy\" class=\"size-full wp-image-12121 aligncenter\" src=\"http:\/\/3w.sienteomana.com\/wp-content\/uploads\/sites\/2\/2019\/04\/gpx1-e1556101291655.png\" alt=\"\" width=\"50\" height=\"107\" \/><\/a><\/p>\n<\/div>\n<\/div>\n<\/div>\n<\/div>\n<\/div>\n<\/div>\n<div class=\"standard_wrapper\">\n<div  class=\"one_third withsmallpadding ppb_text\" style=\"padding:30px 0 30px 0;\" >\n<div class=\"standard_wrapper\">\n<div class=\"page_content_wrapper\">\n<div class=\"inner\">\n<div style=\"margin:auto;width:100%\">\n<p><a href=\"https:\/\/drive.google.com\/open?id=1hqTR2IGF5045rpOKeK8S3R7mMzlY2Pd0\"><img decoding=\"async\" loading=\"lazy\" class=\"size-full wp-image-12120 aligncenter\" src=\"http:\/\/3w.sienteomana.com\/wp-content\/uploads\/sites\/2\/2019\/04\/kmz1-e1556101305482.png\" alt=\"\" width=\"50\" height=\"107\" \/><\/a><\/p>\n<\/div>\n<\/div>\n<\/div>\n<\/div>\n<\/div>\n<\/div>\n<div class=\"standard_wrapper\">\n<div  class=\"one_third last withsmallpadding ppb_text\" style=\"padding:30px 0 30px 0;\" >\n<div class=\"standard_wrapper\">\n<div class=\"page_content_wrapper\">\n<div class=\"inner\">\n<div style=\"margin:auto;width:100%\">\n<p><a href=\"https:\/\/drive.google.com\/open?id=1LRtBWuHhkxybc8g0ty7rmIPiW8XFCPNA&#038;usp=sharing\"><img decoding=\"async\" loading=\"lazy\" class=\"size-full wp-image-12111 aligncenter\" src=\"http:\/\/3w.sienteomana.com\/wp-content\/uploads\/sites\/2\/2019\/04\/phone-e1556100835250.png\" alt=\"\" width=\"50\" height=\"107\" \/><\/a><\/p>\n<\/div>\n<\/div>\n<\/div>\n<\/div>\n<\/div>\n<\/div>\n","protected":false},"excerpt":{"rendered":"<p>RUTA DE LAS FUENTES DEL OMA\u00d1A Saliendo en la poblaci\u00f3n de Murias de Paredes, la ruta de Las Fuentes del Oma\u00f1a, discurre de forma circular a lo largo de 17\u00b42 km. La ruta comienza desde Murias y dirigi\u00e9ndonos a Montrondo. [&hellip;]<\/p>\n","protected":false},"author":2,"featured_media":0,"parent":0,"menu_order":0,"comment_status":"closed","ping_status":"closed","template":"","meta":{"inline_featured_image":false,"footnotes":""},"yoast_head":"<!-- This site is optimized with the Yoast SEO plugin v20.13 - https:\/\/yoast.com\/wordpress\/plugins\/seo\/ -->\n<title>RUTA DE LAS FUENTES DEL OMA\u00d1A - (EN) Siente Oma\u00f1a<\/title>\n<meta name=\"robots\" content=\"index, follow, max-snippet:-1, max-image-preview:large, max-video-preview:-1\" \/>\n<link rel=\"canonical\" href=\"https:\/\/3w.sienteomana.com\/en\/ruta-de-las-fuentes-del-omana\/\" \/>\n<meta property=\"og:locale\" content=\"es_ES\" \/>\n<meta property=\"og:type\" content=\"article\" \/>\n<meta property=\"og:title\" content=\"RUTA DE LAS FUENTES DEL OMA\u00d1A - (EN) Siente Oma\u00f1a\" \/>\n<meta property=\"og:description\" content=\"RUTA DE LAS FUENTES DEL OMA\u00d1A Saliendo en la poblaci\u00f3n de Murias de Paredes, la ruta de Las Fuentes del Oma\u00f1a, discurre de forma circular a lo largo de 17\u00b42 km. La ruta comienza desde Murias y dirigi\u00e9ndonos a Montrondo. [&hellip;]\" \/>\n<meta property=\"og:url\" content=\"https:\/\/3w.sienteomana.com\/en\/ruta-de-las-fuentes-del-omana\/\" \/>\n<meta property=\"og:site_name\" content=\"(EN) Siente Oma\u00f1a\" \/>\n<meta property=\"article:modified_time\" content=\"2021-09-03T11:37:21+00:00\" \/>\n<meta property=\"og:image\" content=\"http:\/\/3w.sienteomana.com\/wp-content\/uploads\/sites\/2\/2019\/04\/gpx1-e1556101291655.png\" \/>\n<meta name=\"twitter:card\" content=\"summary_large_image\" \/>\n<meta name=\"twitter:label1\" content=\"Tiempo de lectura\" \/>\n\t<meta name=\"twitter:data1\" content=\"4 minutos\" \/>\n<script type=\"application\/ld+json\" class=\"yoast-schema-graph\">{\"@context\":\"https:\/\/schema.org\",\"@graph\":[{\"@type\":\"WebPage\",\"@id\":\"https:\/\/3w.sienteomana.com\/en\/ruta-de-las-fuentes-del-omana\/\",\"url\":\"https:\/\/3w.sienteomana.com\/en\/ruta-de-las-fuentes-del-omana\/\",\"name\":\"RUTA DE LAS FUENTES DEL OMA\u00d1A - (EN) Siente Oma\u00f1a\",\"isPartOf\":{\"@id\":\"https:\/\/3w.sienteomana.com\/en\/#website\"},\"datePublished\":\"2019-03-25T15:17:24+00:00\",\"dateModified\":\"2021-09-03T11:37:21+00:00\",\"breadcrumb\":{\"@id\":\"https:\/\/3w.sienteomana.com\/en\/ruta-de-las-fuentes-del-omana\/#breadcrumb\"},\"inLanguage\":\"es\",\"potentialAction\":[{\"@type\":\"ReadAction\",\"target\":[\"https:\/\/3w.sienteomana.com\/en\/ruta-de-las-fuentes-del-omana\/\"]}]},{\"@type\":\"BreadcrumbList\",\"@id\":\"https:\/\/3w.sienteomana.com\/en\/ruta-de-las-fuentes-del-omana\/#breadcrumb\",\"itemListElement\":[{\"@type\":\"ListItem\",\"position\":1,\"name\":\"Home\",\"item\":\"https:\/\/3w.sienteomana.com\/en\/\"},{\"@type\":\"ListItem\",\"position\":2,\"name\":\"RUTA DE LAS FUENTES DEL OMA\u00d1A\"}]},{\"@type\":\"WebSite\",\"@id\":\"https:\/\/3w.sienteomana.com\/en\/#website\",\"url\":\"https:\/\/3w.sienteomana.com\/en\/\",\"name\":\"(EN) Siente Oma\u00f1a\",\"description\":\"Oma\u00f1a\",\"potentialAction\":[{\"@type\":\"SearchAction\",\"target\":{\"@type\":\"EntryPoint\",\"urlTemplate\":\"https:\/\/3w.sienteomana.com\/en\/?s={search_term_string}\"},\"query-input\":\"required name=search_term_string\"}],\"inLanguage\":\"es\"}]}<\/script>\n<!-- \/ Yoast SEO plugin. -->","yoast_head_json":{"title":"RUTA DE LAS FUENTES DEL OMA\u00d1A - (EN) Siente Oma\u00f1a","robots":{"index":"index","follow":"follow","max-snippet":"max-snippet:-1","max-image-preview":"max-image-preview:large","max-video-preview":"max-video-preview:-1"},"canonical":"https:\/\/3w.sienteomana.com\/en\/ruta-de-las-fuentes-del-omana\/","og_locale":"es_ES","og_type":"article","og_title":"RUTA DE LAS FUENTES DEL OMA\u00d1A - (EN) Siente Oma\u00f1a","og_description":"RUTA DE LAS FUENTES DEL OMA\u00d1A Saliendo en la poblaci\u00f3n de Murias de Paredes, la ruta de Las Fuentes del Oma\u00f1a, discurre de forma circular a lo largo de 17\u00b42 km. La ruta comienza desde Murias y dirigi\u00e9ndonos a Montrondo. [&hellip;]","og_url":"https:\/\/3w.sienteomana.com\/en\/ruta-de-las-fuentes-del-omana\/","og_site_name":"(EN) Siente Oma\u00f1a","article_modified_time":"2021-09-03T11:37:21+00:00","og_image":[{"url":"http:\/\/3w.sienteomana.com\/wp-content\/uploads\/sites\/2\/2019\/04\/gpx1-e1556101291655.png"}],"twitter_card":"summary_large_image","twitter_misc":{"Tiempo de lectura":"4 minutos"},"schema":{"@context":"https:\/\/schema.org","@graph":[{"@type":"WebPage","@id":"https:\/\/3w.sienteomana.com\/en\/ruta-de-las-fuentes-del-omana\/","url":"https:\/\/3w.sienteomana.com\/en\/ruta-de-las-fuentes-del-omana\/","name":"RUTA DE LAS FUENTES DEL OMA\u00d1A - (EN) Siente Oma\u00f1a","isPartOf":{"@id":"https:\/\/3w.sienteomana.com\/en\/#website"},"datePublished":"2019-03-25T15:17:24+00:00","dateModified":"2021-09-03T11:37:21+00:00","breadcrumb":{"@id":"https:\/\/3w.sienteomana.com\/en\/ruta-de-las-fuentes-del-omana\/#breadcrumb"},"inLanguage":"es","potentialAction":[{"@type":"ReadAction","target":["https:\/\/3w.sienteomana.com\/en\/ruta-de-las-fuentes-del-omana\/"]}]},{"@type":"BreadcrumbList","@id":"https:\/\/3w.sienteomana.com\/en\/ruta-de-las-fuentes-del-omana\/#breadcrumb","itemListElement":[{"@type":"ListItem","position":1,"name":"Home","item":"https:\/\/3w.sienteomana.com\/en\/"},{"@type":"ListItem","position":2,"name":"RUTA DE LAS FUENTES DEL OMA\u00d1A"}]},{"@type":"WebSite","@id":"https:\/\/3w.sienteomana.com\/en\/#website","url":"https:\/\/3w.sienteomana.com\/en\/","name":"(EN) Siente Oma\u00f1a","description":"Oma\u00f1a","potentialAction":[{"@type":"SearchAction","target":{"@type":"EntryPoint","urlTemplate":"https:\/\/3w.sienteomana.com\/en\/?s={search_term_string}"},"query-input":"required name=search_term_string"}],"inLanguage":"es"}]}},"_links":{"self":[{"href":"https:\/\/3w.sienteomana.com\/en\/wp-json\/wp\/v2\/pages\/11118"}],"collection":[{"href":"https:\/\/3w.sienteomana.com\/en\/wp-json\/wp\/v2\/pages"}],"about":[{"href":"https:\/\/3w.sienteomana.com\/en\/wp-json\/wp\/v2\/types\/page"}],"author":[{"embeddable":true,"href":"https:\/\/3w.sienteomana.com\/en\/wp-json\/wp\/v2\/users\/2"}],"replies":[{"embeddable":true,"href":"https:\/\/3w.sienteomana.com\/en\/wp-json\/wp\/v2\/comments?post=11118"}],"version-history":[{"count":51,"href":"https:\/\/3w.sienteomana.com\/en\/wp-json\/wp\/v2\/pages\/11118\/revisions"}],"predecessor-version":[{"id":14091,"href":"https:\/\/3w.sienteomana.com\/en\/wp-json\/wp\/v2\/pages\/11118\/revisions\/14091"}],"wp:attachment":[{"href":"https:\/\/3w.sienteomana.com\/en\/wp-json\/wp\/v2\/media?parent=11118"}],"curies":[{"name":"wp","href":"https:\/\/api.w.org\/{rel}","templated":true}]}}