{"id":11135,"date":"2019-03-25T16:48:25","date_gmt":"2019-03-25T16:48:25","guid":{"rendered":"https:\/\/3w.sienteomana.com\/en\/?page_id=11135"},"modified":"2021-09-03T11:54:03","modified_gmt":"2021-09-03T11:54:03","slug":"camino-olvidado-de-la-montana-fasgar-iguena","status":"publish","type":"page","link":"https:\/\/3w.sienteomana.com\/en\/camino-olvidado-de-la-montana-fasgar-iguena\/","title":{"rendered":"RUTA CAMINO OLVIDADO DE LA MONTA\u00d1A FASGAR-IGUE\u00d1A"},"content":{"rendered":"<div class=\"standard_wrapper\">\n<div  class=\"one_half withsmallpadding ppb_text\" style=\"padding:30px 0 30px 0;\" >\n<div class=\"standard_wrapper\">\n<div class=\"page_content_wrapper\">\n<div class=\"inner\">\n<div style=\"margin:auto;width:100%\">\n<h1><span style=\"color: #99cc00;\">RUTA CAMINO OLVIDADO DE LA MONTA\u00d1A FASGAR-IGUE\u00d1A<\/span><\/h1>\n<p style=\"text-align: justify;\">Esta etapa del camino olvidado corresponde a la etapa 17 y parte en Fasgar. Desde aqu\u00ed subiremos hasta el dep\u00f3sito de agua y la antena telef\u00f3nica. Seguiremos por una pista ancha donde encontraremos las cristalinas aguas de Las Fuentes y llegaremos hasta Campo de Santiago, despu\u00e9s de llegar hasta el collado y descender por la misma pista hasta llegar a la ermita, la cual celebra su fiesta cada 25 de julio. Aqu\u00ed tomaremos un sendero situado a la izquierda.<\/p>\n<p style=\"text-align: justify;\">M\u00e1s adelante comenzamos a descender por el desfiladero hacia Colinas de Campo, pasando por un monolito de piedra que marca la separaci\u00f3n de los valles, dejando atr\u00e1s Murias de Paredes y entrando en el Alto Bierzo. Seguiremos descendiendo hasta atravesar dos puentes.<\/p>\n<p style=\"text-align: justify;\">A partir de aqu\u00ed el sendero empieza a ensancharse. Pasaremos por la Fuente San Juliano y m\u00e1s adelante llegaremos al pueblo Colinas del Campo de Mart\u00edn Moro Toledano. En el trayecto encontraremos lo que fue un antiguo hospital de peregrinos y magn\u00edficos bosques de acebos y tejos.<\/p>\n<p style=\"text-align: justify;\">Pasamos por el curioso arco de la ermita de Santa Dorotea y seguiremos un rato por carretera, girando un poco m\u00e1s adelante hacia la derecha para seguir por una pista a la orilla del r\u00edo por su margen izquierdo y posteriormente, tras pasar un puente, por su margen derecho.<\/p>\n<p style=\"text-align: justify;\">Nos cruzaremos con otro manantial y saldremos a la carretera hasta llegar a Igue\u00f1a.<br \/>\nSi queremos volver al punto de partida, hay que tener en cuenta que es una ruta larga, pero simplemente debemos volver sobre nuestros pasos.<\/p>\n<\/div>\n<\/div>\n<\/div>\n<\/div>\n<\/div>\n<\/div>\n<div class=\"standard_wrapper\">\n<div  class=\"one_half withsmallpadding ppb_text\" style=\"padding:30px 0 30px 0;\" >\n<div class=\"standard_wrapper\">\n<div class=\"page_content_wrapper\">\n<div class=\"inner\">\n<div style=\"margin:auto;width:100%\">\n<h1><span style=\"color: #99cc00;\">RUTA CAMINO OLVIDADO DE LA MONTA\u00d1A FASGAR-IGUE\u00d1A<\/span><\/h1>\n<p style=\"text-align: justify;\">Esta etapa del camino olvidado corresponde a la etapa 17 y parte en Fasgar. Desde aqu\u00ed subiremos hasta el dep\u00f3sito de agua y la antena telef\u00f3nica. Seguiremos por una pista ancha donde encontraremos las cristalinas aguas de Las Fuentes y llegaremos hasta Campo de Santiago, despu\u00e9s de llegar hasta el collado y descender por la misma pista hasta llegar a la ermita, la cual celebra su fiesta cada 25 de julio. Aqu\u00ed tomaremos un sendero situado a la izquierda.<\/p>\n<p style=\"text-align: justify;\">M\u00e1s adelante comenzamos a descender por el desfiladero hacia Colinas de Campo, pasando por un monolito de piedra que marca la separaci\u00f3n de los valles, dejando atr\u00e1s Murias de Paredes y entrando en el Alto Bierzo. Seguiremos descendiendo hasta atravesar dos puentes.<\/p>\n<p style=\"text-align: justify;\">A partir de aqu\u00ed el sendero empieza a ensancharse. Pasaremos por la Fuente San Juliano y m\u00e1s adelante llegaremos al pueblo Colinas del Campo de Mart\u00edn Moro Toledano. En el trayecto encontraremos lo que fue un antiguo hospital de peregrinos y magn\u00edficos bosques de acebos y tejos.<\/p>\n<p style=\"text-align: justify;\">Pasamos por el curioso arco de la ermita de Santa Dorotea y seguiremos un rato por carretera, girando un poco m\u00e1s adelante hacia la derecha para seguir por una pista a la orilla del r\u00edo por su margen izquierdo y posteriormente, tras pasar un puente, por su margen derecho.<\/p>\n<p style=\"text-align: justify;\">Nos cruzaremos con otro manantial y saldremos a la carretera hasta llegar a Igue\u00f1a.<br \/>\nSi queremos volver al punto de partida, hay que tener en cuenta que es una ruta larga, pero simplemente debemos volver sobre nuestros pasos.<\/p>\n<\/div>\n<\/div>\n<\/div>\n<\/div>\n<\/div>\n<\/div>\n<div class=\"standard_wrapper\">\n<div  class=\"one_half withsmallpadding ppb_text\" style=\"padding:30px 0 30px 0;\" >\n<div class=\"standard_wrapper\">\n<div class=\"page_content_wrapper\">\n<div class=\"inner\">\n<div style=\"margin:auto;width:100%\">\n<h1><span style=\"color: #99cc00;\">RUTA CAMINO OLVIDADO DE LA MONTA\u00d1A FASGAR-IGUE\u00d1A<\/span><\/h1>\n<p style=\"text-align: justify;\">Esta etapa del camino olvidado corresponde a la etapa 17 y parte en Fasgar. Desde aqu\u00ed subiremos hasta el dep\u00f3sito de agua y la antena telef\u00f3nica. Seguiremos por una pista ancha donde encontraremos las cristalinas aguas de Las Fuentes y llegaremos hasta Campo de Santiago, despu\u00e9s de llegar hasta el collado y descender por la misma pista hasta llegar a la ermita, la cual celebra su fiesta cada 25 de julio. Aqu\u00ed tomaremos un sendero situado a la izquierda.<\/p>\n<p style=\"text-align: justify;\">M\u00e1s adelante comenzamos a descender por el desfiladero hacia Colinas de Campo, pasando por un monolito de piedra que marca la separaci\u00f3n de los valles, dejando atr\u00e1s Murias de Paredes y entrando en el Alto Bierzo. Seguiremos descendiendo hasta atravesar dos puentes.<\/p>\n<p style=\"text-align: justify;\">A partir de aqu\u00ed el sendero empieza a ensancharse. Pasaremos por la Fuente San Juliano y m\u00e1s adelante llegaremos al pueblo Colinas del Campo de Mart\u00edn Moro Toledano. En el trayecto encontraremos lo que fue un antiguo hospital de peregrinos y magn\u00edficos bosques de acebos y tejos.<\/p>\n<p style=\"text-align: justify;\">Pasamos por el curioso arco de la ermita de Santa Dorotea y seguiremos un rato por carretera, girando un poco m\u00e1s adelante hacia la derecha para seguir por una pista a la orilla del r\u00edo por su margen izquierdo y posteriormente, tras pasar un puente, por su margen derecho.<\/p>\n<p style=\"text-align: justify;\">Nos cruzaremos con otro manantial y saldremos a la carretera hasta llegar a Igue\u00f1a.<br \/>\nSi queremos volver al punto de partida, hay que tener en cuenta que es una ruta larga, pero simplemente debemos volver sobre nuestros pasos.<\/p>\n<\/div>\n<\/div>\n<\/div>\n<\/div>\n<\/div>\n<\/div>\n<div class=\"standard_wrapper\">\n<div  class=\"one_half withsmallpadding ppb_text\" style=\"padding:30px 0 30px 0;\" >\n<div class=\"standard_wrapper\">\n<div class=\"page_content_wrapper\">\n<div class=\"inner\">\n<div style=\"margin:auto;width:100%\">\n<h3><span style=\"text-decoration: underline; color: #000000;\">MUNICIPIOS<\/span><\/h3>\n<p style=\"padding-left: 30px;\">Murias de Paredes-Igue\u00f1a<\/p>\n<h3><span style=\"text-decoration: underline; color: #000000;\">TIPO DE SENDA<\/span><\/h3>\n<p style=\"padding-left: 30px;\">Peatonal y cicloturismo (BTT)<\/p>\n<h3><span style=\"text-decoration: underline; color: #000000;\">COORDENADAS<\/span><\/h3>\n<p style=\"padding-left: 30px;\">Inicio: <span title=\"Latitude\">42\u00b0\u00a048\u2032\u00a034\u2033\u00a0N<\/span>, <span title=\"Longitude\">6\u00b0\u00a013\u2032\u00a029\u2033\u00a0W<br \/>\nLlegada: <span title=\"Latitude\">42\u00b0\u00a043\u2032\u00a044\u2033\u00a0N<\/span>, 6\u00b0\u00a016\u2032\u00a035\u2033\u00a0W<br \/>\n<\/span><\/p>\n<\/div>\n<\/div>\n<\/div>\n<\/div>\n<\/div>\n<\/div>\n<div class=\"standard_wrapper\">\n<div  class=\"one_half last withsmallpadding ppb_text\" style=\"padding:30px 0 30px 0;\" >\n<div class=\"standard_wrapper\">\n<div class=\"page_content_wrapper\">\n<div class=\"inner\">\n<div style=\"margin:auto;width:100%\">\n<h3><span style=\"text-decoration: underline; color: #99cc00;\"><span style=\"color: #000000; text-decoration: underline;\">DATOS T\u00c9CNICOS<\/span><br \/>\n<\/span><\/h3>\n<p style=\"padding-left: 40px;\">Duraci\u00f3n aproximada: 8 h 12 min (Ida y vuelta)<br \/>\nDistancia: 38\u00b48 km (Ida y vuelta) 19\u00b44 km (solo ida)<br \/>\nTipo de ruta: Lineal<br \/>\nDificultad: F\u00e1cil<br \/>\nDesnivel bajada: 345 m<br \/>\nDesnivel subida: 738 m<br \/>\nCota m\u00e1xima: 1.642 m<br \/>\nCota m\u00ednima: 912 m<\/p>\n<p style=\"padding-left: 40px;\">\n<\/div>\n<\/div>\n<\/div>\n<\/div>\n<\/div>\n<\/div>\n<div class=\"standard_wrapper\">\n<div  class=\"one_half last withsmallpadding ppb_text\" style=\"padding:30px 0 30px 0;\" >\n<div class=\"standard_wrapper\">\n<div class=\"page_content_wrapper\">\n<div class=\"inner\">\n<div style=\"margin:auto;width:100%\">\n<h3><span style=\"text-decoration: underline; color: #99cc00;\"><span style=\"color: #000000; text-decoration: underline;\">DATOS T\u00c9CNICOS<\/span><br \/>\n<\/span><\/h3>\n<p style=\"padding-left: 40px;\">Duraci\u00f3n aproximada: 8 h 12 min (Ida y vuelta)<br \/>\nDistancia: 38\u00b48 km (Ida y vuelta) 19\u00b44 km (solo ida)<br \/>\nTipo de ruta: Lineal<br \/>\nDificultad: F\u00e1cil<br \/>\nDesnivel bajada: 345 m<br \/>\nDesnivel subida: 738 m<br \/>\nCota m\u00e1xima: 1.642 m<br \/>\nCota m\u00ednima: 912 m<\/p>\n<p style=\"padding-left: 40px;\">\n<\/div>\n<\/div>\n<\/div>\n<\/div>\n<\/div>\n<\/div>\n<div  class=\"one withsmallpadding ppb_text\" style=\"padding:30px;\" >\n<p><iframe loading=\"lazy\" src=\"https:\/\/www.google.com\/maps\/d\/u\/4\/embed?mid=1TegCSjT_2g4ZYlR8umGtwQHk1z8ZjAIG\" width=\"100%\" height=\"600\"><\/iframe><\/p>\n<\/div>\n<div  class=\"one withsmallpadding ppb_header \" style=\"text-align:left;padding:30px 0 30px 0;\" >\n<div class=\"standard_wrapper\">\n<div class=\"page_content_wrapper\">\n<div class=\"inner\">\n<div style=\"margin:auto;width:100%\">\n<h2 class=\"ppb_title\" style=\"\">DESCARGA LA RUTA<\/h2>\n<hr class=\"title_break left\" style=\"\"\/>\n<div class=\"ppb_header_content\">\n<p>Pincha en las diferentes versiones y desc\u00e1rgate la ruta, directamente a tu dispositivo gps o smartphone. \u00a1Camina con toda la info en tu mano!<\/p>\n<\/div>\n<\/div>\n<\/div>\n<\/div>\n<\/div>\n<\/div>\n<div class=\"standard_wrapper\">\n<div  class=\"one_third withsmallpadding ppb_text\" style=\"padding:30px 0 30px 0;\" >\n<div class=\"standard_wrapper\">\n<div class=\"page_content_wrapper\">\n<div class=\"inner\">\n<div style=\"margin:auto;width:100%\">\n<p><a href=\"https:\/\/drive.google.com\/open?id=1u1iABQpye0z7GQGUx1t2PujI2QY0by5F\"><img decoding=\"async\" loading=\"lazy\" class=\"size-full wp-image-12121 aligncenter\" src=\"http:\/\/3w.sienteomana.com\/wp-content\/uploads\/sites\/2\/2019\/04\/gpx1-e1556101291655.png\" alt=\"\" width=\"50\" height=\"107\" \/><\/a><\/p>\n<\/div>\n<\/div>\n<\/div>\n<\/div>\n<\/div>\n<\/div>\n<div class=\"standard_wrapper\">\n<div  class=\"one_third withsmallpadding ppb_text\" style=\"padding:30px 0 30px 0;\" >\n<div class=\"standard_wrapper\">\n<div class=\"page_content_wrapper\">\n<div class=\"inner\">\n<div style=\"margin:auto;width:100%\">\n<p><a href=\"https:\/\/drive.google.com\/open?id=1T4EfA2J1OGxST3jCbSWDwjJD6OWj0tmt\"><img decoding=\"async\" loading=\"lazy\" class=\"alignnone size-full wp-image-12120 aligncenter\" src=\"http:\/\/3w.sienteomana.com\/wp-content\/uploads\/sites\/2\/2019\/04\/kmz1-e1556101305482.png\" alt=\"\" width=\"50\" height=\"107\" \/><\/a><\/p>\n<\/div>\n<\/div>\n<\/div>\n<\/div>\n<\/div>\n<\/div>\n<div class=\"standard_wrapper\">\n<div  class=\"one_third last withsmallpadding ppb_text\" style=\"padding:30px 0 30px 0;\" >\n<div class=\"standard_wrapper\">\n<div class=\"page_content_wrapper\">\n<div class=\"inner\">\n<div style=\"margin:auto;width:100%\">\n<p><a href=\"https:\/\/drive.google.com\/open?id=1TegCSjT_2g4ZYlR8umGtwQHk1z8ZjAIG&#038;usp=sharing\"><img decoding=\"async\" loading=\"lazy\" class=\"alignnone size-full wp-image-12111 aligncenter\" src=\"http:\/\/3w.sienteomana.com\/wp-content\/uploads\/sites\/2\/2019\/04\/phone-e1556100835250.png\" alt=\"\" width=\"50\" height=\"107\" \/><\/a><\/p>\n<\/div>\n<\/div>\n<\/div>\n<\/div>\n<\/div>\n<\/div>\n","protected":false},"excerpt":{"rendered":"<p>RUTA CAMINO OLVIDADO DE LA MONTA\u00d1A FASGAR-IGUE\u00d1A Esta etapa del camino olvidado corresponde a la etapa 17 y parte en Fasgar. Desde aqu\u00ed subiremos hasta el dep\u00f3sito de agua y la antena telef\u00f3nica. Seguiremos por una pista ancha donde encontraremos [&hellip;]<\/p>\n","protected":false},"author":1,"featured_media":0,"parent":0,"menu_order":0,"comment_status":"closed","ping_status":"closed","template":"","meta":{"inline_featured_image":false,"footnotes":""},"yoast_head":"<!-- This site is optimized with the Yoast SEO plugin v20.13 - https:\/\/yoast.com\/wordpress\/plugins\/seo\/ -->\n<title>RUTA CAMINO OLVIDADO DE LA MONTA\u00d1A FASGAR-IGUE\u00d1A - (EN) Siente Oma\u00f1a<\/title>\n<meta name=\"robots\" content=\"index, follow, max-snippet:-1, max-image-preview:large, max-video-preview:-1\" \/>\n<link rel=\"canonical\" href=\"https:\/\/3w.sienteomana.com\/en\/camino-olvidado-de-la-montana-fasgar-iguena\/\" \/>\n<meta property=\"og:locale\" content=\"es_ES\" \/>\n<meta property=\"og:type\" content=\"article\" \/>\n<meta property=\"og:title\" content=\"RUTA CAMINO OLVIDADO DE LA MONTA\u00d1A FASGAR-IGUE\u00d1A - (EN) Siente Oma\u00f1a\" \/>\n<meta property=\"og:description\" content=\"RUTA CAMINO OLVIDADO DE LA MONTA\u00d1A FASGAR-IGUE\u00d1A Esta etapa del camino olvidado corresponde a la etapa 17 y parte en Fasgar. Desde aqu\u00ed subiremos hasta el dep\u00f3sito de agua y la antena telef\u00f3nica. Seguiremos por una pista ancha donde encontraremos [&hellip;]\" \/>\n<meta property=\"og:url\" content=\"https:\/\/3w.sienteomana.com\/en\/camino-olvidado-de-la-montana-fasgar-iguena\/\" \/>\n<meta property=\"og:site_name\" content=\"(EN) Siente Oma\u00f1a\" \/>\n<meta property=\"article:modified_time\" content=\"2021-09-03T11:54:03+00:00\" \/>\n<meta property=\"og:image\" content=\"http:\/\/3w.sienteomana.com\/wp-content\/uploads\/sites\/2\/2019\/04\/gpx1-e1556101291655.png\" \/>\n<meta name=\"twitter:card\" content=\"summary_large_image\" \/>\n<meta name=\"twitter:label1\" content=\"Tiempo de lectura\" \/>\n\t<meta name=\"twitter:data1\" content=\"5 minutos\" \/>\n<script type=\"application\/ld+json\" class=\"yoast-schema-graph\">{\"@context\":\"https:\/\/schema.org\",\"@graph\":[{\"@type\":\"WebPage\",\"@id\":\"https:\/\/3w.sienteomana.com\/en\/camino-olvidado-de-la-montana-fasgar-iguena\/\",\"url\":\"https:\/\/3w.sienteomana.com\/en\/camino-olvidado-de-la-montana-fasgar-iguena\/\",\"name\":\"RUTA CAMINO OLVIDADO DE LA MONTA\u00d1A FASGAR-IGUE\u00d1A - (EN) Siente Oma\u00f1a\",\"isPartOf\":{\"@id\":\"https:\/\/3w.sienteomana.com\/en\/#website\"},\"datePublished\":\"2019-03-25T16:48:25+00:00\",\"dateModified\":\"2021-09-03T11:54:03+00:00\",\"breadcrumb\":{\"@id\":\"https:\/\/3w.sienteomana.com\/en\/camino-olvidado-de-la-montana-fasgar-iguena\/#breadcrumb\"},\"inLanguage\":\"es\",\"potentialAction\":[{\"@type\":\"ReadAction\",\"target\":[\"https:\/\/3w.sienteomana.com\/en\/camino-olvidado-de-la-montana-fasgar-iguena\/\"]}]},{\"@type\":\"BreadcrumbList\",\"@id\":\"https:\/\/3w.sienteomana.com\/en\/camino-olvidado-de-la-montana-fasgar-iguena\/#breadcrumb\",\"itemListElement\":[{\"@type\":\"ListItem\",\"position\":1,\"name\":\"Home\",\"item\":\"https:\/\/3w.sienteomana.com\/en\/\"},{\"@type\":\"ListItem\",\"position\":2,\"name\":\"RUTA CAMINO OLVIDADO DE LA MONTA\u00d1A FASGAR-IGUE\u00d1A\"}]},{\"@type\":\"WebSite\",\"@id\":\"https:\/\/3w.sienteomana.com\/en\/#website\",\"url\":\"https:\/\/3w.sienteomana.com\/en\/\",\"name\":\"(EN) Siente Oma\u00f1a\",\"description\":\"Oma\u00f1a\",\"potentialAction\":[{\"@type\":\"SearchAction\",\"target\":{\"@type\":\"EntryPoint\",\"urlTemplate\":\"https:\/\/3w.sienteomana.com\/en\/?s={search_term_string}\"},\"query-input\":\"required name=search_term_string\"}],\"inLanguage\":\"es\"}]}<\/script>\n<!-- \/ Yoast SEO plugin. -->","yoast_head_json":{"title":"RUTA CAMINO OLVIDADO DE LA MONTA\u00d1A FASGAR-IGUE\u00d1A - (EN) Siente Oma\u00f1a","robots":{"index":"index","follow":"follow","max-snippet":"max-snippet:-1","max-image-preview":"max-image-preview:large","max-video-preview":"max-video-preview:-1"},"canonical":"https:\/\/3w.sienteomana.com\/en\/camino-olvidado-de-la-montana-fasgar-iguena\/","og_locale":"es_ES","og_type":"article","og_title":"RUTA CAMINO OLVIDADO DE LA MONTA\u00d1A FASGAR-IGUE\u00d1A - (EN) Siente Oma\u00f1a","og_description":"RUTA CAMINO OLVIDADO DE LA MONTA\u00d1A FASGAR-IGUE\u00d1A Esta etapa del camino olvidado corresponde a la etapa 17 y parte en Fasgar. Desde aqu\u00ed subiremos hasta el dep\u00f3sito de agua y la antena telef\u00f3nica. Seguiremos por una pista ancha donde encontraremos [&hellip;]","og_url":"https:\/\/3w.sienteomana.com\/en\/camino-olvidado-de-la-montana-fasgar-iguena\/","og_site_name":"(EN) Siente Oma\u00f1a","article_modified_time":"2021-09-03T11:54:03+00:00","og_image":[{"url":"http:\/\/3w.sienteomana.com\/wp-content\/uploads\/sites\/2\/2019\/04\/gpx1-e1556101291655.png"}],"twitter_card":"summary_large_image","twitter_misc":{"Tiempo de lectura":"5 minutos"},"schema":{"@context":"https:\/\/schema.org","@graph":[{"@type":"WebPage","@id":"https:\/\/3w.sienteomana.com\/en\/camino-olvidado-de-la-montana-fasgar-iguena\/","url":"https:\/\/3w.sienteomana.com\/en\/camino-olvidado-de-la-montana-fasgar-iguena\/","name":"RUTA CAMINO OLVIDADO DE LA MONTA\u00d1A FASGAR-IGUE\u00d1A - (EN) Siente Oma\u00f1a","isPartOf":{"@id":"https:\/\/3w.sienteomana.com\/en\/#website"},"datePublished":"2019-03-25T16:48:25+00:00","dateModified":"2021-09-03T11:54:03+00:00","breadcrumb":{"@id":"https:\/\/3w.sienteomana.com\/en\/camino-olvidado-de-la-montana-fasgar-iguena\/#breadcrumb"},"inLanguage":"es","potentialAction":[{"@type":"ReadAction","target":["https:\/\/3w.sienteomana.com\/en\/camino-olvidado-de-la-montana-fasgar-iguena\/"]}]},{"@type":"BreadcrumbList","@id":"https:\/\/3w.sienteomana.com\/en\/camino-olvidado-de-la-montana-fasgar-iguena\/#breadcrumb","itemListElement":[{"@type":"ListItem","position":1,"name":"Home","item":"https:\/\/3w.sienteomana.com\/en\/"},{"@type":"ListItem","position":2,"name":"RUTA CAMINO OLVIDADO DE LA MONTA\u00d1A FASGAR-IGUE\u00d1A"}]},{"@type":"WebSite","@id":"https:\/\/3w.sienteomana.com\/en\/#website","url":"https:\/\/3w.sienteomana.com\/en\/","name":"(EN) Siente Oma\u00f1a","description":"Oma\u00f1a","potentialAction":[{"@type":"SearchAction","target":{"@type":"EntryPoint","urlTemplate":"https:\/\/3w.sienteomana.com\/en\/?s={search_term_string}"},"query-input":"required name=search_term_string"}],"inLanguage":"es"}]}},"_links":{"self":[{"href":"https:\/\/3w.sienteomana.com\/en\/wp-json\/wp\/v2\/pages\/11135"}],"collection":[{"href":"https:\/\/3w.sienteomana.com\/en\/wp-json\/wp\/v2\/pages"}],"about":[{"href":"https:\/\/3w.sienteomana.com\/en\/wp-json\/wp\/v2\/types\/page"}],"author":[{"embeddable":true,"href":"https:\/\/3w.sienteomana.com\/en\/wp-json\/wp\/v2\/users\/1"}],"replies":[{"embeddable":true,"href":"https:\/\/3w.sienteomana.com\/en\/wp-json\/wp\/v2\/comments?post=11135"}],"version-history":[{"count":119,"href":"https:\/\/3w.sienteomana.com\/en\/wp-json\/wp\/v2\/pages\/11135\/revisions"}],"predecessor-version":[{"id":14103,"href":"https:\/\/3w.sienteomana.com\/en\/wp-json\/wp\/v2\/pages\/11135\/revisions\/14103"}],"wp:attachment":[{"href":"https:\/\/3w.sienteomana.com\/en\/wp-json\/wp\/v2\/media?parent=11135"}],"curies":[{"name":"wp","href":"https:\/\/api.w.org\/{rel}","templated":true}]}}