{"id":11144,"date":"2019-03-25T16:53:18","date_gmt":"2019-03-25T16:53:18","guid":{"rendered":"https:\/\/3w.sienteomana.com\/en\/?page_id=11144"},"modified":"2021-09-03T11:58:34","modified_gmt":"2021-09-03T11:58:34","slug":"fasgar-arcos-del-agua-penacefera-vegapujin-fasgar","status":"publish","type":"page","link":"https:\/\/3w.sienteomana.com\/en\/fasgar-arcos-del-agua-penacefera-vegapujin-fasgar\/","title":{"rendered":"RUTA FASGAR &#8211; ARCOS DEL AGUA &#8211; PE\u00d1ACEFERA &#8211; VEGAPUJ\u00cdN &#8211; FASGAR"},"content":{"rendered":"<div class=\"standard_wrapper\">\n<div  class=\"one_half withsmallpadding ppb_text\" style=\"padding:30px 0 30px 0;\" >\n<div class=\"standard_wrapper\">\n<div class=\"page_content_wrapper\">\n<div class=\"inner\">\n<div style=\"margin:auto;width:100%\">\n<h1><span style=\"color: #99cc00;\">RUTA FASGAR \u2013 ARCOS DEL AGUA \u2013 PE\u00d1ACEFERA \u2013 VEGAPUJ\u00cdN \u2013 FASGAR<\/span><\/h1>\n<p style=\"text-align: justify;\">Partimos desde Fasgar, desde un puente de piedra con un poste de direcci\u00f3n a \u201cCampo de Santiago\u201d. Tras pasarlo giramos a la derecha y subimos hasta el dep\u00f3sito de agua y las antenas. A partir de aqu\u00ed, seguimos un camino que recorre la parte baja del gran abedular de La Guariza. Despu\u00e9s tomamos un ramal a la derecha y encontramos un poste indicando la direcci\u00f3n a \u201cCampo de Santiago\u201d y una flecha amarilla pintada sobre una piedra en el suelo, seguimos esta \u00faltima.<\/p>\n<p style=\"text-align: justify;\">Comenzamos la Cuesta de Ocidiello y, a medida que avanzamos por el lado izquierdo del valle de Urdiales, la pendiente aumenta hasta encontrarnos con Las Fuentes.<\/p>\n<p style=\"text-align: justify;\">Seguimos el camino y llegamos al Collado de Campo, donde encontramos un panel explicativo y podemos ver, abajo, en el valle, una ermita, donde cada 25 de julio se celebra una romer\u00eda en honor al ap\u00f3stol Santiago. En este collado abandonamos el camino girando hacia la izquierda y seguimos una difusa senda entre brezos.<\/p>\n<p style=\"text-align: justify;\">Pasando una campi\u00f1a despejada atravesamos una vaguada para llegar al lugar donde comienza el cordal. Una vez aqu\u00ed, alcanzamos el Sesteadero del Buey y del Fraile hasta llegar a la base del pico de Arcos del Agua, desde la cual podemos apreciar las lagunas de los Llaos o de Bauc\u00edn.<\/p>\n<p style=\"text-align: justify;\">A partir de aqu\u00ed, llegamos al \u00faltimo repecho alcanzando un lugar con dos tubos met\u00e1licos en forma de \u201cL\u201d invertida. Seguimos y llegamos a dos grandes hitos y giramos a la izquierda para empezar a descender por una fuerte pendiente hasta alcanzar Pe\u00f1a Cefera desde donde podremos bajar hasta El arroyo de Becebr\u00edn que nos lleva a Vegapuj\u00edn.<\/p>\n<p style=\"text-align: justify;\">Pasamos el pueblo de Vegapuj\u00edn por la izquierda y al lado las casas m\u00e1s alejadas encontrando un panel con la senda del r\u00edo Valle Gordo. Cogemos el camino de la izquierda, que nos lleva desde Vegapuj\u00edn a Fasgar. Este camino pasa por toda la vega siguiendo el r\u00edo, siendo un recorrido pr\u00e1cticamente llano hasta llegar de nuevo a Fasgar.<\/p>\n<p>\u00a0<\/p>\n<\/div>\n<\/div>\n<\/div>\n<\/div>\n<\/div>\n<\/div>\n<div class=\"standard_wrapper\">\n<div  class=\"one_half withsmallpadding ppb_text\" style=\"padding:30px 0 30px 0;\" >\n<div class=\"standard_wrapper\">\n<div class=\"page_content_wrapper\">\n<div class=\"inner\">\n<div style=\"margin:auto;width:100%\">\n<h1><span style=\"color: #99cc00;\">RUTA FASGAR \u2013 ARCOS DEL AGUA \u2013 PE\u00d1ACEFERA \u2013 VEGAPUJ\u00cdN \u2013 FASGAR<\/span><\/h1>\n<p style=\"text-align: justify;\">Partimos desde Fasgar, desde un puente de piedra con un poste de direcci\u00f3n a \u201cCampo de Santiago\u201d. Tras pasarlo giramos a la derecha y subimos hasta el dep\u00f3sito de agua y las antenas. A partir de aqu\u00ed, seguimos un camino que recorre la parte baja del gran abedular de La Guariza. Despu\u00e9s tomamos un ramal a la derecha y encontramos un poste indicando la direcci\u00f3n a \u201cCampo de Santiago\u201d y una flecha amarilla pintada sobre una piedra en el suelo, seguimos esta \u00faltima.<\/p>\n<p style=\"text-align: justify;\">Comenzamos la Cuesta de Ocidiello y, a medida que avanzamos por el lado izquierdo del valle de Urdiales, la pendiente aumenta hasta encontrarnos con Las Fuentes.<\/p>\n<p style=\"text-align: justify;\">Seguimos el camino y llegamos al Collado de Campo, donde encontramos un panel explicativo y podemos ver, abajo, en el valle, una ermita, donde cada 25 de julio se celebra una romer\u00eda en honor al ap\u00f3stol Santiago. En este collado abandonamos el camino girando hacia la izquierda y seguimos una difusa senda entre brezos.<\/p>\n<p style=\"text-align: justify;\">Pasando una campi\u00f1a despejada atravesamos una vaguada para llegar al lugar donde comienza el cordal. Una vez aqu\u00ed, alcanzamos el Sesteadero del Buey y del Fraile hasta llegar a la base del pico de Arcos del Agua, desde la cual podemos apreciar las lagunas de los Llaos o de Bauc\u00edn.<\/p>\n<p style=\"text-align: justify;\">A partir de aqu\u00ed, llegamos al \u00faltimo repecho alcanzando un lugar con dos tubos met\u00e1licos en forma de \u201cL\u201d invertida. Seguimos y llegamos a dos grandes hitos y giramos a la izquierda para empezar a descender por una fuerte pendiente hasta alcanzar Pe\u00f1a Cefera desde donde podremos bajar hasta El arroyo de Becebr\u00edn que nos lleva a Vegapuj\u00edn.<\/p>\n<p style=\"text-align: justify;\">Pasamos el pueblo de Vegapuj\u00edn por la izquierda y al lado las casas m\u00e1s alejadas encontrando un panel con la senda del r\u00edo Valle Gordo. Cogemos el camino de la izquierda, que nos lleva desde Vegapuj\u00edn a Fasgar. Este camino pasa por toda la vega siguiendo el r\u00edo, siendo un recorrido pr\u00e1cticamente llano hasta llegar de nuevo a Fasgar.<\/p>\n<p>\u00a0<\/p>\n<\/div>\n<\/div>\n<\/div>\n<\/div>\n<\/div>\n<\/div>\n<div class=\"standard_wrapper\">\n<div  class=\"one_half withsmallpadding ppb_text\" style=\"padding:30px 0 30px 0;\" >\n<div class=\"standard_wrapper\">\n<div class=\"page_content_wrapper\">\n<div class=\"inner\">\n<div style=\"margin:auto;width:100%\">\n<h1><span style=\"color: #99cc00;\">RUTA FASGAR \u2013 ARCOS DEL AGUA \u2013 PE\u00d1ACEFERA \u2013 VEGAPUJ\u00cdN \u2013 FASGAR<\/span><\/h1>\n<p style=\"text-align: justify;\">Partimos desde Fasgar, desde un puente de piedra con un poste de direcci\u00f3n a \u201cCampo de Santiago\u201d. Tras pasarlo giramos a la derecha y subimos hasta el dep\u00f3sito de agua y las antenas. A partir de aqu\u00ed, seguimos un camino que recorre la parte baja del gran abedular de La Guariza. Despu\u00e9s tomamos un ramal a la derecha y encontramos un poste indicando la direcci\u00f3n a \u201cCampo de Santiago\u201d y una flecha amarilla pintada sobre una piedra en el suelo, seguimos esta \u00faltima.<\/p>\n<p style=\"text-align: justify;\">Comenzamos la Cuesta de Ocidiello y, a medida que avanzamos por el lado izquierdo del valle de Urdiales, la pendiente aumenta hasta encontrarnos con Las Fuentes.<\/p>\n<p style=\"text-align: justify;\">Seguimos el camino y llegamos al Collado de Campo, donde encontramos un panel explicativo y podemos ver, abajo, en el valle, una ermita, donde cada 25 de julio se celebra una romer\u00eda en honor al ap\u00f3stol Santiago. En este collado abandonamos el camino girando hacia la izquierda y seguimos una difusa senda entre brezos.<\/p>\n<p style=\"text-align: justify;\">Pasando una campi\u00f1a despejada atravesamos una vaguada para llegar al lugar donde comienza el cordal. Una vez aqu\u00ed, alcanzamos el Sesteadero del Buey y del Fraile hasta llegar a la base del pico de Arcos del Agua, desde la cual podemos apreciar las lagunas de los Llaos o de Bauc\u00edn.<\/p>\n<p style=\"text-align: justify;\">A partir de aqu\u00ed, llegamos al \u00faltimo repecho alcanzando un lugar con dos tubos met\u00e1licos en forma de \u201cL\u201d invertida. Seguimos y llegamos a dos grandes hitos y giramos a la izquierda para empezar a descender por una fuerte pendiente hasta alcanzar Pe\u00f1a Cefera desde donde podremos bajar hasta El arroyo de Becebr\u00edn que nos lleva a Vegapuj\u00edn.<\/p>\n<p style=\"text-align: justify;\">Pasamos el pueblo de Vegapuj\u00edn por la izquierda y al lado las casas m\u00e1s alejadas encontrando un panel con la senda del r\u00edo Valle Gordo. Cogemos el camino de la izquierda, que nos lleva desde Vegapuj\u00edn a Fasgar. Este camino pasa por toda la vega siguiendo el r\u00edo, siendo un recorrido pr\u00e1cticamente llano hasta llegar de nuevo a Fasgar.<\/p>\n<p>\u00a0<\/p>\n<\/div>\n<\/div>\n<\/div>\n<\/div>\n<\/div>\n<\/div>\n<div class=\"standard_wrapper\">\n<div  class=\"one_half withsmallpadding ppb_text\" style=\"padding:30px 0 30px 0;\" >\n<div class=\"standard_wrapper\">\n<div class=\"page_content_wrapper\">\n<div class=\"inner\">\n<div style=\"margin:auto;width:100%\">\n<h3><span style=\"text-decoration: underline; color: #000000;\">MUNICIPIO<\/span><\/h3>\n<p style=\"padding-left: 30px;\">Murias de Paredes<\/p>\n<h3><span style=\"text-decoration: underline; color: #000000;\">TIPO DE SENDA<\/span><\/h3>\n<p style=\"padding-left: 30px;\">Peatonal<\/p>\n<h3><span style=\"text-decoration: underline; color: #000000;\">COORDENADAS<\/span><\/h3>\n<p style=\"padding-left: 30px;\">Inicio y llegada: <span id=\"coordinates\"><span class=\"plainlinks nourlexpansion\"><span class=\"geo-default\"><span class=\"geo-dms\" title=\"Mapas, fotos y otros datos de 42\u00b050\u203256\u2033N 6\u00b011\u203228\u2033O\"><span class=\"longitude\"><span title=\"Latitude\">42\u00b0\u00a048\u2032\u00a034\u2033\u00a0N<\/span>, <span title=\"Longitude\">6\u00b0\u00a013\u2032\u00a029\u2033\u00a0W<\/span><\/span><\/span><\/span><\/span><\/span><\/p>\n<\/div>\n<\/div>\n<\/div>\n<\/div>\n<\/div>\n<\/div>\n<div class=\"standard_wrapper\">\n<div  class=\"one_half last withsmallpadding ppb_text\" style=\"padding:30px 0 30px 0;\" >\n<div class=\"standard_wrapper\">\n<div class=\"page_content_wrapper\">\n<div class=\"inner\">\n<div style=\"margin:auto;width:100%\">\n<h3><span style=\"text-decoration: underline; color: #99cc00;\"><span style=\"color: #000000; text-decoration: underline;\">DATOS T\u00c9CNICOS<\/span><br \/>\n<\/span><\/h3>\n<p style=\"padding-left: 40px;\">Duraci\u00f3n aproximada: 7 h 30 min<br \/>\nDistancia: 14\u00b44 km<br \/>\nTipo de ruta: Circular<br \/>\nDificultad: Alta<br \/>\nDesnivel: 957 m<br \/>\nCota m\u00e1xima: 2.063 m<br \/>\nCota m\u00ednima: 1.663 m<\/p>\n<p>\u00a0<\/p>\n<\/div>\n<\/div>\n<\/div>\n<\/div>\n<\/div>\n<\/div>\n<div class=\"standard_wrapper\">\n<div  class=\"one_half last withsmallpadding ppb_text\" style=\"padding:30px 0 30px 0;\" >\n<div class=\"standard_wrapper\">\n<div class=\"page_content_wrapper\">\n<div class=\"inner\">\n<div style=\"margin:auto;width:100%\">\n<h3><span style=\"text-decoration: underline; color: #99cc00;\"><span style=\"color: #000000; text-decoration: underline;\">DATOS T\u00c9CNICOS<\/span><br \/>\n<\/span><\/h3>\n<p style=\"padding-left: 40px;\">Duraci\u00f3n aproximada: 7 h 30 min<br \/>\nDistancia: 14\u00b44 km<br \/>\nTipo de ruta: Circular<br \/>\nDificultad: Alta<br \/>\nDesnivel: 957 m<br \/>\nCota m\u00e1xima: 2.063 m<br \/>\nCota m\u00ednima: 1.663 m<\/p>\n<p>\u00a0<\/p>\n<\/div>\n<\/div>\n<\/div>\n<\/div>\n<\/div>\n<\/div>\n<div  class=\"one withsmallpadding ppb_text\" style=\"padding:30px;\" >\n<p><iframe loading=\"lazy\" src=\"https:\/\/www.google.com\/maps\/d\/u\/4\/embed?mid=16f-FB2lInpsDVCD-_k0-i4SkHvcdqcQF\" width=\"100%\" height=\"600\"><\/iframe><\/p>\n<\/div>\n<div  class=\"one withsmallpadding ppb_header \" style=\"text-align:left;padding:30px 0 30px 0;\" >\n<div class=\"standard_wrapper\">\n<div class=\"page_content_wrapper\">\n<div class=\"inner\">\n<div style=\"margin:auto;width:100%\">\n<h2 class=\"ppb_title\" style=\"\">DESCARGA LA RUTA<\/h2>\n<hr class=\"title_break left\" style=\"\"\/>\n<div class=\"ppb_header_content\">\n<p>Pincha en las diferentes versiones y desc\u00e1rgate la ruta, directamente a tu dispositivo gps o smartphone. \u00a1Camina con toda la info en tu mano!<\/p>\n<\/div>\n<\/div>\n<\/div>\n<\/div>\n<\/div>\n<\/div>\n<div class=\"standard_wrapper\">\n<div  class=\"one_third withsmallpadding ppb_text\" style=\"padding:30px 0 30px 0;\" >\n<div class=\"standard_wrapper\">\n<div class=\"page_content_wrapper\">\n<div class=\"inner\">\n<div style=\"margin:auto;width:100%\">\n<p><a href=\"https:\/\/drive.google.com\/open?id=1yGs97BRyf2Jl7lq_C74Mz8OSrNIZ0me5\"><img decoding=\"async\" loading=\"lazy\" class=\"size-full wp-image-12121 aligncenter\" src=\"http:\/\/3w.sienteomana.com\/wp-content\/uploads\/sites\/2\/2019\/04\/gpx1-e1556101291655.png\" alt=\"\" width=\"50\" height=\"107\" \/><\/a><\/p>\n<\/div>\n<\/div>\n<\/div>\n<\/div>\n<\/div>\n<\/div>\n<div class=\"standard_wrapper\">\n<div  class=\"one_third withsmallpadding ppb_text\" style=\"padding:30px 0 30px 0;\" >\n<div class=\"standard_wrapper\">\n<div class=\"page_content_wrapper\">\n<div class=\"inner\">\n<div style=\"margin:auto;width:100%\">\n<p><a href=\"https:\/\/drive.google.com\/open?id=1Gl1fn1HdIRfb2VphuO6UNXE_gjbABk_Q\"><img decoding=\"async\" loading=\"lazy\" class=\"size-full wp-image-12120 aligncenter\" src=\"http:\/\/3w.sienteomana.com\/wp-content\/uploads\/sites\/2\/2019\/04\/kmz1-e1556101305482.png\" alt=\"\" width=\"50\" height=\"107\" \/><\/a><\/p>\n<\/div>\n<\/div>\n<\/div>\n<\/div>\n<\/div>\n<\/div>\n<div class=\"standard_wrapper\">\n<div  class=\"one_third last withsmallpadding ppb_text\" style=\"padding:30px 0 30px 0;\" >\n<div class=\"standard_wrapper\">\n<div class=\"page_content_wrapper\">\n<div class=\"inner\">\n<div style=\"margin:auto;width:100%\">\n<p><a href=\"https:\/\/drive.google.com\/open?id=16f-FB2lInpsDVCD-_k0-i4SkHvcdqcQF&#038;usp=sharing\"><img decoding=\"async\" loading=\"lazy\" class=\"size-full wp-image-12111 aligncenter\" src=\"http:\/\/3w.sienteomana.com\/wp-content\/uploads\/sites\/2\/2019\/04\/phone-e1556100835250.png\" alt=\"\" width=\"50\" height=\"107\" \/><\/a><\/p>\n<\/div>\n<\/div>\n<\/div>\n<\/div>\n<\/div>\n<\/div>\n","protected":false},"excerpt":{"rendered":"<p>RUTA FASGAR \u2013 ARCOS DEL AGUA \u2013 PE\u00d1ACEFERA \u2013 VEGAPUJ\u00cdN \u2013 FASGAR Partimos desde Fasgar, desde un puente de piedra con un poste de direcci\u00f3n a \u201cCampo de Santiago\u201d. Tras pasarlo giramos a la derecha y subimos hasta el dep\u00f3sito [&hellip;]<\/p>\n","protected":false},"author":1,"featured_media":0,"parent":0,"menu_order":0,"comment_status":"closed","ping_status":"closed","template":"","meta":{"inline_featured_image":false,"footnotes":""},"yoast_head":"<!-- This site is optimized with the Yoast SEO plugin v20.13 - https:\/\/yoast.com\/wordpress\/plugins\/seo\/ -->\n<title>RUTA FASGAR - ARCOS DEL AGUA - PE\u00d1ACEFERA - VEGAPUJ\u00cdN - FASGAR - (EN) Siente Oma\u00f1a<\/title>\n<meta name=\"robots\" content=\"index, follow, max-snippet:-1, max-image-preview:large, max-video-preview:-1\" \/>\n<link rel=\"canonical\" href=\"https:\/\/3w.sienteomana.com\/en\/fasgar-arcos-del-agua-penacefera-vegapujin-fasgar\/\" \/>\n<meta property=\"og:locale\" content=\"es_ES\" \/>\n<meta property=\"og:type\" content=\"article\" \/>\n<meta property=\"og:title\" content=\"RUTA FASGAR - ARCOS DEL AGUA - PE\u00d1ACEFERA - VEGAPUJ\u00cdN - FASGAR - (EN) Siente Oma\u00f1a\" \/>\n<meta property=\"og:description\" content=\"RUTA FASGAR \u2013 ARCOS DEL AGUA \u2013 PE\u00d1ACEFERA \u2013 VEGAPUJ\u00cdN \u2013 FASGAR Partimos desde Fasgar, desde un puente de piedra con un poste de direcci\u00f3n a \u201cCampo de Santiago\u201d. Tras pasarlo giramos a la derecha y subimos hasta el dep\u00f3sito [&hellip;]\" \/>\n<meta property=\"og:url\" content=\"https:\/\/3w.sienteomana.com\/en\/fasgar-arcos-del-agua-penacefera-vegapujin-fasgar\/\" \/>\n<meta property=\"og:site_name\" content=\"(EN) Siente Oma\u00f1a\" \/>\n<meta property=\"article:modified_time\" content=\"2021-09-03T11:58:34+00:00\" \/>\n<meta property=\"og:image\" content=\"http:\/\/3w.sienteomana.com\/wp-content\/uploads\/sites\/2\/2019\/04\/gpx1-e1556101291655.png\" \/>\n<meta name=\"twitter:card\" content=\"summary_large_image\" \/>\n<meta name=\"twitter:label1\" content=\"Tiempo de lectura\" \/>\n\t<meta name=\"twitter:data1\" content=\"6 minutos\" \/>\n<script type=\"application\/ld+json\" class=\"yoast-schema-graph\">{\"@context\":\"https:\/\/schema.org\",\"@graph\":[{\"@type\":\"WebPage\",\"@id\":\"https:\/\/3w.sienteomana.com\/en\/fasgar-arcos-del-agua-penacefera-vegapujin-fasgar\/\",\"url\":\"https:\/\/3w.sienteomana.com\/en\/fasgar-arcos-del-agua-penacefera-vegapujin-fasgar\/\",\"name\":\"RUTA FASGAR - ARCOS DEL AGUA - PE\u00d1ACEFERA - VEGAPUJ\u00cdN - FASGAR - (EN) Siente Oma\u00f1a\",\"isPartOf\":{\"@id\":\"https:\/\/3w.sienteomana.com\/en\/#website\"},\"datePublished\":\"2019-03-25T16:53:18+00:00\",\"dateModified\":\"2021-09-03T11:58:34+00:00\",\"breadcrumb\":{\"@id\":\"https:\/\/3w.sienteomana.com\/en\/fasgar-arcos-del-agua-penacefera-vegapujin-fasgar\/#breadcrumb\"},\"inLanguage\":\"es\",\"potentialAction\":[{\"@type\":\"ReadAction\",\"target\":[\"https:\/\/3w.sienteomana.com\/en\/fasgar-arcos-del-agua-penacefera-vegapujin-fasgar\/\"]}]},{\"@type\":\"BreadcrumbList\",\"@id\":\"https:\/\/3w.sienteomana.com\/en\/fasgar-arcos-del-agua-penacefera-vegapujin-fasgar\/#breadcrumb\",\"itemListElement\":[{\"@type\":\"ListItem\",\"position\":1,\"name\":\"Home\",\"item\":\"https:\/\/3w.sienteomana.com\/en\/\"},{\"@type\":\"ListItem\",\"position\":2,\"name\":\"RUTA FASGAR &#8211; ARCOS DEL AGUA &#8211; PE\u00d1ACEFERA &#8211; VEGAPUJ\u00cdN &#8211; FASGAR\"}]},{\"@type\":\"WebSite\",\"@id\":\"https:\/\/3w.sienteomana.com\/en\/#website\",\"url\":\"https:\/\/3w.sienteomana.com\/en\/\",\"name\":\"(EN) Siente Oma\u00f1a\",\"description\":\"Oma\u00f1a\",\"potentialAction\":[{\"@type\":\"SearchAction\",\"target\":{\"@type\":\"EntryPoint\",\"urlTemplate\":\"https:\/\/3w.sienteomana.com\/en\/?s={search_term_string}\"},\"query-input\":\"required name=search_term_string\"}],\"inLanguage\":\"es\"}]}<\/script>\n<!-- \/ Yoast SEO plugin. -->","yoast_head_json":{"title":"RUTA FASGAR - ARCOS DEL AGUA - PE\u00d1ACEFERA - VEGAPUJ\u00cdN - FASGAR - (EN) Siente Oma\u00f1a","robots":{"index":"index","follow":"follow","max-snippet":"max-snippet:-1","max-image-preview":"max-image-preview:large","max-video-preview":"max-video-preview:-1"},"canonical":"https:\/\/3w.sienteomana.com\/en\/fasgar-arcos-del-agua-penacefera-vegapujin-fasgar\/","og_locale":"es_ES","og_type":"article","og_title":"RUTA FASGAR - ARCOS DEL AGUA - PE\u00d1ACEFERA - VEGAPUJ\u00cdN - FASGAR - (EN) Siente Oma\u00f1a","og_description":"RUTA FASGAR \u2013 ARCOS DEL AGUA \u2013 PE\u00d1ACEFERA \u2013 VEGAPUJ\u00cdN \u2013 FASGAR Partimos desde Fasgar, desde un puente de piedra con un poste de direcci\u00f3n a \u201cCampo de Santiago\u201d. Tras pasarlo giramos a la derecha y subimos hasta el dep\u00f3sito [&hellip;]","og_url":"https:\/\/3w.sienteomana.com\/en\/fasgar-arcos-del-agua-penacefera-vegapujin-fasgar\/","og_site_name":"(EN) Siente Oma\u00f1a","article_modified_time":"2021-09-03T11:58:34+00:00","og_image":[{"url":"http:\/\/3w.sienteomana.com\/wp-content\/uploads\/sites\/2\/2019\/04\/gpx1-e1556101291655.png"}],"twitter_card":"summary_large_image","twitter_misc":{"Tiempo de lectura":"6 minutos"},"schema":{"@context":"https:\/\/schema.org","@graph":[{"@type":"WebPage","@id":"https:\/\/3w.sienteomana.com\/en\/fasgar-arcos-del-agua-penacefera-vegapujin-fasgar\/","url":"https:\/\/3w.sienteomana.com\/en\/fasgar-arcos-del-agua-penacefera-vegapujin-fasgar\/","name":"RUTA FASGAR - ARCOS DEL AGUA - PE\u00d1ACEFERA - VEGAPUJ\u00cdN - FASGAR - (EN) Siente Oma\u00f1a","isPartOf":{"@id":"https:\/\/3w.sienteomana.com\/en\/#website"},"datePublished":"2019-03-25T16:53:18+00:00","dateModified":"2021-09-03T11:58:34+00:00","breadcrumb":{"@id":"https:\/\/3w.sienteomana.com\/en\/fasgar-arcos-del-agua-penacefera-vegapujin-fasgar\/#breadcrumb"},"inLanguage":"es","potentialAction":[{"@type":"ReadAction","target":["https:\/\/3w.sienteomana.com\/en\/fasgar-arcos-del-agua-penacefera-vegapujin-fasgar\/"]}]},{"@type":"BreadcrumbList","@id":"https:\/\/3w.sienteomana.com\/en\/fasgar-arcos-del-agua-penacefera-vegapujin-fasgar\/#breadcrumb","itemListElement":[{"@type":"ListItem","position":1,"name":"Home","item":"https:\/\/3w.sienteomana.com\/en\/"},{"@type":"ListItem","position":2,"name":"RUTA FASGAR &#8211; ARCOS DEL AGUA &#8211; PE\u00d1ACEFERA &#8211; VEGAPUJ\u00cdN &#8211; FASGAR"}]},{"@type":"WebSite","@id":"https:\/\/3w.sienteomana.com\/en\/#website","url":"https:\/\/3w.sienteomana.com\/en\/","name":"(EN) Siente Oma\u00f1a","description":"Oma\u00f1a","potentialAction":[{"@type":"SearchAction","target":{"@type":"EntryPoint","urlTemplate":"https:\/\/3w.sienteomana.com\/en\/?s={search_term_string}"},"query-input":"required name=search_term_string"}],"inLanguage":"es"}]}},"_links":{"self":[{"href":"https:\/\/3w.sienteomana.com\/en\/wp-json\/wp\/v2\/pages\/11144"}],"collection":[{"href":"https:\/\/3w.sienteomana.com\/en\/wp-json\/wp\/v2\/pages"}],"about":[{"href":"https:\/\/3w.sienteomana.com\/en\/wp-json\/wp\/v2\/types\/page"}],"author":[{"embeddable":true,"href":"https:\/\/3w.sienteomana.com\/en\/wp-json\/wp\/v2\/users\/1"}],"replies":[{"embeddable":true,"href":"https:\/\/3w.sienteomana.com\/en\/wp-json\/wp\/v2\/comments?post=11144"}],"version-history":[{"count":36,"href":"https:\/\/3w.sienteomana.com\/en\/wp-json\/wp\/v2\/pages\/11144\/revisions"}],"predecessor-version":[{"id":14106,"href":"https:\/\/3w.sienteomana.com\/en\/wp-json\/wp\/v2\/pages\/11144\/revisions\/14106"}],"wp:attachment":[{"href":"https:\/\/3w.sienteomana.com\/en\/wp-json\/wp\/v2\/media?parent=11144"}],"curies":[{"name":"wp","href":"https:\/\/api.w.org\/{rel}","templated":true}]}}