{"id":11153,"date":"2019-03-25T17:11:28","date_gmt":"2019-03-25T17:11:28","guid":{"rendered":"https:\/\/3w.sienteomana.com\/en\/?page_id=11153"},"modified":"2021-09-03T11:43:36","modified_gmt":"2021-09-03T11:43:36","slug":"ruta-cueto-suspiron-1-829-m-circular-desde-barrio-de-la-puente-leon","status":"publish","type":"page","link":"https:\/\/3w.sienteomana.com\/en\/ruta-cueto-suspiron-1-829-m-circular-desde-barrio-de-la-puente-leon\/","title":{"rendered":"RUTA CUETO SUSPIR\u00d3N"},"content":{"rendered":"<div class=\"standard_wrapper\">\n<div  class=\"one_half withsmallpadding ppb_text\" style=\"padding:30px 0 30px 0;\" >\n<div class=\"standard_wrapper\">\n<div class=\"page_content_wrapper\">\n<div class=\"inner\">\n<div style=\"margin:auto;width:100%\">\n<h1><span style=\"color: #99cc00;\">RUTA MONTE SUSPIR\u00d3N<br \/>\n<\/span><\/h1>\n<p style=\"text-align: justify;\">Partimos de Barrio de la Puente dirigi\u00e9ndonos hacia el valle situado entre Cueto el Pinto y Pe\u00f1a La Lanza hasta alcanzar la Caba\u00f1a Mortera, siguiendo la senda que recorre la calzada del Valle Gordo, por la cual discurre el Canal de Mortera.<\/p>\n<p style=\"text-align: justify;\">Avanzamos y llegamos a la Campa de Los Corros, donde realizaremos un recorrido circular alrededor del Pico Suspir\u00f3n, pudiendo pasar por el trazado de la presa antigua encargada de proveer de agua a la Poza La Cava.<\/p>\n<\/div>\n<\/div>\n<\/div>\n<\/div>\n<\/div>\n<\/div>\n<div class=\"standard_wrapper\">\n<div  class=\"one_half withsmallpadding ppb_text\" style=\"padding:30px 0 30px 0;\" >\n<div class=\"standard_wrapper\">\n<div class=\"page_content_wrapper\">\n<div class=\"inner\">\n<div style=\"margin:auto;width:100%\">\n<h1><span style=\"color: #99cc00;\">RUTA MONTE SUSPIR\u00d3N<br \/>\n<\/span><\/h1>\n<p style=\"text-align: justify;\">Partimos de Barrio de la Puente dirigi\u00e9ndonos hacia el valle situado entre Cueto el Pinto y Pe\u00f1a La Lanza hasta alcanzar la Caba\u00f1a Mortera, siguiendo la senda que recorre la calzada del Valle Gordo, por la cual discurre el Canal de Mortera.<\/p>\n<p style=\"text-align: justify;\">Avanzamos y llegamos a la Campa de Los Corros, donde realizaremos un recorrido circular alrededor del Pico Suspir\u00f3n, pudiendo pasar por el trazado de la presa antigua encargada de proveer de agua a la Poza La Cava.<\/p>\n<\/div>\n<\/div>\n<\/div>\n<\/div>\n<\/div>\n<\/div>\n<div class=\"standard_wrapper\">\n<div  class=\"one_half withsmallpadding ppb_text\" style=\"padding:30px 0 30px 0;\" >\n<div class=\"standard_wrapper\">\n<div class=\"page_content_wrapper\">\n<div class=\"inner\">\n<div style=\"margin:auto;width:100%\">\n<h1><span style=\"color: #99cc00;\">RUTA MONTE SUSPIR\u00d3N<br \/>\n<\/span><\/h1>\n<p style=\"text-align: justify;\">Partimos de Barrio de la Puente dirigi\u00e9ndonos hacia el valle situado entre Cueto el Pinto y Pe\u00f1a La Lanza hasta alcanzar la Caba\u00f1a Mortera, siguiendo la senda que recorre la calzada del Valle Gordo, por la cual discurre el Canal de Mortera.<\/p>\n<p style=\"text-align: justify;\">Avanzamos y llegamos a la Campa de Los Corros, donde realizaremos un recorrido circular alrededor del Pico Suspir\u00f3n, pudiendo pasar por el trazado de la presa antigua encargada de proveer de agua a la Poza La Cava.<\/p>\n<\/div>\n<\/div>\n<\/div>\n<\/div>\n<\/div>\n<\/div>\n<div class=\"standard_wrapper\">\n<div  class=\"one_half withsmallpadding ppb_text\" style=\"padding:30px 0 30px 0;\" >\n<div class=\"standard_wrapper\">\n<div class=\"page_content_wrapper\">\n<div class=\"inner\">\n<div style=\"margin:auto;width:100%\">\n<h3><span style=\"text-decoration: underline; color: #000000;\">MUNICIPIO<\/span><\/h3>\n<p style=\"padding-left: 30px;\">Murias de Paredes<\/p>\n<h3><span style=\"text-decoration: underline; color: #000000;\">TIPO DE SENDA<\/span><\/h3>\n<p style=\"padding-left: 30px;\">Peatonal<\/p>\n<h3><span style=\"text-decoration: underline; color: #000000;\">COORDENADAS<\/span><\/h3>\n<p style=\"padding-left: 30px;\">Inicio y llegada: <span id=\"coordinates\"><span class=\"plainlinks nourlexpansion\"><span class=\"geo-default\"><span class=\"geo-dms\" title=\"Mapas, fotos y otros datos de 42\u00b050\u203256\u2033N 6\u00b011\u203228\u2033O\"><span class=\"longitude\"><span title=\"Latitude\">42\u00b0\u00a047\u2032\u00a022\u2033\u00a0N<\/span>, <span title=\"Longitude\">6\u00b0\u00a09\u2032\u00a035\u2033\u00a0W<\/span><\/span><\/span><\/span><\/span><\/span><\/p>\n<\/div>\n<\/div>\n<\/div>\n<\/div>\n<\/div>\n<\/div>\n<div class=\"standard_wrapper\">\n<div  class=\"one_half last withsmallpadding ppb_text\" style=\"padding:30px 0 30px 0;\" >\n<div class=\"standard_wrapper\">\n<div class=\"page_content_wrapper\">\n<div class=\"inner\">\n<div style=\"margin:auto;width:100%\">\n<h3><span style=\"text-decoration: underline; color: #99cc00;\"><span style=\"color: #000000; text-decoration: underline;\">DATOS T\u00c9CNICOS<\/span><br \/>\n<\/span><\/h3>\n<p style=\"padding-left: 40px;\">Duraci\u00f3n aproximada: 6 h<br \/>\nDistancia: 12\u00b47 km<br \/>\nTipo de ruta: Circular<br \/>\nDificultad: Alta<br \/>\nDesnivel: 666 m<br \/>\nCota m\u00e1xima: 1828 m<br \/>\nCota m\u00ednima: 1.207 m<\/p>\n<p>\u00a0<\/p>\n<\/div>\n<\/div>\n<\/div>\n<\/div>\n<\/div>\n<\/div>\n<div class=\"standard_wrapper\">\n<div  class=\"one_half last withsmallpadding ppb_text\" style=\"padding:30px 0 30px 0;\" >\n<div class=\"standard_wrapper\">\n<div class=\"page_content_wrapper\">\n<div class=\"inner\">\n<div style=\"margin:auto;width:100%\">\n<h3><span style=\"text-decoration: underline; color: #99cc00;\"><span style=\"color: #000000; text-decoration: underline;\">DATOS T\u00c9CNICOS<\/span><br \/>\n<\/span><\/h3>\n<p style=\"padding-left: 40px;\">Duraci\u00f3n aproximada: 6 h<br \/>\nDistancia: 12\u00b47 km<br \/>\nTipo de ruta: Circular<br \/>\nDificultad: Alta<br \/>\nDesnivel: 666 m<br \/>\nCota m\u00e1xima: 1828 m<br \/>\nCota m\u00ednima: 1.207 m<\/p>\n<p>\u00a0<\/p>\n<\/div>\n<\/div>\n<\/div>\n<\/div>\n<\/div>\n<\/div>\n<div  class=\"one withsmallpadding ppb_text\" style=\"padding:30px;\" >\n<p><iframe loading=\"lazy\" src=\"https:\/\/www.google.com\/maps\/d\/u\/4\/embed?mid=1dSNdq74wD6WynR0KrDrqgUXFeOQhG4r8\" width=\"100%\" height=\"600\"><\/iframe><\/p>\n<\/div>\n<div  class=\"one withsmallpadding ppb_header \" style=\"text-align:left;padding:30px 0 30px 0;\" >\n<div class=\"standard_wrapper\">\n<div class=\"page_content_wrapper\">\n<div class=\"inner\">\n<div style=\"margin:auto;width:100%\">\n<h2 class=\"ppb_title\" style=\"\">DESCARGA LA RUTA<\/h2>\n<hr class=\"title_break left\" style=\"\"\/>\n<div class=\"ppb_header_content\">\n<p>Pincha en las diferentes versiones y desc\u00e1rgate la ruta, directamente a tu dispositivo gps o smartphone. \u00a1Camina con toda la info en tu mano!<\/p>\n<\/div>\n<\/div>\n<\/div>\n<\/div>\n<\/div>\n<\/div>\n<div class=\"standard_wrapper\">\n<div  class=\"one_third withsmallpadding ppb_text\" style=\"padding:30px 0 30px 0;\" >\n<div class=\"standard_wrapper\">\n<div class=\"page_content_wrapper\">\n<div class=\"inner\">\n<div style=\"margin:auto;width:100%\">\n<p><a href=\"https:\/\/drive.google.com\/open?id=1TxoLNNY0Y-EMWmIg36vGTfn8cOFY_UW4\"><img decoding=\"async\" loading=\"lazy\" class=\"alignnone size-full wp-image-12121 aligncenter\" src=\"http:\/\/3w.sienteomana.com\/wp-content\/uploads\/sites\/2\/2019\/04\/gpx1-e1556101291655.png\" alt=\"\" width=\"50\" height=\"107\" \/><\/a><\/p>\n<\/div>\n<\/div>\n<\/div>\n<\/div>\n<\/div>\n<\/div>\n<div class=\"standard_wrapper\">\n<div  class=\"one_third withsmallpadding ppb_text\" style=\"padding:30px 0 30px 0;\" >\n<div class=\"standard_wrapper\">\n<div class=\"page_content_wrapper\">\n<div class=\"inner\">\n<div style=\"margin:auto;width:100%\">\n<p><a href=\"https:\/\/drive.google.com\/open?id=1Lz8xIli_vPNlSigV05BQuAOCuvyY69f5\"><img decoding=\"async\" loading=\"lazy\" class=\"alignnone size-full wp-image-12120 aligncenter\" src=\"http:\/\/3w.sienteomana.com\/wp-content\/uploads\/sites\/2\/2019\/04\/kmz1-e1556101305482.png\" alt=\"\" width=\"50\" height=\"107\" \/><\/a><\/p>\n<\/div>\n<\/div>\n<\/div>\n<\/div>\n<\/div>\n<\/div>\n<div class=\"standard_wrapper\">\n<div  class=\"one_third last withsmallpadding ppb_text\" style=\"padding:30px 0 30px 0;\" >\n<div class=\"standard_wrapper\">\n<div class=\"page_content_wrapper\">\n<div class=\"inner\">\n<div style=\"margin:auto;width:100%\">\n<p><a href=\"https:\/\/drive.google.com\/open?id=1dSNdq74wD6WynR0KrDrqgUXFeOQhG4r8&#038;usp=sharing\"><img decoding=\"async\" loading=\"lazy\" class=\"alignnone size-full wp-image-12111 aligncenter\" src=\"http:\/\/3w.sienteomana.com\/wp-content\/uploads\/sites\/2\/2019\/04\/phone-e1556100835250.png\" alt=\"\" width=\"50\" height=\"107\" \/><\/a><\/p>\n<\/div>\n<\/div>\n<\/div>\n<\/div>\n<\/div>\n<\/div>\n","protected":false},"excerpt":{"rendered":"<p>RUTA MONTE SUSPIR\u00d3N Partimos de Barrio de la Puente dirigi\u00e9ndonos hacia el valle situado entre Cueto el Pinto y Pe\u00f1a La Lanza hasta alcanzar la Caba\u00f1a Mortera, siguiendo la senda que recorre la calzada del Valle Gordo, por la cual [&hellip;]<\/p>\n","protected":false},"author":1,"featured_media":0,"parent":0,"menu_order":0,"comment_status":"closed","ping_status":"closed","template":"","meta":{"inline_featured_image":false,"footnotes":""},"yoast_head":"<!-- This site is optimized with the Yoast SEO plugin v20.13 - https:\/\/yoast.com\/wordpress\/plugins\/seo\/ -->\n<title>RUTA CUETO SUSPIR\u00d3N - (EN) Siente Oma\u00f1a<\/title>\n<meta name=\"robots\" content=\"index, follow, max-snippet:-1, max-image-preview:large, max-video-preview:-1\" \/>\n<link rel=\"canonical\" href=\"https:\/\/3w.sienteomana.com\/en\/ruta-cueto-suspiron-1-829-m-circular-desde-barrio-de-la-puente-leon\/\" \/>\n<meta property=\"og:locale\" content=\"es_ES\" \/>\n<meta property=\"og:type\" content=\"article\" \/>\n<meta property=\"og:title\" content=\"RUTA CUETO SUSPIR\u00d3N - (EN) Siente Oma\u00f1a\" \/>\n<meta property=\"og:description\" content=\"RUTA MONTE SUSPIR\u00d3N Partimos de Barrio de la Puente dirigi\u00e9ndonos hacia el valle situado entre Cueto el Pinto y Pe\u00f1a La Lanza hasta alcanzar la Caba\u00f1a Mortera, siguiendo la senda que recorre la calzada del Valle Gordo, por la cual [&hellip;]\" \/>\n<meta property=\"og:url\" content=\"https:\/\/3w.sienteomana.com\/en\/ruta-cueto-suspiron-1-829-m-circular-desde-barrio-de-la-puente-leon\/\" \/>\n<meta property=\"og:site_name\" content=\"(EN) Siente Oma\u00f1a\" \/>\n<meta property=\"article:modified_time\" content=\"2021-09-03T11:43:36+00:00\" \/>\n<meta property=\"og:image\" content=\"http:\/\/3w.sienteomana.com\/wp-content\/uploads\/sites\/2\/2019\/04\/gpx1-e1556101291655.png\" \/>\n<meta name=\"twitter:card\" content=\"summary_large_image\" \/>\n<meta name=\"twitter:label1\" content=\"Tiempo de lectura\" \/>\n\t<meta name=\"twitter:data1\" content=\"2 minutos\" \/>\n<script type=\"application\/ld+json\" class=\"yoast-schema-graph\">{\"@context\":\"https:\/\/schema.org\",\"@graph\":[{\"@type\":\"WebPage\",\"@id\":\"https:\/\/3w.sienteomana.com\/en\/ruta-cueto-suspiron-1-829-m-circular-desde-barrio-de-la-puente-leon\/\",\"url\":\"https:\/\/3w.sienteomana.com\/en\/ruta-cueto-suspiron-1-829-m-circular-desde-barrio-de-la-puente-leon\/\",\"name\":\"RUTA CUETO SUSPIR\u00d3N - (EN) Siente Oma\u00f1a\",\"isPartOf\":{\"@id\":\"https:\/\/3w.sienteomana.com\/en\/#website\"},\"datePublished\":\"2019-03-25T17:11:28+00:00\",\"dateModified\":\"2021-09-03T11:43:36+00:00\",\"breadcrumb\":{\"@id\":\"https:\/\/3w.sienteomana.com\/en\/ruta-cueto-suspiron-1-829-m-circular-desde-barrio-de-la-puente-leon\/#breadcrumb\"},\"inLanguage\":\"es\",\"potentialAction\":[{\"@type\":\"ReadAction\",\"target\":[\"https:\/\/3w.sienteomana.com\/en\/ruta-cueto-suspiron-1-829-m-circular-desde-barrio-de-la-puente-leon\/\"]}]},{\"@type\":\"BreadcrumbList\",\"@id\":\"https:\/\/3w.sienteomana.com\/en\/ruta-cueto-suspiron-1-829-m-circular-desde-barrio-de-la-puente-leon\/#breadcrumb\",\"itemListElement\":[{\"@type\":\"ListItem\",\"position\":1,\"name\":\"Home\",\"item\":\"https:\/\/3w.sienteomana.com\/en\/\"},{\"@type\":\"ListItem\",\"position\":2,\"name\":\"RUTA CUETO SUSPIR\u00d3N\"}]},{\"@type\":\"WebSite\",\"@id\":\"https:\/\/3w.sienteomana.com\/en\/#website\",\"url\":\"https:\/\/3w.sienteomana.com\/en\/\",\"name\":\"(EN) Siente Oma\u00f1a\",\"description\":\"Oma\u00f1a\",\"potentialAction\":[{\"@type\":\"SearchAction\",\"target\":{\"@type\":\"EntryPoint\",\"urlTemplate\":\"https:\/\/3w.sienteomana.com\/en\/?s={search_term_string}\"},\"query-input\":\"required name=search_term_string\"}],\"inLanguage\":\"es\"}]}<\/script>\n<!-- \/ Yoast SEO plugin. -->","yoast_head_json":{"title":"RUTA CUETO SUSPIR\u00d3N - (EN) Siente Oma\u00f1a","robots":{"index":"index","follow":"follow","max-snippet":"max-snippet:-1","max-image-preview":"max-image-preview:large","max-video-preview":"max-video-preview:-1"},"canonical":"https:\/\/3w.sienteomana.com\/en\/ruta-cueto-suspiron-1-829-m-circular-desde-barrio-de-la-puente-leon\/","og_locale":"es_ES","og_type":"article","og_title":"RUTA CUETO SUSPIR\u00d3N - (EN) Siente Oma\u00f1a","og_description":"RUTA MONTE SUSPIR\u00d3N Partimos de Barrio de la Puente dirigi\u00e9ndonos hacia el valle situado entre Cueto el Pinto y Pe\u00f1a La Lanza hasta alcanzar la Caba\u00f1a Mortera, siguiendo la senda que recorre la calzada del Valle Gordo, por la cual [&hellip;]","og_url":"https:\/\/3w.sienteomana.com\/en\/ruta-cueto-suspiron-1-829-m-circular-desde-barrio-de-la-puente-leon\/","og_site_name":"(EN) Siente Oma\u00f1a","article_modified_time":"2021-09-03T11:43:36+00:00","og_image":[{"url":"http:\/\/3w.sienteomana.com\/wp-content\/uploads\/sites\/2\/2019\/04\/gpx1-e1556101291655.png"}],"twitter_card":"summary_large_image","twitter_misc":{"Tiempo de lectura":"2 minutos"},"schema":{"@context":"https:\/\/schema.org","@graph":[{"@type":"WebPage","@id":"https:\/\/3w.sienteomana.com\/en\/ruta-cueto-suspiron-1-829-m-circular-desde-barrio-de-la-puente-leon\/","url":"https:\/\/3w.sienteomana.com\/en\/ruta-cueto-suspiron-1-829-m-circular-desde-barrio-de-la-puente-leon\/","name":"RUTA CUETO SUSPIR\u00d3N - (EN) Siente Oma\u00f1a","isPartOf":{"@id":"https:\/\/3w.sienteomana.com\/en\/#website"},"datePublished":"2019-03-25T17:11:28+00:00","dateModified":"2021-09-03T11:43:36+00:00","breadcrumb":{"@id":"https:\/\/3w.sienteomana.com\/en\/ruta-cueto-suspiron-1-829-m-circular-desde-barrio-de-la-puente-leon\/#breadcrumb"},"inLanguage":"es","potentialAction":[{"@type":"ReadAction","target":["https:\/\/3w.sienteomana.com\/en\/ruta-cueto-suspiron-1-829-m-circular-desde-barrio-de-la-puente-leon\/"]}]},{"@type":"BreadcrumbList","@id":"https:\/\/3w.sienteomana.com\/en\/ruta-cueto-suspiron-1-829-m-circular-desde-barrio-de-la-puente-leon\/#breadcrumb","itemListElement":[{"@type":"ListItem","position":1,"name":"Home","item":"https:\/\/3w.sienteomana.com\/en\/"},{"@type":"ListItem","position":2,"name":"RUTA CUETO SUSPIR\u00d3N"}]},{"@type":"WebSite","@id":"https:\/\/3w.sienteomana.com\/en\/#website","url":"https:\/\/3w.sienteomana.com\/en\/","name":"(EN) Siente Oma\u00f1a","description":"Oma\u00f1a","potentialAction":[{"@type":"SearchAction","target":{"@type":"EntryPoint","urlTemplate":"https:\/\/3w.sienteomana.com\/en\/?s={search_term_string}"},"query-input":"required name=search_term_string"}],"inLanguage":"es"}]}},"_links":{"self":[{"href":"https:\/\/3w.sienteomana.com\/en\/wp-json\/wp\/v2\/pages\/11153"}],"collection":[{"href":"https:\/\/3w.sienteomana.com\/en\/wp-json\/wp\/v2\/pages"}],"about":[{"href":"https:\/\/3w.sienteomana.com\/en\/wp-json\/wp\/v2\/types\/page"}],"author":[{"embeddable":true,"href":"https:\/\/3w.sienteomana.com\/en\/wp-json\/wp\/v2\/users\/1"}],"replies":[{"embeddable":true,"href":"https:\/\/3w.sienteomana.com\/en\/wp-json\/wp\/v2\/comments?post=11153"}],"version-history":[{"count":49,"href":"https:\/\/3w.sienteomana.com\/en\/wp-json\/wp\/v2\/pages\/11153\/revisions"}],"predecessor-version":[{"id":14097,"href":"https:\/\/3w.sienteomana.com\/en\/wp-json\/wp\/v2\/pages\/11153\/revisions\/14097"}],"wp:attachment":[{"href":"https:\/\/3w.sienteomana.com\/en\/wp-json\/wp\/v2\/media?parent=11153"}],"curies":[{"name":"wp","href":"https:\/\/api.w.org\/{rel}","templated":true}]}}