{"id":11588,"date":"2019-04-02T18:21:46","date_gmt":"2019-04-02T18:21:46","guid":{"rendered":"https:\/\/3w.sienteomana.com\/en\/?page_id=11588"},"modified":"2021-09-04T17:28:12","modified_gmt":"2021-09-04T17:28:12","slug":"ruta-viviero-nevadin","status":"publish","type":"page","link":"https:\/\/3w.sienteomana.com\/en\/ruta-viviero-nevadin\/","title":{"rendered":"RUTA VIVERO &#8211; NEVAD\u00cdN"},"content":{"rendered":"<div  class=\"one withsmallpadding ppb_text\" style=\"padding:30px 0 30px 0;\" >\n<div class=\"standard_wrapper\">\n<div class=\"page_content_wrapper\">\n<div class=\"inner\">\n<div style=\"margin:auto;width:100%\">\n<h1><span style=\"color: #99cc00;\">RUTA VIVERO &#8211; EL NEVAD\u00cdN<\/span><\/h1>\n<p style=\"text-align: justify;\">Partimos del pueblo de Vivero siguiendo la calle de Arriba para alcanzar la Bra\u00f1a de Vivero pro un camino en buen estado y pr\u00e1cticamente llano. Continuamos por una pradera de hierba hasta un ramal que sale a la izquierda con un hito grande de piedras.<\/p>\n<p style=\"text-align: justify;\">\nSeguimos de frente hasta cruzar el arroyo del Portill\u00edn hasta llegar a un cercado de ganado conocido como la Pradera. Tomamos un peque\u00f1o camino a la izquierda, ascendiendo poco a poco hasta llegar a una pronunciada curva donde debemos continuar por una estrecha vaguada con una fuerte subida hasta encontrar una pista forestal que nos llevar\u00e1 hasta el collado de Fuentefr\u00eda y desde all\u00ed al pico Nevad\u00edn. Desde aqu\u00ed podemos ver los valles de Vivero y Salientes, algunas lagunas y las cimas de Pe\u00f1a Grande y Pe\u00f1a Vendimia.<\/p>\n<p style=\"text-align: justify;\">La ruta la continuamos por estas dos \u00faltimas cimas para empezar a descender por la ladera hasta encontrar el camino bien trazado que nos llevar\u00e1 de vuelta a Vivero.<\/p>\n<\/div>\n<\/div>\n<\/div>\n<\/div>\n<\/div>\n<div  class=\"one withsmallpadding ppb_text\" style=\"padding:30px 0 30px 0;\" >\n<div class=\"standard_wrapper\">\n<div class=\"page_content_wrapper\">\n<div class=\"inner\">\n<div style=\"margin:auto;width:100%\">\n<h1><span style=\"color: #99cc00;\">RUTA VIVERO &#8211; EL NEVAD\u00cdN<\/span><\/h1>\n<p style=\"text-align: justify;\">Partimos del pueblo de Vivero siguiendo la calle de Arriba para alcanzar la Bra\u00f1a de Vivero pro un camino en buen estado y pr\u00e1cticamente llano. Continuamos por una pradera de hierba hasta un ramal que sale a la izquierda con un hito grande de piedras.<\/p>\n<p style=\"text-align: justify;\">\nSeguimos de frente hasta cruzar el arroyo del Portill\u00edn hasta llegar a un cercado de ganado conocido como la Pradera. Tomamos un peque\u00f1o camino a la izquierda, ascendiendo poco a poco hasta llegar a una pronunciada curva donde debemos continuar por una estrecha vaguada con una fuerte subida hasta encontrar una pista forestal que nos llevar\u00e1 hasta el collado de Fuentefr\u00eda y desde all\u00ed al pico Nevad\u00edn. Desde aqu\u00ed podemos ver los valles de Vivero y Salientes, algunas lagunas y las cimas de Pe\u00f1a Grande y Pe\u00f1a Vendimia.<\/p>\n<p style=\"text-align: justify;\">La ruta la continuamos por estas dos \u00faltimas cimas para empezar a descender por la ladera hasta encontrar el camino bien trazado que nos llevar\u00e1 de vuelta a Vivero.<\/p>\n<\/div>\n<\/div>\n<\/div>\n<\/div>\n<\/div>\n<div  class=\"one withsmallpadding ppb_text\" style=\"padding:30px 0 30px 0;\" >\n<div class=\"standard_wrapper\">\n<div class=\"page_content_wrapper\">\n<div class=\"inner\">\n<div style=\"margin:auto;width:100%\">\n<h1><span style=\"color: #99cc00;\">RUTA VIVERO &#8211; EL NEVAD\u00cdN<\/span><\/h1>\n<p style=\"text-align: justify;\">Partimos del pueblo de Vivero siguiendo la calle de Arriba para alcanzar la Bra\u00f1a de Vivero pro un camino en buen estado y pr\u00e1cticamente llano. Continuamos por una pradera de hierba hasta un ramal que sale a la izquierda con un hito grande de piedras.<\/p>\n<p style=\"text-align: justify;\">\nSeguimos de frente hasta cruzar el arroyo del Portill\u00edn hasta llegar a un cercado de ganado conocido como la Pradera. Tomamos un peque\u00f1o camino a la izquierda, ascendiendo poco a poco hasta llegar a una pronunciada curva donde debemos continuar por una estrecha vaguada con una fuerte subida hasta encontrar una pista forestal que nos llevar\u00e1 hasta el collado de Fuentefr\u00eda y desde all\u00ed al pico Nevad\u00edn. Desde aqu\u00ed podemos ver los valles de Vivero y Salientes, algunas lagunas y las cimas de Pe\u00f1a Grande y Pe\u00f1a Vendimia.<\/p>\n<p style=\"text-align: justify;\">La ruta la continuamos por estas dos \u00faltimas cimas para empezar a descender por la ladera hasta encontrar el camino bien trazado que nos llevar\u00e1 de vuelta a Vivero.<\/p>\n<\/div>\n<\/div>\n<\/div>\n<\/div>\n<\/div>\n<div  class=\"one withsmallpadding ppb_text\" style=\"padding:30px 0 30px 0;\" >\n<div class=\"standard_wrapper\">\n<div class=\"page_content_wrapper\">\n<div class=\"inner\">\n<div style=\"margin:auto;width:100%\">\n<h1><span style=\"color: #99cc00;\">RUTA VIVERO &#8211; EL NEVAD\u00cdN<\/span><\/h1>\n<p style=\"text-align: justify;\">Partimos del pueblo de Vivero siguiendo la calle de Arriba para alcanzar la Bra\u00f1a de Vivero pro un camino en buen estado y pr\u00e1cticamente llano. Continuamos por una pradera de hierba hasta un ramal que sale a la izquierda con un hito grande de piedras.<\/p>\n<p style=\"text-align: justify;\">\nSeguimos de frente hasta cruzar el arroyo del Portill\u00edn hasta llegar a un cercado de ganado conocido como la Pradera. Tomamos un peque\u00f1o camino a la izquierda, ascendiendo poco a poco hasta llegar a una pronunciada curva donde debemos continuar por una estrecha vaguada con una fuerte subida hasta encontrar una pista forestal que nos llevar\u00e1 hasta el collado de Fuentefr\u00eda y desde all\u00ed al pico Nevad\u00edn. Desde aqu\u00ed podemos ver los valles de Vivero y Salientes, algunas lagunas y las cimas de Pe\u00f1a Grande y Pe\u00f1a Vendimia.<\/p>\n<p style=\"text-align: justify;\">La ruta la continuamos por estas dos \u00faltimas cimas para empezar a descender por la ladera hasta encontrar el camino bien trazado que nos llevar\u00e1 de vuelta a Vivero.<\/p>\n<\/div>\n<\/div>\n<\/div>\n<\/div>\n<\/div>\n<div class=\"standard_wrapper\">\n<div  class=\"one_half withsmallpadding ppb_text\" style=\"padding:30px 0 30px 0;\" >\n<div class=\"standard_wrapper\">\n<div class=\"page_content_wrapper\">\n<div class=\"inner\">\n<div style=\"margin:auto;width:100%\">\n<h3><span style=\"text-decoration: underline; color: #000000;\">MUNICIPIO<\/span><\/h3>\n<p style=\"padding-left: 30px;\">Murias de Paredes<\/p>\n<h3><span style=\"text-decoration: underline; color: #000000;\">TIPO DE SENDA<\/span><\/h3>\n<p style=\"padding-left: 30px;\">Peatonal y cicloturismo (BTT) en algunos tramos<\/p>\n<h3><span style=\"text-decoration: underline; color: #000000;\">COORDENADAS<\/span><\/h3>\n<p style=\"padding-left: 30px;\">Inicio y llegada: <span title=\"Longitude\"><span title=\"Latitude\">42\u00b0\u00a052\u2032\u00a047\u2033\u00a0N<\/span>, 6\u00b0\u00a013\u2032\u00a055\u2033\u00a0W<\/p>\n<p><\/span><\/p>\n<\/div>\n<\/div>\n<\/div>\n<\/div>\n<\/div>\n<\/div>\n<div class=\"standard_wrapper\">\n<div  class=\"one_half last withsmallpadding ppb_text\" style=\"padding:30px 0 30px 0;\" >\n<div class=\"standard_wrapper\">\n<div class=\"page_content_wrapper\">\n<div class=\"inner\">\n<div style=\"margin:auto;width:100%\">\n<h3><span style=\"text-decoration: underline; color: #99cc00;\"><span style=\"color: #000000; text-decoration: underline;\">DATOS T\u00c9CNICOS<\/span><br \/>\n<\/span><\/h3>\n<p style=\"padding-left: 30px;\">Itinerario: Vivero-Bra\u00f1as de Vivero-Collado de Fuentefr\u00eda-Nevad\u00edn-Pe\u00f1a Grande-Pe\u00f1a Vendimia-Vivero<\/p>\n<p>Ruta roja:<\/p>\n<p style=\"padding-left: 40px;\">Duraci\u00f3n aproximada: 7 h<br \/>\nDistancia: 14 km<br \/>\nTipo de ruta: Circular<br \/>\nDificultad: Media<br \/>\nDesnivel subida: 754 m<br \/>\nDesnivel bajada: 860 m<br \/>\nCota m\u00e1xima: 2.060 m<br \/>\nCota m\u00ednima: 1.377 m<\/p>\n<p>Ruta azul:<\/p>\n<p style=\"padding-left: 40px;\">Duraci\u00f3n aproximada: 12 h (Ida y vuelta<br \/>\nDistancia: 16 km<br \/>\nTipo de ruta: Lineal<br \/>\nDificultad: Media<br \/>\nDesnivel subida: 170 m<br \/>\nDesnivel bajada: 862 m<br \/>\nCota m\u00e1xima: 2.057 m<br \/>\nCota m\u00ednima: 1.385 m<\/p>\n<\/div>\n<\/div>\n<\/div>\n<\/div>\n<\/div>\n<\/div>\n<div class=\"standard_wrapper\">\n<div  class=\"one_half last withsmallpadding ppb_text\" style=\"padding:30px 0 30px 0;\" >\n<div class=\"standard_wrapper\">\n<div class=\"page_content_wrapper\">\n<div class=\"inner\">\n<div style=\"margin:auto;width:100%\">\n<h3><span style=\"text-decoration: underline; color: #99cc00;\"><span style=\"color: #000000; text-decoration: underline;\">DATOS T\u00c9CNICOS<\/span><br \/>\n<\/span><\/h3>\n<p style=\"padding-left: 30px;\">Itinerario: Vivero-Bra\u00f1as de Vivero-Collado de Fuentefr\u00eda-Nevad\u00edn-Pe\u00f1a Grande-Pe\u00f1a Vendimia-Vivero<\/p>\n<p>Ruta roja:<\/p>\n<p style=\"padding-left: 40px;\">Duraci\u00f3n aproximada: 7 h<br \/>\nDistancia: 14 km<br \/>\nTipo de ruta: Circular<br \/>\nDificultad: Media<br \/>\nDesnivel subida: 754 m<br \/>\nDesnivel bajada: 860 m<br \/>\nCota m\u00e1xima: 2.060 m<br \/>\nCota m\u00ednima: 1.377 m<\/p>\n<p>Ruta azul:<\/p>\n<p style=\"padding-left: 40px;\">Duraci\u00f3n aproximada: 12 h (Ida y vuelta<br \/>\nDistancia: 16 km<br \/>\nTipo de ruta: Lineal<br \/>\nDificultad: Media<br \/>\nDesnivel subida: 170 m<br \/>\nDesnivel bajada: 862 m<br \/>\nCota m\u00e1xima: 2.057 m<br \/>\nCota m\u00ednima: 1.385 m<\/p>\n<\/div>\n<\/div>\n<\/div>\n<\/div>\n<\/div>\n<\/div>\n<div  class=\"one withsmallpadding ppb_text\" style=\"padding:30px;\" >\n<p><iframe loading=\"lazy\" src=\"https:\/\/www.google.com\/maps\/d\/u\/1\/embed?mid=1RMwoKEpV4ib6FUHLZj0Elv9qnrG8IUjc\" width=\"100%\" height=\"600\"><\/iframe><\/p>\n<\/div>\n<div  class=\"one withsmallpadding ppb_header \" style=\"text-align:left;padding:30px 0 30px 0;\" >\n<div class=\"standard_wrapper\">\n<div class=\"page_content_wrapper\">\n<div class=\"inner\">\n<div style=\"margin:auto;width:100%\">\n<h2 class=\"ppb_title\" style=\"\">DESCARGA LA RUTA<\/h2>\n<hr class=\"title_break left\" style=\"\"\/>\n<div class=\"ppb_header_content\">\n<p>Pincha en las diferentes versiones y desc\u00e1rgate la ruta, directamente a tu dispositivo gps o smartphone. \u00a1Camina con toda la info en tu mano!<\/p>\n<\/div>\n<\/div>\n<\/div>\n<\/div>\n<\/div>\n<\/div>\n<div class=\"standard_wrapper\">\n<div  class=\"one_third withsmallpadding ppb_text\" style=\"padding:30px 0 30px 0;\" >\n<div class=\"standard_wrapper\">\n<div class=\"page_content_wrapper\">\n<div class=\"inner\">\n<div style=\"margin:auto;width:100%\">\n<p><a href=\"https:\/\/drive.google.com\/open?id=19jHbDT76KVgksGAKjdoEqykN6OYo-Zeh\"><img decoding=\"async\" loading=\"lazy\" class=\"size-full wp-image-12121 aligncenter\" src=\"http:\/\/3w.sienteomana.com\/wp-content\/uploads\/sites\/2\/2019\/04\/gpx1-e1556101291655.png\" alt=\"\" width=\"50\" height=\"107\" \/><\/a><\/p>\n<\/div>\n<\/div>\n<\/div>\n<\/div>\n<\/div>\n<\/div>\n<div class=\"standard_wrapper\">\n<div  class=\"one_third withsmallpadding ppb_text\" style=\"padding:30px 0 30px 0;\" >\n<div class=\"standard_wrapper\">\n<div class=\"page_content_wrapper\">\n<div class=\"inner\">\n<div style=\"margin:auto;width:100%\">\n<p><a href=\"https:\/\/drive.google.com\/open?id=16FttYuJBiHka9a6pXl8YoRAyCLIHnsDp\"><img decoding=\"async\" loading=\"lazy\" class=\"size-full wp-image-12120 aligncenter\" src=\"http:\/\/3w.sienteomana.com\/wp-content\/uploads\/sites\/2\/2019\/04\/kmz1-e1556101305482.png\" alt=\"\" width=\"50\" height=\"107\" \/><\/a><\/p>\n<\/div>\n<\/div>\n<\/div>\n<\/div>\n<\/div>\n<\/div>\n<div class=\"standard_wrapper\">\n<div  class=\"one_third last withsmallpadding ppb_text\" style=\"padding:30px 0 30px 0;\" >\n<div class=\"standard_wrapper\">\n<div class=\"page_content_wrapper\">\n<div class=\"inner\">\n<div style=\"margin:auto;width:100%\">\n<p><a href=\"https:\/\/drive.google.com\/open?id=1RMwoKEpV4ib6FUHLZj0Elv9qnrG8IUjc&#038;usp=sharing\"><img decoding=\"async\" loading=\"lazy\" class=\"size-full wp-image-12111 aligncenter\" src=\"http:\/\/3w.sienteomana.com\/wp-content\/uploads\/sites\/2\/2019\/04\/phone-e1556100835250.png\" alt=\"\" width=\"50\" height=\"107\" \/><\/a><\/p>\n<\/div>\n<\/div>\n<\/div>\n<\/div>\n<\/div>\n<\/div>\n","protected":false},"excerpt":{"rendered":"<p>RUTA VIVERO &#8211; EL NEVAD\u00cdN Partimos del pueblo de Vivero siguiendo la calle de Arriba para alcanzar la Bra\u00f1a de Vivero pro un camino en buen estado y pr\u00e1cticamente llano. Continuamos por una pradera de hierba hasta un ramal que [&hellip;]<\/p>\n","protected":false},"author":1,"featured_media":0,"parent":0,"menu_order":0,"comment_status":"closed","ping_status":"closed","template":"","meta":{"inline_featured_image":false,"footnotes":""},"yoast_head":"<!-- This site is optimized with the Yoast SEO plugin v20.13 - https:\/\/yoast.com\/wordpress\/plugins\/seo\/ -->\n<title>RUTA VIVERO - NEVAD\u00cdN - (EN) Siente Oma\u00f1a<\/title>\n<meta name=\"robots\" content=\"index, follow, max-snippet:-1, max-image-preview:large, max-video-preview:-1\" \/>\n<link rel=\"canonical\" href=\"https:\/\/3w.sienteomana.com\/en\/ruta-viviero-nevadin\/\" \/>\n<meta property=\"og:locale\" content=\"es_ES\" \/>\n<meta property=\"og:type\" content=\"article\" \/>\n<meta property=\"og:title\" content=\"RUTA VIVERO - NEVAD\u00cdN - (EN) Siente Oma\u00f1a\" \/>\n<meta property=\"og:description\" content=\"RUTA VIVERO &#8211; EL NEVAD\u00cdN Partimos del pueblo de Vivero siguiendo la calle de Arriba para alcanzar la Bra\u00f1a de Vivero pro un camino en buen estado y pr\u00e1cticamente llano. Continuamos por una pradera de hierba hasta un ramal que [&hellip;]\" \/>\n<meta property=\"og:url\" content=\"https:\/\/3w.sienteomana.com\/en\/ruta-viviero-nevadin\/\" \/>\n<meta property=\"og:site_name\" content=\"(EN) Siente Oma\u00f1a\" \/>\n<meta property=\"article:modified_time\" content=\"2021-09-04T17:28:12+00:00\" \/>\n<meta property=\"og:image\" content=\"http:\/\/3w.sienteomana.com\/wp-content\/uploads\/sites\/2\/2019\/04\/gpx1-e1556101291655.png\" \/>\n<meta name=\"twitter:card\" content=\"summary_large_image\" \/>\n<meta name=\"twitter:label1\" content=\"Tiempo de lectura\" \/>\n\t<meta name=\"twitter:data1\" content=\"4 minutos\" \/>\n<script type=\"application\/ld+json\" class=\"yoast-schema-graph\">{\"@context\":\"https:\/\/schema.org\",\"@graph\":[{\"@type\":\"WebPage\",\"@id\":\"https:\/\/3w.sienteomana.com\/en\/ruta-viviero-nevadin\/\",\"url\":\"https:\/\/3w.sienteomana.com\/en\/ruta-viviero-nevadin\/\",\"name\":\"RUTA VIVERO - NEVAD\u00cdN - (EN) Siente Oma\u00f1a\",\"isPartOf\":{\"@id\":\"https:\/\/3w.sienteomana.com\/en\/#website\"},\"datePublished\":\"2019-04-02T18:21:46+00:00\",\"dateModified\":\"2021-09-04T17:28:12+00:00\",\"breadcrumb\":{\"@id\":\"https:\/\/3w.sienteomana.com\/en\/ruta-viviero-nevadin\/#breadcrumb\"},\"inLanguage\":\"es\",\"potentialAction\":[{\"@type\":\"ReadAction\",\"target\":[\"https:\/\/3w.sienteomana.com\/en\/ruta-viviero-nevadin\/\"]}]},{\"@type\":\"BreadcrumbList\",\"@id\":\"https:\/\/3w.sienteomana.com\/en\/ruta-viviero-nevadin\/#breadcrumb\",\"itemListElement\":[{\"@type\":\"ListItem\",\"position\":1,\"name\":\"Home\",\"item\":\"https:\/\/3w.sienteomana.com\/en\/\"},{\"@type\":\"ListItem\",\"position\":2,\"name\":\"RUTA VIVERO &#8211; NEVAD\u00cdN\"}]},{\"@type\":\"WebSite\",\"@id\":\"https:\/\/3w.sienteomana.com\/en\/#website\",\"url\":\"https:\/\/3w.sienteomana.com\/en\/\",\"name\":\"(EN) Siente Oma\u00f1a\",\"description\":\"Oma\u00f1a\",\"potentialAction\":[{\"@type\":\"SearchAction\",\"target\":{\"@type\":\"EntryPoint\",\"urlTemplate\":\"https:\/\/3w.sienteomana.com\/en\/?s={search_term_string}\"},\"query-input\":\"required name=search_term_string\"}],\"inLanguage\":\"es\"}]}<\/script>\n<!-- \/ Yoast SEO plugin. -->","yoast_head_json":{"title":"RUTA VIVERO - NEVAD\u00cdN - (EN) Siente Oma\u00f1a","robots":{"index":"index","follow":"follow","max-snippet":"max-snippet:-1","max-image-preview":"max-image-preview:large","max-video-preview":"max-video-preview:-1"},"canonical":"https:\/\/3w.sienteomana.com\/en\/ruta-viviero-nevadin\/","og_locale":"es_ES","og_type":"article","og_title":"RUTA VIVERO - NEVAD\u00cdN - (EN) Siente Oma\u00f1a","og_description":"RUTA VIVERO &#8211; EL NEVAD\u00cdN Partimos del pueblo de Vivero siguiendo la calle de Arriba para alcanzar la Bra\u00f1a de Vivero pro un camino en buen estado y pr\u00e1cticamente llano. Continuamos por una pradera de hierba hasta un ramal que [&hellip;]","og_url":"https:\/\/3w.sienteomana.com\/en\/ruta-viviero-nevadin\/","og_site_name":"(EN) Siente Oma\u00f1a","article_modified_time":"2021-09-04T17:28:12+00:00","og_image":[{"url":"http:\/\/3w.sienteomana.com\/wp-content\/uploads\/sites\/2\/2019\/04\/gpx1-e1556101291655.png"}],"twitter_card":"summary_large_image","twitter_misc":{"Tiempo de lectura":"4 minutos"},"schema":{"@context":"https:\/\/schema.org","@graph":[{"@type":"WebPage","@id":"https:\/\/3w.sienteomana.com\/en\/ruta-viviero-nevadin\/","url":"https:\/\/3w.sienteomana.com\/en\/ruta-viviero-nevadin\/","name":"RUTA VIVERO - NEVAD\u00cdN - (EN) Siente Oma\u00f1a","isPartOf":{"@id":"https:\/\/3w.sienteomana.com\/en\/#website"},"datePublished":"2019-04-02T18:21:46+00:00","dateModified":"2021-09-04T17:28:12+00:00","breadcrumb":{"@id":"https:\/\/3w.sienteomana.com\/en\/ruta-viviero-nevadin\/#breadcrumb"},"inLanguage":"es","potentialAction":[{"@type":"ReadAction","target":["https:\/\/3w.sienteomana.com\/en\/ruta-viviero-nevadin\/"]}]},{"@type":"BreadcrumbList","@id":"https:\/\/3w.sienteomana.com\/en\/ruta-viviero-nevadin\/#breadcrumb","itemListElement":[{"@type":"ListItem","position":1,"name":"Home","item":"https:\/\/3w.sienteomana.com\/en\/"},{"@type":"ListItem","position":2,"name":"RUTA VIVERO &#8211; NEVAD\u00cdN"}]},{"@type":"WebSite","@id":"https:\/\/3w.sienteomana.com\/en\/#website","url":"https:\/\/3w.sienteomana.com\/en\/","name":"(EN) Siente Oma\u00f1a","description":"Oma\u00f1a","potentialAction":[{"@type":"SearchAction","target":{"@type":"EntryPoint","urlTemplate":"https:\/\/3w.sienteomana.com\/en\/?s={search_term_string}"},"query-input":"required name=search_term_string"}],"inLanguage":"es"}]}},"_links":{"self":[{"href":"https:\/\/3w.sienteomana.com\/en\/wp-json\/wp\/v2\/pages\/11588"}],"collection":[{"href":"https:\/\/3w.sienteomana.com\/en\/wp-json\/wp\/v2\/pages"}],"about":[{"href":"https:\/\/3w.sienteomana.com\/en\/wp-json\/wp\/v2\/types\/page"}],"author":[{"embeddable":true,"href":"https:\/\/3w.sienteomana.com\/en\/wp-json\/wp\/v2\/users\/1"}],"replies":[{"embeddable":true,"href":"https:\/\/3w.sienteomana.com\/en\/wp-json\/wp\/v2\/comments?post=11588"}],"version-history":[{"count":111,"href":"https:\/\/3w.sienteomana.com\/en\/wp-json\/wp\/v2\/pages\/11588\/revisions"}],"predecessor-version":[{"id":14127,"href":"https:\/\/3w.sienteomana.com\/en\/wp-json\/wp\/v2\/pages\/11588\/revisions\/14127"}],"wp:attachment":[{"href":"https:\/\/3w.sienteomana.com\/en\/wp-json\/wp\/v2\/media?parent=11588"}],"curies":[{"name":"wp","href":"https:\/\/api.w.org\/{rel}","templated":true}]}}