{"id":12425,"date":"2019-05-24T09:23:38","date_gmt":"2019-05-24T09:23:38","guid":{"rendered":"https:\/\/3w.sienteomana.com\/en\/?page_id=12425"},"modified":"2019-06-05T15:25:08","modified_gmt":"2019-06-05T15:25:08","slug":"iglesias","status":"publish","type":"page","link":"https:\/\/3w.sienteomana.com\/en\/iglesias\/","title":{"rendered":"IGLESIAS"},"content":{"rendered":"<div class=\"standard_wrapper\">\n<div  class=\"one_third withsmallpadding ppb_text\" style=\"padding:30px 0 30px 0;\" >\n<div class=\"standard_wrapper\">\n<div class=\"page_content_wrapper\">\n<div class=\"inner\">\n<div style=\"margin:auto;width:100%\">\n<h1 style=\"text-align: right;\"><span style=\"color: #99cc00;\">Murias de Paredes<br \/>\n<\/span><\/h1>\n<\/div>\n<\/div>\n<\/div>\n<\/div>\n<\/div>\n<\/div>\n<div class=\"standard_wrapper\">\n<div  class=\"two_third last withsmallpadding ppb_text\" style=\"padding:30px 0 30px 0;\" >\n<div class=\"standard_wrapper\">\n<div class=\"page_content_wrapper\">\n<div class=\"inner\">\n<div style=\"margin:auto;width:100%\">\n<p>Todos los pueblos de Oma\u00f1a Alta cuentan con iglesias parroquiales que atesoran retablos muy significativos, casi todos ellos barrocos.<\/p>\n<p>Visita en Murias, la Iglesia consagrada a San Juan Bautista. El retablo, recientemente restaurado tiene dos cuerpos y calles separados entre ellos por columnas salom\u00f3nicas, con fustes adornados de racimos de uvas. En el centro, una bella imagen de la virgen data del rom\u00e1nico tard\u00edo. A la derecha, tambi\u00e9n podr\u00e1s ver la virgen que anta\u00f1o recib\u00eda a los devotos en la ermita del Puerto de la Magdalena.<\/p>\n<\/div>\n<\/div>\n<\/div>\n<\/div>\n<\/div>\n<\/div>\n<div class=\"standard_wrapper\">\n<div  class=\"two_third last withsmallpadding ppb_text\" style=\"padding:30px 0 30px 0;\" >\n<div class=\"standard_wrapper\">\n<div class=\"page_content_wrapper\">\n<div class=\"inner\">\n<div style=\"margin:auto;width:100%\">\n<p>Todos los pueblos de Oma\u00f1a Alta cuentan con iglesias parroquiales que atesoran retablos muy significativos, casi todos ellos barrocos.<\/p>\n<p>Visita en Murias, la Iglesia consagrada a San Juan Bautista. El retablo, recientemente restaurado tiene dos cuerpos y calles separados entre ellos por columnas salom\u00f3nicas, con fustes adornados de racimos de uvas. En el centro, una bella imagen de la virgen data del rom\u00e1nico tard\u00edo. A la derecha, tambi\u00e9n podr\u00e1s ver la virgen que anta\u00f1o recib\u00eda a los devotos en la ermita del Puerto de la Magdalena.<\/p>\n<\/div>\n<\/div>\n<\/div>\n<\/div>\n<\/div>\n<\/div>\n<div class=\"standard_wrapper\">\n<div  class=\"two_third last withsmallpadding ppb_text\" style=\"padding:30px 0 30px 0;\" >\n<div class=\"standard_wrapper\">\n<div class=\"page_content_wrapper\">\n<div class=\"inner\">\n<div style=\"margin:auto;width:100%\">\n<p>Todos los pueblos de Oma\u00f1a Alta cuentan con iglesias parroquiales que atesoran retablos muy significativos, casi todos ellos barrocos.<\/p>\n<p>Visita en Murias, la Iglesia consagrada a San Juan Bautista. El retablo, recientemente restaurado tiene dos cuerpos y calles separados entre ellos por columnas salom\u00f3nicas, con fustes adornados de racimos de uvas. En el centro, una bella imagen de la virgen data del rom\u00e1nico tard\u00edo. A la derecha, tambi\u00e9n podr\u00e1s ver la virgen que anta\u00f1o recib\u00eda a los devotos en la ermita del Puerto de la Magdalena.<\/p>\n<\/div>\n<\/div>\n<\/div>\n<\/div>\n<\/div>\n<\/div>\n<div class=\"standard_wrapper\">\n<div  class=\"one_third withsmallpadding ppb_text\" style=\"padding:30px 0 30px 0;\" >\n<div class=\"standard_wrapper\">\n<div class=\"page_content_wrapper\">\n<div class=\"inner\">\n<div style=\"margin:auto;width:100%\">\n<h1 style=\"text-align: right;\"><span style=\"color: #99cc00;\">Barrio de La Puente<br \/>\n<\/span><\/h1>\n<\/div>\n<\/div>\n<\/div>\n<\/div>\n<\/div>\n<\/div>\n<div class=\"standard_wrapper\">\n<div  class=\"two_third last withsmallpadding ppb_text\" style=\"padding:30px 0 30px 0;\" >\n<div class=\"standard_wrapper\">\n<div class=\"page_content_wrapper\">\n<div class=\"inner\">\n<div style=\"margin:auto;width:100%\">\n<p>La iglesia parroquial de Barrio de la Puente est\u00e1 consagrada a la Inmaculada Concepci\u00f3n y fue construida en 1773. Cuenta con un fino retablo barroco que albergaba varias tablas del siglo XII y que hoy puedes contemplar en el Museo de la Catedral de Le\u00f3n. En el interior puedes tambi\u00e9n ver el Cristo Nazareno, que antiguamente estaba en la ermita anexa a la iglesia. En la iglesia tambi\u00e9n puedes ver un lienzo que muestra la importancia que tuvo esta localidad en el Camino de Santiago.<\/p>\n<\/div>\n<\/div>\n<\/div>\n<\/div>\n<\/div>\n<\/div>\n<div class=\"standard_wrapper\">\n<div  class=\"two_third last withsmallpadding ppb_text\" style=\"padding:30px 0 30px 0;\" >\n<div class=\"standard_wrapper\">\n<div class=\"page_content_wrapper\">\n<div class=\"inner\">\n<div style=\"margin:auto;width:100%\">\n<p>La iglesia parroquial de Barrio de la Puente est\u00e1 consagrada a la Inmaculada Concepci\u00f3n y fue construida en 1773. Cuenta con un fino retablo barroco que albergaba varias tablas del siglo XII y que hoy puedes contemplar en el Museo de la Catedral de Le\u00f3n. En el interior puedes tambi\u00e9n ver el Cristo Nazareno, que antiguamente estaba en la ermita anexa a la iglesia. En la iglesia tambi\u00e9n puedes ver un lienzo que muestra la importancia que tuvo esta localidad en el Camino de Santiago.<\/p>\n<\/div>\n<\/div>\n<\/div>\n<\/div>\n<\/div>\n<\/div>\n<div class=\"standard_wrapper\">\n<div  class=\"two_third last withsmallpadding ppb_text\" style=\"padding:30px 0 30px 0;\" >\n<div class=\"standard_wrapper\">\n<div class=\"page_content_wrapper\">\n<div class=\"inner\">\n<div style=\"margin:auto;width:100%\">\n<p>La iglesia parroquial de Barrio de la Puente est\u00e1 consagrada a la Inmaculada Concepci\u00f3n y fue construida en 1773. Cuenta con un fino retablo barroco que albergaba varias tablas del siglo XII y que hoy puedes contemplar en el Museo de la Catedral de Le\u00f3n. En el interior puedes tambi\u00e9n ver el Cristo Nazareno, que antiguamente estaba en la ermita anexa a la iglesia. En la iglesia tambi\u00e9n puedes ver un lienzo que muestra la importancia que tuvo esta localidad en el Camino de Santiago.<\/p>\n<\/div>\n<\/div>\n<\/div>\n<\/div>\n<\/div>\n<\/div>\n<div class=\"standard_wrapper\">\n<div  class=\"one_third withsmallpadding ppb_text\" style=\"padding:30px 0 30px 0;\" >\n<div class=\"standard_wrapper\">\n<div class=\"page_content_wrapper\">\n<div class=\"inner\">\n<div style=\"margin:auto;width:100%\">\n<h1 style=\"text-align: right;\"><span style=\"color: #99cc00;\">Fasgar<br \/>\n<\/span><\/h1>\n<\/div>\n<\/div>\n<\/div>\n<\/div>\n<\/div>\n<\/div>\n<div class=\"standard_wrapper\">\n<div  class=\"two_third last withsmallpadding ppb_text\" style=\"padding:30px 0 30px 0;\" >\n<div class=\"standard_wrapper\">\n<div class=\"page_content_wrapper\">\n<div class=\"inner\">\n<div style=\"margin:auto;width:100%\">\n<p>Consagrada a Santa Mar\u00eda, la iglesia de Fasgar a\u00fan conserva el retablo barroco ricamente decorado.<\/p>\n<\/div>\n<\/div>\n<\/div>\n<\/div>\n<\/div>\n<\/div>\n<div class=\"standard_wrapper\">\n<div  class=\"two_third last withsmallpadding ppb_text\" style=\"padding:30px 0 30px 0;\" >\n<div class=\"standard_wrapper\">\n<div class=\"page_content_wrapper\">\n<div class=\"inner\">\n<div style=\"margin:auto;width:100%\">\n<p>Consagrada a Santa Mar\u00eda, la iglesia de Fasgar a\u00fan conserva el retablo barroco ricamente decorado.<\/p>\n<\/div>\n<\/div>\n<\/div>\n<\/div>\n<\/div>\n<\/div>\n<div class=\"standard_wrapper\">\n<div  class=\"two_third last withsmallpadding ppb_text\" style=\"padding:30px 0 30px 0;\" >\n<div class=\"standard_wrapper\">\n<div class=\"page_content_wrapper\">\n<div class=\"inner\">\n<div style=\"margin:auto;width:100%\">\n<p>Consagrada a Santa Mar\u00eda, la iglesia de Fasgar a\u00fan conserva el retablo barroco ricamente decorado.<\/p>\n<\/div>\n<\/div>\n<\/div>\n<\/div>\n<\/div>\n<\/div>\n<div class=\"standard_wrapper\">\n<div  class=\"one_third withsmallpadding ppb_text\" style=\"padding:30px 0 30px 0;\" >\n<div class=\"standard_wrapper\">\n<div class=\"page_content_wrapper\">\n<div class=\"inner\">\n<div style=\"margin:auto;width:100%\">\n<h1 style=\"text-align: right;\"><span style=\"color: #99cc00;\">Montrondo<br \/>\n<\/span><\/h1>\n<\/div>\n<\/div>\n<\/div>\n<\/div>\n<\/div>\n<\/div>\n<div class=\"standard_wrapper\">\n<div  class=\"two_third last withsmallpadding ppb_text\" style=\"padding:30px 0 30px 0;\" >\n<div class=\"standard_wrapper\">\n<div class=\"page_content_wrapper\">\n<div class=\"inner\">\n<div style=\"margin:auto;width:100%\">\n<p>La iglesia parroquial de Santa Marta te muestra el rico retablo creado en 1772 y cargado de llamativos relieves, como el de la Caridad, as\u00ed como las im\u00e1genes de Santa marina, San Miguel Arc\u00e1ngel, Santa \u00c1geda o Santa Apolonia.<\/p>\n<\/div>\n<\/div>\n<\/div>\n<\/div>\n<\/div>\n<\/div>\n<div class=\"standard_wrapper\">\n<div  class=\"two_third last withsmallpadding ppb_text\" style=\"padding:30px 0 30px 0;\" >\n<div class=\"standard_wrapper\">\n<div class=\"page_content_wrapper\">\n<div class=\"inner\">\n<div style=\"margin:auto;width:100%\">\n<p>La iglesia parroquial de Santa Marta te muestra el rico retablo creado en 1772 y cargado de llamativos relieves, como el de la Caridad, as\u00ed como las im\u00e1genes de Santa marina, San Miguel Arc\u00e1ngel, Santa \u00c1geda o Santa Apolonia.<\/p>\n<\/div>\n<\/div>\n<\/div>\n<\/div>\n<\/div>\n<\/div>\n<div class=\"standard_wrapper\">\n<div  class=\"two_third last withsmallpadding ppb_text\" style=\"padding:30px 0 30px 0;\" >\n<div class=\"standard_wrapper\">\n<div class=\"page_content_wrapper\">\n<div class=\"inner\">\n<div style=\"margin:auto;width:100%\">\n<p>La iglesia parroquial de Santa Marta te muestra el rico retablo creado en 1772 y cargado de llamativos relieves, como el de la Caridad, as\u00ed como las im\u00e1genes de Santa marina, San Miguel Arc\u00e1ngel, Santa \u00c1geda o Santa Apolonia.<\/p>\n<\/div>\n<\/div>\n<\/div>\n<\/div>\n<\/div>\n<\/div>\n<div class=\"standard_wrapper\">\n<div  class=\"one_third withsmallpadding ppb_text\" style=\"padding:30px 0 30px 0;\" >\n<div class=\"standard_wrapper\">\n<div class=\"page_content_wrapper\">\n<div class=\"inner\">\n<div style=\"margin:auto;width:100%\">\n<h1 style=\"text-align: right;\"><span style=\"color: #99cc00;\">Posada de Oma\u00f1a<br \/>\n<\/span><\/h1>\n<\/div>\n<\/div>\n<\/div>\n<\/div>\n<\/div>\n<\/div>\n<div class=\"standard_wrapper\">\n<div  class=\"two_third last withsmallpadding ppb_text\" style=\"padding:30px 0 30px 0;\" >\n<div class=\"standard_wrapper\">\n<div class=\"page_content_wrapper\">\n<div class=\"inner\">\n<div style=\"margin:auto;width:100%\">\n<p>Visita la Iglesia Parroquial consagrada a San Pedro en Posada de Oma\u00f1a. Aqu\u00ed, cada 16 de agosto, desde 1640 la cofrad\u00eda de San Roque reparte las tradicionales \u201cbollas\u201d de pan.<\/p>\n<\/div>\n<\/div>\n<\/div>\n<\/div>\n<\/div>\n<\/div>\n<div class=\"standard_wrapper\">\n<div  class=\"two_third last withsmallpadding ppb_text\" style=\"padding:30px 0 30px 0;\" >\n<div class=\"standard_wrapper\">\n<div class=\"page_content_wrapper\">\n<div class=\"inner\">\n<div style=\"margin:auto;width:100%\">\n<p>Visita la Iglesia Parroquial consagrada a San Pedro en Posada de Oma\u00f1a. Aqu\u00ed, cada 16 de agosto, desde 1640 la cofrad\u00eda de San Roque reparte las tradicionales \u201cbollas\u201d de pan.<\/p>\n<\/div>\n<\/div>\n<\/div>\n<\/div>\n<\/div>\n<\/div>\n<div class=\"standard_wrapper\">\n<div  class=\"two_third last withsmallpadding ppb_text\" style=\"padding:30px 0 30px 0;\" >\n<div class=\"standard_wrapper\">\n<div class=\"page_content_wrapper\">\n<div class=\"inner\">\n<div style=\"margin:auto;width:100%\">\n<p>Visita la Iglesia Parroquial consagrada a San Pedro en Posada de Oma\u00f1a. Aqu\u00ed, cada 16 de agosto, desde 1640 la cofrad\u00eda de San Roque reparte las tradicionales \u201cbollas\u201d de pan.<\/p>\n<\/div>\n<\/div>\n<\/div>\n<\/div>\n<\/div>\n<\/div>\n<div class=\"standard_wrapper\">\n<div  class=\"one_third withsmallpadding ppb_text\" style=\"padding:30px 0 30px 0;\" >\n<div class=\"standard_wrapper\">\n<div class=\"page_content_wrapper\">\n<div class=\"inner\">\n<div style=\"margin:auto;width:100%\">\n<h1 style=\"text-align: right;\"><span style=\"color: #99cc00;\">Torrecillo<br \/>\n<\/span><\/h1>\n<\/div>\n<\/div>\n<\/div>\n<\/div>\n<\/div>\n<\/div>\n<div class=\"standard_wrapper\">\n<div  class=\"two_third last withsmallpadding ppb_text\" style=\"padding:30px 0 30px 0;\" >\n<div class=\"standard_wrapper\">\n<div class=\"page_content_wrapper\">\n<div class=\"inner\">\n<div style=\"margin:auto;width:100%\">\n<p>Iglesia consagrada a Santa Marina. Guardaba una valiosa talla de el \u201cCristo de Torrecillo\u201d, que data del siglo XII y que hoy se puede admirar en el Museo Diocesano de Le\u00f3n.<\/p>\n<\/div>\n<\/div>\n<\/div>\n<\/div>\n<\/div>\n<\/div>\n<div class=\"standard_wrapper\">\n<div  class=\"two_third last withsmallpadding ppb_text\" style=\"padding:30px 0 30px 0;\" >\n<div class=\"standard_wrapper\">\n<div class=\"page_content_wrapper\">\n<div class=\"inner\">\n<div style=\"margin:auto;width:100%\">\n<p>Iglesia consagrada a Santa Marina. Guardaba una valiosa talla de el \u201cCristo de Torrecillo\u201d, que data del siglo XII y que hoy se puede admirar en el Museo Diocesano de Le\u00f3n.<\/p>\n<\/div>\n<\/div>\n<\/div>\n<\/div>\n<\/div>\n<\/div>\n<div class=\"standard_wrapper\">\n<div  class=\"two_third last withsmallpadding ppb_text\" style=\"padding:30px 0 30px 0;\" >\n<div class=\"standard_wrapper\">\n<div class=\"page_content_wrapper\">\n<div class=\"inner\">\n<div style=\"margin:auto;width:100%\">\n<p>Iglesia consagrada a Santa Marina. Guardaba una valiosa talla de el \u201cCristo de Torrecillo\u201d, que data del siglo XII y que hoy se puede admirar en el Museo Diocesano de Le\u00f3n.<\/p>\n<\/div>\n<\/div>\n<\/div>\n<\/div>\n<\/div>\n<\/div>\n<div class=\"standard_wrapper\">\n<div  class=\"one_third withsmallpadding ppb_text\" style=\"padding:30px 0 30px 0;\" >\n<div class=\"standard_wrapper\">\n<div class=\"page_content_wrapper\">\n<div class=\"inner\">\n<div style=\"margin:auto;width:100%\">\n<h1 style=\"text-align: right;\"><span style=\"color: #99cc00;\">Villaband\u00edn<br \/>\n<\/span><\/h1>\n<\/div>\n<\/div>\n<\/div>\n<\/div>\n<\/div>\n<\/div>\n<div class=\"standard_wrapper\">\n<div  class=\"two_third last withsmallpadding ppb_text\" style=\"padding:30px 0 30px 0;\" >\n<div class=\"standard_wrapper\">\n<div class=\"page_content_wrapper\">\n<div class=\"inner\">\n<div style=\"margin:auto;width:100%\">\n<p>Una de las piezas m\u00e1s admiradas del patrimonio hist\u00f3rico-art\u00edstico de toda la comarca es el retablo de la iglesia de esta localidad, cuya construcci\u00f3n data del siglo XVII. Diferentes escenas cubren este retablo, como la huida a Egipto, el Cristo resucitado o Santa Ana, llevando en brazos a la todav\u00eda ni\u00f1a Virgen Mar\u00eda, junto con la imagen de San Miguel Arc\u00e1ngel, patr\u00f3n de este templo.<\/p>\n<\/div>\n<\/div>\n<\/div>\n<\/div>\n<\/div>\n<\/div>\n<div class=\"standard_wrapper\">\n<div  class=\"two_third last withsmallpadding ppb_text\" style=\"padding:30px 0 30px 0;\" >\n<div class=\"standard_wrapper\">\n<div class=\"page_content_wrapper\">\n<div class=\"inner\">\n<div style=\"margin:auto;width:100%\">\n<p>Una de las piezas m\u00e1s admiradas del patrimonio hist\u00f3rico-art\u00edstico de toda la comarca es el retablo de la iglesia de esta localidad, cuya construcci\u00f3n data del siglo XVII. Diferentes escenas cubren este retablo, como la huida a Egipto, el Cristo resucitado o Santa Ana, llevando en brazos a la todav\u00eda ni\u00f1a Virgen Mar\u00eda, junto con la imagen de San Miguel Arc\u00e1ngel, patr\u00f3n de este templo.<\/p>\n<\/div>\n<\/div>\n<\/div>\n<\/div>\n<\/div>\n<\/div>\n","protected":false},"excerpt":{"rendered":"<p>Murias de Paredes Todos los pueblos de Oma\u00f1a Alta cuentan con iglesias parroquiales que atesoran retablos muy significativos, casi todos ellos barrocos. Visita en Murias, la Iglesia consagrada a San Juan Bautista. El retablo, recientemente restaurado tiene dos cuerpos y [&hellip;]<\/p>\n","protected":false},"author":2,"featured_media":0,"parent":0,"menu_order":0,"comment_status":"closed","ping_status":"closed","template":"","meta":{"inline_featured_image":false,"footnotes":""},"yoast_head":"<!-- This site is optimized with the Yoast SEO plugin v20.13 - https:\/\/yoast.com\/wordpress\/plugins\/seo\/ -->\n<title>IGLESIAS - (EN) Siente Oma\u00f1a<\/title>\n<meta name=\"robots\" content=\"index, follow, max-snippet:-1, max-image-preview:large, max-video-preview:-1\" \/>\n<link rel=\"canonical\" href=\"https:\/\/3w.sienteomana.com\/en\/iglesias\/\" \/>\n<meta property=\"og:locale\" content=\"es_ES\" \/>\n<meta property=\"og:type\" content=\"article\" \/>\n<meta property=\"og:title\" content=\"IGLESIAS - (EN) Siente Oma\u00f1a\" \/>\n<meta property=\"og:description\" content=\"Murias de Paredes Todos los pueblos de Oma\u00f1a Alta cuentan con iglesias parroquiales que atesoran retablos muy significativos, casi todos ellos barrocos. Visita en Murias, la Iglesia consagrada a San Juan Bautista. El retablo, recientemente restaurado tiene dos cuerpos y [&hellip;]\" \/>\n<meta property=\"og:url\" content=\"https:\/\/3w.sienteomana.com\/en\/iglesias\/\" \/>\n<meta property=\"og:site_name\" content=\"(EN) Siente Oma\u00f1a\" \/>\n<meta property=\"article:modified_time\" content=\"2019-06-05T15:25:08+00:00\" \/>\n<meta name=\"twitter:card\" content=\"summary_large_image\" \/>\n<meta name=\"twitter:label1\" content=\"Tiempo de lectura\" \/>\n\t<meta name=\"twitter:data1\" content=\"5 minutos\" \/>\n<script type=\"application\/ld+json\" class=\"yoast-schema-graph\">{\"@context\":\"https:\/\/schema.org\",\"@graph\":[{\"@type\":\"WebPage\",\"@id\":\"https:\/\/3w.sienteomana.com\/en\/iglesias\/\",\"url\":\"https:\/\/3w.sienteomana.com\/en\/iglesias\/\",\"name\":\"IGLESIAS - (EN) Siente Oma\u00f1a\",\"isPartOf\":{\"@id\":\"https:\/\/3w.sienteomana.com\/en\/#website\"},\"datePublished\":\"2019-05-24T09:23:38+00:00\",\"dateModified\":\"2019-06-05T15:25:08+00:00\",\"breadcrumb\":{\"@id\":\"https:\/\/3w.sienteomana.com\/en\/iglesias\/#breadcrumb\"},\"inLanguage\":\"es\",\"potentialAction\":[{\"@type\":\"ReadAction\",\"target\":[\"https:\/\/3w.sienteomana.com\/en\/iglesias\/\"]}]},{\"@type\":\"BreadcrumbList\",\"@id\":\"https:\/\/3w.sienteomana.com\/en\/iglesias\/#breadcrumb\",\"itemListElement\":[{\"@type\":\"ListItem\",\"position\":1,\"name\":\"Home\",\"item\":\"https:\/\/3w.sienteomana.com\/en\/\"},{\"@type\":\"ListItem\",\"position\":2,\"name\":\"IGLESIAS\"}]},{\"@type\":\"WebSite\",\"@id\":\"https:\/\/3w.sienteomana.com\/en\/#website\",\"url\":\"https:\/\/3w.sienteomana.com\/en\/\",\"name\":\"(EN) Siente Oma\u00f1a\",\"description\":\"Oma\u00f1a\",\"potentialAction\":[{\"@type\":\"SearchAction\",\"target\":{\"@type\":\"EntryPoint\",\"urlTemplate\":\"https:\/\/3w.sienteomana.com\/en\/?s={search_term_string}\"},\"query-input\":\"required name=search_term_string\"}],\"inLanguage\":\"es\"}]}<\/script>\n<!-- \/ Yoast SEO plugin. -->","yoast_head_json":{"title":"IGLESIAS - (EN) Siente Oma\u00f1a","robots":{"index":"index","follow":"follow","max-snippet":"max-snippet:-1","max-image-preview":"max-image-preview:large","max-video-preview":"max-video-preview:-1"},"canonical":"https:\/\/3w.sienteomana.com\/en\/iglesias\/","og_locale":"es_ES","og_type":"article","og_title":"IGLESIAS - (EN) Siente Oma\u00f1a","og_description":"Murias de Paredes Todos los pueblos de Oma\u00f1a Alta cuentan con iglesias parroquiales que atesoran retablos muy significativos, casi todos ellos barrocos. Visita en Murias, la Iglesia consagrada a San Juan Bautista. El retablo, recientemente restaurado tiene dos cuerpos y [&hellip;]","og_url":"https:\/\/3w.sienteomana.com\/en\/iglesias\/","og_site_name":"(EN) Siente Oma\u00f1a","article_modified_time":"2019-06-05T15:25:08+00:00","twitter_card":"summary_large_image","twitter_misc":{"Tiempo de lectura":"5 minutos"},"schema":{"@context":"https:\/\/schema.org","@graph":[{"@type":"WebPage","@id":"https:\/\/3w.sienteomana.com\/en\/iglesias\/","url":"https:\/\/3w.sienteomana.com\/en\/iglesias\/","name":"IGLESIAS - (EN) Siente Oma\u00f1a","isPartOf":{"@id":"https:\/\/3w.sienteomana.com\/en\/#website"},"datePublished":"2019-05-24T09:23:38+00:00","dateModified":"2019-06-05T15:25:08+00:00","breadcrumb":{"@id":"https:\/\/3w.sienteomana.com\/en\/iglesias\/#breadcrumb"},"inLanguage":"es","potentialAction":[{"@type":"ReadAction","target":["https:\/\/3w.sienteomana.com\/en\/iglesias\/"]}]},{"@type":"BreadcrumbList","@id":"https:\/\/3w.sienteomana.com\/en\/iglesias\/#breadcrumb","itemListElement":[{"@type":"ListItem","position":1,"name":"Home","item":"https:\/\/3w.sienteomana.com\/en\/"},{"@type":"ListItem","position":2,"name":"IGLESIAS"}]},{"@type":"WebSite","@id":"https:\/\/3w.sienteomana.com\/en\/#website","url":"https:\/\/3w.sienteomana.com\/en\/","name":"(EN) Siente Oma\u00f1a","description":"Oma\u00f1a","potentialAction":[{"@type":"SearchAction","target":{"@type":"EntryPoint","urlTemplate":"https:\/\/3w.sienteomana.com\/en\/?s={search_term_string}"},"query-input":"required name=search_term_string"}],"inLanguage":"es"}]}},"_links":{"self":[{"href":"https:\/\/3w.sienteomana.com\/en\/wp-json\/wp\/v2\/pages\/12425"}],"collection":[{"href":"https:\/\/3w.sienteomana.com\/en\/wp-json\/wp\/v2\/pages"}],"about":[{"href":"https:\/\/3w.sienteomana.com\/en\/wp-json\/wp\/v2\/types\/page"}],"author":[{"embeddable":true,"href":"https:\/\/3w.sienteomana.com\/en\/wp-json\/wp\/v2\/users\/2"}],"replies":[{"embeddable":true,"href":"https:\/\/3w.sienteomana.com\/en\/wp-json\/wp\/v2\/comments?post=12425"}],"version-history":[{"count":74,"href":"https:\/\/3w.sienteomana.com\/en\/wp-json\/wp\/v2\/pages\/12425\/revisions"}],"predecessor-version":[{"id":12568,"href":"https:\/\/3w.sienteomana.com\/en\/wp-json\/wp\/v2\/pages\/12425\/revisions\/12568"}],"wp:attachment":[{"href":"https:\/\/3w.sienteomana.com\/en\/wp-json\/wp\/v2\/media?parent=12425"}],"curies":[{"name":"wp","href":"https:\/\/api.w.org\/{rel}","templated":true}]}}