{"id":12857,"date":"2020-11-26T10:32:22","date_gmt":"2020-11-26T10:32:22","guid":{"rendered":"https:\/\/3w.sienteomana.com\/en\/?page_id=12857"},"modified":"2021-09-23T11:33:31","modified_gmt":"2021-09-23T11:33:31","slug":"alto-de-la-can%cc%83ada-desde-villabandin","status":"publish","type":"page","link":"https:\/\/3w.sienteomana.com\/en\/alto-de-la-can%cc%83ada-desde-villabandin\/","title":{"rendered":"ALTO DE LA CAN\u0303ADA DESDE VILLABANDI\u0301N"},"content":{"rendered":"<div class=\"standard_wrapper\">\n<div  class=\"one_half withsmallpadding ppb_text\" style=\"padding:30px 0 30px 0;\" >\n<div class=\"standard_wrapper\">\n<div class=\"page_content_wrapper\">\n<div class=\"inner\">\n<div style=\"margin:auto;width:100%\">\n<h1><span style=\"color: #99cc00;\">ALTO DE LA CAN\u0303ADA DESDE VILLABANDI\u0301N<br \/>\n<\/span><\/h1>\n<p>Salimos desde el pueblo de Villaband\u00edn por la carretera direcci\u00f3n Rodicol. Nos encontraremos con una senda a nuestra izquierda direcci\u00f3n al r\u00edo Estiello.<\/p>\n<p>Cuando el camino se cierra debemos de coger un sendero a nuestra derecha seguiremos monte a trav\u00e9s llaneando hasta que nos encontremos con una brecha profunda que abre el arroyo.<\/p>\n<p>Giramos a la izquierda y comenzamos a esquivar los piornos. Siguiendo el ascenso nos encontraremos con un sendero que nos introduce ya en el valle a buscar el arroyo.<\/p>\n<p>Desde el arroyo encontraremos una senda que nos lleva a la loma hacia el Chano del Estuliello.<\/p>\n<p>Un poco antes de llegar, abandonamos la senda\u00a0 hacia la izquierda para buscar la loma por terreno despejado y seguir por una camino que nos lleva a la Bra\u00f1a Llampa.<\/p>\n<p>Aqu\u00ed pasamos el arroyo que vemos a la derecha y subiendo por un terreno muy escarpado llegamos a una arista que baja de la Vidulina, subimos por ella y antes de llegar a la cima seguiremos hacia el Alto de la Ca\u00f1ada siguiendo la cresta.<\/p>\n<\/div>\n<\/div>\n<\/div>\n<\/div>\n<\/div>\n<\/div>\n<div class=\"standard_wrapper\">\n<div  class=\"one_half withsmallpadding ppb_text\" style=\"padding:30px 0 30px 0;\" >\n<div class=\"standard_wrapper\">\n<div class=\"page_content_wrapper\">\n<div class=\"inner\">\n<div style=\"margin:auto;width:100%\">\n<h1><span style=\"color: #99cc00;\">ALTO DE LA CAN\u0303ADA DESDE VILLABANDI\u0301N<br \/>\n<\/span><\/h1>\n<p>Salimos desde el pueblo de Villaband\u00edn por la carretera direcci\u00f3n Rodicol. Nos encontraremos con una senda a nuestra izquierda direcci\u00f3n al r\u00edo Estiello.<\/p>\n<p>Cuando el camino se cierra debemos de coger un sendero a nuestra derecha seguiremos monte a trav\u00e9s llaneando hasta que nos encontremos con una brecha profunda que abre el arroyo.<\/p>\n<p>Giramos a la izquierda y comenzamos a esquivar los piornos. Siguiendo el ascenso nos encontraremos con un sendero que nos introduce ya en el valle a buscar el arroyo.<\/p>\n<p>Desde el arroyo encontraremos una senda que nos lleva a la loma hacia el Chano del Estuliello.<\/p>\n<p>Un poco antes de llegar, abandonamos la senda\u00a0 hacia la izquierda para buscar la loma por terreno despejado y seguir por una camino que nos lleva a la Bra\u00f1a Llampa.<\/p>\n<p>Aqu\u00ed pasamos el arroyo que vemos a la derecha y subiendo por un terreno muy escarpado llegamos a una arista que baja de la Vidulina, subimos por ella y antes de llegar a la cima seguiremos hacia el Alto de la Ca\u00f1ada siguiendo la cresta.<\/p>\n<\/div>\n<\/div>\n<\/div>\n<\/div>\n<\/div>\n<\/div>\n<div class=\"standard_wrapper\">\n<div  class=\"one_half withsmallpadding ppb_text\" style=\"padding:30px 0 30px 0;\" >\n<div class=\"standard_wrapper\">\n<div class=\"page_content_wrapper\">\n<div class=\"inner\">\n<div style=\"margin:auto;width:100%\">\n<h1><span style=\"color: #99cc00;\">ALTO DE LA CAN\u0303ADA DESDE VILLABANDI\u0301N<br \/>\n<\/span><\/h1>\n<p>Salimos desde el pueblo de Villaband\u00edn por la carretera direcci\u00f3n Rodicol. Nos encontraremos con una senda a nuestra izquierda direcci\u00f3n al r\u00edo Estiello.<\/p>\n<p>Cuando el camino se cierra debemos de coger un sendero a nuestra derecha seguiremos monte a trav\u00e9s llaneando hasta que nos encontremos con una brecha profunda que abre el arroyo.<\/p>\n<p>Giramos a la izquierda y comenzamos a esquivar los piornos. Siguiendo el ascenso nos encontraremos con un sendero que nos introduce ya en el valle a buscar el arroyo.<\/p>\n<p>Desde el arroyo encontraremos una senda que nos lleva a la loma hacia el Chano del Estuliello.<\/p>\n<p>Un poco antes de llegar, abandonamos la senda\u00a0 hacia la izquierda para buscar la loma por terreno despejado y seguir por una camino que nos lleva a la Bra\u00f1a Llampa.<\/p>\n<p>Aqu\u00ed pasamos el arroyo que vemos a la derecha y subiendo por un terreno muy escarpado llegamos a una arista que baja de la Vidulina, subimos por ella y antes de llegar a la cima seguiremos hacia el Alto de la Ca\u00f1ada siguiendo la cresta.<\/p>\n<\/div>\n<\/div>\n<\/div>\n<\/div>\n<\/div>\n<\/div>\n<div class=\"standard_wrapper\">\n<div  class=\"one_half withsmallpadding ppb_text\" style=\"padding:30px 0 30px 0;\" >\n<div class=\"standard_wrapper\">\n<div class=\"page_content_wrapper\">\n<div class=\"inner\">\n<div style=\"margin:auto;width:100%\">\n<h3><span style=\"text-decoration: underline; color: #000000;\">MUNICIPIO<\/span><\/h3>\n<p style=\"padding-left: 30px;\">Murias de Paredes<\/p>\n<h3><span style=\"text-decoration: underline; color: #000000;\">TIPO DE SENDA<\/span><\/h3>\n<p style=\"padding-left: 30px;\">Peatonal con tramos para cicloturismo (BTT)<\/p>\n<p style=\"padding-left: 30px;\">\n<\/div>\n<\/div>\n<\/div>\n<\/div>\n<\/div>\n<\/div>\n<div class=\"standard_wrapper\">\n<div  class=\"one_half last withsmallpadding ppb_text\" style=\"padding:30px 0 30px 0;\" >\n<div class=\"standard_wrapper\">\n<div class=\"page_content_wrapper\">\n<div class=\"inner\">\n<div style=\"margin:auto;width:100%\">\n<h3><span style=\"text-decoration: underline; color: #99cc00;\"><span style=\"color: #000000; text-decoration: underline;\">DATOS T\u00c9CNICOS<\/span><br \/>\n<\/span><\/h3>\n<p style=\"padding-left: 40px;\">Duraci\u00f3n aproximada: 5 h 30 min (Ida y vuelta)<br \/>\nDistancia: 15\u00b48 km (Ida y vuelta)<br \/>\nTipo de ruta: Lineal<br \/>\nDificultad: Media<br \/>\nDesnivel: 932 m<br \/>\nCota m\u00e1xima: 2.151 m<br \/>\nCota m\u00ednima: 1.219 m<\/p>\n<p>\u00a0<\/p>\n<\/div>\n<\/div>\n<\/div>\n<\/div>\n<\/div>\n<\/div>\n<div class=\"standard_wrapper\">\n<div  class=\"one_half last withsmallpadding ppb_text\" style=\"padding:30px 0 30px 0;\" >\n<div class=\"standard_wrapper\">\n<div class=\"page_content_wrapper\">\n<div class=\"inner\">\n<div style=\"margin:auto;width:100%\">\n<h3><span style=\"text-decoration: underline; color: #99cc00;\"><span style=\"color: #000000; text-decoration: underline;\">DATOS T\u00c9CNICOS<\/span><br \/>\n<\/span><\/h3>\n<p style=\"padding-left: 40px;\">Duraci\u00f3n aproximada: 5 h 30 min (Ida y vuelta)<br \/>\nDistancia: 15\u00b48 km (Ida y vuelta)<br \/>\nTipo de ruta: Lineal<br \/>\nDificultad: Media<br \/>\nDesnivel: 932 m<br \/>\nCota m\u00e1xima: 2.151 m<br \/>\nCota m\u00ednima: 1.219 m<\/p>\n<p>\u00a0<\/p>\n<\/div>\n<\/div>\n<\/div>\n<\/div>\n<\/div>\n<\/div>\n<div  class=\"one withsmallpadding ppb_text\" style=\"padding:30px;\" >\n<p><iframe loading=\"lazy\" src=\"https:\/\/www.google.com\/maps\/d\/embed?mid=1G1KBXtIQ3yw0_wyGs2gh6EhEq_bjEFYE\" width=\"100%\" height=\"600\"><\/iframe><\/p>\n<\/div>\n<div  class=\"one withsmallpadding ppb_header \" style=\"text-align:left;padding:30px 0 30px 0;\" >\n<div class=\"standard_wrapper\">\n<div class=\"page_content_wrapper\">\n<div class=\"inner\">\n<div style=\"margin:auto;width:100%\">\n<h2 class=\"ppb_title\" style=\"\">DESCARGA LA RUTA<\/h2>\n<hr class=\"title_break left\" style=\"\"\/>\n<div class=\"ppb_header_content\">\n<p>Pincha en las diferentes versiones y desc\u00e1rgate la ruta, directamente a tu dispositivo gps o smartphone. \u00a1Camina con toda la info en tu mano!<\/p>\n<\/div>\n<\/div>\n<\/div>\n<\/div>\n<\/div>\n<\/div>\n<div class=\"standard_wrapper\">\n<div  class=\"one_third withsmallpadding ppb_text\" style=\"padding:30px 0 30px 0;\" >\n<div class=\"standard_wrapper\">\n<div class=\"page_content_wrapper\">\n<div class=\"inner\">\n<div style=\"margin:auto;width:100%\">\n<p><a href=\"https:\/\/drive.google.com\/file\/d\/1UzCH4orpvqznlAd4HnAN1j0laNu4CbmG\/view?usp=sharing\"><img decoding=\"async\" loading=\"lazy\" class=\"size-full wp-image-12121 aligncenter\" src=\"http:\/\/3w.sienteomana.com\/wp-content\/uploads\/sites\/2\/2019\/04\/gpx1-e1556101291655.png\" alt=\"\" width=\"50\" height=\"107\" \/><\/a><\/p>\n<\/div>\n<\/div>\n<\/div>\n<\/div>\n<\/div>\n<\/div>\n<div class=\"standard_wrapper\">\n<div  class=\"one_third withsmallpadding ppb_text\" style=\"padding:30px 0 30px 0;\" >\n<div class=\"standard_wrapper\">\n<div class=\"page_content_wrapper\">\n<div class=\"inner\">\n<div style=\"margin:auto;width:100%\">\n<p><a href=\"https:\/\/drive.google.com\/file\/d\/1Ea5k2lG9LzkvMKeDvnLn4ttwRz5S4jVB\/view?usp=sharing\"><img decoding=\"async\" loading=\"lazy\" class=\"size-full wp-image-12120 aligncenter\" src=\"http:\/\/3w.sienteomana.com\/wp-content\/uploads\/sites\/2\/2019\/04\/kmz1-e1556101305482.png\" alt=\"\" width=\"50\" height=\"107\" \/><\/a><\/p>\n<\/div>\n<\/div>\n<\/div>\n<\/div>\n<\/div>\n<\/div>\n<div class=\"standard_wrapper\">\n<div  class=\"one_third last withsmallpadding ppb_text\" style=\"padding:30px 0 30px 0;\" >\n<div class=\"standard_wrapper\">\n<div class=\"page_content_wrapper\">\n<div class=\"inner\">\n<div style=\"margin:auto;width:100%\">\n<p><a href=\"https:\/\/www.google.com\/maps\/d\/edit?mid=1G1KBXtIQ3yw0_wyGs2gh6EhEq_bjEFYE&#038;usp=sharing\"><img decoding=\"async\" loading=\"lazy\" class=\"size-full wp-image-12111 aligncenter\" src=\"http:\/\/3w.sienteomana.com\/wp-content\/uploads\/sites\/2\/2019\/04\/phone-e1556100835250.png\" alt=\"\" width=\"50\" height=\"107\" \/><\/a><\/p>\n<\/div>\n<\/div>\n<\/div>\n<\/div>\n<\/div>\n<\/div>\n","protected":false},"excerpt":{"rendered":"<p>ALTO DE LA CAN\u0303ADA DESDE VILLABANDI\u0301N Salimos desde el pueblo de Villaband\u00edn por la carretera direcci\u00f3n Rodicol. Nos encontraremos con una senda a nuestra izquierda direcci\u00f3n al r\u00edo Estiello. Cuando el camino se cierra debemos de coger un sendero a [&hellip;]<\/p>\n","protected":false},"author":1,"featured_media":0,"parent":0,"menu_order":0,"comment_status":"closed","ping_status":"closed","template":"","meta":{"inline_featured_image":false,"footnotes":""},"yoast_head":"<!-- This site is optimized with the Yoast SEO plugin v20.13 - https:\/\/yoast.com\/wordpress\/plugins\/seo\/ -->\n<title>ALTO DE LA CAN\u0303ADA DESDE VILLABANDI\u0301N - (EN) Siente Oma\u00f1a<\/title>\n<meta name=\"robots\" content=\"index, follow, max-snippet:-1, max-image-preview:large, max-video-preview:-1\" \/>\n<link rel=\"canonical\" href=\"https:\/\/3w.sienteomana.com\/en\/alto-de-la-can\u0303ada-desde-villabandin\/\" \/>\n<meta property=\"og:locale\" content=\"es_ES\" \/>\n<meta property=\"og:type\" content=\"article\" \/>\n<meta property=\"og:title\" content=\"ALTO DE LA CAN\u0303ADA DESDE VILLABANDI\u0301N - (EN) Siente Oma\u00f1a\" \/>\n<meta property=\"og:description\" content=\"ALTO DE LA CAN\u0303ADA DESDE VILLABANDI\u0301N Salimos desde el pueblo de Villaband\u00edn por la carretera direcci\u00f3n Rodicol. Nos encontraremos con una senda a nuestra izquierda direcci\u00f3n al r\u00edo Estiello. Cuando el camino se cierra debemos de coger un sendero a [&hellip;]\" \/>\n<meta property=\"og:url\" content=\"https:\/\/3w.sienteomana.com\/en\/alto-de-la-can\u0303ada-desde-villabandin\/\" \/>\n<meta property=\"og:site_name\" content=\"(EN) Siente Oma\u00f1a\" \/>\n<meta property=\"article:modified_time\" content=\"2021-09-23T11:33:31+00:00\" \/>\n<meta property=\"og:image\" content=\"http:\/\/3w.sienteomana.com\/wp-content\/uploads\/sites\/2\/2019\/04\/gpx1-e1556101291655.png\" \/>\n<meta name=\"twitter:card\" content=\"summary_large_image\" \/>\n<meta name=\"twitter:label1\" content=\"Tiempo de lectura\" \/>\n\t<meta name=\"twitter:data1\" content=\"3 minutos\" \/>\n<script type=\"application\/ld+json\" class=\"yoast-schema-graph\">{\"@context\":\"https:\/\/schema.org\",\"@graph\":[{\"@type\":\"WebPage\",\"@id\":\"https:\/\/3w.sienteomana.com\/en\/alto-de-la-can%cc%83ada-desde-villabandin\/\",\"url\":\"https:\/\/3w.sienteomana.com\/en\/alto-de-la-can%cc%83ada-desde-villabandin\/\",\"name\":\"ALTO DE LA CAN\u0303ADA DESDE VILLABANDI\u0301N - (EN) Siente Oma\u00f1a\",\"isPartOf\":{\"@id\":\"https:\/\/3w.sienteomana.com\/en\/#website\"},\"datePublished\":\"2020-11-26T10:32:22+00:00\",\"dateModified\":\"2021-09-23T11:33:31+00:00\",\"breadcrumb\":{\"@id\":\"https:\/\/3w.sienteomana.com\/en\/alto-de-la-can%cc%83ada-desde-villabandin\/#breadcrumb\"},\"inLanguage\":\"es\",\"potentialAction\":[{\"@type\":\"ReadAction\",\"target\":[\"https:\/\/3w.sienteomana.com\/en\/alto-de-la-can%cc%83ada-desde-villabandin\/\"]}]},{\"@type\":\"BreadcrumbList\",\"@id\":\"https:\/\/3w.sienteomana.com\/en\/alto-de-la-can%cc%83ada-desde-villabandin\/#breadcrumb\",\"itemListElement\":[{\"@type\":\"ListItem\",\"position\":1,\"name\":\"Home\",\"item\":\"https:\/\/3w.sienteomana.com\/en\/\"},{\"@type\":\"ListItem\",\"position\":2,\"name\":\"ALTO DE LA CAN\u0303ADA DESDE VILLABANDI\u0301N\"}]},{\"@type\":\"WebSite\",\"@id\":\"https:\/\/3w.sienteomana.com\/en\/#website\",\"url\":\"https:\/\/3w.sienteomana.com\/en\/\",\"name\":\"(EN) Siente Oma\u00f1a\",\"description\":\"Oma\u00f1a\",\"potentialAction\":[{\"@type\":\"SearchAction\",\"target\":{\"@type\":\"EntryPoint\",\"urlTemplate\":\"https:\/\/3w.sienteomana.com\/en\/?s={search_term_string}\"},\"query-input\":\"required name=search_term_string\"}],\"inLanguage\":\"es\"}]}<\/script>\n<!-- \/ Yoast SEO plugin. -->","yoast_head_json":{"title":"ALTO DE LA CAN\u0303ADA DESDE VILLABANDI\u0301N - (EN) Siente Oma\u00f1a","robots":{"index":"index","follow":"follow","max-snippet":"max-snippet:-1","max-image-preview":"max-image-preview:large","max-video-preview":"max-video-preview:-1"},"canonical":"https:\/\/3w.sienteomana.com\/en\/alto-de-la-can\u0303ada-desde-villabandin\/","og_locale":"es_ES","og_type":"article","og_title":"ALTO DE LA CAN\u0303ADA DESDE VILLABANDI\u0301N - (EN) Siente Oma\u00f1a","og_description":"ALTO DE LA CAN\u0303ADA DESDE VILLABANDI\u0301N Salimos desde el pueblo de Villaband\u00edn por la carretera direcci\u00f3n Rodicol. Nos encontraremos con una senda a nuestra izquierda direcci\u00f3n al r\u00edo Estiello. Cuando el camino se cierra debemos de coger un sendero a [&hellip;]","og_url":"https:\/\/3w.sienteomana.com\/en\/alto-de-la-can\u0303ada-desde-villabandin\/","og_site_name":"(EN) Siente Oma\u00f1a","article_modified_time":"2021-09-23T11:33:31+00:00","og_image":[{"url":"http:\/\/3w.sienteomana.com\/wp-content\/uploads\/sites\/2\/2019\/04\/gpx1-e1556101291655.png"}],"twitter_card":"summary_large_image","twitter_misc":{"Tiempo de lectura":"3 minutos"},"schema":{"@context":"https:\/\/schema.org","@graph":[{"@type":"WebPage","@id":"https:\/\/3w.sienteomana.com\/en\/alto-de-la-can%cc%83ada-desde-villabandin\/","url":"https:\/\/3w.sienteomana.com\/en\/alto-de-la-can%cc%83ada-desde-villabandin\/","name":"ALTO DE LA CAN\u0303ADA DESDE VILLABANDI\u0301N - (EN) Siente Oma\u00f1a","isPartOf":{"@id":"https:\/\/3w.sienteomana.com\/en\/#website"},"datePublished":"2020-11-26T10:32:22+00:00","dateModified":"2021-09-23T11:33:31+00:00","breadcrumb":{"@id":"https:\/\/3w.sienteomana.com\/en\/alto-de-la-can%cc%83ada-desde-villabandin\/#breadcrumb"},"inLanguage":"es","potentialAction":[{"@type":"ReadAction","target":["https:\/\/3w.sienteomana.com\/en\/alto-de-la-can%cc%83ada-desde-villabandin\/"]}]},{"@type":"BreadcrumbList","@id":"https:\/\/3w.sienteomana.com\/en\/alto-de-la-can%cc%83ada-desde-villabandin\/#breadcrumb","itemListElement":[{"@type":"ListItem","position":1,"name":"Home","item":"https:\/\/3w.sienteomana.com\/en\/"},{"@type":"ListItem","position":2,"name":"ALTO DE LA CAN\u0303ADA DESDE VILLABANDI\u0301N"}]},{"@type":"WebSite","@id":"https:\/\/3w.sienteomana.com\/en\/#website","url":"https:\/\/3w.sienteomana.com\/en\/","name":"(EN) Siente Oma\u00f1a","description":"Oma\u00f1a","potentialAction":[{"@type":"SearchAction","target":{"@type":"EntryPoint","urlTemplate":"https:\/\/3w.sienteomana.com\/en\/?s={search_term_string}"},"query-input":"required name=search_term_string"}],"inLanguage":"es"}]}},"_links":{"self":[{"href":"https:\/\/3w.sienteomana.com\/en\/wp-json\/wp\/v2\/pages\/12857"}],"collection":[{"href":"https:\/\/3w.sienteomana.com\/en\/wp-json\/wp\/v2\/pages"}],"about":[{"href":"https:\/\/3w.sienteomana.com\/en\/wp-json\/wp\/v2\/types\/page"}],"author":[{"embeddable":true,"href":"https:\/\/3w.sienteomana.com\/en\/wp-json\/wp\/v2\/users\/1"}],"replies":[{"embeddable":true,"href":"https:\/\/3w.sienteomana.com\/en\/wp-json\/wp\/v2\/comments?post=12857"}],"version-history":[{"count":12,"href":"https:\/\/3w.sienteomana.com\/en\/wp-json\/wp\/v2\/pages\/12857\/revisions"}],"predecessor-version":[{"id":14175,"href":"https:\/\/3w.sienteomana.com\/en\/wp-json\/wp\/v2\/pages\/12857\/revisions\/14175"}],"wp:attachment":[{"href":"https:\/\/3w.sienteomana.com\/en\/wp-json\/wp\/v2\/media?parent=12857"}],"curies":[{"name":"wp","href":"https:\/\/api.w.org\/{rel}","templated":true}]}}