{"id":12869,"date":"2020-11-26T10:45:25","date_gmt":"2020-11-26T10:45:25","guid":{"rendered":"https:\/\/3w.sienteomana.com\/en\/?page_id=12869"},"modified":"2021-09-03T12:03:09","modified_gmt":"2021-09-03T12:03:09","slug":"ascension-al-pico-agudin-desde-fasgar","status":"publish","type":"page","link":"https:\/\/3w.sienteomana.com\/en\/ascension-al-pico-agudin-desde-fasgar\/","title":{"rendered":"ASCENSIO\u0301N AL PICO AGUDIN DESDE FASGAR"},"content":{"rendered":"<div class=\"standard_wrapper\">\n<div  class=\"one_half withsmallpadding ppb_text\" style=\"padding:30px 0 30px 0;\" >\n<div class=\"standard_wrapper\">\n<div class=\"page_content_wrapper\">\n<div class=\"inner\">\n<div style=\"margin:auto;width:100%\">\n<h1><span style=\"color: #99cc00;\">ASCENSI\u00d3N AL PICO AGUDIN DESDE FASGAR<br \/>\n<\/span><\/h1>\n<p style=\"text-align: justify;\">Partimos desde Fasgar y seguimos el camino paralelo al arroyo Fasgarejo que nos acerca hasta las vegas de Vicicuende. All\u00ed encontramos una peque\u00f1a caba\u00f1a y restos de un cercado para el ganado.<\/p>\n<p style=\"text-align: justify;\">Seguimos por un sendero entre las escobas que nos lleva hasta el collado Vicuende con vistas hacia los valles de Fasgar y Montrondo. Desde aqu\u00ed, por la l\u00ednea de cumbres nos acercamos al Pico Agud\u00edn, situado a 1.829 m, donde encontramos un excelente mirador natural sobre los abedulares del Fasgarejo y el de Fasgar-Vegapuj\u00edn.<\/p>\n<p style=\"text-align: justify;\">En este punto comenzamos el descenso por la l\u00ednea del monte hacia el collado de Urdiales. Con un brusco cambio de sentido abordamos el valle de Urdiales y comenzamos a bajar hasta llegar de nuevo a Fasgar.<\/p>\n<p>\u00a0<\/p>\n<\/div>\n<\/div>\n<\/div>\n<\/div>\n<\/div>\n<\/div>\n<div class=\"standard_wrapper\">\n<div  class=\"one_half withsmallpadding ppb_text\" style=\"padding:30px 0 30px 0;\" >\n<div class=\"standard_wrapper\">\n<div class=\"page_content_wrapper\">\n<div class=\"inner\">\n<div style=\"margin:auto;width:100%\">\n<h1><span style=\"color: #99cc00;\">ASCENSI\u00d3N AL PICO AGUDIN DESDE FASGAR<br \/>\n<\/span><\/h1>\n<p style=\"text-align: justify;\">Partimos desde Fasgar y seguimos el camino paralelo al arroyo Fasgarejo que nos acerca hasta las vegas de Vicicuende. All\u00ed encontramos una peque\u00f1a caba\u00f1a y restos de un cercado para el ganado.<\/p>\n<p style=\"text-align: justify;\">Seguimos por un sendero entre las escobas que nos lleva hasta el collado Vicuende con vistas hacia los valles de Fasgar y Montrondo. Desde aqu\u00ed, por la l\u00ednea de cumbres nos acercamos al Pico Agud\u00edn, situado a 1.829 m, donde encontramos un excelente mirador natural sobre los abedulares del Fasgarejo y el de Fasgar-Vegapuj\u00edn.<\/p>\n<p style=\"text-align: justify;\">En este punto comenzamos el descenso por la l\u00ednea del monte hacia el collado de Urdiales. Con un brusco cambio de sentido abordamos el valle de Urdiales y comenzamos a bajar hasta llegar de nuevo a Fasgar.<\/p>\n<p>\u00a0<\/p>\n<\/div>\n<\/div>\n<\/div>\n<\/div>\n<\/div>\n<\/div>\n<div class=\"standard_wrapper\">\n<div  class=\"one_half withsmallpadding ppb_text\" style=\"padding:30px 0 30px 0;\" >\n<div class=\"standard_wrapper\">\n<div class=\"page_content_wrapper\">\n<div class=\"inner\">\n<div style=\"margin:auto;width:100%\">\n<h1><span style=\"color: #99cc00;\">ASCENSI\u00d3N AL PICO AGUDIN DESDE FASGAR<br \/>\n<\/span><\/h1>\n<p style=\"text-align: justify;\">Partimos desde Fasgar y seguimos el camino paralelo al arroyo Fasgarejo que nos acerca hasta las vegas de Vicicuende. All\u00ed encontramos una peque\u00f1a caba\u00f1a y restos de un cercado para el ganado.<\/p>\n<p style=\"text-align: justify;\">Seguimos por un sendero entre las escobas que nos lleva hasta el collado Vicuende con vistas hacia los valles de Fasgar y Montrondo. Desde aqu\u00ed, por la l\u00ednea de cumbres nos acercamos al Pico Agud\u00edn, situado a 1.829 m, donde encontramos un excelente mirador natural sobre los abedulares del Fasgarejo y el de Fasgar-Vegapuj\u00edn.<\/p>\n<p style=\"text-align: justify;\">En este punto comenzamos el descenso por la l\u00ednea del monte hacia el collado de Urdiales. Con un brusco cambio de sentido abordamos el valle de Urdiales y comenzamos a bajar hasta llegar de nuevo a Fasgar.<\/p>\n<p>\u00a0<\/p>\n<\/div>\n<\/div>\n<\/div>\n<\/div>\n<\/div>\n<\/div>\n<div class=\"standard_wrapper\">\n<div  class=\"one_half withsmallpadding ppb_text\" style=\"padding:30px 0 30px 0;\" >\n<div class=\"standard_wrapper\">\n<div class=\"page_content_wrapper\">\n<div class=\"inner\">\n<div style=\"margin:auto;width:100%\">\n<h3><span style=\"text-decoration: underline; color: #000000;\">MUNICIPIO<\/span><\/h3>\n<p style=\"padding-left: 30px;\">Murias de Paredes<\/p>\n<h3><span style=\"text-decoration: underline; color: #000000;\">TIPO DE SENDA<\/span><\/h3>\n<p style=\"padding-left: 30px;\">Peatonal con tramos para cicloturismo (BTT)<\/p>\n<p style=\"padding-left: 30px;\">\n<\/div>\n<\/div>\n<\/div>\n<\/div>\n<\/div>\n<\/div>\n<div class=\"standard_wrapper\">\n<div  class=\"one_half last withsmallpadding ppb_text\" style=\"padding:30px 0 30px 0;\" >\n<div class=\"standard_wrapper\">\n<div class=\"page_content_wrapper\">\n<div class=\"inner\">\n<div style=\"margin:auto;width:100%\">\n<h3><span style=\"text-decoration: underline; color: #99cc00;\"><span style=\"color: #000000; text-decoration: underline;\">DATOS T\u00c9CNICOS<\/span><br \/>\n<\/span><\/h3>\n<p style=\"padding-left: 40px;\">Duraci\u00f3n aproximada: 5 h 40 min<br \/>\nDistancia: 13\u00b49 km<br \/>\nTipo de ruta: Circular<br \/>\nDificultad: F\u00e1cil<br \/>\nDesnivel: 533 m<br \/>\nCota m\u00e1xima: 1.831 m<br \/>\nCota m\u00ednima: 1.322 m<\/p>\n<\/div>\n<\/div>\n<\/div>\n<\/div>\n<\/div>\n<\/div>\n<div class=\"standard_wrapper\">\n<div  class=\"one_half last withsmallpadding ppb_text\" style=\"padding:30px 0 30px 0;\" >\n<div class=\"standard_wrapper\">\n<div class=\"page_content_wrapper\">\n<div class=\"inner\">\n<div style=\"margin:auto;width:100%\">\n<h3><span style=\"text-decoration: underline; color: #99cc00;\"><span style=\"color: #000000; text-decoration: underline;\">DATOS T\u00c9CNICOS<\/span><br \/>\n<\/span><\/h3>\n<p style=\"padding-left: 40px;\">Duraci\u00f3n aproximada: 5 h 40 min<br \/>\nDistancia: 13\u00b49 km<br \/>\nTipo de ruta: Circular<br \/>\nDificultad: F\u00e1cil<br \/>\nDesnivel: 533 m<br \/>\nCota m\u00e1xima: 1.831 m<br \/>\nCota m\u00ednima: 1.322 m<\/p>\n<\/div>\n<\/div>\n<\/div>\n<\/div>\n<\/div>\n<\/div>\n<div  class=\"one withsmallpadding ppb_text\" style=\"padding:30px;\" >\n<p><iframe loading=\"lazy\" src=\"https:\/\/www.google.com\/maps\/d\/embed?mid=1-pL64i7qLh9xTgqscZ7cFfZTiY9JOJED\" width=\"100%\" height=\"600\"><\/iframe><\/p>\n<\/div>\n<div  class=\"one withsmallpadding ppb_header \" style=\"text-align:left;padding:30px 0 30px 0;\" >\n<div class=\"standard_wrapper\">\n<div class=\"page_content_wrapper\">\n<div class=\"inner\">\n<div style=\"margin:auto;width:100%\">\n<h2 class=\"ppb_title\" style=\"\">DESCARGA LA RUTA<\/h2>\n<hr class=\"title_break left\" style=\"\"\/>\n<div class=\"ppb_header_content\">\n<p>Pincha en las diferentes versiones y desc\u00e1rgate la ruta, directamente a tu dispositivo gps o smartphone. \u00a1Camina con toda la info en tu mano!<\/p>\n<\/div>\n<\/div>\n<\/div>\n<\/div>\n<\/div>\n<\/div>\n<div class=\"standard_wrapper\">\n<div  class=\"one_third withsmallpadding ppb_text\" style=\"padding:30px 0 30px 0;\" >\n<div class=\"standard_wrapper\">\n<div class=\"page_content_wrapper\">\n<div class=\"inner\">\n<div style=\"margin:auto;width:100%\">\n<p><a href=\"https:\/\/drive.google.com\/file\/d\/1rZIE2mf-gyehxPxH4r0A-UzGXEwrwE_a\/view?usp=sharing\"><img decoding=\"async\" loading=\"lazy\" class=\"size-full wp-image-12121 aligncenter\" src=\"http:\/\/3w.sienteomana.com\/wp-content\/uploads\/sites\/2\/2019\/04\/gpx1-e1556101291655.png\" alt=\"\" width=\"50\" height=\"107\" \/><\/a><\/p>\n<\/div>\n<\/div>\n<\/div>\n<\/div>\n<\/div>\n<\/div>\n<div class=\"standard_wrapper\">\n<div  class=\"one_third withsmallpadding ppb_text\" style=\"padding:30px 0 30px 0;\" >\n<div class=\"standard_wrapper\">\n<div class=\"page_content_wrapper\">\n<div class=\"inner\">\n<div style=\"margin:auto;width:100%\">\n<p><a href=\"https:\/\/drive.google.com\/file\/d\/1evQQcL2hzndvjcBA_8B3kUn1lofBmJZb\/view?usp=sharing\"><img decoding=\"async\" loading=\"lazy\" class=\"size-full wp-image-12120 aligncenter\" src=\"http:\/\/3w.sienteomana.com\/wp-content\/uploads\/sites\/2\/2019\/04\/kmz1-e1556101305482.png\" alt=\"\" width=\"50\" height=\"107\" \/><\/a><\/p>\n<\/div>\n<\/div>\n<\/div>\n<\/div>\n<\/div>\n<\/div>\n<div class=\"standard_wrapper\">\n<div  class=\"one_third last withsmallpadding ppb_text\" style=\"padding:30px 0 30px 0;\" >\n<div class=\"standard_wrapper\">\n<div class=\"page_content_wrapper\">\n<div class=\"inner\">\n<div style=\"margin:auto;width:100%\">\n<p><a href=\"https:\/\/www.google.com\/maps\/d\/edit?mid=1-pL64i7qLh9xTgqscZ7cFfZTiY9JOJED&#038;usp=sharing\"><img decoding=\"async\" loading=\"lazy\" class=\"size-full wp-image-12111 aligncenter\" src=\"http:\/\/3w.sienteomana.com\/wp-content\/uploads\/sites\/2\/2019\/04\/phone-e1556100835250.png\" alt=\"\" width=\"50\" height=\"107\" \/><\/a><\/p>\n<\/div>\n<\/div>\n<\/div>\n<\/div>\n<\/div>\n<\/div>\n","protected":false},"excerpt":{"rendered":"<p>ASCENSI\u00d3N AL PICO AGUDIN DESDE FASGAR Partimos desde Fasgar y seguimos el camino paralelo al arroyo Fasgarejo que nos acerca hasta las vegas de Vicicuende. All\u00ed encontramos una peque\u00f1a caba\u00f1a y restos de un cercado para el ganado. Seguimos por [&hellip;]<\/p>\n","protected":false},"author":1,"featured_media":0,"parent":0,"menu_order":0,"comment_status":"closed","ping_status":"closed","template":"","meta":{"inline_featured_image":false,"footnotes":""},"yoast_head":"<!-- This site is optimized with the Yoast SEO plugin v20.13 - https:\/\/yoast.com\/wordpress\/plugins\/seo\/ -->\n<title>ASCENSIO\u0301N AL PICO AGUDIN DESDE FASGAR - (EN) Siente Oma\u00f1a<\/title>\n<meta name=\"robots\" content=\"index, follow, max-snippet:-1, max-image-preview:large, max-video-preview:-1\" \/>\n<link rel=\"canonical\" href=\"https:\/\/3w.sienteomana.com\/en\/ascension-al-pico-agudin-desde-fasgar\/\" \/>\n<meta property=\"og:locale\" content=\"es_ES\" \/>\n<meta property=\"og:type\" content=\"article\" \/>\n<meta property=\"og:title\" content=\"ASCENSIO\u0301N AL PICO AGUDIN DESDE FASGAR - (EN) Siente Oma\u00f1a\" \/>\n<meta property=\"og:description\" content=\"ASCENSI\u00d3N AL PICO AGUDIN DESDE FASGAR Partimos desde Fasgar y seguimos el camino paralelo al arroyo Fasgarejo que nos acerca hasta las vegas de Vicicuende. All\u00ed encontramos una peque\u00f1a caba\u00f1a y restos de un cercado para el ganado. Seguimos por [&hellip;]\" \/>\n<meta property=\"og:url\" content=\"https:\/\/3w.sienteomana.com\/en\/ascension-al-pico-agudin-desde-fasgar\/\" \/>\n<meta property=\"og:site_name\" content=\"(EN) Siente Oma\u00f1a\" \/>\n<meta property=\"article:modified_time\" content=\"2021-09-03T12:03:09+00:00\" \/>\n<meta property=\"og:image\" content=\"http:\/\/3w.sienteomana.com\/wp-content\/uploads\/sites\/2\/2019\/04\/gpx1-e1556101291655.png\" \/>\n<meta name=\"twitter:card\" content=\"summary_large_image\" \/>\n<meta name=\"twitter:label1\" content=\"Tiempo de lectura\" \/>\n\t<meta name=\"twitter:data1\" content=\"2 minutos\" \/>\n<script type=\"application\/ld+json\" class=\"yoast-schema-graph\">{\"@context\":\"https:\/\/schema.org\",\"@graph\":[{\"@type\":\"WebPage\",\"@id\":\"https:\/\/3w.sienteomana.com\/en\/ascension-al-pico-agudin-desde-fasgar\/\",\"url\":\"https:\/\/3w.sienteomana.com\/en\/ascension-al-pico-agudin-desde-fasgar\/\",\"name\":\"ASCENSIO\u0301N AL PICO AGUDIN DESDE FASGAR - (EN) Siente Oma\u00f1a\",\"isPartOf\":{\"@id\":\"https:\/\/3w.sienteomana.com\/en\/#website\"},\"datePublished\":\"2020-11-26T10:45:25+00:00\",\"dateModified\":\"2021-09-03T12:03:09+00:00\",\"breadcrumb\":{\"@id\":\"https:\/\/3w.sienteomana.com\/en\/ascension-al-pico-agudin-desde-fasgar\/#breadcrumb\"},\"inLanguage\":\"es\",\"potentialAction\":[{\"@type\":\"ReadAction\",\"target\":[\"https:\/\/3w.sienteomana.com\/en\/ascension-al-pico-agudin-desde-fasgar\/\"]}]},{\"@type\":\"BreadcrumbList\",\"@id\":\"https:\/\/3w.sienteomana.com\/en\/ascension-al-pico-agudin-desde-fasgar\/#breadcrumb\",\"itemListElement\":[{\"@type\":\"ListItem\",\"position\":1,\"name\":\"Home\",\"item\":\"https:\/\/3w.sienteomana.com\/en\/\"},{\"@type\":\"ListItem\",\"position\":2,\"name\":\"ASCENSIO\u0301N AL PICO AGUDIN DESDE FASGAR\"}]},{\"@type\":\"WebSite\",\"@id\":\"https:\/\/3w.sienteomana.com\/en\/#website\",\"url\":\"https:\/\/3w.sienteomana.com\/en\/\",\"name\":\"(EN) Siente Oma\u00f1a\",\"description\":\"Oma\u00f1a\",\"potentialAction\":[{\"@type\":\"SearchAction\",\"target\":{\"@type\":\"EntryPoint\",\"urlTemplate\":\"https:\/\/3w.sienteomana.com\/en\/?s={search_term_string}\"},\"query-input\":\"required name=search_term_string\"}],\"inLanguage\":\"es\"}]}<\/script>\n<!-- \/ Yoast SEO plugin. -->","yoast_head_json":{"title":"ASCENSIO\u0301N AL PICO AGUDIN DESDE FASGAR - (EN) Siente Oma\u00f1a","robots":{"index":"index","follow":"follow","max-snippet":"max-snippet:-1","max-image-preview":"max-image-preview:large","max-video-preview":"max-video-preview:-1"},"canonical":"https:\/\/3w.sienteomana.com\/en\/ascension-al-pico-agudin-desde-fasgar\/","og_locale":"es_ES","og_type":"article","og_title":"ASCENSIO\u0301N AL PICO AGUDIN DESDE FASGAR - (EN) Siente Oma\u00f1a","og_description":"ASCENSI\u00d3N AL PICO AGUDIN DESDE FASGAR Partimos desde Fasgar y seguimos el camino paralelo al arroyo Fasgarejo que nos acerca hasta las vegas de Vicicuende. All\u00ed encontramos una peque\u00f1a caba\u00f1a y restos de un cercado para el ganado. Seguimos por [&hellip;]","og_url":"https:\/\/3w.sienteomana.com\/en\/ascension-al-pico-agudin-desde-fasgar\/","og_site_name":"(EN) Siente Oma\u00f1a","article_modified_time":"2021-09-03T12:03:09+00:00","og_image":[{"url":"http:\/\/3w.sienteomana.com\/wp-content\/uploads\/sites\/2\/2019\/04\/gpx1-e1556101291655.png"}],"twitter_card":"summary_large_image","twitter_misc":{"Tiempo de lectura":"2 minutos"},"schema":{"@context":"https:\/\/schema.org","@graph":[{"@type":"WebPage","@id":"https:\/\/3w.sienteomana.com\/en\/ascension-al-pico-agudin-desde-fasgar\/","url":"https:\/\/3w.sienteomana.com\/en\/ascension-al-pico-agudin-desde-fasgar\/","name":"ASCENSIO\u0301N AL PICO AGUDIN DESDE FASGAR - (EN) Siente Oma\u00f1a","isPartOf":{"@id":"https:\/\/3w.sienteomana.com\/en\/#website"},"datePublished":"2020-11-26T10:45:25+00:00","dateModified":"2021-09-03T12:03:09+00:00","breadcrumb":{"@id":"https:\/\/3w.sienteomana.com\/en\/ascension-al-pico-agudin-desde-fasgar\/#breadcrumb"},"inLanguage":"es","potentialAction":[{"@type":"ReadAction","target":["https:\/\/3w.sienteomana.com\/en\/ascension-al-pico-agudin-desde-fasgar\/"]}]},{"@type":"BreadcrumbList","@id":"https:\/\/3w.sienteomana.com\/en\/ascension-al-pico-agudin-desde-fasgar\/#breadcrumb","itemListElement":[{"@type":"ListItem","position":1,"name":"Home","item":"https:\/\/3w.sienteomana.com\/en\/"},{"@type":"ListItem","position":2,"name":"ASCENSIO\u0301N AL PICO AGUDIN DESDE FASGAR"}]},{"@type":"WebSite","@id":"https:\/\/3w.sienteomana.com\/en\/#website","url":"https:\/\/3w.sienteomana.com\/en\/","name":"(EN) Siente Oma\u00f1a","description":"Oma\u00f1a","potentialAction":[{"@type":"SearchAction","target":{"@type":"EntryPoint","urlTemplate":"https:\/\/3w.sienteomana.com\/en\/?s={search_term_string}"},"query-input":"required name=search_term_string"}],"inLanguage":"es"}]}},"_links":{"self":[{"href":"https:\/\/3w.sienteomana.com\/en\/wp-json\/wp\/v2\/pages\/12869"}],"collection":[{"href":"https:\/\/3w.sienteomana.com\/en\/wp-json\/wp\/v2\/pages"}],"about":[{"href":"https:\/\/3w.sienteomana.com\/en\/wp-json\/wp\/v2\/types\/page"}],"author":[{"embeddable":true,"href":"https:\/\/3w.sienteomana.com\/en\/wp-json\/wp\/v2\/users\/1"}],"replies":[{"embeddable":true,"href":"https:\/\/3w.sienteomana.com\/en\/wp-json\/wp\/v2\/comments?post=12869"}],"version-history":[{"count":15,"href":"https:\/\/3w.sienteomana.com\/en\/wp-json\/wp\/v2\/pages\/12869\/revisions"}],"predecessor-version":[{"id":14109,"href":"https:\/\/3w.sienteomana.com\/en\/wp-json\/wp\/v2\/pages\/12869\/revisions\/14109"}],"wp:attachment":[{"href":"https:\/\/3w.sienteomana.com\/en\/wp-json\/wp\/v2\/media?parent=12869"}],"curies":[{"name":"wp","href":"https:\/\/api.w.org\/{rel}","templated":true}]}}