{"id":12953,"date":"2020-11-26T11:34:12","date_gmt":"2020-11-26T11:34:12","guid":{"rendered":"https:\/\/3w.sienteomana.com\/en\/?page_id=12953"},"modified":"2021-09-03T12:11:04","modified_gmt":"2021-09-03T12:11:04","slug":"fasgar-hasta-las-fuentes","status":"publish","type":"page","link":"https:\/\/3w.sienteomana.com\/en\/fasgar-hasta-las-fuentes\/","title":{"rendered":"FASGAR HASTA LAS FUENTES"},"content":{"rendered":"<div class=\"standard_wrapper\">\n<div  class=\"one_half withsmallpadding ppb_text\" style=\"padding:30px 0 30px 0;\" >\n<div class=\"standard_wrapper\">\n<div class=\"page_content_wrapper\">\n<div class=\"inner\">\n<div style=\"margin:auto;width:100%\">\n<h1 style=\"text-align: left;\"><span style=\"color: #99cc00;\">FASGAR HASTA LAS FUENTES<br \/>\n<\/span><\/h1>\n<p style=\"text-align: justify;\">Comenzamos en la plaza del pueblo de Fasgar, donde encontramos un panel de informaci\u00f3n con todo lo relevante de la zona. Esta ruta sigue parte de la etapa 17 del Camino Olvidado a Santiago, y discurre entre prados y bosques de abedules, servales, acebos y robles, siguiendo el camino en direcci\u00f3n al valle de Campo.<\/p>\n<p style=\"text-align: justify;\">Atravesaremos un puente que cruza hacia el final del pueblo, para llegar a la Ermita del Santo Cristo. Aqu\u00ed encontramos tres paneles donde se proporciona informaci\u00f3n sobre la acci\u00f3n glaciar que hubo en el valle. Seguiremos valle arriba sin desviarnos de la pista principal. Una vez recorrido un kil\u00f3metro llegaremos a un desv\u00edo de un camino hacia la derecha que sigue por los prados del fondo del valle. Nosotros seguiremos por la pista principal, que comienza a subir hacia la izquierda ladera arriba, por un lateral del valle. Una vez caminado otro kil\u00f3metro y medio cuesta arriba llegaremos a la fuente situada en el paraje de Ocidiello.<\/p>\n<p>Esta fuente tiene tres ca\u00f1os y est\u00e1 junto a un dep\u00f3sito de agua, sobre ella hay una poes\u00eda de la que podremos disfrutar mientras bebemos un trago de agua.<\/p>\n<p>Para regresar a Fasgar, volvemos por el mismo camino de ida.<\/p>\n<p>\u00a0<\/p>\n<\/div>\n<\/div>\n<\/div>\n<\/div>\n<\/div>\n<\/div>\n<div class=\"standard_wrapper\">\n<div  class=\"one_half withsmallpadding ppb_text\" style=\"padding:30px 0 30px 0;\" >\n<div class=\"standard_wrapper\">\n<div class=\"page_content_wrapper\">\n<div class=\"inner\">\n<div style=\"margin:auto;width:100%\">\n<h1 style=\"text-align: left;\"><span style=\"color: #99cc00;\">FASGAR HASTA LAS FUENTES<br \/>\n<\/span><\/h1>\n<p style=\"text-align: justify;\">Comenzamos en la plaza del pueblo de Fasgar, donde encontramos un panel de informaci\u00f3n con todo lo relevante de la zona. Esta ruta sigue parte de la etapa 17 del Camino Olvidado a Santiago, y discurre entre prados y bosques de abedules, servales, acebos y robles, siguiendo el camino en direcci\u00f3n al valle de Campo.<\/p>\n<p style=\"text-align: justify;\">Atravesaremos un puente que cruza hacia el final del pueblo, para llegar a la Ermita del Santo Cristo. Aqu\u00ed encontramos tres paneles donde se proporciona informaci\u00f3n sobre la acci\u00f3n glaciar que hubo en el valle. Seguiremos valle arriba sin desviarnos de la pista principal. Una vez recorrido un kil\u00f3metro llegaremos a un desv\u00edo de un camino hacia la derecha que sigue por los prados del fondo del valle. Nosotros seguiremos por la pista principal, que comienza a subir hacia la izquierda ladera arriba, por un lateral del valle. Una vez caminado otro kil\u00f3metro y medio cuesta arriba llegaremos a la fuente situada en el paraje de Ocidiello.<\/p>\n<p>Esta fuente tiene tres ca\u00f1os y est\u00e1 junto a un dep\u00f3sito de agua, sobre ella hay una poes\u00eda de la que podremos disfrutar mientras bebemos un trago de agua.<\/p>\n<p>Para regresar a Fasgar, volvemos por el mismo camino de ida.<\/p>\n<p>\u00a0<\/p>\n<\/div>\n<\/div>\n<\/div>\n<\/div>\n<\/div>\n<\/div>\n<div class=\"standard_wrapper\">\n<div  class=\"one_half withsmallpadding ppb_text\" style=\"padding:30px 0 30px 0;\" >\n<div class=\"standard_wrapper\">\n<div class=\"page_content_wrapper\">\n<div class=\"inner\">\n<div style=\"margin:auto;width:100%\">\n<h1 style=\"text-align: left;\"><span style=\"color: #99cc00;\">FASGAR HASTA LAS FUENTES<br \/>\n<\/span><\/h1>\n<p style=\"text-align: justify;\">Comenzamos en la plaza del pueblo de Fasgar, donde encontramos un panel de informaci\u00f3n con todo lo relevante de la zona. Esta ruta sigue parte de la etapa 17 del Camino Olvidado a Santiago, y discurre entre prados y bosques de abedules, servales, acebos y robles, siguiendo el camino en direcci\u00f3n al valle de Campo.<\/p>\n<p style=\"text-align: justify;\">Atravesaremos un puente que cruza hacia el final del pueblo, para llegar a la Ermita del Santo Cristo. Aqu\u00ed encontramos tres paneles donde se proporciona informaci\u00f3n sobre la acci\u00f3n glaciar que hubo en el valle. Seguiremos valle arriba sin desviarnos de la pista principal. Una vez recorrido un kil\u00f3metro llegaremos a un desv\u00edo de un camino hacia la derecha que sigue por los prados del fondo del valle. Nosotros seguiremos por la pista principal, que comienza a subir hacia la izquierda ladera arriba, por un lateral del valle. Una vez caminado otro kil\u00f3metro y medio cuesta arriba llegaremos a la fuente situada en el paraje de Ocidiello.<\/p>\n<p>Esta fuente tiene tres ca\u00f1os y est\u00e1 junto a un dep\u00f3sito de agua, sobre ella hay una poes\u00eda de la que podremos disfrutar mientras bebemos un trago de agua.<\/p>\n<p>Para regresar a Fasgar, volvemos por el mismo camino de ida.<\/p>\n<p>\u00a0<\/p>\n<\/div>\n<\/div>\n<\/div>\n<\/div>\n<\/div>\n<\/div>\n<div class=\"standard_wrapper\">\n<div  class=\"one_half withsmallpadding ppb_text\" style=\"padding:30px 0 30px 0;\" >\n<div class=\"standard_wrapper\">\n<div class=\"page_content_wrapper\">\n<div class=\"inner\">\n<div style=\"margin:auto;width:100%\">\n<h3><span style=\"text-decoration: underline; color: #000000;\">MUNICIPIO<\/span><\/h3>\n<p style=\"padding-left: 30px;\">Murias de Paredes<\/p>\n<h3><span style=\"text-decoration: underline; color: #000000;\">TIPO DE SENDA<\/span><\/h3>\n<p style=\"padding-left: 30px;\">Peatonal y cicloturismo (BTT)<\/p>\n<p style=\"padding-left: 30px;\">\n<\/div>\n<\/div>\n<\/div>\n<\/div>\n<\/div>\n<\/div>\n<div class=\"standard_wrapper\">\n<div  class=\"one_half last withsmallpadding ppb_text\" style=\"padding:30px 0 30px 0;\" >\n<div class=\"standard_wrapper\">\n<div class=\"page_content_wrapper\">\n<div class=\"inner\">\n<div style=\"margin:auto;width:100%\">\n<h3><span style=\"text-decoration: underline; color: #99cc00;\"><span style=\"color: #000000; text-decoration: underline;\">DATOS T\u00c9CNICOS<\/span><\/span><\/h3>\n<p style=\"padding-left: 40px;\">Duraci\u00f3n aproximada: 3 h 10 min<br \/>\nDistancia: 5\u00b42 km (Ida y vuelta)<br \/>\nTipo de ruta: Lineal<br \/>\nDificultad: F\u00e1cil<br \/>\nDesnivel: 257 m<br \/>\nCota m\u00e1xima: 1.575 m<br \/>\nCota m\u00ednima: 1.318 m<\/p>\n<\/div>\n<\/div>\n<\/div>\n<\/div>\n<\/div>\n<\/div>\n<div class=\"standard_wrapper\">\n<div  class=\"one_half last withsmallpadding ppb_text\" style=\"padding:30px 0 30px 0;\" >\n<div class=\"standard_wrapper\">\n<div class=\"page_content_wrapper\">\n<div class=\"inner\">\n<div style=\"margin:auto;width:100%\">\n<h3><span style=\"text-decoration: underline; color: #99cc00;\"><span style=\"color: #000000; text-decoration: underline;\">DATOS T\u00c9CNICOS<\/span><\/span><\/h3>\n<p style=\"padding-left: 40px;\">Duraci\u00f3n aproximada: 3 h 10 min<br \/>\nDistancia: 5\u00b42 km (Ida y vuelta)<br \/>\nTipo de ruta: Lineal<br \/>\nDificultad: F\u00e1cil<br \/>\nDesnivel: 257 m<br \/>\nCota m\u00e1xima: 1.575 m<br \/>\nCota m\u00ednima: 1.318 m<\/p>\n<\/div>\n<\/div>\n<\/div>\n<\/div>\n<\/div>\n<\/div>\n<div  class=\"one withsmallpadding ppb_text\" style=\"padding:30px;\" >\n<p><iframe loading=\"lazy\" src=\"https:\/\/www.google.com\/maps\/d\/embed?mid=1uyGRku5Wx2CROXlargow-WE1Qv5F-XIb\" width=\"100%\" height=\"600\"><\/iframe><\/p>\n<\/div>\n<div  class=\"one withsmallpadding ppb_header \" style=\"text-align:left;padding:30px 0 30px 0;\" >\n<div class=\"standard_wrapper\">\n<div class=\"page_content_wrapper\">\n<div class=\"inner\">\n<div style=\"margin:auto;width:100%\">\n<h2 class=\"ppb_title\" style=\"\">DESCARGA LA RUTA<\/h2>\n<hr class=\"title_break left\" style=\"\"\/>\n<div class=\"ppb_header_content\">\n<p>Pincha en las diferentes versiones y desc\u00e1rgate la ruta, directamente a tu dispositivo gps o smartphone. \u00a1Camina con toda la info en tu mano!<\/p>\n<\/div>\n<\/div>\n<\/div>\n<\/div>\n<\/div>\n<\/div>\n<div class=\"standard_wrapper\">\n<div  class=\"one_third withsmallpadding ppb_text\" style=\"padding:30px 0 30px 0;\" >\n<div class=\"standard_wrapper\">\n<div class=\"page_content_wrapper\">\n<div class=\"inner\">\n<div style=\"margin:auto;width:100%\">\n<p><a href=\"https:\/\/drive.google.com\/file\/d\/1SPJcGUhKxQ5Mw1NiCt11tXOeWQwsJb4N\/view?usp=sharing\"><img decoding=\"async\" loading=\"lazy\" class=\"size-full wp-image-12121 aligncenter\" src=\"http:\/\/3w.sienteomana.com\/wp-content\/uploads\/sites\/2\/2019\/04\/gpx1-e1556101291655.png\" alt=\"\" width=\"50\" height=\"107\" \/><\/a><\/p>\n<\/div>\n<\/div>\n<\/div>\n<\/div>\n<\/div>\n<\/div>\n<div class=\"standard_wrapper\">\n<div  class=\"one_third withsmallpadding ppb_text\" style=\"padding:30px 0 30px 0;\" >\n<div class=\"standard_wrapper\">\n<div class=\"page_content_wrapper\">\n<div class=\"inner\">\n<div style=\"margin:auto;width:100%\">\n<p><a href=\"https:\/\/drive.google.com\/file\/d\/169rF7mDw9pZAwMvuIx6VE5M1WYHZIgwT\/view?usp=sharing\"><img decoding=\"async\" loading=\"lazy\" class=\"size-full wp-image-12120 aligncenter\" src=\"http:\/\/3w.sienteomana.com\/wp-content\/uploads\/sites\/2\/2019\/04\/kmz1-e1556101305482.png\" alt=\"\" width=\"50\" height=\"107\" \/><\/a><\/p>\n<\/div>\n<\/div>\n<\/div>\n<\/div>\n<\/div>\n<\/div>\n<div class=\"standard_wrapper\">\n<div  class=\"one_third last withsmallpadding ppb_text\" style=\"padding:30px 0 30px 0;\" >\n<div class=\"standard_wrapper\">\n<div class=\"page_content_wrapper\">\n<div class=\"inner\">\n<div style=\"margin:auto;width:100%\">\n<p><a href=\"https:\/\/www.google.com\/maps\/d\/edit?mid=1uyGRku5Wx2CROXlargow-WE1Qv5F-XIb&#038;usp=sharing\"><img decoding=\"async\" loading=\"lazy\" class=\"size-full wp-image-12111 aligncenter\" src=\"http:\/\/3w.sienteomana.com\/wp-content\/uploads\/sites\/2\/2019\/04\/phone-e1556100835250.png\" alt=\"\" width=\"50\" height=\"107\" \/><\/a><\/p>\n<\/div>\n<\/div>\n<\/div>\n<\/div>\n<\/div>\n<\/div>\n","protected":false},"excerpt":{"rendered":"<p>FASGAR HASTA LAS FUENTES Comenzamos en la plaza del pueblo de Fasgar, donde encontramos un panel de informaci\u00f3n con todo lo relevante de la zona. Esta ruta sigue parte de la etapa 17 del Camino Olvidado a Santiago, y discurre [&hellip;]<\/p>\n","protected":false},"author":1,"featured_media":0,"parent":0,"menu_order":0,"comment_status":"closed","ping_status":"closed","template":"","meta":{"inline_featured_image":false,"footnotes":""},"yoast_head":"<!-- This site is optimized with the Yoast SEO plugin v20.13 - https:\/\/yoast.com\/wordpress\/plugins\/seo\/ -->\n<title>FASGAR HASTA LAS FUENTES - (EN) Siente Oma\u00f1a<\/title>\n<meta name=\"robots\" content=\"index, follow, max-snippet:-1, max-image-preview:large, max-video-preview:-1\" \/>\n<link rel=\"canonical\" href=\"https:\/\/3w.sienteomana.com\/en\/fasgar-hasta-las-fuentes\/\" \/>\n<meta property=\"og:locale\" content=\"es_ES\" \/>\n<meta property=\"og:type\" content=\"article\" \/>\n<meta property=\"og:title\" content=\"FASGAR HASTA LAS FUENTES - (EN) Siente Oma\u00f1a\" \/>\n<meta property=\"og:description\" content=\"FASGAR HASTA LAS FUENTES Comenzamos en la plaza del pueblo de Fasgar, donde encontramos un panel de informaci\u00f3n con todo lo relevante de la zona. Esta ruta sigue parte de la etapa 17 del Camino Olvidado a Santiago, y discurre [&hellip;]\" \/>\n<meta property=\"og:url\" content=\"https:\/\/3w.sienteomana.com\/en\/fasgar-hasta-las-fuentes\/\" \/>\n<meta property=\"og:site_name\" content=\"(EN) Siente Oma\u00f1a\" \/>\n<meta property=\"article:modified_time\" content=\"2021-09-03T12:11:04+00:00\" \/>\n<meta property=\"og:image\" content=\"http:\/\/3w.sienteomana.com\/wp-content\/uploads\/sites\/2\/2019\/04\/gpx1-e1556101291655.png\" \/>\n<meta name=\"twitter:card\" content=\"summary_large_image\" \/>\n<meta name=\"twitter:label1\" content=\"Tiempo de lectura\" \/>\n\t<meta name=\"twitter:data1\" content=\"4 minutos\" \/>\n<script type=\"application\/ld+json\" class=\"yoast-schema-graph\">{\"@context\":\"https:\/\/schema.org\",\"@graph\":[{\"@type\":\"WebPage\",\"@id\":\"https:\/\/3w.sienteomana.com\/en\/fasgar-hasta-las-fuentes\/\",\"url\":\"https:\/\/3w.sienteomana.com\/en\/fasgar-hasta-las-fuentes\/\",\"name\":\"FASGAR HASTA LAS FUENTES - (EN) Siente Oma\u00f1a\",\"isPartOf\":{\"@id\":\"https:\/\/3w.sienteomana.com\/en\/#website\"},\"datePublished\":\"2020-11-26T11:34:12+00:00\",\"dateModified\":\"2021-09-03T12:11:04+00:00\",\"breadcrumb\":{\"@id\":\"https:\/\/3w.sienteomana.com\/en\/fasgar-hasta-las-fuentes\/#breadcrumb\"},\"inLanguage\":\"es\",\"potentialAction\":[{\"@type\":\"ReadAction\",\"target\":[\"https:\/\/3w.sienteomana.com\/en\/fasgar-hasta-las-fuentes\/\"]}]},{\"@type\":\"BreadcrumbList\",\"@id\":\"https:\/\/3w.sienteomana.com\/en\/fasgar-hasta-las-fuentes\/#breadcrumb\",\"itemListElement\":[{\"@type\":\"ListItem\",\"position\":1,\"name\":\"Home\",\"item\":\"https:\/\/3w.sienteomana.com\/en\/\"},{\"@type\":\"ListItem\",\"position\":2,\"name\":\"FASGAR HASTA LAS FUENTES\"}]},{\"@type\":\"WebSite\",\"@id\":\"https:\/\/3w.sienteomana.com\/en\/#website\",\"url\":\"https:\/\/3w.sienteomana.com\/en\/\",\"name\":\"(EN) Siente Oma\u00f1a\",\"description\":\"Oma\u00f1a\",\"potentialAction\":[{\"@type\":\"SearchAction\",\"target\":{\"@type\":\"EntryPoint\",\"urlTemplate\":\"https:\/\/3w.sienteomana.com\/en\/?s={search_term_string}\"},\"query-input\":\"required name=search_term_string\"}],\"inLanguage\":\"es\"}]}<\/script>\n<!-- \/ Yoast SEO plugin. -->","yoast_head_json":{"title":"FASGAR HASTA LAS FUENTES - (EN) Siente Oma\u00f1a","robots":{"index":"index","follow":"follow","max-snippet":"max-snippet:-1","max-image-preview":"max-image-preview:large","max-video-preview":"max-video-preview:-1"},"canonical":"https:\/\/3w.sienteomana.com\/en\/fasgar-hasta-las-fuentes\/","og_locale":"es_ES","og_type":"article","og_title":"FASGAR HASTA LAS FUENTES - (EN) Siente Oma\u00f1a","og_description":"FASGAR HASTA LAS FUENTES Comenzamos en la plaza del pueblo de Fasgar, donde encontramos un panel de informaci\u00f3n con todo lo relevante de la zona. Esta ruta sigue parte de la etapa 17 del Camino Olvidado a Santiago, y discurre [&hellip;]","og_url":"https:\/\/3w.sienteomana.com\/en\/fasgar-hasta-las-fuentes\/","og_site_name":"(EN) Siente Oma\u00f1a","article_modified_time":"2021-09-03T12:11:04+00:00","og_image":[{"url":"http:\/\/3w.sienteomana.com\/wp-content\/uploads\/sites\/2\/2019\/04\/gpx1-e1556101291655.png"}],"twitter_card":"summary_large_image","twitter_misc":{"Tiempo de lectura":"4 minutos"},"schema":{"@context":"https:\/\/schema.org","@graph":[{"@type":"WebPage","@id":"https:\/\/3w.sienteomana.com\/en\/fasgar-hasta-las-fuentes\/","url":"https:\/\/3w.sienteomana.com\/en\/fasgar-hasta-las-fuentes\/","name":"FASGAR HASTA LAS FUENTES - (EN) Siente Oma\u00f1a","isPartOf":{"@id":"https:\/\/3w.sienteomana.com\/en\/#website"},"datePublished":"2020-11-26T11:34:12+00:00","dateModified":"2021-09-03T12:11:04+00:00","breadcrumb":{"@id":"https:\/\/3w.sienteomana.com\/en\/fasgar-hasta-las-fuentes\/#breadcrumb"},"inLanguage":"es","potentialAction":[{"@type":"ReadAction","target":["https:\/\/3w.sienteomana.com\/en\/fasgar-hasta-las-fuentes\/"]}]},{"@type":"BreadcrumbList","@id":"https:\/\/3w.sienteomana.com\/en\/fasgar-hasta-las-fuentes\/#breadcrumb","itemListElement":[{"@type":"ListItem","position":1,"name":"Home","item":"https:\/\/3w.sienteomana.com\/en\/"},{"@type":"ListItem","position":2,"name":"FASGAR HASTA LAS FUENTES"}]},{"@type":"WebSite","@id":"https:\/\/3w.sienteomana.com\/en\/#website","url":"https:\/\/3w.sienteomana.com\/en\/","name":"(EN) Siente Oma\u00f1a","description":"Oma\u00f1a","potentialAction":[{"@type":"SearchAction","target":{"@type":"EntryPoint","urlTemplate":"https:\/\/3w.sienteomana.com\/en\/?s={search_term_string}"},"query-input":"required name=search_term_string"}],"inLanguage":"es"}]}},"_links":{"self":[{"href":"https:\/\/3w.sienteomana.com\/en\/wp-json\/wp\/v2\/pages\/12953"}],"collection":[{"href":"https:\/\/3w.sienteomana.com\/en\/wp-json\/wp\/v2\/pages"}],"about":[{"href":"https:\/\/3w.sienteomana.com\/en\/wp-json\/wp\/v2\/types\/page"}],"author":[{"embeddable":true,"href":"https:\/\/3w.sienteomana.com\/en\/wp-json\/wp\/v2\/users\/1"}],"replies":[{"embeddable":true,"href":"https:\/\/3w.sienteomana.com\/en\/wp-json\/wp\/v2\/comments?post=12953"}],"version-history":[{"count":19,"href":"https:\/\/3w.sienteomana.com\/en\/wp-json\/wp\/v2\/pages\/12953\/revisions"}],"predecessor-version":[{"id":14117,"href":"https:\/\/3w.sienteomana.com\/en\/wp-json\/wp\/v2\/pages\/12953\/revisions\/14117"}],"wp:attachment":[{"href":"https:\/\/3w.sienteomana.com\/en\/wp-json\/wp\/v2\/media?parent=12953"}],"curies":[{"name":"wp","href":"https:\/\/api.w.org\/{rel}","templated":true}]}}