{"id":13022,"date":"2020-11-26T11:58:11","date_gmt":"2020-11-26T11:58:11","guid":{"rendered":"https:\/\/3w.sienteomana.com\/en\/?page_id=13022"},"modified":"2021-09-04T17:49:21","modified_gmt":"2021-09-04T17:49:21","slug":"por-el-entorno-de-sabugo","status":"publish","type":"page","link":"https:\/\/3w.sienteomana.com\/en\/por-el-entorno-de-sabugo\/","title":{"rendered":"POR EL ENTORNO DE SABUGO"},"content":{"rendered":"<div class=\"standard_wrapper\">\n<div  class=\"one_half withsmallpadding ppb_text\" style=\"padding:30px 0 30px 0;\" >\n<div class=\"standard_wrapper\">\n<div class=\"page_content_wrapper\">\n<div class=\"inner\">\n<div style=\"margin:auto;width:100%\">\n<h1 style=\"text-align: left;\"><span style=\"color: #99cc00;\">POR EL ENTORNO DE SABUGO<br \/>\n<\/span><\/h1>\n<p style=\"text-align: justify;\">Salimos del pueblo de Sabugo siguiendo el camino que transcurre a lo largo de la vega y acompa\u00f1ados por el r\u00edo peque\u00f1o.<\/p>\n<p>Comenzamos a ascender por un camino que se ensancha gradualmente y nos vamos elevando sobre el valle. En menos de 100m habremos ascendido 1km. Desde aqu\u00ed, comenzamos otra subida m\u00e1s dura bajo un robledal.<\/p>\n<p>Cuando coronemos el valle podremos disfrutar de una excelente panor\u00e1mica donde, a lo lejos, podremos ver el Tambar\u00f3n.<\/p>\n<p>Desde este punto comenzamos a descender por un camino que, poco a poco, se vuelve llano hasta llegar al Campo de Valdemorente, despu\u00e9s el descenso se volver\u00e1 m\u00e1s empinado hasta llegar a Sabugo, donde empezamos la ruta.<\/p>\n<p>\u00a0<\/p>\n<\/div>\n<\/div>\n<\/div>\n<\/div>\n<\/div>\n<\/div>\n<div class=\"standard_wrapper\">\n<div  class=\"one_half withsmallpadding ppb_text\" style=\"padding:30px 0 30px 0;\" >\n<div class=\"standard_wrapper\">\n<div class=\"page_content_wrapper\">\n<div class=\"inner\">\n<div style=\"margin:auto;width:100%\">\n<h1 style=\"text-align: left;\"><span style=\"color: #99cc00;\">POR EL ENTORNO DE SABUGO<br \/>\n<\/span><\/h1>\n<p style=\"text-align: justify;\">Salimos del pueblo de Sabugo siguiendo el camino que transcurre a lo largo de la vega y acompa\u00f1ados por el r\u00edo peque\u00f1o.<\/p>\n<p>Comenzamos a ascender por un camino que se ensancha gradualmente y nos vamos elevando sobre el valle. En menos de 100m habremos ascendido 1km. Desde aqu\u00ed, comenzamos otra subida m\u00e1s dura bajo un robledal.<\/p>\n<p>Cuando coronemos el valle podremos disfrutar de una excelente panor\u00e1mica donde, a lo lejos, podremos ver el Tambar\u00f3n.<\/p>\n<p>Desde este punto comenzamos a descender por un camino que, poco a poco, se vuelve llano hasta llegar al Campo de Valdemorente, despu\u00e9s el descenso se volver\u00e1 m\u00e1s empinado hasta llegar a Sabugo, donde empezamos la ruta.<\/p>\n<p>\u00a0<\/p>\n<\/div>\n<\/div>\n<\/div>\n<\/div>\n<\/div>\n<\/div>\n<div class=\"standard_wrapper\">\n<div  class=\"one_half withsmallpadding ppb_text\" style=\"padding:30px 0 30px 0;\" >\n<div class=\"standard_wrapper\">\n<div class=\"page_content_wrapper\">\n<div class=\"inner\">\n<div style=\"margin:auto;width:100%\">\n<h1 style=\"text-align: left;\"><span style=\"color: #99cc00;\">POR EL ENTORNO DE SABUGO<br \/>\n<\/span><\/h1>\n<p style=\"text-align: justify;\">Salimos del pueblo de Sabugo siguiendo el camino que transcurre a lo largo de la vega y acompa\u00f1ados por el r\u00edo peque\u00f1o.<\/p>\n<p>Comenzamos a ascender por un camino que se ensancha gradualmente y nos vamos elevando sobre el valle. En menos de 100m habremos ascendido 1km. Desde aqu\u00ed, comenzamos otra subida m\u00e1s dura bajo un robledal.<\/p>\n<p>Cuando coronemos el valle podremos disfrutar de una excelente panor\u00e1mica donde, a lo lejos, podremos ver el Tambar\u00f3n.<\/p>\n<p>Desde este punto comenzamos a descender por un camino que, poco a poco, se vuelve llano hasta llegar al Campo de Valdemorente, despu\u00e9s el descenso se volver\u00e1 m\u00e1s empinado hasta llegar a Sabugo, donde empezamos la ruta.<\/p>\n<p>\u00a0<\/p>\n<\/div>\n<\/div>\n<\/div>\n<\/div>\n<\/div>\n<\/div>\n<div class=\"standard_wrapper\">\n<div  class=\"one_half withsmallpadding ppb_text\" style=\"padding:30px 0 30px 0;\" >\n<div class=\"standard_wrapper\">\n<div class=\"page_content_wrapper\">\n<div class=\"inner\">\n<div style=\"margin:auto;width:100%\">\n<h3><span style=\"text-decoration: underline; color: #000000;\">MUNICIPIO<\/span><\/h3>\n<p style=\"padding-left: 30px;\">Murias de Paredes<\/p>\n<h3><span style=\"text-decoration: underline; color: #000000;\">TIPO DE SENDA<\/span><\/h3>\n<p style=\"padding-left: 30px;\">Peatonal con tramos para cicloturismo (BTT)<\/p>\n<p style=\"padding-left: 30px;\">\n<\/div>\n<\/div>\n<\/div>\n<\/div>\n<\/div>\n<\/div>\n<div class=\"standard_wrapper\">\n<div  class=\"one_half last withsmallpadding ppb_text\" style=\"padding:30px 0 30px 0;\" >\n<div class=\"standard_wrapper\">\n<div class=\"page_content_wrapper\">\n<div class=\"inner\">\n<div style=\"margin:auto;width:100%\">\n<h3><span style=\"text-decoration: underline; color: #99cc00;\"><span style=\"color: #000000; text-decoration: underline;\">DATOS T\u00c9CNICOS<\/span><\/span><\/h3>\n<p style=\"padding-left: 30px;\">Duraci\u00f3n aproximada: 4h 15 min<br \/>\nDistancia: 12\u00b44 km<br \/>\nTipo de ruta: Circular<br \/>\nDificultad: Media<\/p>\n<\/div>\n<\/div>\n<\/div>\n<\/div>\n<\/div>\n<\/div>\n<div class=\"standard_wrapper\">\n<div  class=\"one_half last withsmallpadding ppb_text\" style=\"padding:30px 0 30px 0;\" >\n<div class=\"standard_wrapper\">\n<div class=\"page_content_wrapper\">\n<div class=\"inner\">\n<div style=\"margin:auto;width:100%\">\n<h3><span style=\"text-decoration: underline; color: #99cc00;\"><span style=\"color: #000000; text-decoration: underline;\">DATOS T\u00c9CNICOS<\/span><\/span><\/h3>\n<p style=\"padding-left: 30px;\">Duraci\u00f3n aproximada: 4h 15 min<br \/>\nDistancia: 12\u00b44 km<br \/>\nTipo de ruta: Circular<br \/>\nDificultad: Media<\/p>\n<\/div>\n<\/div>\n<\/div>\n<\/div>\n<\/div>\n<\/div>\n<div  class=\"one withsmallpadding ppb_text\" style=\"padding:30px;\" >\n<p><iframe loading=\"lazy\" src=\"https:\/\/www.google.com\/maps\/d\/embed?mid=13oF7VSSdV4wvYpD0shu6IwFGyPCU5rzh\" width=\"100%\" height=\"600\"><\/iframe><\/p>\n<\/div>\n<div  class=\"one withsmallpadding ppb_header \" style=\"text-align:left;padding:30px 0 30px 0;\" >\n<div class=\"standard_wrapper\">\n<div class=\"page_content_wrapper\">\n<div class=\"inner\">\n<div style=\"margin:auto;width:100%\">\n<h2 class=\"ppb_title\" style=\"\">DESCARGA LA RUTA<\/h2>\n<hr class=\"title_break left\" style=\"\"\/>\n<div class=\"ppb_header_content\">\n<p>Pincha en las diferentes versiones y desc\u00e1rgate la ruta, directamente a tu dispositivo gps o smartphone. \u00a1Camina con toda la info en tu mano!<\/p>\n<\/div>\n<\/div>\n<\/div>\n<\/div>\n<\/div>\n<\/div>\n<div class=\"standard_wrapper\">\n<div  class=\"one_third withsmallpadding ppb_text\" style=\"padding:30px 0 30px 0;\" >\n<div class=\"standard_wrapper\">\n<div class=\"page_content_wrapper\">\n<div class=\"inner\">\n<div style=\"margin:auto;width:100%\">\n<p><a href=\"https:\/\/drive.google.com\/file\/d\/1qtfKpTW_kbzEY1Mn0jfx3V1IPe1AEi_H\/view?usp=sharing\"><img decoding=\"async\" loading=\"lazy\" class=\"size-full wp-image-12121 aligncenter\" src=\"http:\/\/3w.sienteomana.com\/wp-content\/uploads\/sites\/2\/2019\/04\/gpx1-e1556101291655.png\" alt=\"\" width=\"50\" height=\"107\" \/><\/a><\/p>\n<\/div>\n<\/div>\n<\/div>\n<\/div>\n<\/div>\n<\/div>\n<div class=\"standard_wrapper\">\n<div  class=\"one_third withsmallpadding ppb_text\" style=\"padding:30px 0 30px 0;\" >\n<div class=\"standard_wrapper\">\n<div class=\"page_content_wrapper\">\n<div class=\"inner\">\n<div style=\"margin:auto;width:100%\">\n<p><a href=\"https:\/\/drive.google.com\/file\/d\/1csH-hP7t1oWClxEzqmn1jVLiU_4I-Y4Z\/view?usp=sharing\"><img decoding=\"async\" loading=\"lazy\" class=\"size-full wp-image-12120 aligncenter\" src=\"http:\/\/3w.sienteomana.com\/wp-content\/uploads\/sites\/2\/2019\/04\/kmz1-e1556101305482.png\" alt=\"\" width=\"50\" height=\"107\" \/><\/a><\/p>\n<\/div>\n<\/div>\n<\/div>\n<\/div>\n<\/div>\n<\/div>\n<div class=\"standard_wrapper\">\n<div  class=\"one_third last withsmallpadding ppb_text\" style=\"padding:30px 0 30px 0;\" >\n<div class=\"standard_wrapper\">\n<div class=\"page_content_wrapper\">\n<div class=\"inner\">\n<div style=\"margin:auto;width:100%\">\n<p><a href=\"https:\/\/www.google.com\/maps\/d\/edit?mid=13oF7VSSdV4wvYpD0shu6IwFGyPCU5rzh&#038;usp=sharing\"><img decoding=\"async\" loading=\"lazy\" class=\"size-full wp-image-12111 aligncenter\" src=\"http:\/\/3w.sienteomana.com\/wp-content\/uploads\/sites\/2\/2019\/04\/phone-e1556100835250.png\" alt=\"\" width=\"50\" height=\"107\" \/><\/a><\/p>\n<\/div>\n<\/div>\n<\/div>\n<\/div>\n<\/div>\n<\/div>\n","protected":false},"excerpt":{"rendered":"<p>POR EL ENTORNO DE SABUGO Salimos del pueblo de Sabugo siguiendo el camino que transcurre a lo largo de la vega y acompa\u00f1ados por el r\u00edo peque\u00f1o. Comenzamos a ascender por un camino que se ensancha gradualmente y nos vamos [&hellip;]<\/p>\n","protected":false},"author":1,"featured_media":0,"parent":0,"menu_order":0,"comment_status":"closed","ping_status":"closed","template":"","meta":{"inline_featured_image":false,"footnotes":""},"yoast_head":"<!-- This site is optimized with the Yoast SEO plugin v20.13 - https:\/\/yoast.com\/wordpress\/plugins\/seo\/ -->\n<title>POR EL ENTORNO DE SABUGO - (EN) Siente Oma\u00f1a<\/title>\n<meta name=\"robots\" content=\"index, follow, max-snippet:-1, max-image-preview:large, max-video-preview:-1\" \/>\n<link rel=\"canonical\" href=\"https:\/\/3w.sienteomana.com\/en\/por-el-entorno-de-sabugo\/\" \/>\n<meta property=\"og:locale\" content=\"es_ES\" \/>\n<meta property=\"og:type\" content=\"article\" \/>\n<meta property=\"og:title\" content=\"POR EL ENTORNO DE SABUGO - (EN) Siente Oma\u00f1a\" \/>\n<meta property=\"og:description\" content=\"POR EL ENTORNO DE SABUGO Salimos del pueblo de Sabugo siguiendo el camino que transcurre a lo largo de la vega y acompa\u00f1ados por el r\u00edo peque\u00f1o. Comenzamos a ascender por un camino que se ensancha gradualmente y nos vamos [&hellip;]\" \/>\n<meta property=\"og:url\" content=\"https:\/\/3w.sienteomana.com\/en\/por-el-entorno-de-sabugo\/\" \/>\n<meta property=\"og:site_name\" content=\"(EN) Siente Oma\u00f1a\" \/>\n<meta property=\"article:modified_time\" content=\"2021-09-04T17:49:21+00:00\" \/>\n<meta property=\"og:image\" content=\"http:\/\/3w.sienteomana.com\/wp-content\/uploads\/sites\/2\/2019\/04\/gpx1-e1556101291655.png\" \/>\n<meta name=\"twitter:card\" content=\"summary_large_image\" \/>\n<meta name=\"twitter:label1\" content=\"Tiempo de lectura\" \/>\n\t<meta name=\"twitter:data1\" content=\"2 minutos\" \/>\n<script type=\"application\/ld+json\" class=\"yoast-schema-graph\">{\"@context\":\"https:\/\/schema.org\",\"@graph\":[{\"@type\":\"WebPage\",\"@id\":\"https:\/\/3w.sienteomana.com\/en\/por-el-entorno-de-sabugo\/\",\"url\":\"https:\/\/3w.sienteomana.com\/en\/por-el-entorno-de-sabugo\/\",\"name\":\"POR EL ENTORNO DE SABUGO - (EN) Siente Oma\u00f1a\",\"isPartOf\":{\"@id\":\"https:\/\/3w.sienteomana.com\/en\/#website\"},\"datePublished\":\"2020-11-26T11:58:11+00:00\",\"dateModified\":\"2021-09-04T17:49:21+00:00\",\"breadcrumb\":{\"@id\":\"https:\/\/3w.sienteomana.com\/en\/por-el-entorno-de-sabugo\/#breadcrumb\"},\"inLanguage\":\"es\",\"potentialAction\":[{\"@type\":\"ReadAction\",\"target\":[\"https:\/\/3w.sienteomana.com\/en\/por-el-entorno-de-sabugo\/\"]}]},{\"@type\":\"BreadcrumbList\",\"@id\":\"https:\/\/3w.sienteomana.com\/en\/por-el-entorno-de-sabugo\/#breadcrumb\",\"itemListElement\":[{\"@type\":\"ListItem\",\"position\":1,\"name\":\"Home\",\"item\":\"https:\/\/3w.sienteomana.com\/en\/\"},{\"@type\":\"ListItem\",\"position\":2,\"name\":\"POR EL ENTORNO DE SABUGO\"}]},{\"@type\":\"WebSite\",\"@id\":\"https:\/\/3w.sienteomana.com\/en\/#website\",\"url\":\"https:\/\/3w.sienteomana.com\/en\/\",\"name\":\"(EN) Siente Oma\u00f1a\",\"description\":\"Oma\u00f1a\",\"potentialAction\":[{\"@type\":\"SearchAction\",\"target\":{\"@type\":\"EntryPoint\",\"urlTemplate\":\"https:\/\/3w.sienteomana.com\/en\/?s={search_term_string}\"},\"query-input\":\"required name=search_term_string\"}],\"inLanguage\":\"es\"}]}<\/script>\n<!-- \/ Yoast SEO plugin. -->","yoast_head_json":{"title":"POR EL ENTORNO DE SABUGO - (EN) Siente Oma\u00f1a","robots":{"index":"index","follow":"follow","max-snippet":"max-snippet:-1","max-image-preview":"max-image-preview:large","max-video-preview":"max-video-preview:-1"},"canonical":"https:\/\/3w.sienteomana.com\/en\/por-el-entorno-de-sabugo\/","og_locale":"es_ES","og_type":"article","og_title":"POR EL ENTORNO DE SABUGO - (EN) Siente Oma\u00f1a","og_description":"POR EL ENTORNO DE SABUGO Salimos del pueblo de Sabugo siguiendo el camino que transcurre a lo largo de la vega y acompa\u00f1ados por el r\u00edo peque\u00f1o. Comenzamos a ascender por un camino que se ensancha gradualmente y nos vamos [&hellip;]","og_url":"https:\/\/3w.sienteomana.com\/en\/por-el-entorno-de-sabugo\/","og_site_name":"(EN) Siente Oma\u00f1a","article_modified_time":"2021-09-04T17:49:21+00:00","og_image":[{"url":"http:\/\/3w.sienteomana.com\/wp-content\/uploads\/sites\/2\/2019\/04\/gpx1-e1556101291655.png"}],"twitter_card":"summary_large_image","twitter_misc":{"Tiempo de lectura":"2 minutos"},"schema":{"@context":"https:\/\/schema.org","@graph":[{"@type":"WebPage","@id":"https:\/\/3w.sienteomana.com\/en\/por-el-entorno-de-sabugo\/","url":"https:\/\/3w.sienteomana.com\/en\/por-el-entorno-de-sabugo\/","name":"POR EL ENTORNO DE SABUGO - (EN) Siente Oma\u00f1a","isPartOf":{"@id":"https:\/\/3w.sienteomana.com\/en\/#website"},"datePublished":"2020-11-26T11:58:11+00:00","dateModified":"2021-09-04T17:49:21+00:00","breadcrumb":{"@id":"https:\/\/3w.sienteomana.com\/en\/por-el-entorno-de-sabugo\/#breadcrumb"},"inLanguage":"es","potentialAction":[{"@type":"ReadAction","target":["https:\/\/3w.sienteomana.com\/en\/por-el-entorno-de-sabugo\/"]}]},{"@type":"BreadcrumbList","@id":"https:\/\/3w.sienteomana.com\/en\/por-el-entorno-de-sabugo\/#breadcrumb","itemListElement":[{"@type":"ListItem","position":1,"name":"Home","item":"https:\/\/3w.sienteomana.com\/en\/"},{"@type":"ListItem","position":2,"name":"POR EL ENTORNO DE SABUGO"}]},{"@type":"WebSite","@id":"https:\/\/3w.sienteomana.com\/en\/#website","url":"https:\/\/3w.sienteomana.com\/en\/","name":"(EN) Siente Oma\u00f1a","description":"Oma\u00f1a","potentialAction":[{"@type":"SearchAction","target":{"@type":"EntryPoint","urlTemplate":"https:\/\/3w.sienteomana.com\/en\/?s={search_term_string}"},"query-input":"required name=search_term_string"}],"inLanguage":"es"}]}},"_links":{"self":[{"href":"https:\/\/3w.sienteomana.com\/en\/wp-json\/wp\/v2\/pages\/13022"}],"collection":[{"href":"https:\/\/3w.sienteomana.com\/en\/wp-json\/wp\/v2\/pages"}],"about":[{"href":"https:\/\/3w.sienteomana.com\/en\/wp-json\/wp\/v2\/types\/page"}],"author":[{"embeddable":true,"href":"https:\/\/3w.sienteomana.com\/en\/wp-json\/wp\/v2\/users\/1"}],"replies":[{"embeddable":true,"href":"https:\/\/3w.sienteomana.com\/en\/wp-json\/wp\/v2\/comments?post=13022"}],"version-history":[{"count":33,"href":"https:\/\/3w.sienteomana.com\/en\/wp-json\/wp\/v2\/pages\/13022\/revisions"}],"predecessor-version":[{"id":14154,"href":"https:\/\/3w.sienteomana.com\/en\/wp-json\/wp\/v2\/pages\/13022\/revisions\/14154"}],"wp:attachment":[{"href":"https:\/\/3w.sienteomana.com\/en\/wp-json\/wp\/v2\/media?parent=13022"}],"curies":[{"name":"wp","href":"https:\/\/api.w.org\/{rel}","templated":true}]}}