{"id":13037,"date":"2020-11-26T12:10:20","date_gmt":"2020-11-26T12:10:20","guid":{"rendered":"https:\/\/3w.sienteomana.com\/en\/?page_id=13037"},"modified":"2021-09-23T11:21:05","modified_gmt":"2021-09-23T11:21:05","slug":"desde-posada-de-oman%cc%83a-a-torrecillo","status":"publish","type":"page","link":"https:\/\/3w.sienteomana.com\/en\/desde-posada-de-oman%cc%83a-a-torrecillo\/","title":{"rendered":"DESDE POSADA DE OMAN\u0303A A TORRECILLO"},"content":{"rendered":"<div class=\"standard_wrapper\">\n<div  class=\"one_half withsmallpadding ppb_text\" style=\"padding:30px 0 30px 0;\" >\n<div class=\"standard_wrapper\">\n<div class=\"page_content_wrapper\">\n<div class=\"inner\">\n<div style=\"margin:auto;width:100%\">\n<h1 style=\"text-align: left;\"><span style=\"color: #99cc00;\">DESDE POSADA DE OMAN\u0303A A TORRECILLO<br \/>\n<\/span><\/h1>\n<p>Distancia: 0,8 kil\u00f3metros<\/p>\n<p>Salimos por una sendero direcci\u00f3n El Pando (1719), al poco encontraremos un desv\u00edo a la izquierda y seguiremos llaneando hasta nuestra entrada en Torrecillo.<\/p>\n<p>\u00a0<\/p>\n<\/div>\n<\/div>\n<\/div>\n<\/div>\n<\/div>\n<\/div>\n<div class=\"standard_wrapper\">\n<div  class=\"one_half withsmallpadding ppb_text\" style=\"padding:30px 0 30px 0;\" >\n<div class=\"standard_wrapper\">\n<div class=\"page_content_wrapper\">\n<div class=\"inner\">\n<div style=\"margin:auto;width:100%\">\n<h1 style=\"text-align: left;\"><span style=\"color: #99cc00;\">DESDE POSADA DE OMAN\u0303A A TORRECILLO<br \/>\n<\/span><\/h1>\n<p>Distancia: 0,8 kil\u00f3metros<\/p>\n<p>Salimos por una sendero direcci\u00f3n El Pando (1719), al poco encontraremos un desv\u00edo a la izquierda y seguiremos llaneando hasta nuestra entrada en Torrecillo.<\/p>\n<p>\u00a0<\/p>\n<\/div>\n<\/div>\n<\/div>\n<\/div>\n<\/div>\n<\/div>\n<div class=\"standard_wrapper\">\n<div  class=\"one_half withsmallpadding ppb_text\" style=\"padding:30px 0 30px 0;\" >\n<div class=\"standard_wrapper\">\n<div class=\"page_content_wrapper\">\n<div class=\"inner\">\n<div style=\"margin:auto;width:100%\">\n<h1 style=\"text-align: left;\"><span style=\"color: #99cc00;\">DESDE POSADA DE OMAN\u0303A A TORRECILLO<br \/>\n<\/span><\/h1>\n<p>Distancia: 0,8 kil\u00f3metros<\/p>\n<p>Salimos por una sendero direcci\u00f3n El Pando (1719), al poco encontraremos un desv\u00edo a la izquierda y seguiremos llaneando hasta nuestra entrada en Torrecillo.<\/p>\n<p>\u00a0<\/p>\n<\/div>\n<\/div>\n<\/div>\n<\/div>\n<\/div>\n<\/div>\n<div class=\"standard_wrapper\">\n<div  class=\"one_half withsmallpadding ppb_text\" style=\"padding:30px 0 30px 0;\" >\n<div class=\"standard_wrapper\">\n<div class=\"page_content_wrapper\">\n<div class=\"inner\">\n<div style=\"margin:auto;width:100%\">\n<h3><span style=\"text-decoration: underline; color: #000000;\">MUNICIPIO<\/span><\/h3>\n<p style=\"padding-left: 30px;\">Murias de Paredes<\/p>\n<h3><span style=\"text-decoration: underline; color: #000000;\">TIPO DE SENDA<\/span><\/h3>\n<p style=\"padding-left: 30px;\">Peatonal con tramos para cicloturismo (BTT)<\/p>\n<h3><span style=\"text-decoration: underline; color: #000000;\">COORDENADAS<\/span><\/h3>\n<p style=\"padding-left: 30px;\">Inicio y llegada: <span id=\"coordinates\"><span class=\"plainlinks nourlexpansion\"><span class=\"geo-default\"><span class=\"geo-dms\" title=\"Mapas, fotos y otros datos de 42\u00b050\u203256\u2033N 6\u00b011\u203228\u2033O\"><span class=\"latitude\">2\u00b050\u203256\u2033N <\/span><span class=\"longitude\">6\u00b011\u203228\u2033O<\/span><\/span><\/span><\/span><\/span><\/p>\n<\/div>\n<\/div>\n<\/div>\n<\/div>\n<\/div>\n<\/div>\n<div class=\"standard_wrapper\">\n<div  class=\"one_half last withsmallpadding ppb_text\" style=\"padding:30px 0 30px 0;\" >\n<div class=\"standard_wrapper\">\n<div class=\"page_content_wrapper\">\n<div class=\"inner\">\n<div style=\"margin:auto;width:100%\">\n<h3><span style=\"text-decoration: underline; color: #99cc00;\"><span style=\"color: #000000; text-decoration: underline;\">DATOS T\u00c9CNICOS<\/span><\/span><\/h3>\n<p style=\"padding-left: 40px;\">Duraci\u00f3n aproximada: 30 min (Ida y vuelta)<br \/>\nDistancia: 1\u00b46 km (Ida y vuelta)<br \/>\nTipo de ruta: Lineal<br \/>\nDificultad: F\u00e1cil<br \/>\nDesnivel: 6 m<br \/>\nCota m\u00e1xima: 1.243 m<br \/>\nCota m\u00ednima: 1.237 m<\/p>\n<\/div>\n<\/div>\n<\/div>\n<\/div>\n<\/div>\n<\/div>\n<div class=\"standard_wrapper\">\n<div  class=\"one_half last withsmallpadding ppb_text\" style=\"padding:30px 0 30px 0;\" >\n<div class=\"standard_wrapper\">\n<div class=\"page_content_wrapper\">\n<div class=\"inner\">\n<div style=\"margin:auto;width:100%\">\n<h3><span style=\"text-decoration: underline; color: #99cc00;\"><span style=\"color: #000000; text-decoration: underline;\">DATOS T\u00c9CNICOS<\/span><\/span><\/h3>\n<p style=\"padding-left: 40px;\">Duraci\u00f3n aproximada: 30 min (Ida y vuelta)<br \/>\nDistancia: 1\u00b46 km (Ida y vuelta)<br \/>\nTipo de ruta: Lineal<br \/>\nDificultad: F\u00e1cil<br \/>\nDesnivel: 6 m<br \/>\nCota m\u00e1xima: 1.243 m<br \/>\nCota m\u00ednima: 1.237 m<\/p>\n<\/div>\n<\/div>\n<\/div>\n<\/div>\n<\/div>\n<\/div>\n<div  class=\"one withsmallpadding ppb_text\" style=\"padding:30px;\" >\n<p><iframe loading=\"lazy\" src=\"https:\/\/www.google.com\/maps\/d\/embed?mid=1bjOmgZIaBGS0WRUkKkGZIHh0qtM7-A_v\" width=\"100%\" height=\"600\"><\/iframe><\/p>\n<\/div>\n<div  class=\"one withsmallpadding ppb_header \" style=\"text-align:left;padding:30px 0 30px 0;\" >\n<div class=\"standard_wrapper\">\n<div class=\"page_content_wrapper\">\n<div class=\"inner\">\n<div style=\"margin:auto;width:100%\">\n<h2 class=\"ppb_title\" style=\"\">DESCARGA LA RUTA<\/h2>\n<hr class=\"title_break left\" style=\"\"\/>\n<div class=\"ppb_header_content\">\n<p>Pincha en las diferentes versiones y desc\u00e1rgate la ruta, directamente a tu dispositivo gps o smartphone. \u00a1Camina con toda la info en tu mano!<\/p>\n<\/div>\n<\/div>\n<\/div>\n<\/div>\n<\/div>\n<\/div>\n<div class=\"standard_wrapper\">\n<div  class=\"one_third withsmallpadding ppb_text\" style=\"padding:30px 0 30px 0;\" >\n<div class=\"standard_wrapper\">\n<div class=\"page_content_wrapper\">\n<div class=\"inner\">\n<div style=\"margin:auto;width:100%\">\n<p><a href=\"https:\/\/drive.google.com\/file\/d\/12FSy-cM0ugBq0CzZCnKRPwDI8IH2QLsZ\/view?usp=sharing\"><img decoding=\"async\" loading=\"lazy\" class=\"size-full wp-image-12121 aligncenter\" src=\"http:\/\/3w.sienteomana.com\/wp-content\/uploads\/sites\/2\/2019\/04\/gpx1-e1556101291655.png\" alt=\"\" width=\"50\" height=\"107\" \/><\/a><\/p>\n<\/div>\n<\/div>\n<\/div>\n<\/div>\n<\/div>\n<\/div>\n<div class=\"standard_wrapper\">\n<div  class=\"one_third withsmallpadding ppb_text\" style=\"padding:30px 0 30px 0;\" >\n<div class=\"standard_wrapper\">\n<div class=\"page_content_wrapper\">\n<div class=\"inner\">\n<div style=\"margin:auto;width:100%\">\n<p><a href=\"https:\/\/drive.google.com\/file\/d\/1kPaNHmr58DveEkyqQOA76Zq-ynITr4J8\/view?usp=sharing\"><img decoding=\"async\" loading=\"lazy\" class=\"size-full wp-image-12120 aligncenter\" src=\"http:\/\/3w.sienteomana.com\/wp-content\/uploads\/sites\/2\/2019\/04\/kmz1-e1556101305482.png\" alt=\"\" width=\"50\" height=\"107\" \/><\/a><\/p>\n<\/div>\n<\/div>\n<\/div>\n<\/div>\n<\/div>\n<\/div>\n<div class=\"standard_wrapper\">\n<div  class=\"one_third last withsmallpadding ppb_text\" style=\"padding:30px 0 30px 0;\" >\n<div class=\"standard_wrapper\">\n<div class=\"page_content_wrapper\">\n<div class=\"inner\">\n<div style=\"margin:auto;width:100%\">\n<p><a href=\"https:\/\/www.google.com\/maps\/d\/edit?mid=1bjOmgZIaBGS0WRUkKkGZIHh0qtM7-A_v&#038;usp=sharing\"><img decoding=\"async\" loading=\"lazy\" class=\"size-full wp-image-12111 aligncenter\" src=\"http:\/\/3w.sienteomana.com\/wp-content\/uploads\/sites\/2\/2019\/04\/phone-e1556100835250.png\" alt=\"\" width=\"50\" height=\"107\" \/><\/a><\/p>\n<\/div>\n<\/div>\n<\/div>\n<\/div>\n<\/div>\n<\/div>\n","protected":false},"excerpt":{"rendered":"<p>DESDE POSADA DE OMAN\u0303A A TORRECILLO Distancia: 0,8 kil\u00f3metros Salimos por una sendero direcci\u00f3n El Pando (1719), al poco encontraremos un desv\u00edo a la izquierda y seguiremos llaneando hasta nuestra entrada en Torrecillo. \u00a0 DESDE POSADA DE OMAN\u0303A A TORRECILLO [&hellip;]<\/p>\n","protected":false},"author":1,"featured_media":0,"parent":0,"menu_order":0,"comment_status":"closed","ping_status":"closed","template":"","meta":{"inline_featured_image":false,"footnotes":""},"yoast_head":"<!-- This site is optimized with the Yoast SEO plugin v20.13 - https:\/\/yoast.com\/wordpress\/plugins\/seo\/ -->\n<title>DESDE POSADA DE OMAN\u0303A A TORRECILLO - (EN) Siente Oma\u00f1a<\/title>\n<meta name=\"robots\" content=\"index, follow, max-snippet:-1, max-image-preview:large, max-video-preview:-1\" \/>\n<link rel=\"canonical\" href=\"https:\/\/3w.sienteomana.com\/en\/desde-posada-de-oman\u0303a-a-torrecillo\/\" \/>\n<meta property=\"og:locale\" content=\"es_ES\" \/>\n<meta property=\"og:type\" content=\"article\" \/>\n<meta property=\"og:title\" content=\"DESDE POSADA DE OMAN\u0303A A TORRECILLO - (EN) Siente Oma\u00f1a\" \/>\n<meta property=\"og:description\" content=\"DESDE POSADA DE OMAN\u0303A A TORRECILLO Distancia: 0,8 kil\u00f3metros Salimos por una sendero direcci\u00f3n El Pando (1719), al poco encontraremos un desv\u00edo a la izquierda y seguiremos llaneando hasta nuestra entrada en Torrecillo. \u00a0 DESDE POSADA DE OMAN\u0303A A TORRECILLO [&hellip;]\" \/>\n<meta property=\"og:url\" content=\"https:\/\/3w.sienteomana.com\/en\/desde-posada-de-oman\u0303a-a-torrecillo\/\" \/>\n<meta property=\"og:site_name\" content=\"(EN) Siente Oma\u00f1a\" \/>\n<meta property=\"article:modified_time\" content=\"2021-09-23T11:21:05+00:00\" \/>\n<meta property=\"og:image\" content=\"http:\/\/3w.sienteomana.com\/wp-content\/uploads\/sites\/2\/2019\/04\/gpx1-e1556101291655.png\" \/>\n<meta name=\"twitter:card\" content=\"summary_large_image\" \/>\n<meta name=\"twitter:label1\" content=\"Tiempo de lectura\" \/>\n\t<meta name=\"twitter:data1\" content=\"1 minuto\" \/>\n<script type=\"application\/ld+json\" class=\"yoast-schema-graph\">{\"@context\":\"https:\/\/schema.org\",\"@graph\":[{\"@type\":\"WebPage\",\"@id\":\"https:\/\/3w.sienteomana.com\/en\/desde-posada-de-oman%cc%83a-a-torrecillo\/\",\"url\":\"https:\/\/3w.sienteomana.com\/en\/desde-posada-de-oman%cc%83a-a-torrecillo\/\",\"name\":\"DESDE POSADA DE OMAN\u0303A A TORRECILLO - (EN) Siente Oma\u00f1a\",\"isPartOf\":{\"@id\":\"https:\/\/3w.sienteomana.com\/en\/#website\"},\"datePublished\":\"2020-11-26T12:10:20+00:00\",\"dateModified\":\"2021-09-23T11:21:05+00:00\",\"breadcrumb\":{\"@id\":\"https:\/\/3w.sienteomana.com\/en\/desde-posada-de-oman%cc%83a-a-torrecillo\/#breadcrumb\"},\"inLanguage\":\"es\",\"potentialAction\":[{\"@type\":\"ReadAction\",\"target\":[\"https:\/\/3w.sienteomana.com\/en\/desde-posada-de-oman%cc%83a-a-torrecillo\/\"]}]},{\"@type\":\"BreadcrumbList\",\"@id\":\"https:\/\/3w.sienteomana.com\/en\/desde-posada-de-oman%cc%83a-a-torrecillo\/#breadcrumb\",\"itemListElement\":[{\"@type\":\"ListItem\",\"position\":1,\"name\":\"Home\",\"item\":\"https:\/\/3w.sienteomana.com\/en\/\"},{\"@type\":\"ListItem\",\"position\":2,\"name\":\"DESDE POSADA DE OMAN\u0303A A TORRECILLO\"}]},{\"@type\":\"WebSite\",\"@id\":\"https:\/\/3w.sienteomana.com\/en\/#website\",\"url\":\"https:\/\/3w.sienteomana.com\/en\/\",\"name\":\"(EN) Siente Oma\u00f1a\",\"description\":\"Oma\u00f1a\",\"potentialAction\":[{\"@type\":\"SearchAction\",\"target\":{\"@type\":\"EntryPoint\",\"urlTemplate\":\"https:\/\/3w.sienteomana.com\/en\/?s={search_term_string}\"},\"query-input\":\"required name=search_term_string\"}],\"inLanguage\":\"es\"}]}<\/script>\n<!-- \/ Yoast SEO plugin. -->","yoast_head_json":{"title":"DESDE POSADA DE OMAN\u0303A A TORRECILLO - (EN) Siente Oma\u00f1a","robots":{"index":"index","follow":"follow","max-snippet":"max-snippet:-1","max-image-preview":"max-image-preview:large","max-video-preview":"max-video-preview:-1"},"canonical":"https:\/\/3w.sienteomana.com\/en\/desde-posada-de-oman\u0303a-a-torrecillo\/","og_locale":"es_ES","og_type":"article","og_title":"DESDE POSADA DE OMAN\u0303A A TORRECILLO - (EN) Siente Oma\u00f1a","og_description":"DESDE POSADA DE OMAN\u0303A A TORRECILLO Distancia: 0,8 kil\u00f3metros Salimos por una sendero direcci\u00f3n El Pando (1719), al poco encontraremos un desv\u00edo a la izquierda y seguiremos llaneando hasta nuestra entrada en Torrecillo. \u00a0 DESDE POSADA DE OMAN\u0303A A TORRECILLO [&hellip;]","og_url":"https:\/\/3w.sienteomana.com\/en\/desde-posada-de-oman\u0303a-a-torrecillo\/","og_site_name":"(EN) Siente Oma\u00f1a","article_modified_time":"2021-09-23T11:21:05+00:00","og_image":[{"url":"http:\/\/3w.sienteomana.com\/wp-content\/uploads\/sites\/2\/2019\/04\/gpx1-e1556101291655.png"}],"twitter_card":"summary_large_image","twitter_misc":{"Tiempo de lectura":"1 minuto"},"schema":{"@context":"https:\/\/schema.org","@graph":[{"@type":"WebPage","@id":"https:\/\/3w.sienteomana.com\/en\/desde-posada-de-oman%cc%83a-a-torrecillo\/","url":"https:\/\/3w.sienteomana.com\/en\/desde-posada-de-oman%cc%83a-a-torrecillo\/","name":"DESDE POSADA DE OMAN\u0303A A TORRECILLO - (EN) Siente Oma\u00f1a","isPartOf":{"@id":"https:\/\/3w.sienteomana.com\/en\/#website"},"datePublished":"2020-11-26T12:10:20+00:00","dateModified":"2021-09-23T11:21:05+00:00","breadcrumb":{"@id":"https:\/\/3w.sienteomana.com\/en\/desde-posada-de-oman%cc%83a-a-torrecillo\/#breadcrumb"},"inLanguage":"es","potentialAction":[{"@type":"ReadAction","target":["https:\/\/3w.sienteomana.com\/en\/desde-posada-de-oman%cc%83a-a-torrecillo\/"]}]},{"@type":"BreadcrumbList","@id":"https:\/\/3w.sienteomana.com\/en\/desde-posada-de-oman%cc%83a-a-torrecillo\/#breadcrumb","itemListElement":[{"@type":"ListItem","position":1,"name":"Home","item":"https:\/\/3w.sienteomana.com\/en\/"},{"@type":"ListItem","position":2,"name":"DESDE POSADA DE OMAN\u0303A A TORRECILLO"}]},{"@type":"WebSite","@id":"https:\/\/3w.sienteomana.com\/en\/#website","url":"https:\/\/3w.sienteomana.com\/en\/","name":"(EN) Siente Oma\u00f1a","description":"Oma\u00f1a","potentialAction":[{"@type":"SearchAction","target":{"@type":"EntryPoint","urlTemplate":"https:\/\/3w.sienteomana.com\/en\/?s={search_term_string}"},"query-input":"required name=search_term_string"}],"inLanguage":"es"}]}},"_links":{"self":[{"href":"https:\/\/3w.sienteomana.com\/en\/wp-json\/wp\/v2\/pages\/13037"}],"collection":[{"href":"https:\/\/3w.sienteomana.com\/en\/wp-json\/wp\/v2\/pages"}],"about":[{"href":"https:\/\/3w.sienteomana.com\/en\/wp-json\/wp\/v2\/types\/page"}],"author":[{"embeddable":true,"href":"https:\/\/3w.sienteomana.com\/en\/wp-json\/wp\/v2\/users\/1"}],"replies":[{"embeddable":true,"href":"https:\/\/3w.sienteomana.com\/en\/wp-json\/wp\/v2\/comments?post=13037"}],"version-history":[{"count":14,"href":"https:\/\/3w.sienteomana.com\/en\/wp-json\/wp\/v2\/pages\/13037\/revisions"}],"predecessor-version":[{"id":14172,"href":"https:\/\/3w.sienteomana.com\/en\/wp-json\/wp\/v2\/pages\/13037\/revisions\/14172"}],"wp:attachment":[{"href":"https:\/\/3w.sienteomana.com\/en\/wp-json\/wp\/v2\/media?parent=13037"}],"curies":[{"name":"wp","href":"https:\/\/api.w.org\/{rel}","templated":true}]}}