{"id":13048,"date":"2020-11-26T12:15:55","date_gmt":"2020-11-26T12:15:55","guid":{"rendered":"https:\/\/3w.sienteomana.com\/en\/?page_id=13048"},"modified":"2021-08-31T15:21:54","modified_gmt":"2021-08-31T15:21:54","slug":"pozo-llao-desde-montrondo","status":"publish","type":"page","link":"https:\/\/3w.sienteomana.com\/en\/pozo-llao-desde-montrondo\/","title":{"rendered":"POZO LLAO DESDE MONTRONDO"},"content":{"rendered":"<div class=\"standard_wrapper\">\n<div  class=\"one_half withsmallpadding ppb_text\" style=\"padding:30px 0 30px 0;\" >\n<div class=\"standard_wrapper\">\n<div class=\"page_content_wrapper\">\n<div class=\"inner\">\n<div style=\"margin:auto;width:100%\">\n<h1 style=\"text-align: justify;\"><span style=\"color: #99cc00;\">POZO LLAO DESDE MONTRONDO<br \/>\n<\/span><\/h1>\n<p style=\"text-align: justify;\">Partimos desde Montrondo, desde la fuente que encontramos al final del pueblo, y seguimos por el camino valle arriba. Pasamos por el puente que encontramos sobre el r\u00edo Oma\u00f1a y nos adentramos por la ruta se\u00f1alizada denominada \u201cLas Fuentes del Oma\u00f1a\u201d. Tras un recorrido de unos 4 kil\u00f3metros desde el inicio de la ruta llegamos a la fuente del Cuadro.<\/p>\n<p>Un poco m\u00e1s adelante, a unos 550 metros, encontramos un sendero que se desv\u00eda a la izquierda y comenzamos a ascender como si subi\u00e9ramos al Tambar\u00f3n, pero tras recorrer casi dos kil\u00f3metros en zig-zag entre el matorral de urces, encontraremos el Pozo Llao.<br \/>\nPara regresar a Montrondo volveremos por el mismo camino.<\/p>\n<p>\u00a0<\/p>\n<\/div>\n<\/div>\n<\/div>\n<\/div>\n<\/div>\n<\/div>\n<div class=\"standard_wrapper\">\n<div  class=\"one_half withsmallpadding ppb_text\" style=\"padding:30px 0 30px 0;\" >\n<div class=\"standard_wrapper\">\n<div class=\"page_content_wrapper\">\n<div class=\"inner\">\n<div style=\"margin:auto;width:100%\">\n<h1 style=\"text-align: justify;\"><span style=\"color: #99cc00;\">POZO LLAO DESDE MONTRONDO<br \/>\n<\/span><\/h1>\n<p style=\"text-align: justify;\">Partimos desde Montrondo, desde la fuente que encontramos al final del pueblo, y seguimos por el camino valle arriba. Pasamos por el puente que encontramos sobre el r\u00edo Oma\u00f1a y nos adentramos por la ruta se\u00f1alizada denominada \u201cLas Fuentes del Oma\u00f1a\u201d. Tras un recorrido de unos 4 kil\u00f3metros desde el inicio de la ruta llegamos a la fuente del Cuadro.<\/p>\n<p>Un poco m\u00e1s adelante, a unos 550 metros, encontramos un sendero que se desv\u00eda a la izquierda y comenzamos a ascender como si subi\u00e9ramos al Tambar\u00f3n, pero tras recorrer casi dos kil\u00f3metros en zig-zag entre el matorral de urces, encontraremos el Pozo Llao.<br \/>\nPara regresar a Montrondo volveremos por el mismo camino.<\/p>\n<p>\u00a0<\/p>\n<\/div>\n<\/div>\n<\/div>\n<\/div>\n<\/div>\n<\/div>\n<div class=\"standard_wrapper\">\n<div  class=\"one_half withsmallpadding ppb_text\" style=\"padding:30px 0 30px 0;\" >\n<div class=\"standard_wrapper\">\n<div class=\"page_content_wrapper\">\n<div class=\"inner\">\n<div style=\"margin:auto;width:100%\">\n<h1 style=\"text-align: justify;\"><span style=\"color: #99cc00;\">POZO LLAO DESDE MONTRONDO<br \/>\n<\/span><\/h1>\n<p style=\"text-align: justify;\">Partimos desde Montrondo, desde la fuente que encontramos al final del pueblo, y seguimos por el camino valle arriba. Pasamos por el puente que encontramos sobre el r\u00edo Oma\u00f1a y nos adentramos por la ruta se\u00f1alizada denominada \u201cLas Fuentes del Oma\u00f1a\u201d. Tras un recorrido de unos 4 kil\u00f3metros desde el inicio de la ruta llegamos a la fuente del Cuadro.<\/p>\n<p>Un poco m\u00e1s adelante, a unos 550 metros, encontramos un sendero que se desv\u00eda a la izquierda y comenzamos a ascender como si subi\u00e9ramos al Tambar\u00f3n, pero tras recorrer casi dos kil\u00f3metros en zig-zag entre el matorral de urces, encontraremos el Pozo Llao.<br \/>\nPara regresar a Montrondo volveremos por el mismo camino.<\/p>\n<p>\u00a0<\/p>\n<\/div>\n<\/div>\n<\/div>\n<\/div>\n<\/div>\n<\/div>\n<div class=\"standard_wrapper\">\n<div  class=\"one_half withsmallpadding ppb_text\" style=\"padding:30px 0 30px 0;\" >\n<div class=\"standard_wrapper\">\n<div class=\"page_content_wrapper\">\n<div class=\"inner\">\n<div style=\"margin:auto;width:100%\">\n<h3><span style=\"text-decoration: underline; color: #000000;\">MUNICIPIO<\/span><\/h3>\n<p style=\"padding-left: 30px;\">Murias de Paredes<\/p>\n<h3><span style=\"text-decoration: underline; color: #000000;\">TIPO DE SENDA<\/span><\/h3>\n<p style=\"padding-left: 30px;\">Peatonal con tramos para cicloturismo (BTT)<\/p>\n<p style=\"padding-left: 30px;\">\n<\/div>\n<\/div>\n<\/div>\n<\/div>\n<\/div>\n<\/div>\n<div class=\"standard_wrapper\">\n<div  class=\"one_half last withsmallpadding ppb_text\" style=\"padding:30px 0 30px 0;\" >\n<div class=\"standard_wrapper\">\n<div class=\"page_content_wrapper\">\n<div class=\"inner\">\n<div style=\"margin:auto;width:100%\">\n<h3><span style=\"text-decoration: underline; color: #99cc00;\"><span style=\"color: #000000; text-decoration: underline;\">DATOS T\u00c9CNICOS<\/span><\/span><\/h3>\n<p style=\"padding-left: 40px;\">Duraci\u00f3n aproximada: 5 h 15 min (Ida y vuelta)<br \/>\nDistancia: 13\u00b42 km (Ida y vuelta)<br \/>\nTipo de ruta: Lineal<br \/>\nDificultad: Media<br \/>\nDesnivel: 492 m<br \/>\nCota m\u00e1xima: 1.775 m<br \/>\nCota m\u00ednima: 1.283 m<\/p>\n<\/div>\n<\/div>\n<\/div>\n<\/div>\n<\/div>\n<\/div>\n<div class=\"standard_wrapper\">\n<div  class=\"one_half last withsmallpadding ppb_text\" style=\"padding:30px 0 30px 0;\" >\n<div class=\"standard_wrapper\">\n<div class=\"page_content_wrapper\">\n<div class=\"inner\">\n<div style=\"margin:auto;width:100%\">\n<h3><span style=\"text-decoration: underline; color: #99cc00;\"><span style=\"color: #000000; text-decoration: underline;\">DATOS T\u00c9CNICOS<\/span><\/span><\/h3>\n<p style=\"padding-left: 40px;\">Duraci\u00f3n aproximada: 5 h 15 min (Ida y vuelta)<br \/>\nDistancia: 13\u00b42 km (Ida y vuelta)<br \/>\nTipo de ruta: Lineal<br \/>\nDificultad: Media<br \/>\nDesnivel: 492 m<br \/>\nCota m\u00e1xima: 1.775 m<br \/>\nCota m\u00ednima: 1.283 m<\/p>\n<\/div>\n<\/div>\n<\/div>\n<\/div>\n<\/div>\n<\/div>\n<div  class=\"one withsmallpadding ppb_text\" style=\"padding:30px;\" >\n<p><iframe loading=\"lazy\" src=\"https:\/\/www.google.com\/maps\/d\/embed?mid=1iOW6N4iUp-LDmMSogMSvQPXdzJfC1hXq\" width=\"100%\" height=\"600\"><\/iframe><\/p>\n<\/div>\n<div  class=\"one withsmallpadding ppb_header \" style=\"text-align:left;padding:30px 0 30px 0;\" >\n<div class=\"standard_wrapper\">\n<div class=\"page_content_wrapper\">\n<div class=\"inner\">\n<div style=\"margin:auto;width:100%\">\n<h2 class=\"ppb_title\" style=\"\">DESCARGA LA RUTA<\/h2>\n<hr class=\"title_break left\" style=\"\"\/>\n<div class=\"ppb_header_content\">\n<p>Pincha en las diferentes versiones y desc\u00e1rgate la ruta, directamente a tu dispositivo gps o smartphone. \u00a1Camina con toda la info en tu mano!<\/p>\n<\/div>\n<\/div>\n<\/div>\n<\/div>\n<\/div>\n<\/div>\n<div class=\"standard_wrapper\">\n<div  class=\"one_third withsmallpadding ppb_text\" style=\"padding:30px 0 30px 0;\" >\n<div class=\"standard_wrapper\">\n<div class=\"page_content_wrapper\">\n<div class=\"inner\">\n<div style=\"margin:auto;width:100%\">\n<p><a href=\"https:\/\/drive.google.com\/file\/d\/1xmcCr_VhW_-_o8TALY0AmUtJFWz8hBO4\/view?usp=sharing\"><img decoding=\"async\" loading=\"lazy\" class=\"size-full wp-image-12121 aligncenter\" src=\"http:\/\/3w.sienteomana.com\/wp-content\/uploads\/sites\/2\/2019\/04\/gpx1-e1556101291655.png\" alt=\"\" width=\"50\" height=\"107\" \/><\/a><\/p>\n<\/div>\n<\/div>\n<\/div>\n<\/div>\n<\/div>\n<\/div>\n<div class=\"standard_wrapper\">\n<div  class=\"one_third withsmallpadding ppb_text\" style=\"padding:30px 0 30px 0;\" >\n<div class=\"standard_wrapper\">\n<div class=\"page_content_wrapper\">\n<div class=\"inner\">\n<div style=\"margin:auto;width:100%\">\n<p><a href=\"https:\/\/drive.google.com\/file\/d\/1o8Dx6MeGJmLc53VZLyEj7WdeagyThtZ0\/view?usp=sharing\"><img decoding=\"async\" loading=\"lazy\" class=\"size-full wp-image-12120 aligncenter\" src=\"http:\/\/3w.sienteomana.com\/wp-content\/uploads\/sites\/2\/2019\/04\/kmz1-e1556101305482.png\" alt=\"\" width=\"50\" height=\"107\" \/><\/a><\/p>\n<\/div>\n<\/div>\n<\/div>\n<\/div>\n<\/div>\n<\/div>\n<div class=\"standard_wrapper\">\n<div  class=\"one_third last withsmallpadding ppb_text\" style=\"padding:30px 0 30px 0;\" >\n<div class=\"standard_wrapper\">\n<div class=\"page_content_wrapper\">\n<div class=\"inner\">\n<div style=\"margin:auto;width:100%\">\n<p><a href=\"https:\/\/www.google.com\/maps\/d\/edit?mid=1iOW6N4iUp-LDmMSogMSvQPXdzJfC1hXq&#038;usp=sharing\"><img decoding=\"async\" loading=\"lazy\" class=\"size-full wp-image-12111 aligncenter\" src=\"http:\/\/3w.sienteomana.com\/wp-content\/uploads\/sites\/2\/2019\/04\/phone-e1556100835250.png\" alt=\"\" width=\"50\" height=\"107\" \/><\/a><\/p>\n<\/div>\n<\/div>\n<\/div>\n<\/div>\n<\/div>\n<\/div>\n","protected":false},"excerpt":{"rendered":"<p>POZO LLAO DESDE MONTRONDO Partimos desde Montrondo, desde la fuente que encontramos al final del pueblo, y seguimos por el camino valle arriba. Pasamos por el puente que encontramos sobre el r\u00edo Oma\u00f1a y nos adentramos por la ruta se\u00f1alizada [&hellip;]<\/p>\n","protected":false},"author":1,"featured_media":0,"parent":0,"menu_order":0,"comment_status":"closed","ping_status":"closed","template":"","meta":{"inline_featured_image":false,"footnotes":""},"yoast_head":"<!-- This site is optimized with the Yoast SEO plugin v20.13 - https:\/\/yoast.com\/wordpress\/plugins\/seo\/ -->\n<title>POZO LLAO DESDE MONTRONDO - (EN) Siente Oma\u00f1a<\/title>\n<meta name=\"robots\" content=\"index, follow, max-snippet:-1, max-image-preview:large, max-video-preview:-1\" \/>\n<link rel=\"canonical\" href=\"https:\/\/3w.sienteomana.com\/en\/pozo-llao-desde-montrondo\/\" \/>\n<meta property=\"og:locale\" content=\"es_ES\" \/>\n<meta property=\"og:type\" content=\"article\" \/>\n<meta property=\"og:title\" content=\"POZO LLAO DESDE MONTRONDO - (EN) Siente Oma\u00f1a\" \/>\n<meta property=\"og:description\" content=\"POZO LLAO DESDE MONTRONDO Partimos desde Montrondo, desde la fuente que encontramos al final del pueblo, y seguimos por el camino valle arriba. Pasamos por el puente que encontramos sobre el r\u00edo Oma\u00f1a y nos adentramos por la ruta se\u00f1alizada [&hellip;]\" \/>\n<meta property=\"og:url\" content=\"https:\/\/3w.sienteomana.com\/en\/pozo-llao-desde-montrondo\/\" \/>\n<meta property=\"og:site_name\" content=\"(EN) Siente Oma\u00f1a\" \/>\n<meta property=\"article:modified_time\" content=\"2021-08-31T15:21:54+00:00\" \/>\n<meta property=\"og:image\" content=\"http:\/\/3w.sienteomana.com\/wp-content\/uploads\/sites\/2\/2019\/04\/gpx1-e1556101291655.png\" \/>\n<meta name=\"twitter:card\" content=\"summary_large_image\" \/>\n<meta name=\"twitter:label1\" content=\"Tiempo de lectura\" \/>\n\t<meta name=\"twitter:data1\" content=\"2 minutos\" \/>\n<script type=\"application\/ld+json\" class=\"yoast-schema-graph\">{\"@context\":\"https:\/\/schema.org\",\"@graph\":[{\"@type\":\"WebPage\",\"@id\":\"https:\/\/3w.sienteomana.com\/en\/pozo-llao-desde-montrondo\/\",\"url\":\"https:\/\/3w.sienteomana.com\/en\/pozo-llao-desde-montrondo\/\",\"name\":\"POZO LLAO DESDE MONTRONDO - (EN) Siente Oma\u00f1a\",\"isPartOf\":{\"@id\":\"https:\/\/3w.sienteomana.com\/en\/#website\"},\"datePublished\":\"2020-11-26T12:15:55+00:00\",\"dateModified\":\"2021-08-31T15:21:54+00:00\",\"breadcrumb\":{\"@id\":\"https:\/\/3w.sienteomana.com\/en\/pozo-llao-desde-montrondo\/#breadcrumb\"},\"inLanguage\":\"es\",\"potentialAction\":[{\"@type\":\"ReadAction\",\"target\":[\"https:\/\/3w.sienteomana.com\/en\/pozo-llao-desde-montrondo\/\"]}]},{\"@type\":\"BreadcrumbList\",\"@id\":\"https:\/\/3w.sienteomana.com\/en\/pozo-llao-desde-montrondo\/#breadcrumb\",\"itemListElement\":[{\"@type\":\"ListItem\",\"position\":1,\"name\":\"Home\",\"item\":\"https:\/\/3w.sienteomana.com\/en\/\"},{\"@type\":\"ListItem\",\"position\":2,\"name\":\"POZO LLAO DESDE MONTRONDO\"}]},{\"@type\":\"WebSite\",\"@id\":\"https:\/\/3w.sienteomana.com\/en\/#website\",\"url\":\"https:\/\/3w.sienteomana.com\/en\/\",\"name\":\"(EN) Siente Oma\u00f1a\",\"description\":\"Oma\u00f1a\",\"potentialAction\":[{\"@type\":\"SearchAction\",\"target\":{\"@type\":\"EntryPoint\",\"urlTemplate\":\"https:\/\/3w.sienteomana.com\/en\/?s={search_term_string}\"},\"query-input\":\"required name=search_term_string\"}],\"inLanguage\":\"es\"}]}<\/script>\n<!-- \/ Yoast SEO plugin. -->","yoast_head_json":{"title":"POZO LLAO DESDE MONTRONDO - (EN) Siente Oma\u00f1a","robots":{"index":"index","follow":"follow","max-snippet":"max-snippet:-1","max-image-preview":"max-image-preview:large","max-video-preview":"max-video-preview:-1"},"canonical":"https:\/\/3w.sienteomana.com\/en\/pozo-llao-desde-montrondo\/","og_locale":"es_ES","og_type":"article","og_title":"POZO LLAO DESDE MONTRONDO - (EN) Siente Oma\u00f1a","og_description":"POZO LLAO DESDE MONTRONDO Partimos desde Montrondo, desde la fuente que encontramos al final del pueblo, y seguimos por el camino valle arriba. Pasamos por el puente que encontramos sobre el r\u00edo Oma\u00f1a y nos adentramos por la ruta se\u00f1alizada [&hellip;]","og_url":"https:\/\/3w.sienteomana.com\/en\/pozo-llao-desde-montrondo\/","og_site_name":"(EN) Siente Oma\u00f1a","article_modified_time":"2021-08-31T15:21:54+00:00","og_image":[{"url":"http:\/\/3w.sienteomana.com\/wp-content\/uploads\/sites\/2\/2019\/04\/gpx1-e1556101291655.png"}],"twitter_card":"summary_large_image","twitter_misc":{"Tiempo de lectura":"2 minutos"},"schema":{"@context":"https:\/\/schema.org","@graph":[{"@type":"WebPage","@id":"https:\/\/3w.sienteomana.com\/en\/pozo-llao-desde-montrondo\/","url":"https:\/\/3w.sienteomana.com\/en\/pozo-llao-desde-montrondo\/","name":"POZO LLAO DESDE MONTRONDO - (EN) Siente Oma\u00f1a","isPartOf":{"@id":"https:\/\/3w.sienteomana.com\/en\/#website"},"datePublished":"2020-11-26T12:15:55+00:00","dateModified":"2021-08-31T15:21:54+00:00","breadcrumb":{"@id":"https:\/\/3w.sienteomana.com\/en\/pozo-llao-desde-montrondo\/#breadcrumb"},"inLanguage":"es","potentialAction":[{"@type":"ReadAction","target":["https:\/\/3w.sienteomana.com\/en\/pozo-llao-desde-montrondo\/"]}]},{"@type":"BreadcrumbList","@id":"https:\/\/3w.sienteomana.com\/en\/pozo-llao-desde-montrondo\/#breadcrumb","itemListElement":[{"@type":"ListItem","position":1,"name":"Home","item":"https:\/\/3w.sienteomana.com\/en\/"},{"@type":"ListItem","position":2,"name":"POZO LLAO DESDE MONTRONDO"}]},{"@type":"WebSite","@id":"https:\/\/3w.sienteomana.com\/en\/#website","url":"https:\/\/3w.sienteomana.com\/en\/","name":"(EN) Siente Oma\u00f1a","description":"Oma\u00f1a","potentialAction":[{"@type":"SearchAction","target":{"@type":"EntryPoint","urlTemplate":"https:\/\/3w.sienteomana.com\/en\/?s={search_term_string}"},"query-input":"required name=search_term_string"}],"inLanguage":"es"}]}},"_links":{"self":[{"href":"https:\/\/3w.sienteomana.com\/en\/wp-json\/wp\/v2\/pages\/13048"}],"collection":[{"href":"https:\/\/3w.sienteomana.com\/en\/wp-json\/wp\/v2\/pages"}],"about":[{"href":"https:\/\/3w.sienteomana.com\/en\/wp-json\/wp\/v2\/types\/page"}],"author":[{"embeddable":true,"href":"https:\/\/3w.sienteomana.com\/en\/wp-json\/wp\/v2\/users\/1"}],"replies":[{"embeddable":true,"href":"https:\/\/3w.sienteomana.com\/en\/wp-json\/wp\/v2\/comments?post=13048"}],"version-history":[{"count":19,"href":"https:\/\/3w.sienteomana.com\/en\/wp-json\/wp\/v2\/pages\/13048\/revisions"}],"predecessor-version":[{"id":14028,"href":"https:\/\/3w.sienteomana.com\/en\/wp-json\/wp\/v2\/pages\/13048\/revisions\/14028"}],"wp:attachment":[{"href":"https:\/\/3w.sienteomana.com\/en\/wp-json\/wp\/v2\/media?parent=13048"}],"curies":[{"name":"wp","href":"https:\/\/api.w.org\/{rel}","templated":true}]}}