{"id":13063,"date":"2020-11-26T12:21:19","date_gmt":"2020-11-26T12:21:19","guid":{"rendered":"https:\/\/3w.sienteomana.com\/en\/?page_id=13063"},"modified":"2021-08-27T12:09:00","modified_gmt":"2021-08-27T12:09:00","slug":"puerto-de-la-magdalena-tambaron-murias-de-paredes","status":"publish","type":"page","link":"https:\/\/3w.sienteomana.com\/en\/puerto-de-la-magdalena-tambaron-murias-de-paredes\/","title":{"rendered":"PUERTO DE LA MAGDALENA &#8211; TAMBARO\u0301N &#8211; MURIAS DE PAREDES"},"content":{"rendered":"<div class=\"standard_wrapper\">\n<div  class=\"one_half withsmallpadding ppb_text\" style=\"padding:30px 0 30px 0;\" >\n<div class=\"standard_wrapper\">\n<div class=\"page_content_wrapper\">\n<div class=\"inner\">\n<div style=\"margin:auto;width:100%\">\n<h1 style=\"text-align: left;\"><span style=\"color: #99cc00;\">PUERTO DE LA MAGDALENA &#8211; TAMBARO\u0301N &#8211; MURIAS DE PAREDES<br \/>\n<\/span><\/h1>\n<p style=\"text-align: justify;\">La ruta comienza en el Puerto de La Magdalena, donde podremos dejar el coche sin ning\u00fan problema.<\/p>\n<p style=\"text-align: justify;\">Cogeremos la pista forestal en direcci\u00f3n noroeste que bordea la base de la monta\u00f1a, con este recorrido podremos observar el Abedular del Fasgar\u00f3n, y comenzamos a adentrarnos en el valle que nos lleva a los prados del Fasgar\u00f3n.<\/p>\n<p style=\"text-align: justify;\">Continuamos la pista adentr\u00e1ndonos en el primer repecho, profundizando en la loma que separa el valle del Fasgar\u00f3n con el valle de Vivero. Por esta pista seguiremos ascendiendo hasta la finca del Mular.<\/p>\n<p style=\"text-align: justify;\">Desde aqu\u00ed, siguiendo la valla met\u00e1lica de la finca del Mular, comenzaremos a bajar en direcci\u00f3n al pueblo de Salientes hasta encontrar un camino que nos permite cruzar la valla.<\/p>\n<p style=\"text-align: justify;\">De nuevo ascendemos hasta llegar a un tramo llano y una \u00faltima cuesta hasta el Tambar\u00f3n (2.099 m). Despu\u00e9s seguiremos recto hasta llegar a la Pe\u00f1ona y encontrar un camino a nuestra izquierda que nos ir\u00e1 bajando hasta la Fuente del Cuadro cerca de la Caba\u00f1a del Mular.<\/p>\n<p style=\"text-align: justify;\">Cogeremos la ruta que sigue la ruta de las Fuentes del Oma\u00f1a e iremos hacia atr\u00e1s en direcci\u00f3n Montrondo.<\/p>\n<p style=\"text-align: justify;\">Desde Montrondo seguiremos la carretera hasta el principio del pueblo y desde all\u00ed, a menos de un kil\u00f3metro, llegaremos a Murias de Paredes.<\/p>\n<p style=\"text-align: justify;\">Desde Murias, seguiremos la carretera hacia Villablino y una vez pasada la Farmacia seguiremos por esa calle hasta entrar en una senda que discurre por el monte Cubich\u00f3n (1516 m). Seguimos el camino, por el cual encontraremos la Fuente del Bombo, hasta llegar al Puerto de La Magdalena, donde hemos dejado el coche al principio.<\/p>\n<p>\u00a0<\/p>\n<\/div>\n<\/div>\n<\/div>\n<\/div>\n<\/div>\n<\/div>\n<div class=\"standard_wrapper\">\n<div  class=\"one_half withsmallpadding ppb_text\" style=\"padding:30px 0 30px 0;\" >\n<div class=\"standard_wrapper\">\n<div class=\"page_content_wrapper\">\n<div class=\"inner\">\n<div style=\"margin:auto;width:100%\">\n<h1 style=\"text-align: left;\"><span style=\"color: #99cc00;\">PUERTO DE LA MAGDALENA &#8211; TAMBARO\u0301N &#8211; MURIAS DE PAREDES<br \/>\n<\/span><\/h1>\n<p style=\"text-align: justify;\">La ruta comienza en el Puerto de La Magdalena, donde podremos dejar el coche sin ning\u00fan problema.<\/p>\n<p style=\"text-align: justify;\">Cogeremos la pista forestal en direcci\u00f3n noroeste que bordea la base de la monta\u00f1a, con este recorrido podremos observar el Abedular del Fasgar\u00f3n, y comenzamos a adentrarnos en el valle que nos lleva a los prados del Fasgar\u00f3n.<\/p>\n<p style=\"text-align: justify;\">Continuamos la pista adentr\u00e1ndonos en el primer repecho, profundizando en la loma que separa el valle del Fasgar\u00f3n con el valle de Vivero. Por esta pista seguiremos ascendiendo hasta la finca del Mular.<\/p>\n<p style=\"text-align: justify;\">Desde aqu\u00ed, siguiendo la valla met\u00e1lica de la finca del Mular, comenzaremos a bajar en direcci\u00f3n al pueblo de Salientes hasta encontrar un camino que nos permite cruzar la valla.<\/p>\n<p style=\"text-align: justify;\">De nuevo ascendemos hasta llegar a un tramo llano y una \u00faltima cuesta hasta el Tambar\u00f3n (2.099 m). Despu\u00e9s seguiremos recto hasta llegar a la Pe\u00f1ona y encontrar un camino a nuestra izquierda que nos ir\u00e1 bajando hasta la Fuente del Cuadro cerca de la Caba\u00f1a del Mular.<\/p>\n<p style=\"text-align: justify;\">Cogeremos la ruta que sigue la ruta de las Fuentes del Oma\u00f1a e iremos hacia atr\u00e1s en direcci\u00f3n Montrondo.<\/p>\n<p style=\"text-align: justify;\">Desde Montrondo seguiremos la carretera hasta el principio del pueblo y desde all\u00ed, a menos de un kil\u00f3metro, llegaremos a Murias de Paredes.<\/p>\n<p style=\"text-align: justify;\">Desde Murias, seguiremos la carretera hacia Villablino y una vez pasada la Farmacia seguiremos por esa calle hasta entrar en una senda que discurre por el monte Cubich\u00f3n (1516 m). Seguimos el camino, por el cual encontraremos la Fuente del Bombo, hasta llegar al Puerto de La Magdalena, donde hemos dejado el coche al principio.<\/p>\n<p>\u00a0<\/p>\n<\/div>\n<\/div>\n<\/div>\n<\/div>\n<\/div>\n<\/div>\n<div class=\"standard_wrapper\">\n<div  class=\"one_half withsmallpadding ppb_text\" style=\"padding:30px 0 30px 0;\" >\n<div class=\"standard_wrapper\">\n<div class=\"page_content_wrapper\">\n<div class=\"inner\">\n<div style=\"margin:auto;width:100%\">\n<h1 style=\"text-align: left;\"><span style=\"color: #99cc00;\">PUERTO DE LA MAGDALENA &#8211; TAMBARO\u0301N &#8211; MURIAS DE PAREDES<br \/>\n<\/span><\/h1>\n<p style=\"text-align: justify;\">La ruta comienza en el Puerto de La Magdalena, donde podremos dejar el coche sin ning\u00fan problema.<\/p>\n<p style=\"text-align: justify;\">Cogeremos la pista forestal en direcci\u00f3n noroeste que bordea la base de la monta\u00f1a, con este recorrido podremos observar el Abedular del Fasgar\u00f3n, y comenzamos a adentrarnos en el valle que nos lleva a los prados del Fasgar\u00f3n.<\/p>\n<p style=\"text-align: justify;\">Continuamos la pista adentr\u00e1ndonos en el primer repecho, profundizando en la loma que separa el valle del Fasgar\u00f3n con el valle de Vivero. Por esta pista seguiremos ascendiendo hasta la finca del Mular.<\/p>\n<p style=\"text-align: justify;\">Desde aqu\u00ed, siguiendo la valla met\u00e1lica de la finca del Mular, comenzaremos a bajar en direcci\u00f3n al pueblo de Salientes hasta encontrar un camino que nos permite cruzar la valla.<\/p>\n<p style=\"text-align: justify;\">De nuevo ascendemos hasta llegar a un tramo llano y una \u00faltima cuesta hasta el Tambar\u00f3n (2.099 m). Despu\u00e9s seguiremos recto hasta llegar a la Pe\u00f1ona y encontrar un camino a nuestra izquierda que nos ir\u00e1 bajando hasta la Fuente del Cuadro cerca de la Caba\u00f1a del Mular.<\/p>\n<p style=\"text-align: justify;\">Cogeremos la ruta que sigue la ruta de las Fuentes del Oma\u00f1a e iremos hacia atr\u00e1s en direcci\u00f3n Montrondo.<\/p>\n<p style=\"text-align: justify;\">Desde Montrondo seguiremos la carretera hasta el principio del pueblo y desde all\u00ed, a menos de un kil\u00f3metro, llegaremos a Murias de Paredes.<\/p>\n<p style=\"text-align: justify;\">Desde Murias, seguiremos la carretera hacia Villablino y una vez pasada la Farmacia seguiremos por esa calle hasta entrar en una senda que discurre por el monte Cubich\u00f3n (1516 m). Seguimos el camino, por el cual encontraremos la Fuente del Bombo, hasta llegar al Puerto de La Magdalena, donde hemos dejado el coche al principio.<\/p>\n<p>\u00a0<\/p>\n<\/div>\n<\/div>\n<\/div>\n<\/div>\n<\/div>\n<\/div>\n<div class=\"standard_wrapper\">\n<div  class=\"one_half withsmallpadding ppb_text\" style=\"padding:30px 0 30px 0;\" >\n<div class=\"standard_wrapper\">\n<div class=\"page_content_wrapper\">\n<div class=\"inner\">\n<div style=\"margin:auto;width:100%\">\n<h3><span style=\"text-decoration: underline; color: #000000;\">MUNICIPIO<\/span><\/h3>\n<p style=\"padding-left: 30px;\">Murias de Paredes<\/p>\n<h3><span style=\"text-decoration: underline; color: #000000;\">TIPO DE SENDA<\/span><\/h3>\n<p style=\"padding-left: 30px;\">Peatonal con tramos para cicloturismo (BTT)<\/p>\n<h3><span style=\"text-decoration: underline; color: #000000;\">COORDENADAS<\/span><\/h3>\n<p style=\"padding-left: 30px;\">Inicio y llegada: <span id=\"coordinates\"><span class=\"plainlinks nourlexpansion\"><span class=\"geo-default\"><span class=\"geo-dms\" title=\"Mapas, fotos y otros datos de 42\u00b050\u203256\u2033N 6\u00b011\u203228\u2033O\"><span class=\"latitude\">2\u00b050\u203256\u2033N <\/span><span class=\"longitude\">6\u00b011\u203228\u2033O<\/span><\/span><\/span><\/span><\/span><\/p>\n<\/div>\n<\/div>\n<\/div>\n<\/div>\n<\/div>\n<\/div>\n<div class=\"standard_wrapper\">\n<div  class=\"one_half last withsmallpadding ppb_text\" style=\"padding:30px 0 30px 0;\" >\n<div class=\"standard_wrapper\">\n<div class=\"page_content_wrapper\">\n<div class=\"inner\">\n<div style=\"margin:auto;width:100%\">\n<h3><span style=\"text-decoration: underline; color: #99cc00;\"><span style=\"color: #000000; text-decoration: underline;\">DATOS T\u00c9CNICOS<\/span><\/span><\/h3>\n<p style=\"padding-left: 40px;\">Duraci\u00f3n aproximada: 5 h 20 min<br \/>\nDistancia: 21\u00b450 km<br \/>\nTipo de ruta: Circular<br \/>\nDificultad: Media<br \/>\nDesnivel: 840 m<br \/>\nCota m\u00e1xima: 2.095 m<br \/>\nCota m\u00ednima: 1.255 m<\/p>\n<\/div>\n<\/div>\n<\/div>\n<\/div>\n<\/div>\n<\/div>\n<div class=\"standard_wrapper\">\n<div  class=\"one_half last withsmallpadding ppb_text\" style=\"padding:30px 0 30px 0;\" >\n<div class=\"standard_wrapper\">\n<div class=\"page_content_wrapper\">\n<div class=\"inner\">\n<div style=\"margin:auto;width:100%\">\n<h3><span style=\"text-decoration: underline; color: #99cc00;\"><span style=\"color: #000000; text-decoration: underline;\">DATOS T\u00c9CNICOS<\/span><\/span><\/h3>\n<p style=\"padding-left: 40px;\">Duraci\u00f3n aproximada: 5 h 20 min<br \/>\nDistancia: 21\u00b450 km<br \/>\nTipo de ruta: Circular<br \/>\nDificultad: Media<br \/>\nDesnivel: 840 m<br \/>\nCota m\u00e1xima: 2.095 m<br \/>\nCota m\u00ednima: 1.255 m<\/p>\n<\/div>\n<\/div>\n<\/div>\n<\/div>\n<\/div>\n<\/div>\n<div  class=\"one withsmallpadding ppb_text\" style=\"padding:30px;\" >\n<p><iframe loading=\"lazy\" src=\"https:\/\/www.google.com\/maps\/d\/embed?mid=1hIZNZamiQYj0DmRJzIO33Tuxf4U7FlCn\" width=\"100%\" height=\"600\"><\/iframe><\/p>\n<\/div>\n<div  class=\"one withsmallpadding ppb_header \" style=\"text-align:left;padding:30px 0 30px 0;\" >\n<div class=\"standard_wrapper\">\n<div class=\"page_content_wrapper\">\n<div class=\"inner\">\n<div style=\"margin:auto;width:100%\">\n<h2 class=\"ppb_title\" style=\"\">DESCARGA LA RUTA<\/h2>\n<hr class=\"title_break left\" style=\"\"\/>\n<div class=\"ppb_header_content\">\n<p>Pincha en las diferentes versiones y desc\u00e1rgate la ruta, directamente a tu dispositivo gps o smartphone. \u00a1Camina con toda la info en tu mano!<\/p>\n<\/div>\n<\/div>\n<\/div>\n<\/div>\n<\/div>\n<\/div>\n<div class=\"standard_wrapper\">\n<div  class=\"one_third withsmallpadding ppb_text\" style=\"padding:30px 0 30px 0;\" >\n<div class=\"standard_wrapper\">\n<div class=\"page_content_wrapper\">\n<div class=\"inner\">\n<div style=\"margin:auto;width:100%\">\n<p><a href=\"https:\/\/drive.google.com\/file\/d\/1hjnqp_haU3wPm6aNWtislleqILtf2uSN\/view?usp=sharing\"><img decoding=\"async\" loading=\"lazy\" class=\"size-full wp-image-12121 aligncenter\" src=\"http:\/\/3w.sienteomana.com\/wp-content\/uploads\/sites\/2\/2019\/04\/gpx1-e1556101291655.png\" alt=\"\" width=\"50\" height=\"107\" \/><\/a><\/p>\n<\/div>\n<\/div>\n<\/div>\n<\/div>\n<\/div>\n<\/div>\n<div class=\"standard_wrapper\">\n<div  class=\"one_third withsmallpadding ppb_text\" style=\"padding:30px 0 30px 0;\" >\n<div class=\"standard_wrapper\">\n<div class=\"page_content_wrapper\">\n<div class=\"inner\">\n<div style=\"margin:auto;width:100%\">\n<p><a href=\"https:\/\/drive.google.com\/file\/d\/1fOCzhEruNgfIxitEReuilBNXUweSJVTb\/view?usp=sharing\"><img decoding=\"async\" loading=\"lazy\" class=\"size-full wp-image-12120 aligncenter\" src=\"http:\/\/3w.sienteomana.com\/wp-content\/uploads\/sites\/2\/2019\/04\/kmz1-e1556101305482.png\" alt=\"\" width=\"50\" height=\"107\" \/><\/a><\/p>\n<\/div>\n<\/div>\n<\/div>\n<\/div>\n<\/div>\n<\/div>\n<div class=\"standard_wrapper\">\n<div  class=\"one_third last withsmallpadding ppb_text\" style=\"padding:30px 0 30px 0;\" >\n<div class=\"standard_wrapper\">\n<div class=\"page_content_wrapper\">\n<div class=\"inner\">\n<div style=\"margin:auto;width:100%\">\n<p><a href=\"https:\/\/www.google.com\/maps\/d\/edit?mid=1hIZNZamiQYj0DmRJzIO33Tuxf4U7FlCn&#038;usp=sharing\"><img decoding=\"async\" loading=\"lazy\" class=\"size-full wp-image-12111 aligncenter\" src=\"http:\/\/3w.sienteomana.com\/wp-content\/uploads\/sites\/2\/2019\/04\/phone-e1556100835250.png\" alt=\"\" width=\"50\" height=\"107\" \/><\/a><\/p>\n<\/div>\n<\/div>\n<\/div>\n<\/div>\n<\/div>\n<\/div>\n","protected":false},"excerpt":{"rendered":"<p>PUERTO DE LA MAGDALENA &#8211; TAMBARO\u0301N &#8211; MURIAS DE PAREDES La ruta comienza en el Puerto de La Magdalena, donde podremos dejar el coche sin ning\u00fan problema. Cogeremos la pista forestal en direcci\u00f3n noroeste que bordea la base de la [&hellip;]<\/p>\n","protected":false},"author":1,"featured_media":0,"parent":0,"menu_order":0,"comment_status":"closed","ping_status":"closed","template":"","meta":{"inline_featured_image":false,"footnotes":""},"yoast_head":"<!-- This site is optimized with the Yoast SEO plugin v20.13 - https:\/\/yoast.com\/wordpress\/plugins\/seo\/ -->\n<title>PUERTO DE LA MAGDALENA - TAMBARO\u0301N - MURIAS DE PAREDES - (EN) Siente Oma\u00f1a<\/title>\n<meta name=\"robots\" content=\"index, follow, max-snippet:-1, max-image-preview:large, max-video-preview:-1\" \/>\n<link rel=\"canonical\" href=\"https:\/\/3w.sienteomana.com\/en\/puerto-de-la-magdalena-tambaron-murias-de-paredes\/\" \/>\n<meta property=\"og:locale\" content=\"es_ES\" \/>\n<meta property=\"og:type\" content=\"article\" \/>\n<meta property=\"og:title\" content=\"PUERTO DE LA MAGDALENA - TAMBARO\u0301N - MURIAS DE PAREDES - (EN) Siente Oma\u00f1a\" \/>\n<meta property=\"og:description\" content=\"PUERTO DE LA MAGDALENA &#8211; TAMBARO\u0301N &#8211; MURIAS DE PAREDES La ruta comienza en el Puerto de La Magdalena, donde podremos dejar el coche sin ning\u00fan problema. Cogeremos la pista forestal en direcci\u00f3n noroeste que bordea la base de la [&hellip;]\" \/>\n<meta property=\"og:url\" content=\"https:\/\/3w.sienteomana.com\/en\/puerto-de-la-magdalena-tambaron-murias-de-paredes\/\" \/>\n<meta property=\"og:site_name\" content=\"(EN) Siente Oma\u00f1a\" \/>\n<meta property=\"article:modified_time\" content=\"2021-08-27T12:09:00+00:00\" \/>\n<meta property=\"og:image\" content=\"http:\/\/3w.sienteomana.com\/wp-content\/uploads\/sites\/2\/2019\/04\/gpx1-e1556101291655.png\" \/>\n<meta name=\"twitter:card\" content=\"summary_large_image\" \/>\n<meta name=\"twitter:label1\" content=\"Tiempo de lectura\" \/>\n\t<meta name=\"twitter:data1\" content=\"5 minutos\" \/>\n<script type=\"application\/ld+json\" class=\"yoast-schema-graph\">{\"@context\":\"https:\/\/schema.org\",\"@graph\":[{\"@type\":\"WebPage\",\"@id\":\"https:\/\/3w.sienteomana.com\/en\/puerto-de-la-magdalena-tambaron-murias-de-paredes\/\",\"url\":\"https:\/\/3w.sienteomana.com\/en\/puerto-de-la-magdalena-tambaron-murias-de-paredes\/\",\"name\":\"PUERTO DE LA MAGDALENA - TAMBARO\u0301N - MURIAS DE PAREDES - (EN) Siente Oma\u00f1a\",\"isPartOf\":{\"@id\":\"https:\/\/3w.sienteomana.com\/en\/#website\"},\"datePublished\":\"2020-11-26T12:21:19+00:00\",\"dateModified\":\"2021-08-27T12:09:00+00:00\",\"breadcrumb\":{\"@id\":\"https:\/\/3w.sienteomana.com\/en\/puerto-de-la-magdalena-tambaron-murias-de-paredes\/#breadcrumb\"},\"inLanguage\":\"es\",\"potentialAction\":[{\"@type\":\"ReadAction\",\"target\":[\"https:\/\/3w.sienteomana.com\/en\/puerto-de-la-magdalena-tambaron-murias-de-paredes\/\"]}]},{\"@type\":\"BreadcrumbList\",\"@id\":\"https:\/\/3w.sienteomana.com\/en\/puerto-de-la-magdalena-tambaron-murias-de-paredes\/#breadcrumb\",\"itemListElement\":[{\"@type\":\"ListItem\",\"position\":1,\"name\":\"Home\",\"item\":\"https:\/\/3w.sienteomana.com\/en\/\"},{\"@type\":\"ListItem\",\"position\":2,\"name\":\"PUERTO DE LA MAGDALENA &#8211; TAMBARO\u0301N &#8211; MURIAS DE PAREDES\"}]},{\"@type\":\"WebSite\",\"@id\":\"https:\/\/3w.sienteomana.com\/en\/#website\",\"url\":\"https:\/\/3w.sienteomana.com\/en\/\",\"name\":\"(EN) Siente Oma\u00f1a\",\"description\":\"Oma\u00f1a\",\"potentialAction\":[{\"@type\":\"SearchAction\",\"target\":{\"@type\":\"EntryPoint\",\"urlTemplate\":\"https:\/\/3w.sienteomana.com\/en\/?s={search_term_string}\"},\"query-input\":\"required name=search_term_string\"}],\"inLanguage\":\"es\"}]}<\/script>\n<!-- \/ Yoast SEO plugin. -->","yoast_head_json":{"title":"PUERTO DE LA MAGDALENA - TAMBARO\u0301N - MURIAS DE PAREDES - (EN) Siente Oma\u00f1a","robots":{"index":"index","follow":"follow","max-snippet":"max-snippet:-1","max-image-preview":"max-image-preview:large","max-video-preview":"max-video-preview:-1"},"canonical":"https:\/\/3w.sienteomana.com\/en\/puerto-de-la-magdalena-tambaron-murias-de-paredes\/","og_locale":"es_ES","og_type":"article","og_title":"PUERTO DE LA MAGDALENA - TAMBARO\u0301N - MURIAS DE PAREDES - (EN) Siente Oma\u00f1a","og_description":"PUERTO DE LA MAGDALENA &#8211; TAMBARO\u0301N &#8211; MURIAS DE PAREDES La ruta comienza en el Puerto de La Magdalena, donde podremos dejar el coche sin ning\u00fan problema. Cogeremos la pista forestal en direcci\u00f3n noroeste que bordea la base de la [&hellip;]","og_url":"https:\/\/3w.sienteomana.com\/en\/puerto-de-la-magdalena-tambaron-murias-de-paredes\/","og_site_name":"(EN) Siente Oma\u00f1a","article_modified_time":"2021-08-27T12:09:00+00:00","og_image":[{"url":"http:\/\/3w.sienteomana.com\/wp-content\/uploads\/sites\/2\/2019\/04\/gpx1-e1556101291655.png"}],"twitter_card":"summary_large_image","twitter_misc":{"Tiempo de lectura":"5 minutos"},"schema":{"@context":"https:\/\/schema.org","@graph":[{"@type":"WebPage","@id":"https:\/\/3w.sienteomana.com\/en\/puerto-de-la-magdalena-tambaron-murias-de-paredes\/","url":"https:\/\/3w.sienteomana.com\/en\/puerto-de-la-magdalena-tambaron-murias-de-paredes\/","name":"PUERTO DE LA MAGDALENA - TAMBARO\u0301N - MURIAS DE PAREDES - (EN) Siente Oma\u00f1a","isPartOf":{"@id":"https:\/\/3w.sienteomana.com\/en\/#website"},"datePublished":"2020-11-26T12:21:19+00:00","dateModified":"2021-08-27T12:09:00+00:00","breadcrumb":{"@id":"https:\/\/3w.sienteomana.com\/en\/puerto-de-la-magdalena-tambaron-murias-de-paredes\/#breadcrumb"},"inLanguage":"es","potentialAction":[{"@type":"ReadAction","target":["https:\/\/3w.sienteomana.com\/en\/puerto-de-la-magdalena-tambaron-murias-de-paredes\/"]}]},{"@type":"BreadcrumbList","@id":"https:\/\/3w.sienteomana.com\/en\/puerto-de-la-magdalena-tambaron-murias-de-paredes\/#breadcrumb","itemListElement":[{"@type":"ListItem","position":1,"name":"Home","item":"https:\/\/3w.sienteomana.com\/en\/"},{"@type":"ListItem","position":2,"name":"PUERTO DE LA MAGDALENA &#8211; TAMBARO\u0301N &#8211; MURIAS DE PAREDES"}]},{"@type":"WebSite","@id":"https:\/\/3w.sienteomana.com\/en\/#website","url":"https:\/\/3w.sienteomana.com\/en\/","name":"(EN) Siente Oma\u00f1a","description":"Oma\u00f1a","potentialAction":[{"@type":"SearchAction","target":{"@type":"EntryPoint","urlTemplate":"https:\/\/3w.sienteomana.com\/en\/?s={search_term_string}"},"query-input":"required name=search_term_string"}],"inLanguage":"es"}]}},"_links":{"self":[{"href":"https:\/\/3w.sienteomana.com\/en\/wp-json\/wp\/v2\/pages\/13063"}],"collection":[{"href":"https:\/\/3w.sienteomana.com\/en\/wp-json\/wp\/v2\/pages"}],"about":[{"href":"https:\/\/3w.sienteomana.com\/en\/wp-json\/wp\/v2\/types\/page"}],"author":[{"embeddable":true,"href":"https:\/\/3w.sienteomana.com\/en\/wp-json\/wp\/v2\/users\/1"}],"replies":[{"embeddable":true,"href":"https:\/\/3w.sienteomana.com\/en\/wp-json\/wp\/v2\/comments?post=13063"}],"version-history":[{"count":18,"href":"https:\/\/3w.sienteomana.com\/en\/wp-json\/wp\/v2\/pages\/13063\/revisions"}],"predecessor-version":[{"id":13962,"href":"https:\/\/3w.sienteomana.com\/en\/wp-json\/wp\/v2\/pages\/13063\/revisions\/13962"}],"wp:attachment":[{"href":"https:\/\/3w.sienteomana.com\/en\/wp-json\/wp\/v2\/media?parent=13063"}],"curies":[{"name":"wp","href":"https:\/\/api.w.org\/{rel}","templated":true}]}}