{"id":13132,"date":"2020-11-26T12:42:53","date_gmt":"2020-11-26T12:42:53","guid":{"rendered":"https:\/\/3w.sienteomana.com\/en\/?page_id=13132"},"modified":"2021-08-31T15:41:28","modified_gmt":"2021-08-31T15:41:28","slug":"subida-a-la-fuente-del-cuadro-en-montrondo","status":"publish","type":"page","link":"https:\/\/3w.sienteomana.com\/en\/subida-a-la-fuente-del-cuadro-en-montrondo\/","title":{"rendered":"SUBIDA A LA FUENTE DEL CUADRO EN MONTRONDO"},"content":{"rendered":"<div class=\"standard_wrapper\">\n<div  class=\"one_half withsmallpadding ppb_text\" style=\"padding:30px 0 30px 0;\" >\n<div class=\"standard_wrapper\">\n<div class=\"page_content_wrapper\">\n<div class=\"inner\">\n<div style=\"margin:auto;width:100%\">\n<h1 style=\"text-align: left;\"><span style=\"color: #99cc00;\">SUBIDA A LA FUENTE DEL CUADRO EN MONTRONDO<br \/>\n<\/span><\/h1>\n<p style=\"text-align: justify;\">Partimos del final de Montrondo, siguiendo un camino recto hasta cruzar el puente sobre el r\u00edo Oma\u00f1a. Desde aqu\u00ed avanzamos por un ligero ascenso a lo largo del Valle por un camino de tierra y piedras hasta llegar a unos carteles informativos sobre el lugar y con una descripci\u00f3n del Abedular de Montrondo que seremos capaces de ver desde ese punto.<br \/>\nSeguimos ascendiendo mientras vemos las cumbres de La Pe\u00f1ona y el Tambar\u00f3n.<\/p>\n<p>Seguimos la senda y llegaremos a la Fuente del Cuadro, donde podremos beber agua y descansar para retomar el camino de vuelta a Montrondo, deshaciendo nuestros pasos.<\/p>\n<p>\u00a0<\/p>\n<\/div>\n<\/div>\n<\/div>\n<\/div>\n<\/div>\n<\/div>\n<div class=\"standard_wrapper\">\n<div  class=\"one_half withsmallpadding ppb_text\" style=\"padding:30px 0 30px 0;\" >\n<div class=\"standard_wrapper\">\n<div class=\"page_content_wrapper\">\n<div class=\"inner\">\n<div style=\"margin:auto;width:100%\">\n<h1 style=\"text-align: left;\"><span style=\"color: #99cc00;\">SUBIDA A LA FUENTE DEL CUADRO EN MONTRONDO<br \/>\n<\/span><\/h1>\n<p style=\"text-align: justify;\">Partimos del final de Montrondo, siguiendo un camino recto hasta cruzar el puente sobre el r\u00edo Oma\u00f1a. Desde aqu\u00ed avanzamos por un ligero ascenso a lo largo del Valle por un camino de tierra y piedras hasta llegar a unos carteles informativos sobre el lugar y con una descripci\u00f3n del Abedular de Montrondo que seremos capaces de ver desde ese punto.<br \/>\nSeguimos ascendiendo mientras vemos las cumbres de La Pe\u00f1ona y el Tambar\u00f3n.<\/p>\n<p>Seguimos la senda y llegaremos a la Fuente del Cuadro, donde podremos beber agua y descansar para retomar el camino de vuelta a Montrondo, deshaciendo nuestros pasos.<\/p>\n<p>\u00a0<\/p>\n<\/div>\n<\/div>\n<\/div>\n<\/div>\n<\/div>\n<\/div>\n<div class=\"standard_wrapper\">\n<div  class=\"one_half withsmallpadding ppb_text\" style=\"padding:30px 0 30px 0;\" >\n<div class=\"standard_wrapper\">\n<div class=\"page_content_wrapper\">\n<div class=\"inner\">\n<div style=\"margin:auto;width:100%\">\n<h1 style=\"text-align: left;\"><span style=\"color: #99cc00;\">SUBIDA A LA FUENTE DEL CUADRO EN MONTRONDO<br \/>\n<\/span><\/h1>\n<p style=\"text-align: justify;\">Partimos del final de Montrondo, siguiendo un camino recto hasta cruzar el puente sobre el r\u00edo Oma\u00f1a. Desde aqu\u00ed avanzamos por un ligero ascenso a lo largo del Valle por un camino de tierra y piedras hasta llegar a unos carteles informativos sobre el lugar y con una descripci\u00f3n del Abedular de Montrondo que seremos capaces de ver desde ese punto.<br \/>\nSeguimos ascendiendo mientras vemos las cumbres de La Pe\u00f1ona y el Tambar\u00f3n.<\/p>\n<p>Seguimos la senda y llegaremos a la Fuente del Cuadro, donde podremos beber agua y descansar para retomar el camino de vuelta a Montrondo, deshaciendo nuestros pasos.<\/p>\n<p>\u00a0<\/p>\n<\/div>\n<\/div>\n<\/div>\n<\/div>\n<\/div>\n<\/div>\n<div class=\"standard_wrapper\">\n<div  class=\"one_half withsmallpadding ppb_text\" style=\"padding:30px 0 30px 0;\" >\n<div class=\"standard_wrapper\">\n<div class=\"page_content_wrapper\">\n<div class=\"inner\">\n<div style=\"margin:auto;width:100%\">\n<h3><span style=\"text-decoration: underline; color: #000000;\">MUNICIPIO<\/span><\/h3>\n<p style=\"padding-left: 30px;\">Murias de Paredes<\/p>\n<h3><span style=\"text-decoration: underline; color: #000000;\">TIPO DE SENDA<\/span><\/h3>\n<p style=\"padding-left: 30px;\">Peatonal con tramos para cicloturismo (BTT)<\/p>\n<p style=\"padding-left: 30px;\">\n<\/div>\n<\/div>\n<\/div>\n<\/div>\n<\/div>\n<\/div>\n<div class=\"standard_wrapper\">\n<div  class=\"one_half last withsmallpadding ppb_text\" style=\"padding:30px 0 30px 0;\" >\n<div class=\"standard_wrapper\">\n<div class=\"page_content_wrapper\">\n<div class=\"inner\">\n<div style=\"margin:auto;width:100%\">\n<h3><span style=\"text-decoration: underline; color: #99cc00;\"><span style=\"color: #000000; text-decoration: underline;\">DATOS T\u00c9CNICOS<\/span><\/span><\/h3>\n<p style=\"padding-left: 40px;\">Duraci\u00f3n aproximada: 3 h 25 min (Ida y vuelta)<br \/>\nDistancia: 8\u00b45 km (Ida y vuelta)<br \/>\nTipo de ruta: Lineal<br \/>\nDificultad: Media<br \/>\nDesnivel: 241 m<br \/>\nCota m\u00e1xima: 1.524 m<br \/>\nCota m\u00ednima: 1.283 m<\/p>\n<\/div>\n<\/div>\n<\/div>\n<\/div>\n<\/div>\n<\/div>\n<div class=\"standard_wrapper\">\n<div  class=\"one_half last withsmallpadding ppb_text\" style=\"padding:30px 0 30px 0;\" >\n<div class=\"standard_wrapper\">\n<div class=\"page_content_wrapper\">\n<div class=\"inner\">\n<div style=\"margin:auto;width:100%\">\n<h3><span style=\"text-decoration: underline; color: #99cc00;\"><span style=\"color: #000000; text-decoration: underline;\">DATOS T\u00c9CNICOS<\/span><\/span><\/h3>\n<p style=\"padding-left: 40px;\">Duraci\u00f3n aproximada: 3 h 25 min (Ida y vuelta)<br \/>\nDistancia: 8\u00b45 km (Ida y vuelta)<br \/>\nTipo de ruta: Lineal<br \/>\nDificultad: Media<br \/>\nDesnivel: 241 m<br \/>\nCota m\u00e1xima: 1.524 m<br \/>\nCota m\u00ednima: 1.283 m<\/p>\n<\/div>\n<\/div>\n<\/div>\n<\/div>\n<\/div>\n<\/div>\n<div  class=\"one withsmallpadding ppb_text\" style=\"padding:30px;\" >\n<p><iframe loading=\"lazy\" src=\"https:\/\/www.google.com\/maps\/d\/embed?mid=1kcPvjTjqo7mqcVU4J7j3rzo0cMnqFsND\" width=\"100%\" height=\"600\"><\/iframe><\/p>\n<\/div>\n<div  class=\"one withsmallpadding ppb_header \" style=\"text-align:left;padding:30px 0 30px 0;\" >\n<div class=\"standard_wrapper\">\n<div class=\"page_content_wrapper\">\n<div class=\"inner\">\n<div style=\"margin:auto;width:100%\">\n<h2 class=\"ppb_title\" style=\"\">DESCARGA LA RUTA<\/h2>\n<hr class=\"title_break left\" style=\"\"\/>\n<div class=\"ppb_header_content\">\n<p>Pincha en las diferentes versiones y desc\u00e1rgate la ruta, directamente a tu dispositivo gps o smartphone. \u00a1Camina con toda la info en tu mano!<\/p>\n<\/div>\n<\/div>\n<\/div>\n<\/div>\n<\/div>\n<\/div>\n<div class=\"standard_wrapper\">\n<div  class=\"one_third withsmallpadding ppb_text\" style=\"padding:30px 0 30px 0;\" >\n<div class=\"standard_wrapper\">\n<div class=\"page_content_wrapper\">\n<div class=\"inner\">\n<div style=\"margin:auto;width:100%\">\n<p><a href=\"https:\/\/drive.google.com\/file\/d\/184AoWbRdwtkZsNk1WCE7-BIz-dCCDLMv\/view?usp=sharing\"><img decoding=\"async\" loading=\"lazy\" class=\"size-full wp-image-12121 aligncenter\" src=\"http:\/\/3w.sienteomana.com\/wp-content\/uploads\/sites\/2\/2019\/04\/gpx1-e1556101291655.png\" alt=\"\" width=\"50\" height=\"107\" \/><\/a><\/p>\n<\/div>\n<\/div>\n<\/div>\n<\/div>\n<\/div>\n<\/div>\n<div class=\"standard_wrapper\">\n<div  class=\"one_third withsmallpadding ppb_text\" style=\"padding:30px 0 30px 0;\" >\n<div class=\"standard_wrapper\">\n<div class=\"page_content_wrapper\">\n<div class=\"inner\">\n<div style=\"margin:auto;width:100%\">\n<p><a href=\"https:\/\/drive.google.com\/file\/d\/1B-0JBpt0UORoYwGFYT3oTznMm-6Go8lk\/view?usp=sharing\"><img decoding=\"async\" loading=\"lazy\" class=\"size-full wp-image-12120 aligncenter\" src=\"http:\/\/3w.sienteomana.com\/wp-content\/uploads\/sites\/2\/2019\/04\/kmz1-e1556101305482.png\" alt=\"\" width=\"50\" height=\"107\" \/><\/a><\/p>\n<\/div>\n<\/div>\n<\/div>\n<\/div>\n<\/div>\n<\/div>\n<div class=\"standard_wrapper\">\n<div  class=\"one_third last withsmallpadding ppb_text\" style=\"padding:30px 0 30px 0;\" >\n<div class=\"standard_wrapper\">\n<div class=\"page_content_wrapper\">\n<div class=\"inner\">\n<div style=\"margin:auto;width:100%\">\n<p><a href=\"tps:\/\/www.google.com\/maps\/d\/edit?mid=1kcPvjTjqo7mqcVU4J7j3rzo0cMnqFsND&#038;usp=sharing\"><img decoding=\"async\" loading=\"lazy\" class=\"size-full wp-image-12111 aligncenter\" src=\"http:\/\/3w.sienteomana.com\/wp-content\/uploads\/sites\/2\/2019\/04\/phone-e1556100835250.png\" alt=\"\" width=\"50\" height=\"107\" \/><\/a><\/p>\n<\/div>\n<\/div>\n<\/div>\n<\/div>\n<\/div>\n<\/div>\n","protected":false},"excerpt":{"rendered":"<p>SUBIDA A LA FUENTE DEL CUADRO EN MONTRONDO Partimos del final de Montrondo, siguiendo un camino recto hasta cruzar el puente sobre el r\u00edo Oma\u00f1a. Desde aqu\u00ed avanzamos por un ligero ascenso a lo largo del Valle por un camino [&hellip;]<\/p>\n","protected":false},"author":1,"featured_media":0,"parent":0,"menu_order":0,"comment_status":"closed","ping_status":"closed","template":"","meta":{"inline_featured_image":false,"footnotes":""},"yoast_head":"<!-- This site is optimized with the Yoast SEO plugin v20.13 - https:\/\/yoast.com\/wordpress\/plugins\/seo\/ -->\n<title>SUBIDA A LA FUENTE DEL CUADRO EN MONTRONDO - (EN) Siente Oma\u00f1a<\/title>\n<meta name=\"robots\" content=\"index, follow, max-snippet:-1, max-image-preview:large, max-video-preview:-1\" \/>\n<link rel=\"canonical\" href=\"https:\/\/3w.sienteomana.com\/en\/subida-a-la-fuente-del-cuadro-en-montrondo\/\" \/>\n<meta property=\"og:locale\" content=\"es_ES\" \/>\n<meta property=\"og:type\" content=\"article\" \/>\n<meta property=\"og:title\" content=\"SUBIDA A LA FUENTE DEL CUADRO EN MONTRONDO - (EN) Siente Oma\u00f1a\" \/>\n<meta property=\"og:description\" content=\"SUBIDA A LA FUENTE DEL CUADRO EN MONTRONDO Partimos del final de Montrondo, siguiendo un camino recto hasta cruzar el puente sobre el r\u00edo Oma\u00f1a. Desde aqu\u00ed avanzamos por un ligero ascenso a lo largo del Valle por un camino [&hellip;]\" \/>\n<meta property=\"og:url\" content=\"https:\/\/3w.sienteomana.com\/en\/subida-a-la-fuente-del-cuadro-en-montrondo\/\" \/>\n<meta property=\"og:site_name\" content=\"(EN) Siente Oma\u00f1a\" \/>\n<meta property=\"article:modified_time\" content=\"2021-08-31T15:41:28+00:00\" \/>\n<meta property=\"og:image\" content=\"http:\/\/3w.sienteomana.com\/wp-content\/uploads\/sites\/2\/2019\/04\/gpx1-e1556101291655.png\" \/>\n<meta name=\"twitter:card\" content=\"summary_large_image\" \/>\n<meta name=\"twitter:label1\" content=\"Tiempo de lectura\" \/>\n\t<meta name=\"twitter:data1\" content=\"2 minutos\" \/>\n<script type=\"application\/ld+json\" class=\"yoast-schema-graph\">{\"@context\":\"https:\/\/schema.org\",\"@graph\":[{\"@type\":\"WebPage\",\"@id\":\"https:\/\/3w.sienteomana.com\/en\/subida-a-la-fuente-del-cuadro-en-montrondo\/\",\"url\":\"https:\/\/3w.sienteomana.com\/en\/subida-a-la-fuente-del-cuadro-en-montrondo\/\",\"name\":\"SUBIDA A LA FUENTE DEL CUADRO EN MONTRONDO - (EN) Siente Oma\u00f1a\",\"isPartOf\":{\"@id\":\"https:\/\/3w.sienteomana.com\/en\/#website\"},\"datePublished\":\"2020-11-26T12:42:53+00:00\",\"dateModified\":\"2021-08-31T15:41:28+00:00\",\"breadcrumb\":{\"@id\":\"https:\/\/3w.sienteomana.com\/en\/subida-a-la-fuente-del-cuadro-en-montrondo\/#breadcrumb\"},\"inLanguage\":\"es\",\"potentialAction\":[{\"@type\":\"ReadAction\",\"target\":[\"https:\/\/3w.sienteomana.com\/en\/subida-a-la-fuente-del-cuadro-en-montrondo\/\"]}]},{\"@type\":\"BreadcrumbList\",\"@id\":\"https:\/\/3w.sienteomana.com\/en\/subida-a-la-fuente-del-cuadro-en-montrondo\/#breadcrumb\",\"itemListElement\":[{\"@type\":\"ListItem\",\"position\":1,\"name\":\"Home\",\"item\":\"https:\/\/3w.sienteomana.com\/en\/\"},{\"@type\":\"ListItem\",\"position\":2,\"name\":\"SUBIDA A LA FUENTE DEL CUADRO EN MONTRONDO\"}]},{\"@type\":\"WebSite\",\"@id\":\"https:\/\/3w.sienteomana.com\/en\/#website\",\"url\":\"https:\/\/3w.sienteomana.com\/en\/\",\"name\":\"(EN) Siente Oma\u00f1a\",\"description\":\"Oma\u00f1a\",\"potentialAction\":[{\"@type\":\"SearchAction\",\"target\":{\"@type\":\"EntryPoint\",\"urlTemplate\":\"https:\/\/3w.sienteomana.com\/en\/?s={search_term_string}\"},\"query-input\":\"required name=search_term_string\"}],\"inLanguage\":\"es\"}]}<\/script>\n<!-- \/ Yoast SEO plugin. -->","yoast_head_json":{"title":"SUBIDA A LA FUENTE DEL CUADRO EN MONTRONDO - (EN) Siente Oma\u00f1a","robots":{"index":"index","follow":"follow","max-snippet":"max-snippet:-1","max-image-preview":"max-image-preview:large","max-video-preview":"max-video-preview:-1"},"canonical":"https:\/\/3w.sienteomana.com\/en\/subida-a-la-fuente-del-cuadro-en-montrondo\/","og_locale":"es_ES","og_type":"article","og_title":"SUBIDA A LA FUENTE DEL CUADRO EN MONTRONDO - (EN) Siente Oma\u00f1a","og_description":"SUBIDA A LA FUENTE DEL CUADRO EN MONTRONDO Partimos del final de Montrondo, siguiendo un camino recto hasta cruzar el puente sobre el r\u00edo Oma\u00f1a. Desde aqu\u00ed avanzamos por un ligero ascenso a lo largo del Valle por un camino [&hellip;]","og_url":"https:\/\/3w.sienteomana.com\/en\/subida-a-la-fuente-del-cuadro-en-montrondo\/","og_site_name":"(EN) Siente Oma\u00f1a","article_modified_time":"2021-08-31T15:41:28+00:00","og_image":[{"url":"http:\/\/3w.sienteomana.com\/wp-content\/uploads\/sites\/2\/2019\/04\/gpx1-e1556101291655.png"}],"twitter_card":"summary_large_image","twitter_misc":{"Tiempo de lectura":"2 minutos"},"schema":{"@context":"https:\/\/schema.org","@graph":[{"@type":"WebPage","@id":"https:\/\/3w.sienteomana.com\/en\/subida-a-la-fuente-del-cuadro-en-montrondo\/","url":"https:\/\/3w.sienteomana.com\/en\/subida-a-la-fuente-del-cuadro-en-montrondo\/","name":"SUBIDA A LA FUENTE DEL CUADRO EN MONTRONDO - (EN) Siente Oma\u00f1a","isPartOf":{"@id":"https:\/\/3w.sienteomana.com\/en\/#website"},"datePublished":"2020-11-26T12:42:53+00:00","dateModified":"2021-08-31T15:41:28+00:00","breadcrumb":{"@id":"https:\/\/3w.sienteomana.com\/en\/subida-a-la-fuente-del-cuadro-en-montrondo\/#breadcrumb"},"inLanguage":"es","potentialAction":[{"@type":"ReadAction","target":["https:\/\/3w.sienteomana.com\/en\/subida-a-la-fuente-del-cuadro-en-montrondo\/"]}]},{"@type":"BreadcrumbList","@id":"https:\/\/3w.sienteomana.com\/en\/subida-a-la-fuente-del-cuadro-en-montrondo\/#breadcrumb","itemListElement":[{"@type":"ListItem","position":1,"name":"Home","item":"https:\/\/3w.sienteomana.com\/en\/"},{"@type":"ListItem","position":2,"name":"SUBIDA A LA FUENTE DEL CUADRO EN MONTRONDO"}]},{"@type":"WebSite","@id":"https:\/\/3w.sienteomana.com\/en\/#website","url":"https:\/\/3w.sienteomana.com\/en\/","name":"(EN) Siente Oma\u00f1a","description":"Oma\u00f1a","potentialAction":[{"@type":"SearchAction","target":{"@type":"EntryPoint","urlTemplate":"https:\/\/3w.sienteomana.com\/en\/?s={search_term_string}"},"query-input":"required name=search_term_string"}],"inLanguage":"es"}]}},"_links":{"self":[{"href":"https:\/\/3w.sienteomana.com\/en\/wp-json\/wp\/v2\/pages\/13132"}],"collection":[{"href":"https:\/\/3w.sienteomana.com\/en\/wp-json\/wp\/v2\/pages"}],"about":[{"href":"https:\/\/3w.sienteomana.com\/en\/wp-json\/wp\/v2\/types\/page"}],"author":[{"embeddable":true,"href":"https:\/\/3w.sienteomana.com\/en\/wp-json\/wp\/v2\/users\/1"}],"replies":[{"embeddable":true,"href":"https:\/\/3w.sienteomana.com\/en\/wp-json\/wp\/v2\/comments?post=13132"}],"version-history":[{"count":12,"href":"https:\/\/3w.sienteomana.com\/en\/wp-json\/wp\/v2\/pages\/13132\/revisions"}],"predecessor-version":[{"id":14031,"href":"https:\/\/3w.sienteomana.com\/en\/wp-json\/wp\/v2\/pages\/13132\/revisions\/14031"}],"wp:attachment":[{"href":"https:\/\/3w.sienteomana.com\/en\/wp-json\/wp\/v2\/media?parent=13132"}],"curies":[{"name":"wp","href":"https:\/\/api.w.org\/{rel}","templated":true}]}}