{"id":13159,"date":"2020-11-26T12:51:51","date_gmt":"2020-11-26T12:51:51","guid":{"rendered":"https:\/\/3w.sienteomana.com\/en\/?page_id=13159"},"modified":"2021-08-31T15:07:23","modified_gmt":"2021-08-31T15:07:23","slug":"subida-al-miro-paxarin-desde-lazado","status":"publish","type":"page","link":"https:\/\/3w.sienteomana.com\/en\/subida-al-miro-paxarin-desde-lazado\/","title":{"rendered":"SUBIDA AL MIRO PAXARIN DESDE LAZADO"},"content":{"rendered":"<div class=\"standard_wrapper\">\n<div  class=\"one_half withsmallpadding ppb_text\" style=\"padding:30px 0 30px 0;\" >\n<div class=\"standard_wrapper\">\n<div class=\"page_content_wrapper\">\n<div class=\"inner\">\n<div style=\"margin:auto;width:100%\">\n<h1 style=\"text-align: left;\"><span style=\"color: #99cc00;\">SUBIDA AL MIRO PAXARIN DESDE LAZADO<br \/>\n<\/span><\/h1>\n<p style=\"text-align: justify;\">Partimos desde Lazado en direcci\u00f3n Senra, donde cogeremos una pista a nuestra derecha que asciende por el lado derecho del arroyo. Siguiendo el camino encontraremos una bifurcaci\u00f3n y seguimos la misma pista por el lado izquierdo del arroyo, por lo que lo cruzamos y m\u00e1s adelante, al terminar la pista, seguiremos por la pradera que tiene una caba\u00f1a.\u00a0 Desde este punto, encontramos un tramo sin senda hasta la cumbre del Miro de la Laguna y continuaremos por el cordal hasta llegar, primero, a la Pe\u00f1a de las Fanas y, despu\u00e9s, al Paxarin.<\/p>\n<p>Para volver a Lazado podemos regresar por el mismo camino o seguir y hacer una ruta circular.<\/p>\n<p style=\"text-align: justify;\"><strong>Opci\u00f3n ruta circular:<\/strong><br \/>\n15\u00b49 km \/\/ 7 h 20 min.<\/p>\n<p>Desde el Paxar\u00edn, seguimos hasta Pe\u00f1a las \u00c1guilas donde despu\u00e9s comenzaremos a bajar a trav\u00e9s de matorrales hasta coger una senda que seguiremos para llegar a Lazado.<\/p>\n<p style=\"text-align: justify;\">\n<\/div>\n<\/div>\n<\/div>\n<\/div>\n<\/div>\n<\/div>\n<div class=\"standard_wrapper\">\n<div  class=\"one_half withsmallpadding ppb_text\" style=\"padding:30px 0 30px 0;\" >\n<div class=\"standard_wrapper\">\n<div class=\"page_content_wrapper\">\n<div class=\"inner\">\n<div style=\"margin:auto;width:100%\">\n<h1 style=\"text-align: left;\"><span style=\"color: #99cc00;\">SUBIDA AL MIRO PAXARIN DESDE LAZADO<br \/>\n<\/span><\/h1>\n<p style=\"text-align: justify;\">Partimos desde Lazado en direcci\u00f3n Senra, donde cogeremos una pista a nuestra derecha que asciende por el lado derecho del arroyo. Siguiendo el camino encontraremos una bifurcaci\u00f3n y seguimos la misma pista por el lado izquierdo del arroyo, por lo que lo cruzamos y m\u00e1s adelante, al terminar la pista, seguiremos por la pradera que tiene una caba\u00f1a.\u00a0 Desde este punto, encontramos un tramo sin senda hasta la cumbre del Miro de la Laguna y continuaremos por el cordal hasta llegar, primero, a la Pe\u00f1a de las Fanas y, despu\u00e9s, al Paxarin.<\/p>\n<p>Para volver a Lazado podemos regresar por el mismo camino o seguir y hacer una ruta circular.<\/p>\n<p style=\"text-align: justify;\"><strong>Opci\u00f3n ruta circular:<\/strong><br \/>\n15\u00b49 km \/\/ 7 h 20 min.<\/p>\n<p>Desde el Paxar\u00edn, seguimos hasta Pe\u00f1a las \u00c1guilas donde despu\u00e9s comenzaremos a bajar a trav\u00e9s de matorrales hasta coger una senda que seguiremos para llegar a Lazado.<\/p>\n<p style=\"text-align: justify;\">\n<\/div>\n<\/div>\n<\/div>\n<\/div>\n<\/div>\n<\/div>\n<div class=\"standard_wrapper\">\n<div  class=\"one_half withsmallpadding ppb_text\" style=\"padding:30px 0 30px 0;\" >\n<div class=\"standard_wrapper\">\n<div class=\"page_content_wrapper\">\n<div class=\"inner\">\n<div style=\"margin:auto;width:100%\">\n<h1 style=\"text-align: left;\"><span style=\"color: #99cc00;\">SUBIDA AL MIRO PAXARIN DESDE LAZADO<br \/>\n<\/span><\/h1>\n<p style=\"text-align: justify;\">Partimos desde Lazado en direcci\u00f3n Senra, donde cogeremos una pista a nuestra derecha que asciende por el lado derecho del arroyo. Siguiendo el camino encontraremos una bifurcaci\u00f3n y seguimos la misma pista por el lado izquierdo del arroyo, por lo que lo cruzamos y m\u00e1s adelante, al terminar la pista, seguiremos por la pradera que tiene una caba\u00f1a.\u00a0 Desde este punto, encontramos un tramo sin senda hasta la cumbre del Miro de la Laguna y continuaremos por el cordal hasta llegar, primero, a la Pe\u00f1a de las Fanas y, despu\u00e9s, al Paxarin.<\/p>\n<p>Para volver a Lazado podemos regresar por el mismo camino o seguir y hacer una ruta circular.<\/p>\n<p style=\"text-align: justify;\"><strong>Opci\u00f3n ruta circular:<\/strong><br \/>\n15\u00b49 km \/\/ 7 h 20 min.<\/p>\n<p>Desde el Paxar\u00edn, seguimos hasta Pe\u00f1a las \u00c1guilas donde despu\u00e9s comenzaremos a bajar a trav\u00e9s de matorrales hasta coger una senda que seguiremos para llegar a Lazado.<\/p>\n<p style=\"text-align: justify;\">\n<\/div>\n<\/div>\n<\/div>\n<\/div>\n<\/div>\n<\/div>\n<div class=\"standard_wrapper\">\n<div  class=\"one_half withsmallpadding ppb_text\" style=\"padding:30px 0 30px 0;\" >\n<div class=\"standard_wrapper\">\n<div class=\"page_content_wrapper\">\n<div class=\"inner\">\n<div style=\"margin:auto;width:100%\">\n<h3><span style=\"text-decoration: underline; color: #000000;\">MUNICIPIO<\/span><\/h3>\n<p style=\"padding-left: 30px;\">Murias de Paredes<\/p>\n<h3><span style=\"text-decoration: underline; color: #000000;\">TIPO DE SENDA<\/span><\/h3>\n<p style=\"padding-left: 30px;\">Peatonal con tramos para cicloturismo (BTT)<\/p>\n<p style=\"padding-left: 30px;\">\n<\/div>\n<\/div>\n<\/div>\n<\/div>\n<\/div>\n<\/div>\n<div class=\"standard_wrapper\">\n<div  class=\"one_half last withsmallpadding ppb_text\" style=\"padding:30px 0 30px 0;\" >\n<div class=\"standard_wrapper\">\n<div class=\"page_content_wrapper\">\n<div class=\"inner\">\n<div style=\"margin:auto;width:100%\">\n<h3><span style=\"text-decoration: underline; color: #99cc00;\"><span style=\"color: #000000; text-decoration: underline;\">DATOS T\u00c9CNICOS<\/span><\/span><\/h3>\n<p style=\"padding-left: 40px;\">Duraci\u00f3n aproximada: 6 h 30 min (Ida y vuelta)<br \/>\nDistancia: 13 km (Ida y vuelta)<br \/>\nTipo de ruta: Lineal (con posibilidad de ser circular)<br \/>\nDificultad: Media<br \/>\nDesnivel: 601 m<br \/>\nCota m\u00e1xima: 1.883 m<br \/>\nCota m\u00ednima: 1.282 m<\/p>\n<\/div>\n<\/div>\n<\/div>\n<\/div>\n<\/div>\n<\/div>\n<div class=\"standard_wrapper\">\n<div  class=\"one_half last withsmallpadding ppb_text\" style=\"padding:30px 0 30px 0;\" >\n<div class=\"standard_wrapper\">\n<div class=\"page_content_wrapper\">\n<div class=\"inner\">\n<div style=\"margin:auto;width:100%\">\n<h3><span style=\"text-decoration: underline; color: #99cc00;\"><span style=\"color: #000000; text-decoration: underline;\">DATOS T\u00c9CNICOS<\/span><\/span><\/h3>\n<p style=\"padding-left: 40px;\">Duraci\u00f3n aproximada: 6 h 30 min (Ida y vuelta)<br \/>\nDistancia: 13 km (Ida y vuelta)<br \/>\nTipo de ruta: Lineal (con posibilidad de ser circular)<br \/>\nDificultad: Media<br \/>\nDesnivel: 601 m<br \/>\nCota m\u00e1xima: 1.883 m<br \/>\nCota m\u00ednima: 1.282 m<\/p>\n<\/div>\n<\/div>\n<\/div>\n<\/div>\n<\/div>\n<\/div>\n<div  class=\"one withsmallpadding ppb_text\" style=\"padding:30px;\" >\n<p><iframe loading=\"lazy\" src=\"https:\/\/www.google.com\/maps\/d\/embed?mid=1R-GS6V76eA1Dj0wDjkWY-Q0wmWOxDZxt\" width=\"100%\" height=\"600\"><\/iframe><\/p>\n<\/div>\n<div  class=\"one withsmallpadding ppb_header \" style=\"text-align:left;padding:30px 0 30px 0;\" >\n<div class=\"standard_wrapper\">\n<div class=\"page_content_wrapper\">\n<div class=\"inner\">\n<div style=\"margin:auto;width:100%\">\n<h2 class=\"ppb_title\" style=\"\">DESCARGA LA RUTA<\/h2>\n<hr class=\"title_break left\" style=\"\"\/>\n<div class=\"ppb_header_content\">\n<p>Pincha en las diferentes versiones y desc\u00e1rgate la ruta, directamente a tu dispositivo gps o smartphone. \u00a1Camina con toda la info en tu mano!<\/p>\n<\/div>\n<\/div>\n<\/div>\n<\/div>\n<\/div>\n<\/div>\n<div class=\"standard_wrapper\">\n<div  class=\"one_third withsmallpadding ppb_text\" style=\"padding:30px 0 30px 0;\" >\n<div class=\"standard_wrapper\">\n<div class=\"page_content_wrapper\">\n<div class=\"inner\">\n<div style=\"margin:auto;width:100%\">\n<p><a href=\"https:\/\/drive.google.com\/file\/d\/1wXICRcu2htt6t3I5aUI4lEXh5yQHH3bC\/view?usp=sharing\"><img decoding=\"async\" loading=\"lazy\" class=\"size-full wp-image-12121 aligncenter\" src=\"http:\/\/3w.sienteomana.com\/wp-content\/uploads\/sites\/2\/2019\/04\/gpx1-e1556101291655.png\" alt=\"\" width=\"50\" height=\"107\" \/><\/a><\/p>\n<\/div>\n<\/div>\n<\/div>\n<\/div>\n<\/div>\n<\/div>\n<div class=\"standard_wrapper\">\n<div  class=\"one_third withsmallpadding ppb_text\" style=\"padding:30px 0 30px 0;\" >\n<div class=\"standard_wrapper\">\n<div class=\"page_content_wrapper\">\n<div class=\"inner\">\n<div style=\"margin:auto;width:100%\">\n<p><a href=\"https:\/\/drive.google.com\/file\/d\/1nstX8R4Np7dUw0xDwclFsL_YmuB57k7_\/view?usp=sharing\"><img decoding=\"async\" loading=\"lazy\" class=\"size-full wp-image-12120 aligncenter\" src=\"http:\/\/3w.sienteomana.com\/wp-content\/uploads\/sites\/2\/2019\/04\/kmz1-e1556101305482.png\" alt=\"\" width=\"50\" height=\"107\" \/><\/a><\/p>\n<\/div>\n<\/div>\n<\/div>\n<\/div>\n<\/div>\n<\/div>\n<div class=\"standard_wrapper\">\n<div  class=\"one_third last withsmallpadding ppb_text\" style=\"padding:30px 0 30px 0;\" >\n<div class=\"standard_wrapper\">\n<div class=\"page_content_wrapper\">\n<div class=\"inner\">\n<div style=\"margin:auto;width:100%\">\n<p><a href=\"https:\/\/www.google.com\/maps\/d\/edit?mid=1R-GS6V76eA1Dj0wDjkWY-Q0wmWOxDZxt&#038;usp=sharing\"><img decoding=\"async\" loading=\"lazy\" class=\"size-full wp-image-12111 aligncenter\" src=\"http:\/\/3w.sienteomana.com\/wp-content\/uploads\/sites\/2\/2019\/04\/phone-e1556100835250.png\" alt=\"\" width=\"50\" height=\"107\" \/><\/a><\/p>\n<\/div>\n<\/div>\n<\/div>\n<\/div>\n<\/div>\n<\/div>\n","protected":false},"excerpt":{"rendered":"<p>SUBIDA AL MIRO PAXARIN DESDE LAZADO Partimos desde Lazado en direcci\u00f3n Senra, donde cogeremos una pista a nuestra derecha que asciende por el lado derecho del arroyo. Siguiendo el camino encontraremos una bifurcaci\u00f3n y seguimos la misma pista por el [&hellip;]<\/p>\n","protected":false},"author":1,"featured_media":0,"parent":0,"menu_order":0,"comment_status":"closed","ping_status":"closed","template":"","meta":{"inline_featured_image":false,"footnotes":""},"yoast_head":"<!-- This site is optimized with the Yoast SEO plugin v20.13 - https:\/\/yoast.com\/wordpress\/plugins\/seo\/ -->\n<title>SUBIDA AL MIRO PAXARIN DESDE LAZADO - (EN) Siente Oma\u00f1a<\/title>\n<meta name=\"robots\" content=\"index, follow, max-snippet:-1, max-image-preview:large, max-video-preview:-1\" \/>\n<link rel=\"canonical\" href=\"https:\/\/3w.sienteomana.com\/en\/subida-al-miro-paxarin-desde-lazado\/\" \/>\n<meta property=\"og:locale\" content=\"es_ES\" \/>\n<meta property=\"og:type\" content=\"article\" \/>\n<meta property=\"og:title\" content=\"SUBIDA AL MIRO PAXARIN DESDE LAZADO - (EN) Siente Oma\u00f1a\" \/>\n<meta property=\"og:description\" content=\"SUBIDA AL MIRO PAXARIN DESDE LAZADO Partimos desde Lazado en direcci\u00f3n Senra, donde cogeremos una pista a nuestra derecha que asciende por el lado derecho del arroyo. Siguiendo el camino encontraremos una bifurcaci\u00f3n y seguimos la misma pista por el [&hellip;]\" \/>\n<meta property=\"og:url\" content=\"https:\/\/3w.sienteomana.com\/en\/subida-al-miro-paxarin-desde-lazado\/\" \/>\n<meta property=\"og:site_name\" content=\"(EN) Siente Oma\u00f1a\" \/>\n<meta property=\"article:modified_time\" content=\"2021-08-31T15:07:23+00:00\" \/>\n<meta property=\"og:image\" content=\"http:\/\/3w.sienteomana.com\/wp-content\/uploads\/sites\/2\/2019\/04\/gpx1-e1556101291655.png\" \/>\n<meta name=\"twitter:card\" content=\"summary_large_image\" \/>\n<meta name=\"twitter:label1\" content=\"Tiempo de lectura\" \/>\n\t<meta name=\"twitter:data1\" content=\"3 minutos\" \/>\n<script type=\"application\/ld+json\" class=\"yoast-schema-graph\">{\"@context\":\"https:\/\/schema.org\",\"@graph\":[{\"@type\":\"WebPage\",\"@id\":\"https:\/\/3w.sienteomana.com\/en\/subida-al-miro-paxarin-desde-lazado\/\",\"url\":\"https:\/\/3w.sienteomana.com\/en\/subida-al-miro-paxarin-desde-lazado\/\",\"name\":\"SUBIDA AL MIRO PAXARIN DESDE LAZADO - (EN) Siente Oma\u00f1a\",\"isPartOf\":{\"@id\":\"https:\/\/3w.sienteomana.com\/en\/#website\"},\"datePublished\":\"2020-11-26T12:51:51+00:00\",\"dateModified\":\"2021-08-31T15:07:23+00:00\",\"breadcrumb\":{\"@id\":\"https:\/\/3w.sienteomana.com\/en\/subida-al-miro-paxarin-desde-lazado\/#breadcrumb\"},\"inLanguage\":\"es\",\"potentialAction\":[{\"@type\":\"ReadAction\",\"target\":[\"https:\/\/3w.sienteomana.com\/en\/subida-al-miro-paxarin-desde-lazado\/\"]}]},{\"@type\":\"BreadcrumbList\",\"@id\":\"https:\/\/3w.sienteomana.com\/en\/subida-al-miro-paxarin-desde-lazado\/#breadcrumb\",\"itemListElement\":[{\"@type\":\"ListItem\",\"position\":1,\"name\":\"Home\",\"item\":\"https:\/\/3w.sienteomana.com\/en\/\"},{\"@type\":\"ListItem\",\"position\":2,\"name\":\"SUBIDA AL MIRO PAXARIN DESDE LAZADO\"}]},{\"@type\":\"WebSite\",\"@id\":\"https:\/\/3w.sienteomana.com\/en\/#website\",\"url\":\"https:\/\/3w.sienteomana.com\/en\/\",\"name\":\"(EN) Siente Oma\u00f1a\",\"description\":\"Oma\u00f1a\",\"potentialAction\":[{\"@type\":\"SearchAction\",\"target\":{\"@type\":\"EntryPoint\",\"urlTemplate\":\"https:\/\/3w.sienteomana.com\/en\/?s={search_term_string}\"},\"query-input\":\"required name=search_term_string\"}],\"inLanguage\":\"es\"}]}<\/script>\n<!-- \/ Yoast SEO plugin. -->","yoast_head_json":{"title":"SUBIDA AL MIRO PAXARIN DESDE LAZADO - (EN) Siente Oma\u00f1a","robots":{"index":"index","follow":"follow","max-snippet":"max-snippet:-1","max-image-preview":"max-image-preview:large","max-video-preview":"max-video-preview:-1"},"canonical":"https:\/\/3w.sienteomana.com\/en\/subida-al-miro-paxarin-desde-lazado\/","og_locale":"es_ES","og_type":"article","og_title":"SUBIDA AL MIRO PAXARIN DESDE LAZADO - (EN) Siente Oma\u00f1a","og_description":"SUBIDA AL MIRO PAXARIN DESDE LAZADO Partimos desde Lazado en direcci\u00f3n Senra, donde cogeremos una pista a nuestra derecha que asciende por el lado derecho del arroyo. Siguiendo el camino encontraremos una bifurcaci\u00f3n y seguimos la misma pista por el [&hellip;]","og_url":"https:\/\/3w.sienteomana.com\/en\/subida-al-miro-paxarin-desde-lazado\/","og_site_name":"(EN) Siente Oma\u00f1a","article_modified_time":"2021-08-31T15:07:23+00:00","og_image":[{"url":"http:\/\/3w.sienteomana.com\/wp-content\/uploads\/sites\/2\/2019\/04\/gpx1-e1556101291655.png"}],"twitter_card":"summary_large_image","twitter_misc":{"Tiempo de lectura":"3 minutos"},"schema":{"@context":"https:\/\/schema.org","@graph":[{"@type":"WebPage","@id":"https:\/\/3w.sienteomana.com\/en\/subida-al-miro-paxarin-desde-lazado\/","url":"https:\/\/3w.sienteomana.com\/en\/subida-al-miro-paxarin-desde-lazado\/","name":"SUBIDA AL MIRO PAXARIN DESDE LAZADO - (EN) Siente Oma\u00f1a","isPartOf":{"@id":"https:\/\/3w.sienteomana.com\/en\/#website"},"datePublished":"2020-11-26T12:51:51+00:00","dateModified":"2021-08-31T15:07:23+00:00","breadcrumb":{"@id":"https:\/\/3w.sienteomana.com\/en\/subida-al-miro-paxarin-desde-lazado\/#breadcrumb"},"inLanguage":"es","potentialAction":[{"@type":"ReadAction","target":["https:\/\/3w.sienteomana.com\/en\/subida-al-miro-paxarin-desde-lazado\/"]}]},{"@type":"BreadcrumbList","@id":"https:\/\/3w.sienteomana.com\/en\/subida-al-miro-paxarin-desde-lazado\/#breadcrumb","itemListElement":[{"@type":"ListItem","position":1,"name":"Home","item":"https:\/\/3w.sienteomana.com\/en\/"},{"@type":"ListItem","position":2,"name":"SUBIDA AL MIRO PAXARIN DESDE LAZADO"}]},{"@type":"WebSite","@id":"https:\/\/3w.sienteomana.com\/en\/#website","url":"https:\/\/3w.sienteomana.com\/en\/","name":"(EN) Siente Oma\u00f1a","description":"Oma\u00f1a","potentialAction":[{"@type":"SearchAction","target":{"@type":"EntryPoint","urlTemplate":"https:\/\/3w.sienteomana.com\/en\/?s={search_term_string}"},"query-input":"required name=search_term_string"}],"inLanguage":"es"}]}},"_links":{"self":[{"href":"https:\/\/3w.sienteomana.com\/en\/wp-json\/wp\/v2\/pages\/13159"}],"collection":[{"href":"https:\/\/3w.sienteomana.com\/en\/wp-json\/wp\/v2\/pages"}],"about":[{"href":"https:\/\/3w.sienteomana.com\/en\/wp-json\/wp\/v2\/types\/page"}],"author":[{"embeddable":true,"href":"https:\/\/3w.sienteomana.com\/en\/wp-json\/wp\/v2\/users\/1"}],"replies":[{"embeddable":true,"href":"https:\/\/3w.sienteomana.com\/en\/wp-json\/wp\/v2\/comments?post=13159"}],"version-history":[{"count":13,"href":"https:\/\/3w.sienteomana.com\/en\/wp-json\/wp\/v2\/pages\/13159\/revisions"}],"predecessor-version":[{"id":14017,"href":"https:\/\/3w.sienteomana.com\/en\/wp-json\/wp\/v2\/pages\/13159\/revisions\/14017"}],"wp:attachment":[{"href":"https:\/\/3w.sienteomana.com\/en\/wp-json\/wp\/v2\/media?parent=13159"}],"curies":[{"name":"wp","href":"https:\/\/api.w.org\/{rel}","templated":true}]}}