{"id":13172,"date":"2020-11-26T12:55:43","date_gmt":"2020-11-26T12:55:43","guid":{"rendered":"https:\/\/3w.sienteomana.com\/en\/?page_id=13172"},"modified":"2021-08-30T16:26:20","modified_gmt":"2021-08-30T16:26:20","slug":"subida-hasta-la-antena-de-murias","status":"publish","type":"page","link":"https:\/\/3w.sienteomana.com\/en\/subida-hasta-la-antena-de-murias\/","title":{"rendered":"SUBIDA HASTA LA ANTENA DE MURIAS"},"content":{"rendered":"<div class=\"standard_wrapper\">\n<div  class=\"one_half withsmallpadding ppb_text\" style=\"padding:30px 0 30px 0;\" >\n<div class=\"standard_wrapper\">\n<div class=\"page_content_wrapper\">\n<div class=\"inner\">\n<div style=\"margin:auto;width:100%\">\n<h1 style=\"text-align: left;\"><span style=\"color: #99cc00;\">SUBIDA HASTA LA ANTENA DE MURIAS<br \/>\n<\/span><\/h1>\n<p style=\"text-align: justify;\">Partimos desde la Casona de los Condes de Luna, en Murias de Paredes. Seguimos hasta el final del pueblo en direcci\u00f3n a la salida hacia Villablino hasta tomar un sendero que encontraremos a nuestra izquierda y que nos llevar\u00e1 hasta el arc\u00e9n de la carretera siguiendo, a ratos, el arroyo del Cativo.<\/p>\n<p>Cuando lleguemos a la carretera, deberemos cruzar con mucha precauci\u00f3n al otro lado hasta llegar a un descampado donde comenzaremos a ascender por una pista de tierra que nos lleva al alto de Las Canalizas (1.550 m) donde se encuentra la antena. En esta zona podemos disfrutar de una de las mejores panor\u00e1micas de la zona.<\/p>\n<p>Para volver a Murias de Paredes solo debemos hacer el mismo camino de vuelta.<\/p>\n<p>\u00a0<\/p>\n<\/div>\n<\/div>\n<\/div>\n<\/div>\n<\/div>\n<\/div>\n<div class=\"standard_wrapper\">\n<div  class=\"one_half withsmallpadding ppb_text\" style=\"padding:30px 0 30px 0;\" >\n<div class=\"standard_wrapper\">\n<div class=\"page_content_wrapper\">\n<div class=\"inner\">\n<div style=\"margin:auto;width:100%\">\n<h1 style=\"text-align: left;\"><span style=\"color: #99cc00;\">SUBIDA HASTA LA ANTENA DE MURIAS<br \/>\n<\/span><\/h1>\n<p style=\"text-align: justify;\">Partimos desde la Casona de los Condes de Luna, en Murias de Paredes. Seguimos hasta el final del pueblo en direcci\u00f3n a la salida hacia Villablino hasta tomar un sendero que encontraremos a nuestra izquierda y que nos llevar\u00e1 hasta el arc\u00e9n de la carretera siguiendo, a ratos, el arroyo del Cativo.<\/p>\n<p>Cuando lleguemos a la carretera, deberemos cruzar con mucha precauci\u00f3n al otro lado hasta llegar a un descampado donde comenzaremos a ascender por una pista de tierra que nos lleva al alto de Las Canalizas (1.550 m) donde se encuentra la antena. En esta zona podemos disfrutar de una de las mejores panor\u00e1micas de la zona.<\/p>\n<p>Para volver a Murias de Paredes solo debemos hacer el mismo camino de vuelta.<\/p>\n<p>\u00a0<\/p>\n<\/div>\n<\/div>\n<\/div>\n<\/div>\n<\/div>\n<\/div>\n<div class=\"standard_wrapper\">\n<div  class=\"one_half withsmallpadding ppb_text\" style=\"padding:30px 0 30px 0;\" >\n<div class=\"standard_wrapper\">\n<div class=\"page_content_wrapper\">\n<div class=\"inner\">\n<div style=\"margin:auto;width:100%\">\n<h1 style=\"text-align: left;\"><span style=\"color: #99cc00;\">SUBIDA HASTA LA ANTENA DE MURIAS<br \/>\n<\/span><\/h1>\n<p style=\"text-align: justify;\">Partimos desde la Casona de los Condes de Luna, en Murias de Paredes. Seguimos hasta el final del pueblo en direcci\u00f3n a la salida hacia Villablino hasta tomar un sendero que encontraremos a nuestra izquierda y que nos llevar\u00e1 hasta el arc\u00e9n de la carretera siguiendo, a ratos, el arroyo del Cativo.<\/p>\n<p>Cuando lleguemos a la carretera, deberemos cruzar con mucha precauci\u00f3n al otro lado hasta llegar a un descampado donde comenzaremos a ascender por una pista de tierra que nos lleva al alto de Las Canalizas (1.550 m) donde se encuentra la antena. En esta zona podemos disfrutar de una de las mejores panor\u00e1micas de la zona.<\/p>\n<p>Para volver a Murias de Paredes solo debemos hacer el mismo camino de vuelta.<\/p>\n<p>\u00a0<\/p>\n<\/div>\n<\/div>\n<\/div>\n<\/div>\n<\/div>\n<\/div>\n<div class=\"standard_wrapper\">\n<div  class=\"one_half withsmallpadding ppb_text\" style=\"padding:30px 0 30px 0;\" >\n<div class=\"standard_wrapper\">\n<div class=\"page_content_wrapper\">\n<div class=\"inner\">\n<div style=\"margin:auto;width:100%\">\n<h3><span style=\"text-decoration: underline; color: #000000;\">MUNICIPIO<\/span><\/h3>\n<p style=\"padding-left: 30px;\">Murias de Paredes<\/p>\n<h3><span style=\"text-decoration: underline; color: #000000;\">TIPO DE SENDA<\/span><\/h3>\n<p style=\"padding-left: 30px;\">Peatonal con tramos para cicloturismo (BTT)<\/p>\n<h3><span style=\"text-decoration: underline; color: #000000;\">COORDENADAS<\/span><\/h3>\n<p style=\"padding-left: 30px;\">Inicio y llegada: <span id=\"coordinates\"><span class=\"plainlinks nourlexpansion\"><span class=\"geo-default\"><span class=\"geo-dms\" title=\"Mapas, fotos y otros datos de 42\u00b050\u203256\u2033N 6\u00b011\u203228\u2033O\"><span class=\"latitude\">2\u00b050\u203256\u2033N <\/span><span class=\"longitude\">6\u00b011\u203228\u2033O<\/span><\/span><\/span><\/span><\/span><\/p>\n<\/div>\n<\/div>\n<\/div>\n<\/div>\n<\/div>\n<\/div>\n<div class=\"standard_wrapper\">\n<div  class=\"one_half last withsmallpadding ppb_text\" style=\"padding:30px 0 30px 0;\" >\n<div class=\"standard_wrapper\">\n<div class=\"page_content_wrapper\">\n<div class=\"inner\">\n<div style=\"margin:auto;width:100%\">\n<h3><span style=\"text-decoration: underline; color: #99cc00;\"><span style=\"color: #000000; text-decoration: underline;\">DATOS T\u00c9CNICOS<\/span><br \/>\n<\/span><\/h3>\n<p style=\"padding-left: 40px;\">Duraci\u00f3n aproximada: 2 h 40 min (Ida y vuelta)<br \/>\nDistancia: 6\u00b422 km (Ida y vuelta)<br \/>\nTipo de ruta: Lineal<br \/>\nDificultad: Media<br \/>\nDesnivel: 327 m<br \/>\nCota m\u00e1xima: 1.582 m<br \/>\nCota m\u00ednima: 1.255 m<\/p>\n<\/div>\n<\/div>\n<\/div>\n<\/div>\n<\/div>\n<\/div>\n<div class=\"standard_wrapper\">\n<div  class=\"one_half last withsmallpadding ppb_text\" style=\"padding:30px 0 30px 0;\" >\n<div class=\"standard_wrapper\">\n<div class=\"page_content_wrapper\">\n<div class=\"inner\">\n<div style=\"margin:auto;width:100%\">\n<h3><span style=\"text-decoration: underline; color: #99cc00;\"><span style=\"color: #000000; text-decoration: underline;\">DATOS T\u00c9CNICOS<\/span><br \/>\n<\/span><\/h3>\n<p style=\"padding-left: 40px;\">Duraci\u00f3n aproximada: 2 h 40 min (Ida y vuelta)<br \/>\nDistancia: 6\u00b422 km (Ida y vuelta)<br \/>\nTipo de ruta: Lineal<br \/>\nDificultad: Media<br \/>\nDesnivel: 327 m<br \/>\nCota m\u00e1xima: 1.582 m<br \/>\nCota m\u00ednima: 1.255 m<\/p>\n<\/div>\n<\/div>\n<\/div>\n<\/div>\n<\/div>\n<\/div>\n<div  class=\"one withsmallpadding ppb_text\" style=\"padding:30px;\" >\n<p><iframe loading=\"lazy\" src=\"https:\/\/www.google.com\/maps\/d\/embed?mid=1qM6gv1wUIEd0kyx9At0xk_IG4UxGslAN\" width=\"100%\" height=\"600\"><\/iframe><\/p>\n<\/div>\n<div  class=\"one withsmallpadding ppb_header \" style=\"text-align:left;padding:30px 0 30px 0;\" >\n<div class=\"standard_wrapper\">\n<div class=\"page_content_wrapper\">\n<div class=\"inner\">\n<div style=\"margin:auto;width:100%\">\n<h2 class=\"ppb_title\" style=\"\">DESCARGA LA RUTA<\/h2>\n<hr class=\"title_break left\" style=\"\"\/>\n<div class=\"ppb_header_content\">\n<p>Pincha en las diferentes versiones y desc\u00e1rgate la ruta, directamente a tu dispositivo gps o smartphone. \u00a1Camina con toda la info en tu mano!<\/p>\n<\/div>\n<\/div>\n<\/div>\n<\/div>\n<\/div>\n<\/div>\n<div class=\"standard_wrapper\">\n<div  class=\"one_third withsmallpadding ppb_text\" style=\"padding:30px 0 30px 0;\" >\n<div class=\"standard_wrapper\">\n<div class=\"page_content_wrapper\">\n<div class=\"inner\">\n<div style=\"margin:auto;width:100%\">\n<p><a href=\"https:\/\/drive.google.com\/file\/d\/15CJsNCmu2eHeCeFKpQHj40kFbIWdY8s8\/view?usp=sharing\"><img decoding=\"async\" loading=\"lazy\" class=\"size-full wp-image-12121 aligncenter\" src=\"http:\/\/3w.sienteomana.com\/wp-content\/uploads\/sites\/2\/2019\/04\/gpx1-e1556101291655.png\" alt=\"\" width=\"50\" height=\"107\" \/><\/a><\/p>\n<\/div>\n<\/div>\n<\/div>\n<\/div>\n<\/div>\n<\/div>\n<div class=\"standard_wrapper\">\n<div  class=\"one_third withsmallpadding ppb_text\" style=\"padding:30px 0 30px 0;\" >\n<div class=\"standard_wrapper\">\n<div class=\"page_content_wrapper\">\n<div class=\"inner\">\n<div style=\"margin:auto;width:100%\">\n<p><a href=\"https:\/\/drive.google.com\/file\/d\/1YyR05RBUYk2Xol51MqTVmN0L-upVShDw\/view?usp=sharing\"><img decoding=\"async\" loading=\"lazy\" class=\"size-full wp-image-12120 aligncenter\" src=\"http:\/\/3w.sienteomana.com\/wp-content\/uploads\/sites\/2\/2019\/04\/kmz1-e1556101305482.png\" alt=\"\" width=\"50\" height=\"107\" \/><\/a><\/p>\n<\/div>\n<\/div>\n<\/div>\n<\/div>\n<\/div>\n<\/div>\n<div class=\"standard_wrapper\">\n<div  class=\"one_third last withsmallpadding ppb_text\" style=\"padding:30px 0 30px 0;\" >\n<div class=\"standard_wrapper\">\n<div class=\"page_content_wrapper\">\n<div class=\"inner\">\n<div style=\"margin:auto;width:100%\">\n<p><a href=\"https:\/\/www.google.com\/maps\/d\/edit?mid=1qM6gv1wUIEd0kyx9At0xk_IG4UxGslAN&#038;usp=sharing\"><img decoding=\"async\" loading=\"lazy\" class=\"size-full wp-image-12111 aligncenter\" src=\"http:\/\/3w.sienteomana.com\/wp-content\/uploads\/sites\/2\/2019\/04\/phone-e1556100835250.png\" alt=\"\" width=\"50\" height=\"107\" \/><\/a><\/p>\n<\/div>\n<\/div>\n<\/div>\n<\/div>\n<\/div>\n<\/div>\n","protected":false},"excerpt":{"rendered":"<p>SUBIDA HASTA LA ANTENA DE MURIAS Partimos desde la Casona de los Condes de Luna, en Murias de Paredes. Seguimos hasta el final del pueblo en direcci\u00f3n a la salida hacia Villablino hasta tomar un sendero que encontraremos a nuestra [&hellip;]<\/p>\n","protected":false},"author":1,"featured_media":0,"parent":0,"menu_order":0,"comment_status":"closed","ping_status":"closed","template":"","meta":{"inline_featured_image":false,"footnotes":""},"yoast_head":"<!-- This site is optimized with the Yoast SEO plugin v20.13 - https:\/\/yoast.com\/wordpress\/plugins\/seo\/ -->\n<title>SUBIDA HASTA LA ANTENA DE MURIAS - (EN) Siente Oma\u00f1a<\/title>\n<meta name=\"robots\" content=\"index, follow, max-snippet:-1, max-image-preview:large, max-video-preview:-1\" \/>\n<link rel=\"canonical\" href=\"https:\/\/3w.sienteomana.com\/en\/subida-hasta-la-antena-de-murias\/\" \/>\n<meta property=\"og:locale\" content=\"es_ES\" \/>\n<meta property=\"og:type\" content=\"article\" \/>\n<meta property=\"og:title\" content=\"SUBIDA HASTA LA ANTENA DE MURIAS - (EN) Siente Oma\u00f1a\" \/>\n<meta property=\"og:description\" content=\"SUBIDA HASTA LA ANTENA DE MURIAS Partimos desde la Casona de los Condes de Luna, en Murias de Paredes. Seguimos hasta el final del pueblo en direcci\u00f3n a la salida hacia Villablino hasta tomar un sendero que encontraremos a nuestra [&hellip;]\" \/>\n<meta property=\"og:url\" content=\"https:\/\/3w.sienteomana.com\/en\/subida-hasta-la-antena-de-murias\/\" \/>\n<meta property=\"og:site_name\" content=\"(EN) Siente Oma\u00f1a\" \/>\n<meta property=\"article:modified_time\" content=\"2021-08-30T16:26:20+00:00\" \/>\n<meta property=\"og:image\" content=\"http:\/\/3w.sienteomana.com\/wp-content\/uploads\/sites\/2\/2019\/04\/gpx1-e1556101291655.png\" \/>\n<meta name=\"twitter:card\" content=\"summary_large_image\" \/>\n<meta name=\"twitter:label1\" content=\"Tiempo de lectura\" \/>\n\t<meta name=\"twitter:data1\" content=\"3 minutos\" \/>\n<script type=\"application\/ld+json\" class=\"yoast-schema-graph\">{\"@context\":\"https:\/\/schema.org\",\"@graph\":[{\"@type\":\"WebPage\",\"@id\":\"https:\/\/3w.sienteomana.com\/en\/subida-hasta-la-antena-de-murias\/\",\"url\":\"https:\/\/3w.sienteomana.com\/en\/subida-hasta-la-antena-de-murias\/\",\"name\":\"SUBIDA HASTA LA ANTENA DE MURIAS - (EN) Siente Oma\u00f1a\",\"isPartOf\":{\"@id\":\"https:\/\/3w.sienteomana.com\/en\/#website\"},\"datePublished\":\"2020-11-26T12:55:43+00:00\",\"dateModified\":\"2021-08-30T16:26:20+00:00\",\"breadcrumb\":{\"@id\":\"https:\/\/3w.sienteomana.com\/en\/subida-hasta-la-antena-de-murias\/#breadcrumb\"},\"inLanguage\":\"es\",\"potentialAction\":[{\"@type\":\"ReadAction\",\"target\":[\"https:\/\/3w.sienteomana.com\/en\/subida-hasta-la-antena-de-murias\/\"]}]},{\"@type\":\"BreadcrumbList\",\"@id\":\"https:\/\/3w.sienteomana.com\/en\/subida-hasta-la-antena-de-murias\/#breadcrumb\",\"itemListElement\":[{\"@type\":\"ListItem\",\"position\":1,\"name\":\"Home\",\"item\":\"https:\/\/3w.sienteomana.com\/en\/\"},{\"@type\":\"ListItem\",\"position\":2,\"name\":\"SUBIDA HASTA LA ANTENA DE MURIAS\"}]},{\"@type\":\"WebSite\",\"@id\":\"https:\/\/3w.sienteomana.com\/en\/#website\",\"url\":\"https:\/\/3w.sienteomana.com\/en\/\",\"name\":\"(EN) Siente Oma\u00f1a\",\"description\":\"Oma\u00f1a\",\"potentialAction\":[{\"@type\":\"SearchAction\",\"target\":{\"@type\":\"EntryPoint\",\"urlTemplate\":\"https:\/\/3w.sienteomana.com\/en\/?s={search_term_string}\"},\"query-input\":\"required name=search_term_string\"}],\"inLanguage\":\"es\"}]}<\/script>\n<!-- \/ Yoast SEO plugin. -->","yoast_head_json":{"title":"SUBIDA HASTA LA ANTENA DE MURIAS - (EN) Siente Oma\u00f1a","robots":{"index":"index","follow":"follow","max-snippet":"max-snippet:-1","max-image-preview":"max-image-preview:large","max-video-preview":"max-video-preview:-1"},"canonical":"https:\/\/3w.sienteomana.com\/en\/subida-hasta-la-antena-de-murias\/","og_locale":"es_ES","og_type":"article","og_title":"SUBIDA HASTA LA ANTENA DE MURIAS - (EN) Siente Oma\u00f1a","og_description":"SUBIDA HASTA LA ANTENA DE MURIAS Partimos desde la Casona de los Condes de Luna, en Murias de Paredes. Seguimos hasta el final del pueblo en direcci\u00f3n a la salida hacia Villablino hasta tomar un sendero que encontraremos a nuestra [&hellip;]","og_url":"https:\/\/3w.sienteomana.com\/en\/subida-hasta-la-antena-de-murias\/","og_site_name":"(EN) Siente Oma\u00f1a","article_modified_time":"2021-08-30T16:26:20+00:00","og_image":[{"url":"http:\/\/3w.sienteomana.com\/wp-content\/uploads\/sites\/2\/2019\/04\/gpx1-e1556101291655.png"}],"twitter_card":"summary_large_image","twitter_misc":{"Tiempo de lectura":"3 minutos"},"schema":{"@context":"https:\/\/schema.org","@graph":[{"@type":"WebPage","@id":"https:\/\/3w.sienteomana.com\/en\/subida-hasta-la-antena-de-murias\/","url":"https:\/\/3w.sienteomana.com\/en\/subida-hasta-la-antena-de-murias\/","name":"SUBIDA HASTA LA ANTENA DE MURIAS - (EN) Siente Oma\u00f1a","isPartOf":{"@id":"https:\/\/3w.sienteomana.com\/en\/#website"},"datePublished":"2020-11-26T12:55:43+00:00","dateModified":"2021-08-30T16:26:20+00:00","breadcrumb":{"@id":"https:\/\/3w.sienteomana.com\/en\/subida-hasta-la-antena-de-murias\/#breadcrumb"},"inLanguage":"es","potentialAction":[{"@type":"ReadAction","target":["https:\/\/3w.sienteomana.com\/en\/subida-hasta-la-antena-de-murias\/"]}]},{"@type":"BreadcrumbList","@id":"https:\/\/3w.sienteomana.com\/en\/subida-hasta-la-antena-de-murias\/#breadcrumb","itemListElement":[{"@type":"ListItem","position":1,"name":"Home","item":"https:\/\/3w.sienteomana.com\/en\/"},{"@type":"ListItem","position":2,"name":"SUBIDA HASTA LA ANTENA DE MURIAS"}]},{"@type":"WebSite","@id":"https:\/\/3w.sienteomana.com\/en\/#website","url":"https:\/\/3w.sienteomana.com\/en\/","name":"(EN) Siente Oma\u00f1a","description":"Oma\u00f1a","potentialAction":[{"@type":"SearchAction","target":{"@type":"EntryPoint","urlTemplate":"https:\/\/3w.sienteomana.com\/en\/?s={search_term_string}"},"query-input":"required name=search_term_string"}],"inLanguage":"es"}]}},"_links":{"self":[{"href":"https:\/\/3w.sienteomana.com\/en\/wp-json\/wp\/v2\/pages\/13172"}],"collection":[{"href":"https:\/\/3w.sienteomana.com\/en\/wp-json\/wp\/v2\/pages"}],"about":[{"href":"https:\/\/3w.sienteomana.com\/en\/wp-json\/wp\/v2\/types\/page"}],"author":[{"embeddable":true,"href":"https:\/\/3w.sienteomana.com\/en\/wp-json\/wp\/v2\/users\/1"}],"replies":[{"embeddable":true,"href":"https:\/\/3w.sienteomana.com\/en\/wp-json\/wp\/v2\/comments?post=13172"}],"version-history":[{"count":12,"href":"https:\/\/3w.sienteomana.com\/en\/wp-json\/wp\/v2\/pages\/13172\/revisions"}],"predecessor-version":[{"id":13974,"href":"https:\/\/3w.sienteomana.com\/en\/wp-json\/wp\/v2\/pages\/13172\/revisions\/13974"}],"wp:attachment":[{"href":"https:\/\/3w.sienteomana.com\/en\/wp-json\/wp\/v2\/media?parent=13172"}],"curies":[{"name":"wp","href":"https:\/\/api.w.org\/{rel}","templated":true}]}}