{"id":13184,"date":"2020-11-26T13:01:02","date_gmt":"2020-11-26T13:01:02","guid":{"rendered":"https:\/\/3w.sienteomana.com\/en\/?page_id=13184"},"modified":"2020-11-26T19:10:58","modified_gmt":"2020-11-26T19:10:58","slug":"barrio-de-la-puente-suspiron","status":"publish","type":"page","link":"https:\/\/3w.sienteomana.com\/en\/barrio-de-la-puente-suspiron\/","title":{"rendered":"BARRIO DE LA PUENTE SUSPIRO\u0301N"},"content":{"rendered":"<div class=\"standard_wrapper\">\n<div  class=\"one_half withsmallpadding ppb_text\" style=\"padding:30px 0 30px 0;\" >\n<div class=\"standard_wrapper\">\n<div class=\"page_content_wrapper\">\n<div class=\"inner\">\n<div style=\"margin:auto;width:100%\">\n<h1 style=\"text-align: left;\"><span style=\"color: #99cc00;\">BARRIO DE LA PUENTE SUSPIRO\u0301N<br \/>\n<\/span><\/h1>\n<p style=\"text-align: justify;\">Distancia: 10,8 kil\u00f3metros<\/p>\n<p style=\"text-align: justify;\">En el pueblo cogeremos la primera entrada y bajaremos hasta la fuente.\u00a0 Poco despu\u00e9s pasaremos el puente romano y giraremos a la izquierda donde el camino se bifurca, cogeremos el sendero que nos llevar\u00e1 al cruce de Llamatrieme, donde se alza una cruz de madera. Cogeremos el camino de la derecha que, seg\u00fan la se\u00f1alizaci\u00f3n, nos llevar\u00e1 a la Mortera.<\/p>\n<p style=\"text-align: justify;\">El r\u00edo nos acompa\u00f1ara por nuestra derecha hasta cruzar un arroyo por un puente de hierro, al llegar al ramal seguimos por el camino de la izquierda. Continuaremos el intenso ascenso y al llegar a una nueva bifurcaci\u00f3n seguiremos por la de la izquierda y llegaremos a un cruce, cogeremos en esta ocasi\u00f3n el sendero a la derecha donde comenzaremos una intensa subida hasta llegar a la Caba\u00f1a de La Mortera donde encontraremos una fuente.<\/p>\n<p style=\"text-align: justify;\">Desde all\u00ed comenzaremos una subida m\u00e1s dura hac\u00eda el Suspir\u00f3n. Poco despu\u00e9s, el camino comienza a descender y deberemos abandonar el sendero y comenzaremos a subir siguiendo las piedras.\u00a0 Lograremos hacer cima en poco despu\u00e9s. Volveremos al camino y en esta ocasi\u00f3n,\u00a0 descenderemos por un camino de piedra suelta y despu\u00e9s cogeremos el primer camino que hay a la derecha para regresar a Barrio de la Puente.<\/p>\n<\/div>\n<\/div>\n<\/div>\n<\/div>\n<\/div>\n<\/div>\n<div class=\"standard_wrapper\">\n<div  class=\"one_half withsmallpadding ppb_text\" style=\"padding:30px 0 30px 0;\" >\n<div class=\"standard_wrapper\">\n<div class=\"page_content_wrapper\">\n<div class=\"inner\">\n<div style=\"margin:auto;width:100%\">\n<h1 style=\"text-align: left;\"><span style=\"color: #99cc00;\">BARRIO DE LA PUENTE SUSPIRO\u0301N<br \/>\n<\/span><\/h1>\n<p style=\"text-align: justify;\">Distancia: 10,8 kil\u00f3metros<\/p>\n<p style=\"text-align: justify;\">En el pueblo cogeremos la primera entrada y bajaremos hasta la fuente.\u00a0 Poco despu\u00e9s pasaremos el puente romano y giraremos a la izquierda donde el camino se bifurca, cogeremos el sendero que nos llevar\u00e1 al cruce de Llamatrieme, donde se alza una cruz de madera. Cogeremos el camino de la derecha que, seg\u00fan la se\u00f1alizaci\u00f3n, nos llevar\u00e1 a la Mortera.<\/p>\n<p style=\"text-align: justify;\">El r\u00edo nos acompa\u00f1ara por nuestra derecha hasta cruzar un arroyo por un puente de hierro, al llegar al ramal seguimos por el camino de la izquierda. Continuaremos el intenso ascenso y al llegar a una nueva bifurcaci\u00f3n seguiremos por la de la izquierda y llegaremos a un cruce, cogeremos en esta ocasi\u00f3n el sendero a la derecha donde comenzaremos una intensa subida hasta llegar a la Caba\u00f1a de La Mortera donde encontraremos una fuente.<\/p>\n<p style=\"text-align: justify;\">Desde all\u00ed comenzaremos una subida m\u00e1s dura hac\u00eda el Suspir\u00f3n. Poco despu\u00e9s, el camino comienza a descender y deberemos abandonar el sendero y comenzaremos a subir siguiendo las piedras.\u00a0 Lograremos hacer cima en poco despu\u00e9s. Volveremos al camino y en esta ocasi\u00f3n,\u00a0 descenderemos por un camino de piedra suelta y despu\u00e9s cogeremos el primer camino que hay a la derecha para regresar a Barrio de la Puente.<\/p>\n<\/div>\n<\/div>\n<\/div>\n<\/div>\n<\/div>\n<\/div>\n<div class=\"standard_wrapper\">\n<div  class=\"one_half withsmallpadding ppb_text\" style=\"padding:30px 0 30px 0;\" >\n<div class=\"standard_wrapper\">\n<div class=\"page_content_wrapper\">\n<div class=\"inner\">\n<div style=\"margin:auto;width:100%\">\n<h1 style=\"text-align: left;\"><span style=\"color: #99cc00;\">BARRIO DE LA PUENTE SUSPIRO\u0301N<br \/>\n<\/span><\/h1>\n<p style=\"text-align: justify;\">Distancia: 10,8 kil\u00f3metros<\/p>\n<p style=\"text-align: justify;\">En el pueblo cogeremos la primera entrada y bajaremos hasta la fuente.\u00a0 Poco despu\u00e9s pasaremos el puente romano y giraremos a la izquierda donde el camino se bifurca, cogeremos el sendero que nos llevar\u00e1 al cruce de Llamatrieme, donde se alza una cruz de madera. Cogeremos el camino de la derecha que, seg\u00fan la se\u00f1alizaci\u00f3n, nos llevar\u00e1 a la Mortera.<\/p>\n<p style=\"text-align: justify;\">El r\u00edo nos acompa\u00f1ara por nuestra derecha hasta cruzar un arroyo por un puente de hierro, al llegar al ramal seguimos por el camino de la izquierda. Continuaremos el intenso ascenso y al llegar a una nueva bifurcaci\u00f3n seguiremos por la de la izquierda y llegaremos a un cruce, cogeremos en esta ocasi\u00f3n el sendero a la derecha donde comenzaremos una intensa subida hasta llegar a la Caba\u00f1a de La Mortera donde encontraremos una fuente.<\/p>\n<p style=\"text-align: justify;\">Desde all\u00ed comenzaremos una subida m\u00e1s dura hac\u00eda el Suspir\u00f3n. Poco despu\u00e9s, el camino comienza a descender y deberemos abandonar el sendero y comenzaremos a subir siguiendo las piedras.\u00a0 Lograremos hacer cima en poco despu\u00e9s. Volveremos al camino y en esta ocasi\u00f3n,\u00a0 descenderemos por un camino de piedra suelta y despu\u00e9s cogeremos el primer camino que hay a la derecha para regresar a Barrio de la Puente.<\/p>\n<\/div>\n<\/div>\n<\/div>\n<\/div>\n<\/div>\n<\/div>\n<div  class=\"one withsmallpadding ppb_text\" style=\"padding:30px;\" >\n<p><iframe loading=\"lazy\" src=\"https:\/\/www.google.com\/maps\/d\/embed?mid=1Ue1exCyRACjJHC0aWkZ9vgoXgoNxP85k\" width=\"100%\" height=\"600\"><\/iframe><\/p>\n<\/div>\n<div  class=\"one withsmallpadding ppb_header \" style=\"text-align:left;padding:30px 0 30px 0;\" >\n<div class=\"standard_wrapper\">\n<div class=\"page_content_wrapper\">\n<div class=\"inner\">\n<div style=\"margin:auto;width:100%\">\n<h2 class=\"ppb_title\" style=\"\">DESCARGA LA RUTA<\/h2>\n<hr class=\"title_break left\" style=\"\"\/>\n<div class=\"ppb_header_content\">\n<p>Pincha en las diferentes versiones y desc\u00e1rgate la ruta, directamente a tu dispositivo gps o smartphone. \u00a1Camina con toda la info en tu mano!<\/p>\n<\/div>\n<\/div>\n<\/div>\n<\/div>\n<\/div>\n<\/div>\n<div class=\"standard_wrapper\">\n<div  class=\"one_third withsmallpadding ppb_text\" style=\"padding:30px 0 30px 0;\" >\n<div class=\"standard_wrapper\">\n<div class=\"page_content_wrapper\">\n<div class=\"inner\">\n<div style=\"margin:auto;width:100%\">\n<p><a href=\"https:\/\/drive.google.com\/file\/d\/1b0r0aeEzwRUh8JnWap-2d3_Nt4p-aNuu\/view?usp=sharing\"><img decoding=\"async\" loading=\"lazy\" class=\"size-full wp-image-12121 aligncenter\" src=\"http:\/\/3w.sienteomana.com\/wp-content\/uploads\/sites\/2\/2019\/04\/gpx1-e1556101291655.png\" alt=\"\" width=\"50\" height=\"107\" \/><\/a><\/p>\n<\/div>\n<\/div>\n<\/div>\n<\/div>\n<\/div>\n<\/div>\n<div class=\"standard_wrapper\">\n<div  class=\"one_third withsmallpadding ppb_text\" style=\"padding:30px 0 30px 0;\" >\n<div class=\"standard_wrapper\">\n<div class=\"page_content_wrapper\">\n<div class=\"inner\">\n<div style=\"margin:auto;width:100%\">\n<p><a href=\"https:\/\/drive.google.com\/file\/d\/1XxCRlGbmDq9yFYvMv2p1bi9wZJ3oNAWF\/view?usp=sharing\"><img decoding=\"async\" loading=\"lazy\" class=\"size-full wp-image-12120 aligncenter\" src=\"http:\/\/3w.sienteomana.com\/wp-content\/uploads\/sites\/2\/2019\/04\/kmz1-e1556101305482.png\" alt=\"\" width=\"50\" height=\"107\" \/><\/a><\/p>\n<\/div>\n<\/div>\n<\/div>\n<\/div>\n<\/div>\n<\/div>\n<div class=\"standard_wrapper\">\n<div  class=\"one_third last withsmallpadding ppb_text\" style=\"padding:30px 0 30px 0;\" >\n<div class=\"standard_wrapper\">\n<div class=\"page_content_wrapper\">\n<div class=\"inner\">\n<div style=\"margin:auto;width:100%\">\n<p><a href=\"https:\/\/www.google.com\/maps\/d\/edit?mid=1Ue1exCyRACjJHC0aWkZ9vgoXgoNxP85k&#038;usp=sharing\"><img decoding=\"async\" loading=\"lazy\" class=\"size-full wp-image-12111 aligncenter\" src=\"http:\/\/3w.sienteomana.com\/wp-content\/uploads\/sites\/2\/2019\/04\/phone-e1556100835250.png\" alt=\"\" width=\"50\" height=\"107\" \/><\/a><\/p>\n<\/div>\n<\/div>\n<\/div>\n<\/div>\n<\/div>\n<\/div>\n","protected":false},"excerpt":{"rendered":"<p>BARRIO DE LA PUENTE SUSPIRO\u0301N Distancia: 10,8 kil\u00f3metros En el pueblo cogeremos la primera entrada y bajaremos hasta la fuente.\u00a0 Poco despu\u00e9s pasaremos el puente romano y giraremos a la izquierda donde el camino se bifurca, cogeremos el sendero que [&hellip;]<\/p>\n","protected":false},"author":1,"featured_media":0,"parent":0,"menu_order":0,"comment_status":"closed","ping_status":"closed","template":"","meta":{"inline_featured_image":false,"footnotes":""},"yoast_head":"<!-- This site is optimized with the Yoast SEO plugin v20.13 - https:\/\/yoast.com\/wordpress\/plugins\/seo\/ -->\n<title>BARRIO DE LA PUENTE SUSPIRO\u0301N - (EN) Siente Oma\u00f1a<\/title>\n<meta name=\"robots\" content=\"index, follow, max-snippet:-1, max-image-preview:large, max-video-preview:-1\" \/>\n<link rel=\"canonical\" href=\"https:\/\/3w.sienteomana.com\/en\/barrio-de-la-puente-suspiron\/\" \/>\n<meta property=\"og:locale\" content=\"es_ES\" \/>\n<meta property=\"og:type\" content=\"article\" \/>\n<meta property=\"og:title\" content=\"BARRIO DE LA PUENTE SUSPIRO\u0301N - (EN) Siente Oma\u00f1a\" \/>\n<meta property=\"og:description\" content=\"BARRIO DE LA PUENTE SUSPIRO\u0301N Distancia: 10,8 kil\u00f3metros En el pueblo cogeremos la primera entrada y bajaremos hasta la fuente.\u00a0 Poco despu\u00e9s pasaremos el puente romano y giraremos a la izquierda donde el camino se bifurca, cogeremos el sendero que [&hellip;]\" \/>\n<meta property=\"og:url\" content=\"https:\/\/3w.sienteomana.com\/en\/barrio-de-la-puente-suspiron\/\" \/>\n<meta property=\"og:site_name\" content=\"(EN) Siente Oma\u00f1a\" \/>\n<meta property=\"article:modified_time\" content=\"2020-11-26T19:10:58+00:00\" \/>\n<meta property=\"og:image\" content=\"http:\/\/3w.sienteomana.com\/wp-content\/uploads\/sites\/2\/2019\/04\/gpx1-e1556101291655.png\" \/>\n<meta name=\"twitter:card\" content=\"summary_large_image\" \/>\n<meta name=\"twitter:label1\" content=\"Tiempo de lectura\" \/>\n\t<meta name=\"twitter:data1\" content=\"4 minutos\" \/>\n<script type=\"application\/ld+json\" class=\"yoast-schema-graph\">{\"@context\":\"https:\/\/schema.org\",\"@graph\":[{\"@type\":\"WebPage\",\"@id\":\"https:\/\/3w.sienteomana.com\/en\/barrio-de-la-puente-suspiron\/\",\"url\":\"https:\/\/3w.sienteomana.com\/en\/barrio-de-la-puente-suspiron\/\",\"name\":\"BARRIO DE LA PUENTE SUSPIRO\u0301N - (EN) Siente Oma\u00f1a\",\"isPartOf\":{\"@id\":\"https:\/\/3w.sienteomana.com\/en\/#website\"},\"datePublished\":\"2020-11-26T13:01:02+00:00\",\"dateModified\":\"2020-11-26T19:10:58+00:00\",\"breadcrumb\":{\"@id\":\"https:\/\/3w.sienteomana.com\/en\/barrio-de-la-puente-suspiron\/#breadcrumb\"},\"inLanguage\":\"es\",\"potentialAction\":[{\"@type\":\"ReadAction\",\"target\":[\"https:\/\/3w.sienteomana.com\/en\/barrio-de-la-puente-suspiron\/\"]}]},{\"@type\":\"BreadcrumbList\",\"@id\":\"https:\/\/3w.sienteomana.com\/en\/barrio-de-la-puente-suspiron\/#breadcrumb\",\"itemListElement\":[{\"@type\":\"ListItem\",\"position\":1,\"name\":\"Home\",\"item\":\"https:\/\/3w.sienteomana.com\/en\/\"},{\"@type\":\"ListItem\",\"position\":2,\"name\":\"BARRIO DE LA PUENTE SUSPIRO\u0301N\"}]},{\"@type\":\"WebSite\",\"@id\":\"https:\/\/3w.sienteomana.com\/en\/#website\",\"url\":\"https:\/\/3w.sienteomana.com\/en\/\",\"name\":\"(EN) Siente Oma\u00f1a\",\"description\":\"Oma\u00f1a\",\"potentialAction\":[{\"@type\":\"SearchAction\",\"target\":{\"@type\":\"EntryPoint\",\"urlTemplate\":\"https:\/\/3w.sienteomana.com\/en\/?s={search_term_string}\"},\"query-input\":\"required name=search_term_string\"}],\"inLanguage\":\"es\"}]}<\/script>\n<!-- \/ Yoast SEO plugin. -->","yoast_head_json":{"title":"BARRIO DE LA PUENTE SUSPIRO\u0301N - (EN) Siente Oma\u00f1a","robots":{"index":"index","follow":"follow","max-snippet":"max-snippet:-1","max-image-preview":"max-image-preview:large","max-video-preview":"max-video-preview:-1"},"canonical":"https:\/\/3w.sienteomana.com\/en\/barrio-de-la-puente-suspiron\/","og_locale":"es_ES","og_type":"article","og_title":"BARRIO DE LA PUENTE SUSPIRO\u0301N - (EN) Siente Oma\u00f1a","og_description":"BARRIO DE LA PUENTE SUSPIRO\u0301N Distancia: 10,8 kil\u00f3metros En el pueblo cogeremos la primera entrada y bajaremos hasta la fuente.\u00a0 Poco despu\u00e9s pasaremos el puente romano y giraremos a la izquierda donde el camino se bifurca, cogeremos el sendero que [&hellip;]","og_url":"https:\/\/3w.sienteomana.com\/en\/barrio-de-la-puente-suspiron\/","og_site_name":"(EN) Siente Oma\u00f1a","article_modified_time":"2020-11-26T19:10:58+00:00","og_image":[{"url":"http:\/\/3w.sienteomana.com\/wp-content\/uploads\/sites\/2\/2019\/04\/gpx1-e1556101291655.png"}],"twitter_card":"summary_large_image","twitter_misc":{"Tiempo de lectura":"4 minutos"},"schema":{"@context":"https:\/\/schema.org","@graph":[{"@type":"WebPage","@id":"https:\/\/3w.sienteomana.com\/en\/barrio-de-la-puente-suspiron\/","url":"https:\/\/3w.sienteomana.com\/en\/barrio-de-la-puente-suspiron\/","name":"BARRIO DE LA PUENTE SUSPIRO\u0301N - (EN) Siente Oma\u00f1a","isPartOf":{"@id":"https:\/\/3w.sienteomana.com\/en\/#website"},"datePublished":"2020-11-26T13:01:02+00:00","dateModified":"2020-11-26T19:10:58+00:00","breadcrumb":{"@id":"https:\/\/3w.sienteomana.com\/en\/barrio-de-la-puente-suspiron\/#breadcrumb"},"inLanguage":"es","potentialAction":[{"@type":"ReadAction","target":["https:\/\/3w.sienteomana.com\/en\/barrio-de-la-puente-suspiron\/"]}]},{"@type":"BreadcrumbList","@id":"https:\/\/3w.sienteomana.com\/en\/barrio-de-la-puente-suspiron\/#breadcrumb","itemListElement":[{"@type":"ListItem","position":1,"name":"Home","item":"https:\/\/3w.sienteomana.com\/en\/"},{"@type":"ListItem","position":2,"name":"BARRIO DE LA PUENTE SUSPIRO\u0301N"}]},{"@type":"WebSite","@id":"https:\/\/3w.sienteomana.com\/en\/#website","url":"https:\/\/3w.sienteomana.com\/en\/","name":"(EN) Siente Oma\u00f1a","description":"Oma\u00f1a","potentialAction":[{"@type":"SearchAction","target":{"@type":"EntryPoint","urlTemplate":"https:\/\/3w.sienteomana.com\/en\/?s={search_term_string}"},"query-input":"required name=search_term_string"}],"inLanguage":"es"}]}},"_links":{"self":[{"href":"https:\/\/3w.sienteomana.com\/en\/wp-json\/wp\/v2\/pages\/13184"}],"collection":[{"href":"https:\/\/3w.sienteomana.com\/en\/wp-json\/wp\/v2\/pages"}],"about":[{"href":"https:\/\/3w.sienteomana.com\/en\/wp-json\/wp\/v2\/types\/page"}],"author":[{"embeddable":true,"href":"https:\/\/3w.sienteomana.com\/en\/wp-json\/wp\/v2\/users\/1"}],"replies":[{"embeddable":true,"href":"https:\/\/3w.sienteomana.com\/en\/wp-json\/wp\/v2\/comments?post=13184"}],"version-history":[{"count":12,"href":"https:\/\/3w.sienteomana.com\/en\/wp-json\/wp\/v2\/pages\/13184\/revisions"}],"predecessor-version":[{"id":13283,"href":"https:\/\/3w.sienteomana.com\/en\/wp-json\/wp\/v2\/pages\/13184\/revisions\/13283"}],"wp:attachment":[{"href":"https:\/\/3w.sienteomana.com\/en\/wp-json\/wp\/v2\/media?parent=13184"}],"curies":[{"name":"wp","href":"https:\/\/api.w.org\/{rel}","templated":true}]}}