{"id":13220,"date":"2020-11-26T13:49:09","date_gmt":"2020-11-26T13:49:09","guid":{"rendered":"https:\/\/3w.sienteomana.com\/en\/?page_id=13220"},"modified":"2021-09-03T11:09:29","modified_gmt":"2021-09-03T11:09:29","slug":"villabandin-pen%cc%83as-blancas","status":"publish","type":"page","link":"https:\/\/3w.sienteomana.com\/en\/villabandin-pen%cc%83as-blancas\/","title":{"rendered":"VILLABANDI\u0301N &#8211; PEN\u0303AS BLANCAS"},"content":{"rendered":"<div class=\"standard_wrapper\">\n<div  class=\"one_half withsmallpadding ppb_text\" style=\"padding:30px 0 30px 0;\" >\n<div class=\"standard_wrapper\">\n<div class=\"page_content_wrapper\">\n<div class=\"inner\">\n<div style=\"margin:auto;width:100%\">\n<h1 style=\"text-align: left;\"><span style=\"color: #99cc00;\">VILLABANDI\u0301N &#8211; PEN\u0303AS BLANCAS<br \/>\n<\/span><\/h1>\n<p style=\"text-align: justify;\">Partimos del pueblo de Villaband\u00edn y cogemos la segunda calle a mano derecha seg\u00fan venimos de Senra. Nos encontraremos con una puerta met\u00e1lica que debemos pasar para poder continuar con la ruta. Comenzamos a ascender muy levemente por el camino, el terreno es s\u00f3lido y muy c\u00f3modo de andar.<\/p>\n<p style=\"text-align: justify;\">Cruzamos un puente de piedras y despu\u00e9s el camino comenzar\u00e1 a estrecharse. Pasamos por entre dos inmensas paredes de piedra que escoltan el sendero.<\/p>\n<p style=\"text-align: justify;\">En unos diez minutos llegamos a la Fuente de Pe\u00f1as Blancas, la fuente con agua de mayor calidad de Oma\u00f1a. Aqu\u00ed encontramos una placa que indica que si se pudiera a llegar al origen del manantial el agua ser\u00eda pura.<\/p>\n<p style=\"text-align: justify;\">Desde aqu\u00ed podemos divisar dos cuevas, una de ellas merece la pena verla, aunque para ello es necesario subir el arroyo hasta la primera lomba y girar a la izquierda.<br \/>\nPara volver a Villaband\u00edn regresamos por el mismo camino.<\/p>\n<p>\u00a0<\/p>\n<\/div>\n<\/div>\n<\/div>\n<\/div>\n<\/div>\n<\/div>\n<div class=\"standard_wrapper\">\n<div  class=\"one_half withsmallpadding ppb_text\" style=\"padding:30px 0 30px 0;\" >\n<div class=\"standard_wrapper\">\n<div class=\"page_content_wrapper\">\n<div class=\"inner\">\n<div style=\"margin:auto;width:100%\">\n<h1 style=\"text-align: left;\"><span style=\"color: #99cc00;\">VILLABANDI\u0301N &#8211; PEN\u0303AS BLANCAS<br \/>\n<\/span><\/h1>\n<p style=\"text-align: justify;\">Partimos del pueblo de Villaband\u00edn y cogemos la segunda calle a mano derecha seg\u00fan venimos de Senra. Nos encontraremos con una puerta met\u00e1lica que debemos pasar para poder continuar con la ruta. Comenzamos a ascender muy levemente por el camino, el terreno es s\u00f3lido y muy c\u00f3modo de andar.<\/p>\n<p style=\"text-align: justify;\">Cruzamos un puente de piedras y despu\u00e9s el camino comenzar\u00e1 a estrecharse. Pasamos por entre dos inmensas paredes de piedra que escoltan el sendero.<\/p>\n<p style=\"text-align: justify;\">En unos diez minutos llegamos a la Fuente de Pe\u00f1as Blancas, la fuente con agua de mayor calidad de Oma\u00f1a. Aqu\u00ed encontramos una placa que indica que si se pudiera a llegar al origen del manantial el agua ser\u00eda pura.<\/p>\n<p style=\"text-align: justify;\">Desde aqu\u00ed podemos divisar dos cuevas, una de ellas merece la pena verla, aunque para ello es necesario subir el arroyo hasta la primera lomba y girar a la izquierda.<br \/>\nPara volver a Villaband\u00edn regresamos por el mismo camino.<\/p>\n<p>\u00a0<\/p>\n<\/div>\n<\/div>\n<\/div>\n<\/div>\n<\/div>\n<\/div>\n<div class=\"standard_wrapper\">\n<div  class=\"one_half withsmallpadding ppb_text\" style=\"padding:30px 0 30px 0;\" >\n<div class=\"standard_wrapper\">\n<div class=\"page_content_wrapper\">\n<div class=\"inner\">\n<div style=\"margin:auto;width:100%\">\n<h1 style=\"text-align: left;\"><span style=\"color: #99cc00;\">VILLABANDI\u0301N &#8211; PEN\u0303AS BLANCAS<br \/>\n<\/span><\/h1>\n<p style=\"text-align: justify;\">Partimos del pueblo de Villaband\u00edn y cogemos la segunda calle a mano derecha seg\u00fan venimos de Senra. Nos encontraremos con una puerta met\u00e1lica que debemos pasar para poder continuar con la ruta. Comenzamos a ascender muy levemente por el camino, el terreno es s\u00f3lido y muy c\u00f3modo de andar.<\/p>\n<p style=\"text-align: justify;\">Cruzamos un puente de piedras y despu\u00e9s el camino comenzar\u00e1 a estrecharse. Pasamos por entre dos inmensas paredes de piedra que escoltan el sendero.<\/p>\n<p style=\"text-align: justify;\">En unos diez minutos llegamos a la Fuente de Pe\u00f1as Blancas, la fuente con agua de mayor calidad de Oma\u00f1a. Aqu\u00ed encontramos una placa que indica que si se pudiera a llegar al origen del manantial el agua ser\u00eda pura.<\/p>\n<p style=\"text-align: justify;\">Desde aqu\u00ed podemos divisar dos cuevas, una de ellas merece la pena verla, aunque para ello es necesario subir el arroyo hasta la primera lomba y girar a la izquierda.<br \/>\nPara volver a Villaband\u00edn regresamos por el mismo camino.<\/p>\n<p>\u00a0<\/p>\n<\/div>\n<\/div>\n<\/div>\n<\/div>\n<\/div>\n<\/div>\n<div class=\"standard_wrapper\">\n<div  class=\"one_half withsmallpadding ppb_text\" style=\"padding:30px 0 30px 0;\" >\n<div class=\"standard_wrapper\">\n<div class=\"page_content_wrapper\">\n<div class=\"inner\">\n<div style=\"margin:auto;width:100%\">\n<h3><span style=\"text-decoration: underline; color: #000000;\">MUNICIPIO<\/span><\/h3>\n<p style=\"padding-left: 30px;\">Murias de Paredes<\/p>\n<h3><span style=\"text-decoration: underline; color: #000000;\">TIPO DE SENDA<\/span><\/h3>\n<p style=\"padding-left: 30px;\">Peatonal con tramos para cicloturismo (BTT)<\/p>\n<\/div>\n<\/div>\n<\/div>\n<\/div>\n<\/div>\n<\/div>\n<div class=\"standard_wrapper\">\n<div  class=\"one_half last withsmallpadding ppb_text\" style=\"padding:30px 0 30px 0;\" >\n<div class=\"standard_wrapper\">\n<div class=\"page_content_wrapper\">\n<div class=\"inner\">\n<div style=\"margin:auto;width:100%\">\n<h3><span style=\"text-decoration: underline; color: #99cc00;\"><span style=\"color: #000000; text-decoration: underline;\">DATOS T\u00c9CNICOS<\/span><\/span><\/h3>\n<p style=\"padding-left: 40px;\">Duraci\u00f3n aproximada: 5h 20 min (Ida y vuelta)<br \/>\nDistancia: 14\u00b44 km (Ida y vuelta)<br \/>\nTipo de ruta: Lineal<br \/>\nDificultad: Media<br \/>\nDesnivel: 469 m<br \/>\nCota m\u00e1xima: 1.714 m<br \/>\nCota m\u00ednima: 1.245 m<\/p>\n<\/div>\n<\/div>\n<\/div>\n<\/div>\n<\/div>\n<\/div>\n<div class=\"standard_wrapper\">\n<div  class=\"one_half last withsmallpadding ppb_text\" style=\"padding:30px 0 30px 0;\" >\n<div class=\"standard_wrapper\">\n<div class=\"page_content_wrapper\">\n<div class=\"inner\">\n<div style=\"margin:auto;width:100%\">\n<h3><span style=\"text-decoration: underline; color: #99cc00;\"><span style=\"color: #000000; text-decoration: underline;\">DATOS T\u00c9CNICOS<\/span><\/span><\/h3>\n<p style=\"padding-left: 40px;\">Duraci\u00f3n aproximada: 5h 20 min (Ida y vuelta)<br \/>\nDistancia: 14\u00b44 km (Ida y vuelta)<br \/>\nTipo de ruta: Lineal<br \/>\nDificultad: Media<br \/>\nDesnivel: 469 m<br \/>\nCota m\u00e1xima: 1.714 m<br \/>\nCota m\u00ednima: 1.245 m<\/p>\n<\/div>\n<\/div>\n<\/div>\n<\/div>\n<\/div>\n<\/div>\n<div  class=\"one withsmallpadding ppb_text\" style=\"padding:30px;\" >\n<p><iframe loading=\"lazy\" src=\"https:\/\/www.google.com\/maps\/d\/embed?mid=1y9Avk8zNNAtRIk50tT9QGyjYayvGT8tz\" width=\"100%\" height=\"600\"><\/iframe><\/p>\n<\/div>\n<div  class=\"one withsmallpadding ppb_header \" style=\"text-align:left;padding:30px 0 30px 0;\" >\n<div class=\"standard_wrapper\">\n<div class=\"page_content_wrapper\">\n<div class=\"inner\">\n<div style=\"margin:auto;width:100%\">\n<h2 class=\"ppb_title\" style=\"\">DESCARGA LA RUTA<\/h2>\n<hr class=\"title_break left\" style=\"\"\/>\n<div class=\"ppb_header_content\">\n<p>Pincha en las diferentes versiones y desc\u00e1rgate la ruta, directamente a tu dispositivo gps o smartphone. \u00a1Camina con toda la info en tu mano!<\/p>\n<\/div>\n<\/div>\n<\/div>\n<\/div>\n<\/div>\n<\/div>\n<div class=\"standard_wrapper\">\n<div  class=\"one_third withsmallpadding ppb_text\" style=\"padding:30px 0 30px 0;\" >\n<div class=\"standard_wrapper\">\n<div class=\"page_content_wrapper\">\n<div class=\"inner\">\n<div style=\"margin:auto;width:100%\">\n<p><a href=\"https:\/\/drive.google.com\/file\/d\/1QQbx2MQ-yR9FzgdTLu2rLvYQiV7jE-GL\/view?usp=sharing\"><img decoding=\"async\" loading=\"lazy\" class=\"size-full wp-image-12121 aligncenter\" src=\"http:\/\/3w.sienteomana.com\/wp-content\/uploads\/sites\/2\/2019\/04\/gpx1-e1556101291655.png\" alt=\"\" width=\"50\" height=\"107\" \/><\/a><\/p>\n<\/div>\n<\/div>\n<\/div>\n<\/div>\n<\/div>\n<\/div>\n<div class=\"standard_wrapper\">\n<div  class=\"one_third withsmallpadding ppb_text\" style=\"padding:30px 0 30px 0;\" >\n<div class=\"standard_wrapper\">\n<div class=\"page_content_wrapper\">\n<div class=\"inner\">\n<div style=\"margin:auto;width:100%\">\n<p><a href=\"https:\/\/drive.google.com\/file\/d\/13W0lQvwppzlvf45Ic7xUmJ-yW5CCA7BS\/view?usp=sharing\"><img decoding=\"async\" loading=\"lazy\" class=\"size-full wp-image-12120 aligncenter\" src=\"http:\/\/3w.sienteomana.com\/wp-content\/uploads\/sites\/2\/2019\/04\/kmz1-e1556101305482.png\" alt=\"\" width=\"50\" height=\"107\" \/><\/a><\/p>\n<\/div>\n<\/div>\n<\/div>\n<\/div>\n<\/div>\n<\/div>\n<div class=\"standard_wrapper\">\n<div  class=\"one_third last withsmallpadding ppb_text\" style=\"padding:30px 0 30px 0;\" >\n<div class=\"standard_wrapper\">\n<div class=\"page_content_wrapper\">\n<div class=\"inner\">\n<div style=\"margin:auto;width:100%\">\n<p><a href=\"https:\/\/www.google.com\/maps\/d\/edit?mid=1y9Avk8zNNAtRIk50tT9QGyjYayvGT8tz&#038;usp=sharing\"><img decoding=\"async\" loading=\"lazy\" class=\"size-full wp-image-12111 aligncenter\" src=\"http:\/\/3w.sienteomana.com\/wp-content\/uploads\/sites\/2\/2019\/04\/phone-e1556100835250.png\" alt=\"\" width=\"50\" height=\"107\" \/><\/a><\/p>\n<\/div>\n<\/div>\n<\/div>\n<\/div>\n<\/div>\n<\/div>\n","protected":false},"excerpt":{"rendered":"<p>VILLABANDI\u0301N &#8211; PEN\u0303AS BLANCAS Partimos del pueblo de Villaband\u00edn y cogemos la segunda calle a mano derecha seg\u00fan venimos de Senra. Nos encontraremos con una puerta met\u00e1lica que debemos pasar para poder continuar con la ruta. Comenzamos a ascender muy [&hellip;]<\/p>\n","protected":false},"author":1,"featured_media":0,"parent":0,"menu_order":0,"comment_status":"closed","ping_status":"closed","template":"","meta":{"inline_featured_image":false,"footnotes":""},"yoast_head":"<!-- This site is optimized with the Yoast SEO plugin v20.13 - https:\/\/yoast.com\/wordpress\/plugins\/seo\/ -->\n<title>VILLABANDI\u0301N - PEN\u0303AS BLANCAS - (EN) Siente Oma\u00f1a<\/title>\n<meta name=\"robots\" content=\"index, follow, max-snippet:-1, max-image-preview:large, max-video-preview:-1\" \/>\n<link rel=\"canonical\" href=\"https:\/\/3w.sienteomana.com\/en\/villabandin-pen\u0303as-blancas\/\" \/>\n<meta property=\"og:locale\" content=\"es_ES\" \/>\n<meta property=\"og:type\" content=\"article\" \/>\n<meta property=\"og:title\" content=\"VILLABANDI\u0301N - PEN\u0303AS BLANCAS - (EN) Siente Oma\u00f1a\" \/>\n<meta property=\"og:description\" content=\"VILLABANDI\u0301N &#8211; PEN\u0303AS BLANCAS Partimos del pueblo de Villaband\u00edn y cogemos la segunda calle a mano derecha seg\u00fan venimos de Senra. Nos encontraremos con una puerta met\u00e1lica que debemos pasar para poder continuar con la ruta. Comenzamos a ascender muy [&hellip;]\" \/>\n<meta property=\"og:url\" content=\"https:\/\/3w.sienteomana.com\/en\/villabandin-pen\u0303as-blancas\/\" \/>\n<meta property=\"og:site_name\" content=\"(EN) Siente Oma\u00f1a\" \/>\n<meta property=\"article:modified_time\" content=\"2021-09-03T11:09:29+00:00\" \/>\n<meta property=\"og:image\" content=\"http:\/\/3w.sienteomana.com\/wp-content\/uploads\/sites\/2\/2019\/04\/gpx1-e1556101291655.png\" \/>\n<meta name=\"twitter:card\" content=\"summary_large_image\" \/>\n<meta name=\"twitter:label1\" content=\"Tiempo de lectura\" \/>\n\t<meta name=\"twitter:data1\" content=\"3 minutos\" \/>\n<script type=\"application\/ld+json\" class=\"yoast-schema-graph\">{\"@context\":\"https:\/\/schema.org\",\"@graph\":[{\"@type\":\"WebPage\",\"@id\":\"https:\/\/3w.sienteomana.com\/en\/villabandin-pen%cc%83as-blancas\/\",\"url\":\"https:\/\/3w.sienteomana.com\/en\/villabandin-pen%cc%83as-blancas\/\",\"name\":\"VILLABANDI\u0301N - PEN\u0303AS BLANCAS - (EN) Siente Oma\u00f1a\",\"isPartOf\":{\"@id\":\"https:\/\/3w.sienteomana.com\/en\/#website\"},\"datePublished\":\"2020-11-26T13:49:09+00:00\",\"dateModified\":\"2021-09-03T11:09:29+00:00\",\"breadcrumb\":{\"@id\":\"https:\/\/3w.sienteomana.com\/en\/villabandin-pen%cc%83as-blancas\/#breadcrumb\"},\"inLanguage\":\"es\",\"potentialAction\":[{\"@type\":\"ReadAction\",\"target\":[\"https:\/\/3w.sienteomana.com\/en\/villabandin-pen%cc%83as-blancas\/\"]}]},{\"@type\":\"BreadcrumbList\",\"@id\":\"https:\/\/3w.sienteomana.com\/en\/villabandin-pen%cc%83as-blancas\/#breadcrumb\",\"itemListElement\":[{\"@type\":\"ListItem\",\"position\":1,\"name\":\"Home\",\"item\":\"https:\/\/3w.sienteomana.com\/en\/\"},{\"@type\":\"ListItem\",\"position\":2,\"name\":\"VILLABANDI\u0301N &#8211; PEN\u0303AS BLANCAS\"}]},{\"@type\":\"WebSite\",\"@id\":\"https:\/\/3w.sienteomana.com\/en\/#website\",\"url\":\"https:\/\/3w.sienteomana.com\/en\/\",\"name\":\"(EN) Siente Oma\u00f1a\",\"description\":\"Oma\u00f1a\",\"potentialAction\":[{\"@type\":\"SearchAction\",\"target\":{\"@type\":\"EntryPoint\",\"urlTemplate\":\"https:\/\/3w.sienteomana.com\/en\/?s={search_term_string}\"},\"query-input\":\"required name=search_term_string\"}],\"inLanguage\":\"es\"}]}<\/script>\n<!-- \/ Yoast SEO plugin. -->","yoast_head_json":{"title":"VILLABANDI\u0301N - PEN\u0303AS BLANCAS - (EN) Siente Oma\u00f1a","robots":{"index":"index","follow":"follow","max-snippet":"max-snippet:-1","max-image-preview":"max-image-preview:large","max-video-preview":"max-video-preview:-1"},"canonical":"https:\/\/3w.sienteomana.com\/en\/villabandin-pen\u0303as-blancas\/","og_locale":"es_ES","og_type":"article","og_title":"VILLABANDI\u0301N - PEN\u0303AS BLANCAS - (EN) Siente Oma\u00f1a","og_description":"VILLABANDI\u0301N &#8211; PEN\u0303AS BLANCAS Partimos del pueblo de Villaband\u00edn y cogemos la segunda calle a mano derecha seg\u00fan venimos de Senra. Nos encontraremos con una puerta met\u00e1lica que debemos pasar para poder continuar con la ruta. Comenzamos a ascender muy [&hellip;]","og_url":"https:\/\/3w.sienteomana.com\/en\/villabandin-pen\u0303as-blancas\/","og_site_name":"(EN) Siente Oma\u00f1a","article_modified_time":"2021-09-03T11:09:29+00:00","og_image":[{"url":"http:\/\/3w.sienteomana.com\/wp-content\/uploads\/sites\/2\/2019\/04\/gpx1-e1556101291655.png"}],"twitter_card":"summary_large_image","twitter_misc":{"Tiempo de lectura":"3 minutos"},"schema":{"@context":"https:\/\/schema.org","@graph":[{"@type":"WebPage","@id":"https:\/\/3w.sienteomana.com\/en\/villabandin-pen%cc%83as-blancas\/","url":"https:\/\/3w.sienteomana.com\/en\/villabandin-pen%cc%83as-blancas\/","name":"VILLABANDI\u0301N - PEN\u0303AS BLANCAS - (EN) Siente Oma\u00f1a","isPartOf":{"@id":"https:\/\/3w.sienteomana.com\/en\/#website"},"datePublished":"2020-11-26T13:49:09+00:00","dateModified":"2021-09-03T11:09:29+00:00","breadcrumb":{"@id":"https:\/\/3w.sienteomana.com\/en\/villabandin-pen%cc%83as-blancas\/#breadcrumb"},"inLanguage":"es","potentialAction":[{"@type":"ReadAction","target":["https:\/\/3w.sienteomana.com\/en\/villabandin-pen%cc%83as-blancas\/"]}]},{"@type":"BreadcrumbList","@id":"https:\/\/3w.sienteomana.com\/en\/villabandin-pen%cc%83as-blancas\/#breadcrumb","itemListElement":[{"@type":"ListItem","position":1,"name":"Home","item":"https:\/\/3w.sienteomana.com\/en\/"},{"@type":"ListItem","position":2,"name":"VILLABANDI\u0301N &#8211; PEN\u0303AS BLANCAS"}]},{"@type":"WebSite","@id":"https:\/\/3w.sienteomana.com\/en\/#website","url":"https:\/\/3w.sienteomana.com\/en\/","name":"(EN) Siente Oma\u00f1a","description":"Oma\u00f1a","potentialAction":[{"@type":"SearchAction","target":{"@type":"EntryPoint","urlTemplate":"https:\/\/3w.sienteomana.com\/en\/?s={search_term_string}"},"query-input":"required name=search_term_string"}],"inLanguage":"es"}]}},"_links":{"self":[{"href":"https:\/\/3w.sienteomana.com\/en\/wp-json\/wp\/v2\/pages\/13220"}],"collection":[{"href":"https:\/\/3w.sienteomana.com\/en\/wp-json\/wp\/v2\/pages"}],"about":[{"href":"https:\/\/3w.sienteomana.com\/en\/wp-json\/wp\/v2\/types\/page"}],"author":[{"embeddable":true,"href":"https:\/\/3w.sienteomana.com\/en\/wp-json\/wp\/v2\/users\/1"}],"replies":[{"embeddable":true,"href":"https:\/\/3w.sienteomana.com\/en\/wp-json\/wp\/v2\/comments?post=13220"}],"version-history":[{"count":12,"href":"https:\/\/3w.sienteomana.com\/en\/wp-json\/wp\/v2\/pages\/13220\/revisions"}],"predecessor-version":[{"id":14076,"href":"https:\/\/3w.sienteomana.com\/en\/wp-json\/wp\/v2\/pages\/13220\/revisions\/14076"}],"wp:attachment":[{"href":"https:\/\/3w.sienteomana.com\/en\/wp-json\/wp\/v2\/media?parent=13220"}],"curies":[{"name":"wp","href":"https:\/\/api.w.org\/{rel}","templated":true}]}}