{"id":13656,"date":"2021-06-14T17:06:28","date_gmt":"2021-06-14T17:06:28","guid":{"rendered":"https:\/\/3w.sienteomana.com\/en\/?page_id=13656"},"modified":"2021-06-14T17:30:40","modified_gmt":"2021-06-14T17:30:40","slug":"molinos-de-agua","status":"publish","type":"page","link":"https:\/\/3w.sienteomana.com\/en\/molinos-de-agua\/","title":{"rendered":"MOLINOS DE AGUA"},"content":{"rendered":"<div  class=\"one withsmallpadding ppb_text \" style=\"padding:30px 0 30px 0;position:relative;\" >\n<div class=\"overlay_background_title\" style=\"background-color: rgba(0, 0, 0, 0);\"><\/div>\n<div class=\"page_content_wrapper\" style=\"z-index:2;position:relative;\">\n<div class=\"inner\" ><\/div>\n<\/div>\n<\/div>\n<div class=\"standard_wrapper\">\n<div  class=\"one_half withsmallpadding ppb_header \" style=\"text-align:left;padding:30px 0 30px 0;\" >\n<div class=\"page_content_wrapper\">\n<div class=\"inner\">\n<div style=\"margin:auto;width:100%\">\n<h2 class=\"ppb_title\" style=\"\">MOLINOS DE AGUA<\/h2>\n<hr class=\"title_break left\" style=\"\"\/>\n<div class=\"ppb_header_content\">\n<p style=\"text-align: justify;\"><span style=\"color: #777777;\">En todos los pueblos de Oma\u00f1a Alta exist\u00edan uno o varios molinos de agua con los que los oma\u00f1eses obten\u00edan harina triturando el grano de centeno, trigo o cebada. Los molinos eran familiares o comunales, pertenecientes a una sociedad civil que formaban los vecinos y en los que los derechos de \u201cmolienda\u201d eran administrados en d\u00edas u horas y adquiridos por venta o por herencias.<\/span><\/p>\n<\/div>\n<\/div>\n<\/div>\n<\/div>\n<\/div>\n<\/div>\n<div class=\"standard_wrapper\">\n<div  class=\"one_half withsmallpadding ppb_header \" style=\"text-align:left;padding:30px 0 30px 0;\" >\n<div class=\"page_content_wrapper\">\n<div class=\"inner\">\n<div style=\"margin:auto;width:100%\">\n<h2 class=\"ppb_title\" style=\"\">MOLINOS DE AGUA<\/h2>\n<hr class=\"title_break left\" style=\"\"\/>\n<div class=\"ppb_header_content\">\n<p style=\"text-align: justify;\"><span style=\"color: #777777;\">En todos los pueblos de Oma\u00f1a Alta exist\u00edan uno o varios molinos de agua con los que los oma\u00f1eses obten\u00edan harina triturando el grano de centeno, trigo o cebada. Los molinos eran familiares o comunales, pertenecientes a una sociedad civil que formaban los vecinos y en los que los derechos de \u201cmolienda\u201d eran administrados en d\u00edas u horas y adquiridos por venta o por herencias.<\/span><\/p>\n<\/div>\n<\/div>\n<\/div>\n<\/div>\n<\/div>\n<\/div>\n","protected":false},"excerpt":{"rendered":"<p>MOLINOS DE AGUA En todos los pueblos de Oma\u00f1a Alta exist\u00edan uno o varios molinos de agua con los que los oma\u00f1eses obten\u00edan harina triturando el grano de centeno, trigo o cebada. Los molinos eran familiares o comunales, pertenecientes a [&hellip;]<\/p>\n","protected":false},"author":1,"featured_media":0,"parent":0,"menu_order":0,"comment_status":"closed","ping_status":"closed","template":"","meta":{"inline_featured_image":false,"footnotes":""},"yoast_head":"<!-- This site is optimized with the Yoast SEO plugin v20.13 - https:\/\/yoast.com\/wordpress\/plugins\/seo\/ -->\n<title>MOLINOS DE AGUA - (EN) Siente Oma\u00f1a<\/title>\n<meta name=\"robots\" content=\"index, follow, max-snippet:-1, max-image-preview:large, max-video-preview:-1\" \/>\n<link rel=\"canonical\" href=\"https:\/\/3w.sienteomana.com\/en\/molinos-de-agua\/\" \/>\n<meta property=\"og:locale\" content=\"es_ES\" \/>\n<meta property=\"og:type\" content=\"article\" \/>\n<meta property=\"og:title\" content=\"MOLINOS DE AGUA - (EN) Siente Oma\u00f1a\" \/>\n<meta property=\"og:description\" content=\"MOLINOS DE AGUA En todos los pueblos de Oma\u00f1a Alta exist\u00edan uno o varios molinos de agua con los que los oma\u00f1eses obten\u00edan harina triturando el grano de centeno, trigo o cebada. Los molinos eran familiares o comunales, pertenecientes a [&hellip;]\" \/>\n<meta property=\"og:url\" content=\"https:\/\/3w.sienteomana.com\/en\/molinos-de-agua\/\" \/>\n<meta property=\"og:site_name\" content=\"(EN) Siente Oma\u00f1a\" \/>\n<meta property=\"article:modified_time\" content=\"2021-06-14T17:30:40+00:00\" \/>\n<meta name=\"twitter:card\" content=\"summary_large_image\" \/>\n<meta name=\"twitter:label1\" content=\"Tiempo de lectura\" \/>\n\t<meta name=\"twitter:data1\" content=\"1 minuto\" \/>\n<script type=\"application\/ld+json\" class=\"yoast-schema-graph\">{\"@context\":\"https:\/\/schema.org\",\"@graph\":[{\"@type\":\"WebPage\",\"@id\":\"https:\/\/3w.sienteomana.com\/en\/molinos-de-agua\/\",\"url\":\"https:\/\/3w.sienteomana.com\/en\/molinos-de-agua\/\",\"name\":\"MOLINOS DE AGUA - (EN) Siente Oma\u00f1a\",\"isPartOf\":{\"@id\":\"https:\/\/3w.sienteomana.com\/en\/#website\"},\"datePublished\":\"2021-06-14T17:06:28+00:00\",\"dateModified\":\"2021-06-14T17:30:40+00:00\",\"breadcrumb\":{\"@id\":\"https:\/\/3w.sienteomana.com\/en\/molinos-de-agua\/#breadcrumb\"},\"inLanguage\":\"es\",\"potentialAction\":[{\"@type\":\"ReadAction\",\"target\":[\"https:\/\/3w.sienteomana.com\/en\/molinos-de-agua\/\"]}]},{\"@type\":\"BreadcrumbList\",\"@id\":\"https:\/\/3w.sienteomana.com\/en\/molinos-de-agua\/#breadcrumb\",\"itemListElement\":[{\"@type\":\"ListItem\",\"position\":1,\"name\":\"Home\",\"item\":\"https:\/\/3w.sienteomana.com\/en\/\"},{\"@type\":\"ListItem\",\"position\":2,\"name\":\"MOLINOS DE AGUA\"}]},{\"@type\":\"WebSite\",\"@id\":\"https:\/\/3w.sienteomana.com\/en\/#website\",\"url\":\"https:\/\/3w.sienteomana.com\/en\/\",\"name\":\"(EN) Siente Oma\u00f1a\",\"description\":\"Oma\u00f1a\",\"potentialAction\":[{\"@type\":\"SearchAction\",\"target\":{\"@type\":\"EntryPoint\",\"urlTemplate\":\"https:\/\/3w.sienteomana.com\/en\/?s={search_term_string}\"},\"query-input\":\"required name=search_term_string\"}],\"inLanguage\":\"es\"}]}<\/script>\n<!-- \/ Yoast SEO plugin. -->","yoast_head_json":{"title":"MOLINOS DE AGUA - (EN) Siente Oma\u00f1a","robots":{"index":"index","follow":"follow","max-snippet":"max-snippet:-1","max-image-preview":"max-image-preview:large","max-video-preview":"max-video-preview:-1"},"canonical":"https:\/\/3w.sienteomana.com\/en\/molinos-de-agua\/","og_locale":"es_ES","og_type":"article","og_title":"MOLINOS DE AGUA - (EN) Siente Oma\u00f1a","og_description":"MOLINOS DE AGUA En todos los pueblos de Oma\u00f1a Alta exist\u00edan uno o varios molinos de agua con los que los oma\u00f1eses obten\u00edan harina triturando el grano de centeno, trigo o cebada. Los molinos eran familiares o comunales, pertenecientes a [&hellip;]","og_url":"https:\/\/3w.sienteomana.com\/en\/molinos-de-agua\/","og_site_name":"(EN) Siente Oma\u00f1a","article_modified_time":"2021-06-14T17:30:40+00:00","twitter_card":"summary_large_image","twitter_misc":{"Tiempo de lectura":"1 minuto"},"schema":{"@context":"https:\/\/schema.org","@graph":[{"@type":"WebPage","@id":"https:\/\/3w.sienteomana.com\/en\/molinos-de-agua\/","url":"https:\/\/3w.sienteomana.com\/en\/molinos-de-agua\/","name":"MOLINOS DE AGUA - (EN) Siente Oma\u00f1a","isPartOf":{"@id":"https:\/\/3w.sienteomana.com\/en\/#website"},"datePublished":"2021-06-14T17:06:28+00:00","dateModified":"2021-06-14T17:30:40+00:00","breadcrumb":{"@id":"https:\/\/3w.sienteomana.com\/en\/molinos-de-agua\/#breadcrumb"},"inLanguage":"es","potentialAction":[{"@type":"ReadAction","target":["https:\/\/3w.sienteomana.com\/en\/molinos-de-agua\/"]}]},{"@type":"BreadcrumbList","@id":"https:\/\/3w.sienteomana.com\/en\/molinos-de-agua\/#breadcrumb","itemListElement":[{"@type":"ListItem","position":1,"name":"Home","item":"https:\/\/3w.sienteomana.com\/en\/"},{"@type":"ListItem","position":2,"name":"MOLINOS DE AGUA"}]},{"@type":"WebSite","@id":"https:\/\/3w.sienteomana.com\/en\/#website","url":"https:\/\/3w.sienteomana.com\/en\/","name":"(EN) Siente Oma\u00f1a","description":"Oma\u00f1a","potentialAction":[{"@type":"SearchAction","target":{"@type":"EntryPoint","urlTemplate":"https:\/\/3w.sienteomana.com\/en\/?s={search_term_string}"},"query-input":"required name=search_term_string"}],"inLanguage":"es"}]}},"_links":{"self":[{"href":"https:\/\/3w.sienteomana.com\/en\/wp-json\/wp\/v2\/pages\/13656"}],"collection":[{"href":"https:\/\/3w.sienteomana.com\/en\/wp-json\/wp\/v2\/pages"}],"about":[{"href":"https:\/\/3w.sienteomana.com\/en\/wp-json\/wp\/v2\/types\/page"}],"author":[{"embeddable":true,"href":"https:\/\/3w.sienteomana.com\/en\/wp-json\/wp\/v2\/users\/1"}],"replies":[{"embeddable":true,"href":"https:\/\/3w.sienteomana.com\/en\/wp-json\/wp\/v2\/comments?post=13656"}],"version-history":[{"count":35,"href":"https:\/\/3w.sienteomana.com\/en\/wp-json\/wp\/v2\/pages\/13656\/revisions"}],"predecessor-version":[{"id":13699,"href":"https:\/\/3w.sienteomana.com\/en\/wp-json\/wp\/v2\/pages\/13656\/revisions\/13699"}],"wp:attachment":[{"href":"https:\/\/3w.sienteomana.com\/en\/wp-json\/wp\/v2\/media?parent=13656"}],"curies":[{"name":"wp","href":"https:\/\/api.w.org\/{rel}","templated":true}]}}