{"id":3602,"date":"2015-07-07T03:34:59","date_gmt":"2015-07-07T03:34:59","guid":{"rendered":"https:\/\/3w.sienteomana.com\/en\/?page_id=3602"},"modified":"2023-04-26T10:02:53","modified_gmt":"2023-04-26T10:02:53","slug":"home","status":"publish","type":"page","link":"https:\/\/3w.sienteomana.com\/en\/","title":{"rendered":"Oma\u00f1a \u00b7 Le\u00f3n"},"content":{"rendered":"<div  class=\"one withsmallpadding ppb_text\" style=\"padding:30px 0 30px 0;\" >\n<div class=\"standard_wrapper\">\n<div class=\"page_content_wrapper\">\n<div class=\"inner\">\n<div style=\"margin:auto;width:100%\"><\/div>\n<\/div>\n<\/div>\n<\/div>\n<\/div>\n<div  class=\"one withsmallpadding ppb_text\" style=\"padding:30px 0 30px 0;\" >\n<div class=\"standard_wrapper\">\n<div class=\"page_content_wrapper\">\n<div class=\"inner\">\n<div style=\"margin:auto;width:100%\">\n<h1 style=\"text-align: center;\"><span style=\"text-decoration: underline; color: #99cc00;\">Feel Oma\u00f1a Alta<br \/>\n<\/span><\/h1>\n<\/div>\n<\/div>\n<\/div>\n<\/div>\n<\/div>\n<div  class=\"one withsmallpadding ppb_text\" style=\"padding:30px 0 30px 0;\" >\n<div class=\"standard_wrapper\">\n<div class=\"page_content_wrapper\">\n<div class=\"inner\">\n<div style=\"margin:auto;width:100%\">\n<p style=\"text-align: center;\">Walk through its valleys and mountains, enjoy the sounds of the water, breathe the cool breeze of the neveros. Walk along its paths and discover some of the inhabitants of its forests. Visit each village and chat with their people, dance at their parties, get excited with their traditions still in force. Search your interior as you walk the forgotten path to Santiago. Savor the rich gastronomy of the mountain.<\/p>\n<\/div>\n<\/div>\n<\/div>\n<\/div>\n<\/div>\n<div  class=\"one withsmallpadding ppb_text\" style=\"padding:30px 0 30px 0;\" >\n<div class=\"standard_wrapper\">\n<div class=\"page_content_wrapper\">\n<div class=\"inner\">\n<div style=\"margin:auto;width:100%\"><\/div>\n<\/div>\n<\/div>\n<\/div>\n<\/div>\n<div  class=\"one withsmallpadding ppb_text\" style=\"padding:30px 0 30px 0;\" >\n<div class=\"standard_wrapper\">\n<div class=\"page_content_wrapper\">\n<div class=\"inner\">\n<div style=\"margin:auto;width:100%\"><\/div>\n<\/div>\n<\/div>\n<\/div>\n<\/div>\n<div  class=\"one withsmallpadding ppb_text\" style=\"padding:30px 0 30px 0;\" >\n<div class=\"standard_wrapper\">\n<div class=\"page_content_wrapper\">\n<div class=\"inner\">\n<div style=\"margin:auto;width:100%\">\n<h2 style=\"text-align: center;\"><span style=\"text-decoration: underline;\"><span style=\"color: #99cc00; text-decoration: underline;\">News<\/span><\/span><\/h2>\n<\/div>\n<\/div>\n<\/div>\n<\/div>\n<\/div>\n<div  class=\"one withsmallpadding ppb_text\" style=\"padding:30px 0 30px 0;\" >\n<div class=\"standard_wrapper\">\n<div class=\"page_content_wrapper\">\n<div class=\"inner\">\n<div style=\"margin:auto;width:100%\">\n<h2 style=\"text-align: center;\"><span style=\"text-decoration: underline;\"><span style=\"color: #99cc00; text-decoration: underline;\">News<\/span><\/span><\/h2>\n<\/div>\n<\/div>\n<\/div>\n<\/div>\n<\/div>\n<div id=\"ppb_header_video1682503373797298568\" class=\"one withsmallpadding ppb_header_video \" style=\"text-align:left;padding:30px 0 30px 0;;height:75vh;position:relative;\" >\n<div class=\"overlay_background_title\" style=\"background-color: rgba(0, 0, 0, 0.4);\"><\/div>\n<div class=\"background_center_title_wrapper\" style=\"z-index:3;position:relative;\">\n<div class=\"title_content\">\n<h2 class=\"ppb_title\" style=\"\">video<\/h2>\n<\/div>\n<\/div>\n<\/div>\n<\/div>\n<div  class=\"one withsmallpadding ppb_text\" style=\"padding:30px;\" >\n<h6 style=\"padding-left: 30px; text-align: center;\"><a href=\"https:\/\/3w.sienteomana.com\/en\/siente\"><span style=\"color: #999999;\">[Watch video with audio]<\/span><\/a><\/h6>\n<\/div>\n<div  class=\"one withsmallpadding ppb_text\" style=\"padding:30px 0 30px 0;\" >\n<div class=\"standard_wrapper\">\n<div class=\"page_content_wrapper\">\n<div class=\"inner\">\n<div style=\"margin:auto;width:100%\">\n<h2 style=\"text-align: center;\"><span style=\"text-decoration: underline; color: #99cc00;\">Discover, feel, enjoy<br \/>\n<\/span><\/h2>\n<p>We welcome you to the municipality of Murias de Paredes, Oma\u00f1a Alta, biosphere Reserve. A millenary land that offers you a unique natural environment and a rich cultural legacy that its inhabitants have been able to preserve to this day.<\/p>\n<\/div>\n<\/div>\n<\/div>\n<\/div>\n<\/div>\n<div class=\"standard_wrapper\">\n<div  class=\"one_third withsmallpadding ppb_text\" style=\"padding:30px 0 30px 0;\" >\n<div class=\"standard_wrapper\">\n<div class=\"page_content_wrapper\">\n<div class=\"inner\">\n<div style=\"margin:auto;width:100%\">\n<h6><span style=\"color: #f2f2f2;\">.<br \/>\n<\/span><img decoding=\"async\" loading=\"lazy\" class=\"alignnone size-medium wp-image-10673\" src=\"http:\/\/3w.sienteomana.com\/wp-content\/uploads\/sites\/2\/2019\/03\/escudovillabandin-1-300x200.jpg\" alt=\"\" width=\"300\" height=\"200\" \/><\/h6>\n<h6><a href=\"https:\/\/3w.sienteomana.com\/en\/historia\">History<\/a><\/h6>\n<\/div>\n<\/div>\n<\/div>\n<\/div>\n<\/div>\n<\/div>\n<div class=\"standard_wrapper\">\n<div  class=\"one_third withsmallpadding ppb_text\" style=\"padding:30px 0 30px 0;\" >\n<div class=\"standard_wrapper\">\n<div class=\"page_content_wrapper\">\n<div class=\"inner\">\n<div style=\"margin:auto;width:100%\">\n<h6><span style=\"color: #f2f2f2;\">.<br \/>\n<\/span><img decoding=\"async\" loading=\"lazy\" class=\"alignnone size-medium wp-image-11894\" src=\"http:\/\/3w.sienteomana.com\/wp-content\/uploads\/sites\/2\/2019\/04\/portadacamino-300x200.jpg\" alt=\"\" width=\"300\" height=\"200\" \/><\/h6>\n<h6><a href=\"https:\/\/3w.sienteomana.com\/en\/el-camino-olvidado-a-santiago\">The Forgotten Way to Santiago<\/a><\/h6>\n<\/div>\n<\/div>\n<\/div>\n<\/div>\n<\/div>\n<\/div>\n<div class=\"standard_wrapper\">\n<div  class=\"one_third last withsmallpadding ppb_text\" style=\"padding:30px 0 30px 0;\" >\n<div class=\"standard_wrapper\">\n<div class=\"page_content_wrapper\">\n<div class=\"inner\">\n<div style=\"margin:auto;width:100%\">\n<h6><span style=\"color: #f2f2f2;\">.<br \/>\n<\/span><img decoding=\"async\" loading=\"lazy\" class=\"alignnone size-medium wp-image-11893\" src=\"http:\/\/3w.sienteomana.com\/wp-content\/uploads\/sites\/2\/2019\/04\/portadanatura-300x200.jpg\" alt=\"\" width=\"300\" height=\"200\" \/><\/h6>\n<h6><a href=\"https:\/\/3w.sienteomana.com\/en\/naturaleza-3\">Nature<\/a><\/h6>\n<\/div>\n<\/div>\n<\/div>\n<\/div>\n<\/div>\n<\/div>\n<div class=\"standard_wrapper\">\n<div  class=\"one_third last withsmallpadding ppb_text\" style=\"padding:30px 0 30px 0;\" >\n<div class=\"standard_wrapper\">\n<div class=\"page_content_wrapper\">\n<div class=\"inner\">\n<div style=\"margin:auto;width:100%\">\n<h6><span style=\"color: #f2f2f2;\">.<br \/>\n<\/span><img decoding=\"async\" loading=\"lazy\" class=\"alignnone size-medium wp-image-11893\" src=\"http:\/\/3w.sienteomana.com\/wp-content\/uploads\/sites\/2\/2019\/04\/portadanatura-300x200.jpg\" alt=\"\" width=\"300\" height=\"200\" \/><\/h6>\n<h6><a href=\"https:\/\/3w.sienteomana.com\/en\/naturaleza-3\">Nature<\/a><\/h6>\n<\/div>\n<\/div>\n<\/div>\n<\/div>\n<\/div>\n<\/div>\n<div class=\"standard_wrapper\">\n<div  class=\"one_third withsmallpadding ppb_text\" style=\"padding:30px 0 30px 0;\" >\n<div class=\"standard_wrapper\">\n<div class=\"page_content_wrapper\">\n<div class=\"inner\">\n<div style=\"margin:auto;width:100%\">\n<h6><span style=\"color: #f2f2f2;\">.<br \/>\n<img decoding=\"async\" loading=\"lazy\" class=\"alignnone size-medium wp-image-11473\" src=\"http:\/\/3w.sienteomana.com\/wp-content\/uploads\/sites\/2\/2019\/03\/caminar-y-btt-300x206.jpg\" alt=\"\" width=\"300\" height=\"206\" \/><\/span><\/h6>\n<h6><a href=\"https:\/\/3w.sienteomana.com\/en\/ruta-de-las-fuentes-del-omana\">Walk<\/a><br \/>\nBike<\/h6>\n<\/div>\n<\/div>\n<\/div>\n<\/div>\n<\/div>\n<\/div>\n<div class=\"standard_wrapper\">\n<div  class=\"one_third withsmallpadding ppb_text\" style=\"padding:30px 0 30px 0;\" >\n<div class=\"standard_wrapper\">\n<div class=\"page_content_wrapper\">\n<div class=\"inner\">\n<div style=\"margin:auto;width:100%\">\n<h6><span style=\"color: #f2f2f2;\">.<\/span><\/h6>\n<h6><img decoding=\"async\" loading=\"lazy\" class=\"alignnone size-medium wp-image-11279\" src=\"http:\/\/3w.sienteomana.com\/wp-content\/uploads\/sites\/2\/2019\/03\/casonaportada-300x200.jpg\" alt=\"\" width=\"300\" height=\"200\" \/><\/h6>\n<h6><a href=\"https:\/\/3w.sienteomana.com\/en\/galleries\/la-casona\">La Casona<\/a><br \/>\n<a href=\"https:\/\/3w.sienteomana.com\/en\/iglesias\" target=\"_blank\" rel=\"noopener\">Churches<\/a><\/h6>\n<\/div>\n<\/div>\n<\/div>\n<\/div>\n<\/div>\n<\/div>\n<div class=\"standard_wrapper\">\n<div  class=\"one_third last withsmallpadding ppb_text\" style=\"padding:30px 0 30px 0;\" >\n<div class=\"standard_wrapper\">\n<div class=\"page_content_wrapper\">\n<div class=\"inner\">\n<div style=\"margin:auto;width:100%\">\n<h6><span style=\"color: #f2f2f2;\">.<\/span><\/h6>\n<h6><img decoding=\"async\" loading=\"lazy\" class=\"alignnone size-medium wp-image-11439\" src=\"http:\/\/3w.sienteomana.com\/wp-content\/uploads\/sites\/2\/2019\/03\/hosteleria-300x200.jpg\" alt=\"\" width=\"300\" height=\"200\" \/><\/h6>\n<h6><a href=\"https:\/\/3w.sienteomana.com\/en\/hosteleria-y-alojamientos\">Restaurants<\/a><br \/>\n<a href=\"https:\/\/3w.sienteomana.com\/en\/hosteleria-y-alojamientos\">Accommodation<\/a><\/h6>\n<\/div>\n<\/div>\n<\/div>\n<\/div>\n<\/div>\n<\/div>\n<div class=\"standard_wrapper\">\n<div  class=\"one_third last withsmallpadding ppb_text\" style=\"padding:30px 0 30px 0;\" >\n<div class=\"standard_wrapper\">\n<div class=\"page_content_wrapper\">\n<div class=\"inner\">\n<div style=\"margin:auto;width:100%\">\n<h6><span style=\"color: #f2f2f2;\">.<\/span><\/h6>\n<h6><img decoding=\"async\" loading=\"lazy\" class=\"alignnone size-medium wp-image-11439\" src=\"http:\/\/3w.sienteomana.com\/wp-content\/uploads\/sites\/2\/2019\/03\/hosteleria-300x200.jpg\" alt=\"\" width=\"300\" height=\"200\" \/><\/h6>\n<h6><a href=\"https:\/\/3w.sienteomana.com\/en\/hosteleria-y-alojamientos\">Restaurants<\/a><br \/>\n<a href=\"https:\/\/3w.sienteomana.com\/en\/hosteleria-y-alojamientos\">Accommodation<\/a><\/h6>\n<\/div>\n<\/div>\n<\/div>\n<\/div>\n<\/div>\n<\/div>\n<div class=\"standard_wrapper\">\n<div  class=\"one_third last withsmallpadding ppb_text\" style=\"padding:30px 0 30px 0;\" >\n<div class=\"standard_wrapper\">\n<div class=\"page_content_wrapper\">\n<div class=\"inner\">\n<div style=\"margin:auto;width:100%\">\n<h6><span style=\"color: #f2f2f2;\">.<\/span><\/h6>\n<h6><img decoding=\"async\" loading=\"lazy\" class=\"alignnone size-medium wp-image-11439\" src=\"http:\/\/3w.sienteomana.com\/wp-content\/uploads\/sites\/2\/2019\/03\/hosteleria-300x200.jpg\" alt=\"\" width=\"300\" height=\"200\" \/><\/h6>\n<h6><a href=\"https:\/\/3w.sienteomana.com\/en\/hosteleria-y-alojamientos\">Restaurants<\/a><br \/>\n<a href=\"https:\/\/3w.sienteomana.com\/en\/hosteleria-y-alojamientos\">Accommodation<\/a><\/h6>\n<\/div>\n<\/div>\n<\/div>\n<\/div>\n<\/div>\n<\/div>\n","protected":false},"excerpt":{"rendered":"<p>Feel Oma\u00f1a Alta Walk through its valleys and mountains, enjoy the sounds of the water, breathe the cool breeze of the neveros. Walk along its paths and discover some of the inhabitants of its forests. Visit each village and chat [&hellip;]<\/p>\n","protected":false},"author":1,"featured_media":0,"parent":0,"menu_order":0,"comment_status":"open","ping_status":"open","template":"","meta":{"inline_featured_image":false,"footnotes":""},"yoast_head":"<!-- This site is optimized with the Yoast SEO plugin v20.13 - https:\/\/yoast.com\/wordpress\/plugins\/seo\/ -->\n<title>Oma\u00f1a \u00b7 Le\u00f3n - (EN) Siente Oma\u00f1a<\/title>\n<meta name=\"robots\" content=\"index, follow, max-snippet:-1, max-image-preview:large, max-video-preview:-1\" \/>\n<link rel=\"canonical\" href=\"https:\/\/3w.sienteomana.com\/en\/\" \/>\n<meta property=\"og:locale\" content=\"es_ES\" \/>\n<meta property=\"og:type\" content=\"article\" \/>\n<meta property=\"og:title\" content=\"Oma\u00f1a \u00b7 Le\u00f3n - (EN) Siente Oma\u00f1a\" \/>\n<meta property=\"og:description\" content=\"Feel Oma\u00f1a Alta Walk through its valleys and mountains, enjoy the sounds of the water, breathe the cool breeze of the neveros. Walk along its paths and discover some of the inhabitants of its forests. Visit each village and chat [&hellip;]\" \/>\n<meta property=\"og:url\" content=\"https:\/\/3w.sienteomana.com\/en\/\" \/>\n<meta property=\"og:site_name\" content=\"(EN) Siente Oma\u00f1a\" \/>\n<meta property=\"article:modified_time\" content=\"2023-04-26T10:02:53+00:00\" \/>\n<meta property=\"og:image\" content=\"http:\/\/3w.sienteomana.com\/wp-content\/uploads\/sites\/2\/2019\/03\/escudovillabandin-1-300x200.jpg\" \/>\n<meta name=\"twitter:card\" content=\"summary_large_image\" \/>\n<meta name=\"twitter:label1\" content=\"Tiempo de lectura\" \/>\n\t<meta name=\"twitter:data1\" content=\"3 minutos\" \/>\n<script type=\"application\/ld+json\" class=\"yoast-schema-graph\">{\"@context\":\"https:\/\/schema.org\",\"@graph\":[{\"@type\":\"WebPage\",\"@id\":\"https:\/\/3w.sienteomana.com\/en\/\",\"url\":\"https:\/\/3w.sienteomana.com\/en\/\",\"name\":\"Oma\u00f1a \u00b7 Le\u00f3n - (EN) Siente Oma\u00f1a\",\"isPartOf\":{\"@id\":\"https:\/\/3w.sienteomana.com\/en\/#website\"},\"datePublished\":\"2015-07-07T03:34:59+00:00\",\"dateModified\":\"2023-04-26T10:02:53+00:00\",\"breadcrumb\":{\"@id\":\"https:\/\/3w.sienteomana.com\/en\/#breadcrumb\"},\"inLanguage\":\"es\",\"potentialAction\":[{\"@type\":\"ReadAction\",\"target\":[\"https:\/\/3w.sienteomana.com\/en\/\"]}]},{\"@type\":\"BreadcrumbList\",\"@id\":\"https:\/\/3w.sienteomana.com\/en\/#breadcrumb\",\"itemListElement\":[{\"@type\":\"ListItem\",\"position\":1,\"name\":\"Home\",\"item\":\"https:\/\/3w.sienteomana.com\/en\/\"},{\"@type\":\"ListItem\",\"position\":2,\"name\":\"Oma\u00f1a \u00b7 Le\u00f3n\"}]},{\"@type\":\"WebSite\",\"@id\":\"https:\/\/3w.sienteomana.com\/en\/#website\",\"url\":\"https:\/\/3w.sienteomana.com\/en\/\",\"name\":\"(EN) Siente Oma\u00f1a\",\"description\":\"Oma\u00f1a\",\"potentialAction\":[{\"@type\":\"SearchAction\",\"target\":{\"@type\":\"EntryPoint\",\"urlTemplate\":\"https:\/\/3w.sienteomana.com\/en\/?s={search_term_string}\"},\"query-input\":\"required name=search_term_string\"}],\"inLanguage\":\"es\"}]}<\/script>\n<!-- \/ Yoast SEO plugin. -->","yoast_head_json":{"title":"Oma\u00f1a \u00b7 Le\u00f3n - (EN) Siente Oma\u00f1a","robots":{"index":"index","follow":"follow","max-snippet":"max-snippet:-1","max-image-preview":"max-image-preview:large","max-video-preview":"max-video-preview:-1"},"canonical":"https:\/\/3w.sienteomana.com\/en\/","og_locale":"es_ES","og_type":"article","og_title":"Oma\u00f1a \u00b7 Le\u00f3n - (EN) Siente Oma\u00f1a","og_description":"Feel Oma\u00f1a Alta Walk through its valleys and mountains, enjoy the sounds of the water, breathe the cool breeze of the neveros. Walk along its paths and discover some of the inhabitants of its forests. Visit each village and chat [&hellip;]","og_url":"https:\/\/3w.sienteomana.com\/en\/","og_site_name":"(EN) Siente Oma\u00f1a","article_modified_time":"2023-04-26T10:02:53+00:00","og_image":[{"url":"http:\/\/3w.sienteomana.com\/wp-content\/uploads\/sites\/2\/2019\/03\/escudovillabandin-1-300x200.jpg"}],"twitter_card":"summary_large_image","twitter_misc":{"Tiempo de lectura":"3 minutos"},"schema":{"@context":"https:\/\/schema.org","@graph":[{"@type":"WebPage","@id":"https:\/\/3w.sienteomana.com\/en\/","url":"https:\/\/3w.sienteomana.com\/en\/","name":"Oma\u00f1a \u00b7 Le\u00f3n - (EN) Siente Oma\u00f1a","isPartOf":{"@id":"https:\/\/3w.sienteomana.com\/en\/#website"},"datePublished":"2015-07-07T03:34:59+00:00","dateModified":"2023-04-26T10:02:53+00:00","breadcrumb":{"@id":"https:\/\/3w.sienteomana.com\/en\/#breadcrumb"},"inLanguage":"es","potentialAction":[{"@type":"ReadAction","target":["https:\/\/3w.sienteomana.com\/en\/"]}]},{"@type":"BreadcrumbList","@id":"https:\/\/3w.sienteomana.com\/en\/#breadcrumb","itemListElement":[{"@type":"ListItem","position":1,"name":"Home","item":"https:\/\/3w.sienteomana.com\/en\/"},{"@type":"ListItem","position":2,"name":"Oma\u00f1a \u00b7 Le\u00f3n"}]},{"@type":"WebSite","@id":"https:\/\/3w.sienteomana.com\/en\/#website","url":"https:\/\/3w.sienteomana.com\/en\/","name":"(EN) Siente Oma\u00f1a","description":"Oma\u00f1a","potentialAction":[{"@type":"SearchAction","target":{"@type":"EntryPoint","urlTemplate":"https:\/\/3w.sienteomana.com\/en\/?s={search_term_string}"},"query-input":"required name=search_term_string"}],"inLanguage":"es"}]}},"_links":{"self":[{"href":"https:\/\/3w.sienteomana.com\/en\/wp-json\/wp\/v2\/pages\/3602"}],"collection":[{"href":"https:\/\/3w.sienteomana.com\/en\/wp-json\/wp\/v2\/pages"}],"about":[{"href":"https:\/\/3w.sienteomana.com\/en\/wp-json\/wp\/v2\/types\/page"}],"author":[{"embeddable":true,"href":"https:\/\/3w.sienteomana.com\/en\/wp-json\/wp\/v2\/users\/1"}],"replies":[{"embeddable":true,"href":"https:\/\/3w.sienteomana.com\/en\/wp-json\/wp\/v2\/comments?post=3602"}],"version-history":[{"count":711,"href":"https:\/\/3w.sienteomana.com\/en\/wp-json\/wp\/v2\/pages\/3602\/revisions"}],"predecessor-version":[{"id":14795,"href":"https:\/\/3w.sienteomana.com\/en\/wp-json\/wp\/v2\/pages\/3602\/revisions\/14795"}],"wp:attachment":[{"href":"https:\/\/3w.sienteomana.com\/en\/wp-json\/wp\/v2\/media?parent=3602"}],"curies":[{"name":"wp","href":"https:\/\/api.w.org\/{rel}","templated":true}]}}