{"id":6539,"date":"2017-01-06T18:39:46","date_gmt":"2017-01-06T18:39:46","guid":{"rendered":"https:\/\/3w.sienteomana.com\/en\/?page_id=6539"},"modified":"2019-03-26T09:56:41","modified_gmt":"2019-03-26T09:56:41","slug":"lacasona","status":"publish","type":"page","link":"https:\/\/3w.sienteomana.com\/en\/lacasona\/","title":{"rendered":"LA CASONA DE LOS CONDES DE LUNA"},"content":{"rendered":"<div class=\"standard_wrapper\">\n<div  class=\"two_third withsmallpadding ppb_text\" style=\"padding:30px 0 30px 0;\" >\n<div class=\"standard_wrapper\">\n<div class=\"page_content_wrapper\">\n<div class=\"inner\">\n<div style=\"margin:auto;width:100%\">\n<h1>LA CASONA DE LOS CONDES DE LUNA<\/h1>\n<h1 class=\"p1\"><span style=\"color: #000000;\">HISTORIA<\/span><\/h1>\n<hr \/>\n<h1 class=\"p1\"><\/h1>\n<\/div>\n<\/div>\n<\/div>\n<\/div>\n<\/div>\n<\/div>\n<div class=\"standard_wrapper\">\n<div  class=\"one_half withsmallpadding ppb_text\" style=\"padding:30px 0 30px 0;\" >\n<div class=\"standard_wrapper\">\n<div class=\"page_content_wrapper\">\n<div class=\"inner\">\n<div style=\"margin:auto;width:100%\">\n<p>Construida a finales del siglo XVII o principios del XVIII, se dice que los Condes de Luna utilizaban La Casona de Murias como parada en sus viajes a Babia, donde pasaban largas temporadas, sobre todo en verano. Tras su cesi\u00f3n al Ayuntamiento por parte de la Fundaci\u00f3n Carballo, el consistorio acometi\u00f3 una singular rehabilitaci\u00f3n para convertir el edificio en el Centro de Interpretaci\u00f3n de la Reserva de la Biosfera de los Valles de Oma\u00f1a y Luna. Un referente para toda la comarca que hoy se ha convertido en un espacio vivo para fomentar el desarrollo y el conocimiento de este territorio.<\/p>\n<p>Casona-palacio de estilo barroco, fue construida en piedra y madera, con muros de mamposter\u00eda de pizarra y piedra. Los huecos de la fachada son adintelados, formados por<\/p>\n<\/div>\n<\/div>\n<\/div>\n<\/div>\n<\/div>\n<\/div>\n<div class=\"standard_wrapper\">\n<div  class=\"one_half last withsmallpadding ppb_text\" style=\"padding:30px 0 30px 0;\" >\n<div class=\"standard_wrapper\">\n<div class=\"page_content_wrapper\">\n<div class=\"inner\">\n<div style=\"margin:auto;width:100%\">\n<p>siller\u00eda rosada, con algunos adornos y molduras. Los huecos originales cegados y los arcos se abrieron desmontando la f\u00e1brica que rellenaba el hueco. La piedra del interior es la original. A medida que se iba rehabilitando, se localizaron estructuras anegadas en su \u00e9poca. Tambi\u00e9n en el interior, la escalera es la original, de m\u00e1rmol rosa de la cantera de Montrondo, y la carpinter\u00eda se ha colocado de madera, respetando los huecos existentes y su filosof\u00eda.<\/p>\n<p>El edificio fue tambi\u00e9n cuartel de la Guardia Civil. En su exterior resaltan las dos torres t\u00edpicas de estas casonas solariegas que culminan con la cruz de Malta, as\u00ed como los escudos de los Porras y los Qui\u00f1ones que flanquean la fachada principal.<\/p>\n<p class=\"p1\" style=\"text-align: justify;\"><span class=\"s1\">\u00a0<\/span><\/p>\n<\/div>\n<\/div>\n<\/div>\n<\/div>\n<\/div>\n<\/div>\n<div class=\"standard_wrapper\">\n<div  class=\"one_half last withsmallpadding ppb_text\" style=\"padding:30px 0 30px 0;\" >\n<div class=\"standard_wrapper\">\n<div class=\"page_content_wrapper\">\n<div class=\"inner\">\n<div style=\"margin:auto;width:100%\">\n<p>siller\u00eda rosada, con algunos adornos y molduras. Los huecos originales cegados y los arcos se abrieron desmontando la f\u00e1brica que rellenaba el hueco. La piedra del interior es la original. A medida que se iba rehabilitando, se localizaron estructuras anegadas en su \u00e9poca. Tambi\u00e9n en el interior, la escalera es la original, de m\u00e1rmol rosa de la cantera de Montrondo, y la carpinter\u00eda se ha colocado de madera, respetando los huecos existentes y su filosof\u00eda.<\/p>\n<p>El edificio fue tambi\u00e9n cuartel de la Guardia Civil. En su exterior resaltan las dos torres t\u00edpicas de estas casonas solariegas que culminan con la cruz de Malta, as\u00ed como los escudos de los Porras y los Qui\u00f1ones que flanquean la fachada principal.<\/p>\n<p class=\"p1\" style=\"text-align: justify;\"><span class=\"s1\">\u00a0<\/span><\/p>\n<\/div>\n<\/div>\n<\/div>\n<\/div>\n<\/div>\n<\/div>\n<div class=\"standard_wrapper\">\n<div  class=\"two_third withsmallpadding ppb_text\" style=\"padding:30px 0 30px 0;\" >\n<div class=\"standard_wrapper\">\n<div class=\"page_content_wrapper\">\n<div class=\"inner\">\n<div style=\"margin:auto;width:100%\">\n<h1 class=\"p1\"><span style=\"color: #000000;\">ESPACIO INMERSIVO SIENTE OMA\u00d1A<\/span><\/h1>\n<hr \/>\n<h1 class=\"p1\"><\/h1>\n<\/div>\n<\/div>\n<\/div>\n<\/div>\n<\/div>\n<\/div>\n<div class=\"standard_wrapper\">\n<div  class=\"one_half withsmallpadding ppb_text\" style=\"padding:30px 0 30px 0;\" >\n<div class=\"standard_wrapper\">\n<div class=\"page_content_wrapper\">\n<div class=\"inner\">\n<div style=\"margin:auto;width:100%\">\n<p>Adem\u00e1s de ofrecer una rica vida cultural, La Casona es hoy el punto de partida de un fant\u00e1stico viaje virtual y emocional con el que el visitante se acerca a la historia, la cultura y la realidad de Oma\u00f1a Alta. En su dise\u00f1o se han utilizado las \u00faltimas tecnolog\u00edas de realidad virtual inmersiva para explicar el patrimonio natural, cultural, hist\u00f3rico y etnogr\u00e1fico.<\/p>\n<p>En su primera sala podr\u00e1s sumergirte en un tour virtual 360 audioguiado, mediante fotograf\u00edas panor\u00e1micas 360 de los lugares m\u00e1s significativos de la comarca y contenidos audioguiados que utilizan storitelling, efectos sonoros y m\u00fasica. En la segunda sala si\u00e9ntate en una de las plazas de los pueblos de Oma\u00f1a Alta y disfruta de una de las noches estrelladas. Emoci\u00f3nate con la historia, vive la actualidad de este territorio milenario y ancestral.<\/p>\n<\/div>\n<\/div>\n<\/div>\n<\/div>\n<\/div>\n<\/div>\n<div class=\"standard_wrapper\">\n<div  class=\"one_half last withsmallpadding ppb_text\" style=\"padding:30px 0 30px 0;\" >\n<div class=\"standard_wrapper\">\n<div class=\"page_content_wrapper\">\n<div class=\"inner\">\n<div style=\"margin:auto;width:100%\">\n<p>El\u00a0sonido 3D har\u00e1 m\u00e1s inmersiva tu visita. Si\u00e9ntate y escucha los sonidos de los animales del bosque, el agua, las actividades tradicionales, las campanas. Entra en la Reserva de la Biosfera de los Valles de Oma\u00f1a y Luna sin salir de La Casona.<\/p>\n<p>En su cuarta sala, una narrativa diferente te emocionar\u00e1. La historia se cuenta en primera persona, se oye, se ilumina y se siente. Estas en un filand\u00f3n de Oma\u00f1a Alta.<\/p>\n<p>Pero eso no es todo, en La Casona podr\u00e1s conocer c\u00f3mo eran las escuelas rurales en el siglo pasado y participar en m\u00faltiples actividades durante todo el a\u00f1o: cursos de la Universidad de Le\u00f3n, jornadas de teatro o m\u00fasica, o disfrutar de las exposiciones temporales que llenan sus imponentes espacios. Ven y Siente Oma\u00f1a, no te defraudar\u00e1.<\/p>\n<\/div>\n<\/div>\n<\/div>\n<\/div>\n<\/div>\n<\/div>\n<div class=\"standard_wrapper\">\n<div  class=\"one_half last withsmallpadding ppb_text\" style=\"padding:30px 0 30px 0;\" >\n<div class=\"standard_wrapper\">\n<div class=\"page_content_wrapper\">\n<div class=\"inner\">\n<div style=\"margin:auto;width:100%\">\n<p>El\u00a0sonido 3D har\u00e1 m\u00e1s inmersiva tu visita. Si\u00e9ntate y escucha los sonidos de los animales del bosque, el agua, las actividades tradicionales, las campanas. Entra en la Reserva de la Biosfera de los Valles de Oma\u00f1a y Luna sin salir de La Casona.<\/p>\n<p>En su cuarta sala, una narrativa diferente te emocionar\u00e1. La historia se cuenta en primera persona, se oye, se ilumina y se siente. Estas en un filand\u00f3n de Oma\u00f1a Alta.<\/p>\n<p>Pero eso no es todo, en La Casona podr\u00e1s conocer c\u00f3mo eran las escuelas rurales en el siglo pasado y participar en m\u00faltiples actividades durante todo el a\u00f1o: cursos de la Universidad de Le\u00f3n, jornadas de teatro o m\u00fasica, o disfrutar de las exposiciones temporales que llenan sus imponentes espacios. Ven y Siente Oma\u00f1a, no te defraudar\u00e1.<\/p>\n<\/div>\n<\/div>\n<\/div>\n<\/div>\n<\/div>\n<\/div>\n","protected":false},"excerpt":{"rendered":"<p>LA CASONA DE LOS CONDES DE LUNA HISTORIA Construida a finales del siglo XVII o principios del XVIII, se dice que los Condes de Luna utilizaban La Casona de Murias como parada en sus viajes a Babia, donde pasaban largas [&hellip;]<\/p>\n","protected":false},"author":1,"featured_media":0,"parent":0,"menu_order":0,"comment_status":"closed","ping_status":"closed","template":"","meta":{"inline_featured_image":false,"footnotes":""},"yoast_head":"<!-- This site is optimized with the Yoast SEO plugin v20.13 - https:\/\/yoast.com\/wordpress\/plugins\/seo\/ -->\n<title>LA CASONA DE LOS CONDES DE LUNA - (EN) Siente Oma\u00f1a<\/title>\n<meta name=\"robots\" content=\"index, follow, max-snippet:-1, max-image-preview:large, max-video-preview:-1\" \/>\n<link rel=\"canonical\" href=\"https:\/\/3w.sienteomana.com\/en\/lacasona\/\" \/>\n<meta property=\"og:locale\" content=\"es_ES\" \/>\n<meta property=\"og:type\" content=\"article\" \/>\n<meta property=\"og:title\" content=\"LA CASONA DE LOS CONDES DE LUNA - (EN) Siente Oma\u00f1a\" \/>\n<meta property=\"og:description\" content=\"LA CASONA DE LOS CONDES DE LUNA HISTORIA Construida a finales del siglo XVII o principios del XVIII, se dice que los Condes de Luna utilizaban La Casona de Murias como parada en sus viajes a Babia, donde pasaban largas [&hellip;]\" \/>\n<meta property=\"og:url\" content=\"https:\/\/3w.sienteomana.com\/en\/lacasona\/\" \/>\n<meta property=\"og:site_name\" content=\"(EN) Siente Oma\u00f1a\" \/>\n<meta property=\"article:modified_time\" content=\"2019-03-26T09:56:41+00:00\" \/>\n<meta name=\"twitter:card\" content=\"summary_large_image\" \/>\n<meta name=\"twitter:label1\" content=\"Tiempo de lectura\" \/>\n\t<meta name=\"twitter:data1\" content=\"4 minutos\" \/>\n<script type=\"application\/ld+json\" class=\"yoast-schema-graph\">{\"@context\":\"https:\/\/schema.org\",\"@graph\":[{\"@type\":\"WebPage\",\"@id\":\"https:\/\/3w.sienteomana.com\/en\/lacasona\/\",\"url\":\"https:\/\/3w.sienteomana.com\/en\/lacasona\/\",\"name\":\"LA CASONA DE LOS CONDES DE LUNA - (EN) Siente Oma\u00f1a\",\"isPartOf\":{\"@id\":\"https:\/\/3w.sienteomana.com\/en\/#website\"},\"datePublished\":\"2017-01-06T18:39:46+00:00\",\"dateModified\":\"2019-03-26T09:56:41+00:00\",\"breadcrumb\":{\"@id\":\"https:\/\/3w.sienteomana.com\/en\/lacasona\/#breadcrumb\"},\"inLanguage\":\"es\",\"potentialAction\":[{\"@type\":\"ReadAction\",\"target\":[\"https:\/\/3w.sienteomana.com\/en\/lacasona\/\"]}]},{\"@type\":\"BreadcrumbList\",\"@id\":\"https:\/\/3w.sienteomana.com\/en\/lacasona\/#breadcrumb\",\"itemListElement\":[{\"@type\":\"ListItem\",\"position\":1,\"name\":\"Home\",\"item\":\"https:\/\/3w.sienteomana.com\/en\/\"},{\"@type\":\"ListItem\",\"position\":2,\"name\":\"LA CASONA DE LOS CONDES DE LUNA\"}]},{\"@type\":\"WebSite\",\"@id\":\"https:\/\/3w.sienteomana.com\/en\/#website\",\"url\":\"https:\/\/3w.sienteomana.com\/en\/\",\"name\":\"(EN) Siente Oma\u00f1a\",\"description\":\"Oma\u00f1a\",\"potentialAction\":[{\"@type\":\"SearchAction\",\"target\":{\"@type\":\"EntryPoint\",\"urlTemplate\":\"https:\/\/3w.sienteomana.com\/en\/?s={search_term_string}\"},\"query-input\":\"required name=search_term_string\"}],\"inLanguage\":\"es\"}]}<\/script>\n<!-- \/ Yoast SEO plugin. -->","yoast_head_json":{"title":"LA CASONA DE LOS CONDES DE LUNA - (EN) Siente Oma\u00f1a","robots":{"index":"index","follow":"follow","max-snippet":"max-snippet:-1","max-image-preview":"max-image-preview:large","max-video-preview":"max-video-preview:-1"},"canonical":"https:\/\/3w.sienteomana.com\/en\/lacasona\/","og_locale":"es_ES","og_type":"article","og_title":"LA CASONA DE LOS CONDES DE LUNA - (EN) Siente Oma\u00f1a","og_description":"LA CASONA DE LOS CONDES DE LUNA HISTORIA Construida a finales del siglo XVII o principios del XVIII, se dice que los Condes de Luna utilizaban La Casona de Murias como parada en sus viajes a Babia, donde pasaban largas [&hellip;]","og_url":"https:\/\/3w.sienteomana.com\/en\/lacasona\/","og_site_name":"(EN) Siente Oma\u00f1a","article_modified_time":"2019-03-26T09:56:41+00:00","twitter_card":"summary_large_image","twitter_misc":{"Tiempo de lectura":"4 minutos"},"schema":{"@context":"https:\/\/schema.org","@graph":[{"@type":"WebPage","@id":"https:\/\/3w.sienteomana.com\/en\/lacasona\/","url":"https:\/\/3w.sienteomana.com\/en\/lacasona\/","name":"LA CASONA DE LOS CONDES DE LUNA - (EN) Siente Oma\u00f1a","isPartOf":{"@id":"https:\/\/3w.sienteomana.com\/en\/#website"},"datePublished":"2017-01-06T18:39:46+00:00","dateModified":"2019-03-26T09:56:41+00:00","breadcrumb":{"@id":"https:\/\/3w.sienteomana.com\/en\/lacasona\/#breadcrumb"},"inLanguage":"es","potentialAction":[{"@type":"ReadAction","target":["https:\/\/3w.sienteomana.com\/en\/lacasona\/"]}]},{"@type":"BreadcrumbList","@id":"https:\/\/3w.sienteomana.com\/en\/lacasona\/#breadcrumb","itemListElement":[{"@type":"ListItem","position":1,"name":"Home","item":"https:\/\/3w.sienteomana.com\/en\/"},{"@type":"ListItem","position":2,"name":"LA CASONA DE LOS CONDES DE LUNA"}]},{"@type":"WebSite","@id":"https:\/\/3w.sienteomana.com\/en\/#website","url":"https:\/\/3w.sienteomana.com\/en\/","name":"(EN) Siente Oma\u00f1a","description":"Oma\u00f1a","potentialAction":[{"@type":"SearchAction","target":{"@type":"EntryPoint","urlTemplate":"https:\/\/3w.sienteomana.com\/en\/?s={search_term_string}"},"query-input":"required name=search_term_string"}],"inLanguage":"es"}]}},"_links":{"self":[{"href":"https:\/\/3w.sienteomana.com\/en\/wp-json\/wp\/v2\/pages\/6539"}],"collection":[{"href":"https:\/\/3w.sienteomana.com\/en\/wp-json\/wp\/v2\/pages"}],"about":[{"href":"https:\/\/3w.sienteomana.com\/en\/wp-json\/wp\/v2\/types\/page"}],"author":[{"embeddable":true,"href":"https:\/\/3w.sienteomana.com\/en\/wp-json\/wp\/v2\/users\/1"}],"replies":[{"embeddable":true,"href":"https:\/\/3w.sienteomana.com\/en\/wp-json\/wp\/v2\/comments?post=6539"}],"version-history":[{"count":300,"href":"https:\/\/3w.sienteomana.com\/en\/wp-json\/wp\/v2\/pages\/6539\/revisions"}],"predecessor-version":[{"id":11295,"href":"https:\/\/3w.sienteomana.com\/en\/wp-json\/wp\/v2\/pages\/6539\/revisions\/11295"}],"wp:attachment":[{"href":"https:\/\/3w.sienteomana.com\/en\/wp-json\/wp\/v2\/media?parent=6539"}],"curies":[{"name":"wp","href":"https:\/\/api.w.org\/{rel}","templated":true}]}}