{"id":6915,"date":"2017-06-18T13:36:23","date_gmt":"2017-06-18T13:36:23","guid":{"rendered":"https:\/\/3w.sienteomana.com\/en\/?page_id=6915"},"modified":"2023-04-18T11:34:28","modified_gmt":"2023-04-18T11:34:28","slug":"historia","status":"publish","type":"page","link":"https:\/\/3w.sienteomana.com\/en\/historia\/","title":{"rendered":"HISTORY"},"content":{"rendered":"<div class=\"standard_wrapper\">\n<div  class=\"two_third last withsmallpadding ppb_text\" style=\"padding:30px 0 30px 0;\" >\n<div class=\"standard_wrapper\">\n<div class=\"page_content_wrapper\">\n<div class=\"inner\">\n<div style=\"margin:auto;width:100%\">\n<p>These valleys still have archaeological and architectural remains of great richness that you will be able to observe at every step. A journey to the past that will take you to an ancestral territory, populated since the Bronze Age, as shown by the idol of Rodicol, found in the place where today is located the Hermitage of the Seita, and in which the \u00abHomus Manium\u00bb, the \u00abgod men\u00bb, as Pliny called the inhabitants of the castros for their strength and courage, disputed the hills to the same Roman Empire of Trajan, eager to exploit the important gold resources of the area.<\/p>\n<p>With important vestiges both in Murias de Paredes and in some of the villages of the Gordo Valley, you can still contemplate the remains of some of the forts and learn about the process of exploitation of the Roman gold mines on the Roman mining routes.<\/p>\n<\/div>\n<\/div>\n<\/div>\n<\/div>\n<\/div>\n<\/div>\n<div class=\"standard_wrapper\">\n<div  class=\"two_third last withsmallpadding ppb_text\" style=\"padding:30px 0 30px 0;\" >\n<div class=\"standard_wrapper\">\n<div class=\"page_content_wrapper\">\n<div class=\"inner\">\n<div style=\"margin:auto;width:100%\">\n<p>These valleys still have archaeological and architectural remains of great richness that you will be able to observe at every step. A journey to the past that will take you to an ancestral territory, populated since the Bronze Age, as shown by the idol of Rodicol, found in the place where today is located the Hermitage of the Seita, and in which the \u00abHomus Manium\u00bb, the \u00abgod men\u00bb, as Pliny called the inhabitants of the castros for their strength and courage, disputed the hills to the same Roman Empire of Trajan, eager to exploit the important gold resources of the area.<\/p>\n<p>With important vestiges both in Murias de Paredes and in some of the villages of the Gordo Valley, you can still contemplate the remains of some of the forts and learn about the process of exploitation of the Roman gold mines on the Roman mining routes.<\/p>\n<\/div>\n<\/div>\n<\/div>\n<\/div>\n<\/div>\n<\/div>\n<div class=\"standard_wrapper\">\n<div  class=\"two_third last withsmallpadding ppb_text\" style=\"padding:30px 0 30px 0;\" >\n<div class=\"standard_wrapper\">\n<div class=\"page_content_wrapper\">\n<div class=\"inner\">\n<div style=\"margin:auto;width:100%\">\n<p>These valleys still have archaeological and architectural remains of great richness that you will be able to observe at every step. A journey to the past that will take you to an ancestral territory, populated since the Bronze Age, as shown by the idol of Rodicol, found in the place where today is located the Hermitage of the Seita, and in which the \u00abHomus Manium\u00bb, the \u00abgod men\u00bb, as Pliny called the inhabitants of the castros for their strength and courage, disputed the hills to the same Roman Empire of Trajan, eager to exploit the important gold resources of the area.<\/p>\n<p>With important vestiges both in Murias de Paredes and in some of the villages of the Gordo Valley, you can still contemplate the remains of some of the forts and learn about the process of exploitation of the Roman gold mines on the Roman mining routes.<\/p>\n<\/div>\n<\/div>\n<\/div>\n<\/div>\n<\/div>\n<\/div>\n<div class=\"standard_wrapper\">\n<div  class=\"one_third withsmallpadding ppb_text\" style=\"padding:30px 0 30px 0;\" >\n<div class=\"standard_wrapper\">\n<div class=\"page_content_wrapper\">\n<div class=\"inner\">\n<div style=\"margin:auto;width:100%\">\n<p>During the Middle Ages and until the 19th century, the councils were under the jurisdiction of the Counts of Luna. Not exempt from conflicts between lords and vassals, the towns grew and built their churches, their bridges, their mills, their communal dairies, their schools. Most of them are preserved today, as if time had stood still here. See?<\/p>\n<p>It is then when the municipality of Murias de Paredes is constituted as such, which was a Judicial District between 1834 and 1965, when it became part of Villablino. In the last years of the nineteenth century the territory began to lose population, first by emigration and then by aging. Something that could slowly revert, with the arrival of young families to the villages and the impulse of the descendants of the area, who take care of and restore the family houses.<\/p>\n<\/div>\n<\/div>\n<\/div>\n<\/div>\n<\/div>\n<\/div>\n<div class=\"standard_wrapper\">\n<div  class=\"one_third withsmallpadding ppb_text\" style=\"padding:30px 0 30px 0;\" >\n<div class=\"standard_wrapper\">\n<div class=\"page_content_wrapper\">\n<div class=\"inner\">\n<div style=\"margin:auto;width:100%\">\n<p>During the Middle Ages and until the 19th century, the councils were under the jurisdiction of the Counts of Luna. Not exempt from conflicts between lords and vassals, the towns grew and built their churches, their bridges, their mills, their communal dairies, their schools. Most of them are preserved today, as if time had stood still here. See?<\/p>\n<p>It is then when the municipality of Murias de Paredes is constituted as such, which was a Judicial District between 1834 and 1965, when it became part of Villablino. In the last years of the nineteenth century the territory began to lose population, first by emigration and then by aging. Something that could slowly revert, with the arrival of young families to the villages and the impulse of the descendants of the area, who take care of and restore the family houses.<\/p>\n<\/div>\n<\/div>\n<\/div>\n<\/div>\n<\/div>\n<\/div>\n<div class=\"standard_wrapper\">\n<div  class=\"one_third withsmallpadding ppb_text\" style=\"padding:30px 0 30px 0;\" >\n<div class=\"standard_wrapper\">\n<div class=\"page_content_wrapper\">\n<div class=\"inner\">\n<div style=\"margin:auto;width:100%\">\n<p>During the Middle Ages and until the 19th century, the councils were under the jurisdiction of the Counts of Luna. Not exempt from conflicts between lords and vassals, the towns grew and built their churches, their bridges, their mills, their communal dairies, their schools. Most of them are preserved today, as if time had stood still here. See?<\/p>\n<p>It is then when the municipality of Murias de Paredes is constituted as such, which was a Judicial District between 1834 and 1965, when it became part of Villablino. In the last years of the nineteenth century the territory began to lose population, first by emigration and then by aging. Something that could slowly revert, with the arrival of young families to the villages and the impulse of the descendants of the area, who take care of and restore the family houses.<\/p>\n<\/div>\n<\/div>\n<\/div>\n<\/div>\n<\/div>\n<\/div>\n<div  class=\"one withsmallpadding ppb_text\" style=\"padding:30px 0 30px 0;\" >\n<div class=\"standard_wrapper\">\n<div class=\"page_content_wrapper\">\n<div class=\"inner\">\n<div style=\"margin:auto;width:100%\">\n<h1>EL ORO DE ROMA<\/h1>\n<\/div>\n<\/div>\n<\/div>\n<\/div>\n<\/div>\n<div class=\"standard_wrapper\">\n<div  class=\"one_third withsmallpadding ppb_text\" style=\"padding:30px 0 30px 0;\" >\n<div class=\"standard_wrapper\">\n<div class=\"page_content_wrapper\">\n<div class=\"inner\">\n<div style=\"margin:auto;width:100%\">\n<p>In the first and second centuries, the Roman Empire established several gold mines in the mountains of Oma\u00f1a Alta. The municipality of Murias de Paredes put in value in 2010 five hiking routes with more than 31 kilometers that have as protagonists the gold mines of the Gordo Valley and the hydraulic network that served to emerge the gold in these mountains.<\/p>\n<\/div>\n<\/div>\n<\/div>\n<\/div>\n<\/div>\n<\/div>\n<div class=\"standard_wrapper\">\n<div  class=\"one_third withsmallpadding ppb_text\" style=\"padding:30px 0 30px 0;\" >\n<div class=\"standard_wrapper\">\n<div class=\"page_content_wrapper\">\n<div class=\"inner\">\n<div style=\"margin:auto;width:100%\">\n<p>The routes start from the villages of Barrio, Fasgar, Posada, Torrecillo and Vegapuj\u00edn, where, in addition to enjoying their environment and heritage, you can travel back in time and visit the spaces that still remember Roman engineering. These routes for walkers or cyclists are also a sample of the natural value of this Biosphere Reserve.<\/p>\n<\/div>\n<\/div>\n<\/div>\n<\/div>\n<\/div>\n<\/div>\n<div class=\"standard_wrapper\">\n<div  class=\"one_third last withsmallpadding ppb_text\" style=\"padding:30px 0 30px 0;\" >\n<div class=\"standard_wrapper\">\n<div class=\"page_content_wrapper\">\n<div class=\"inner\">\n<div style=\"margin:auto;width:100%\">\n<p>Suspir\u00f3n, 1,826 metres high, is one of the landmarks of Roman gold mining in Oma\u00f1a. On its eastern slope flows the Ancient Dam, one of the <em>carreliegos<\/em> or canals built by the Roman Empire two thousand years ago, 8.75 kilometers long, whose traces remain in the landscape and in popular memory.<\/p>\n<\/div>\n<\/div>\n<\/div>\n<\/div>\n<\/div>\n<\/div>\n<div class=\"standard_wrapper\">\n<div  class=\"one_third last withsmallpadding ppb_text\" style=\"padding:30px 0 30px 0;\" >\n<div class=\"standard_wrapper\">\n<div class=\"page_content_wrapper\">\n<div class=\"inner\">\n<div style=\"margin:auto;width:100%\">\n<p>Suspir\u00f3n, 1,826 metres high, is one of the landmarks of Roman gold mining in Oma\u00f1a. On its eastern slope flows the Ancient Dam, one of the <em>carreliegos<\/em> or canals built by the Roman Empire two thousand years ago, 8.75 kilometers long, whose traces remain in the landscape and in popular memory.<\/p>\n<\/div>\n<\/div>\n<\/div>\n<\/div>\n<\/div>\n<\/div>\n<div  class=\"one withsmallpadding ppb_text\" style=\"padding:30px 0 30px 0;\" >\n<div class=\"standard_wrapper\">\n<div class=\"page_content_wrapper\">\n<div class=\"inner\">\n<div style=\"margin:auto;width:100%\">\n<h1>The Forgotten Path<\/h1>\n<\/div>\n<\/div>\n<\/div>\n<\/div>\n<\/div>\n<div  class=\"one withsmallpadding ppb_text\" style=\"padding:30px 0 30px 0;\" >\n<div class=\"standard_wrapper\">\n<div class=\"page_content_wrapper\">\n<div class=\"inner\">\n<div style=\"margin:auto;width:100%\">\n<p>These villages and paths received from the 11TH to 13TH centuries many pilgrims as they passed through the old Camino de Santiago, or forgotten path, before being replaced by the current French road after the Muslim fold of the peninsula. A history of spirituality that now attracts new pilgrims from the 21ST century.<\/p>\n<p>The forgotten road part of Bilbao and joins the French road in Villafranca del Bierzo. Its stages 17 and 18 travel Oma\u00f1a Alta, between the villages of Marz\u00e1n and Fasgar to climb the mythical slope of the Ocidiello towards the Campo de Santiago de Mart\u00edn Moro Toledano. A route that will not leave you indifferent.<\/p>\n<p>At present, the municipality of Murias de Paredes is developing an active task to signal and maintain this section of the road in correct conditions for the pilgrims who travel.<\/p>\n<\/div>\n<\/div>\n<\/div>\n<\/div>\n<\/div>\n<div  class=\"one withsmallpadding ppb_text\" style=\"padding:30px 0 30px 0;\" >\n<div class=\"standard_wrapper\">\n<div class=\"page_content_wrapper\">\n<div class=\"inner\">\n<div style=\"margin:auto;width:100%\">\n<p>These villages and paths received from the 11TH to 13TH centuries many pilgrims as they passed through the old Camino de Santiago, or forgotten path, before being replaced by the current French road after the Muslim fold of the peninsula. A history of spirituality that now attracts new pilgrims from the 21ST century.<\/p>\n<p>The forgotten road part of Bilbao and joins the French road in Villafranca del Bierzo. Its stages 17 and 18 travel Oma\u00f1a Alta, between the villages of Marz\u00e1n and Fasgar to climb the mythical slope of the Ocidiello towards the Campo de Santiago de Mart\u00edn Moro Toledano. A route that will not leave you indifferent.<\/p>\n<p>At present, the municipality of Murias de Paredes is developing an active task to signal and maintain this section of the road in correct conditions for the pilgrims who travel.<\/p>\n<\/div>\n<\/div>\n<\/div>\n<\/div>\n<\/div>\n","protected":false},"excerpt":{"rendered":"<p>These valleys still have archaeological and architectural remains of great richness that you will be able to observe at every step. A journey to the past that will take you to an ancestral territory, populated since the Bronze Age, as [&hellip;]<\/p>\n","protected":false},"author":1,"featured_media":0,"parent":0,"menu_order":0,"comment_status":"closed","ping_status":"closed","template":"","meta":{"inline_featured_image":false,"footnotes":""},"yoast_head":"<!-- This site is optimized with the Yoast SEO plugin v20.13 - https:\/\/yoast.com\/wordpress\/plugins\/seo\/ -->\n<title>HISTORY - (EN) Siente Oma\u00f1a<\/title>\n<meta name=\"robots\" content=\"index, follow, max-snippet:-1, max-image-preview:large, max-video-preview:-1\" \/>\n<link rel=\"canonical\" href=\"https:\/\/3w.sienteomana.com\/en\/historia\/\" \/>\n<meta property=\"og:locale\" content=\"es_ES\" \/>\n<meta property=\"og:type\" content=\"article\" \/>\n<meta property=\"og:title\" content=\"HISTORY - (EN) Siente Oma\u00f1a\" \/>\n<meta property=\"og:description\" content=\"These valleys still have archaeological and architectural remains of great richness that you will be able to observe at every step. A journey to the past that will take you to an ancestral territory, populated since the Bronze Age, as [&hellip;]\" \/>\n<meta property=\"og:url\" content=\"https:\/\/3w.sienteomana.com\/en\/historia\/\" \/>\n<meta property=\"og:site_name\" content=\"(EN) Siente Oma\u00f1a\" \/>\n<meta property=\"article:modified_time\" content=\"2023-04-18T11:34:28+00:00\" \/>\n<meta name=\"twitter:card\" content=\"summary_large_image\" \/>\n<meta name=\"twitter:label1\" content=\"Tiempo de lectura\" \/>\n\t<meta name=\"twitter:data1\" content=\"5 minutos\" \/>\n<script type=\"application\/ld+json\" class=\"yoast-schema-graph\">{\"@context\":\"https:\/\/schema.org\",\"@graph\":[{\"@type\":\"WebPage\",\"@id\":\"https:\/\/3w.sienteomana.com\/en\/historia\/\",\"url\":\"https:\/\/3w.sienteomana.com\/en\/historia\/\",\"name\":\"HISTORY - (EN) Siente Oma\u00f1a\",\"isPartOf\":{\"@id\":\"https:\/\/3w.sienteomana.com\/en\/#website\"},\"datePublished\":\"2017-06-18T13:36:23+00:00\",\"dateModified\":\"2023-04-18T11:34:28+00:00\",\"breadcrumb\":{\"@id\":\"https:\/\/3w.sienteomana.com\/en\/historia\/#breadcrumb\"},\"inLanguage\":\"es\",\"potentialAction\":[{\"@type\":\"ReadAction\",\"target\":[\"https:\/\/3w.sienteomana.com\/en\/historia\/\"]}]},{\"@type\":\"BreadcrumbList\",\"@id\":\"https:\/\/3w.sienteomana.com\/en\/historia\/#breadcrumb\",\"itemListElement\":[{\"@type\":\"ListItem\",\"position\":1,\"name\":\"Home\",\"item\":\"https:\/\/3w.sienteomana.com\/en\/\"},{\"@type\":\"ListItem\",\"position\":2,\"name\":\"HISTORY\"}]},{\"@type\":\"WebSite\",\"@id\":\"https:\/\/3w.sienteomana.com\/en\/#website\",\"url\":\"https:\/\/3w.sienteomana.com\/en\/\",\"name\":\"(EN) Siente Oma\u00f1a\",\"description\":\"Oma\u00f1a\",\"potentialAction\":[{\"@type\":\"SearchAction\",\"target\":{\"@type\":\"EntryPoint\",\"urlTemplate\":\"https:\/\/3w.sienteomana.com\/en\/?s={search_term_string}\"},\"query-input\":\"required name=search_term_string\"}],\"inLanguage\":\"es\"}]}<\/script>\n<!-- \/ Yoast SEO plugin. -->","yoast_head_json":{"title":"HISTORY - (EN) Siente Oma\u00f1a","robots":{"index":"index","follow":"follow","max-snippet":"max-snippet:-1","max-image-preview":"max-image-preview:large","max-video-preview":"max-video-preview:-1"},"canonical":"https:\/\/3w.sienteomana.com\/en\/historia\/","og_locale":"es_ES","og_type":"article","og_title":"HISTORY - (EN) Siente Oma\u00f1a","og_description":"These valleys still have archaeological and architectural remains of great richness that you will be able to observe at every step. A journey to the past that will take you to an ancestral territory, populated since the Bronze Age, as [&hellip;]","og_url":"https:\/\/3w.sienteomana.com\/en\/historia\/","og_site_name":"(EN) Siente Oma\u00f1a","article_modified_time":"2023-04-18T11:34:28+00:00","twitter_card":"summary_large_image","twitter_misc":{"Tiempo de lectura":"5 minutos"},"schema":{"@context":"https:\/\/schema.org","@graph":[{"@type":"WebPage","@id":"https:\/\/3w.sienteomana.com\/en\/historia\/","url":"https:\/\/3w.sienteomana.com\/en\/historia\/","name":"HISTORY - (EN) Siente Oma\u00f1a","isPartOf":{"@id":"https:\/\/3w.sienteomana.com\/en\/#website"},"datePublished":"2017-06-18T13:36:23+00:00","dateModified":"2023-04-18T11:34:28+00:00","breadcrumb":{"@id":"https:\/\/3w.sienteomana.com\/en\/historia\/#breadcrumb"},"inLanguage":"es","potentialAction":[{"@type":"ReadAction","target":["https:\/\/3w.sienteomana.com\/en\/historia\/"]}]},{"@type":"BreadcrumbList","@id":"https:\/\/3w.sienteomana.com\/en\/historia\/#breadcrumb","itemListElement":[{"@type":"ListItem","position":1,"name":"Home","item":"https:\/\/3w.sienteomana.com\/en\/"},{"@type":"ListItem","position":2,"name":"HISTORY"}]},{"@type":"WebSite","@id":"https:\/\/3w.sienteomana.com\/en\/#website","url":"https:\/\/3w.sienteomana.com\/en\/","name":"(EN) Siente Oma\u00f1a","description":"Oma\u00f1a","potentialAction":[{"@type":"SearchAction","target":{"@type":"EntryPoint","urlTemplate":"https:\/\/3w.sienteomana.com\/en\/?s={search_term_string}"},"query-input":"required name=search_term_string"}],"inLanguage":"es"}]}},"_links":{"self":[{"href":"https:\/\/3w.sienteomana.com\/en\/wp-json\/wp\/v2\/pages\/6915"}],"collection":[{"href":"https:\/\/3w.sienteomana.com\/en\/wp-json\/wp\/v2\/pages"}],"about":[{"href":"https:\/\/3w.sienteomana.com\/en\/wp-json\/wp\/v2\/types\/page"}],"author":[{"embeddable":true,"href":"https:\/\/3w.sienteomana.com\/en\/wp-json\/wp\/v2\/users\/1"}],"replies":[{"embeddable":true,"href":"https:\/\/3w.sienteomana.com\/en\/wp-json\/wp\/v2\/comments?post=6915"}],"version-history":[{"count":155,"href":"https:\/\/3w.sienteomana.com\/en\/wp-json\/wp\/v2\/pages\/6915\/revisions"}],"predecessor-version":[{"id":14768,"href":"https:\/\/3w.sienteomana.com\/en\/wp-json\/wp\/v2\/pages\/6915\/revisions\/14768"}],"wp:attachment":[{"href":"https:\/\/3w.sienteomana.com\/en\/wp-json\/wp\/v2\/media?parent=6915"}],"curies":[{"name":"wp","href":"https:\/\/api.w.org\/{rel}","templated":true}]}}