{"id":9338,"date":"2018-01-22T16:38:37","date_gmt":"2018-01-22T16:38:37","guid":{"rendered":"https:\/\/3w.sienteomana.com\/en\/?page_id=9338"},"modified":"2022-10-15T10:37:01","modified_gmt":"2022-10-15T10:37:01","slug":"hosteleria-y-alojamientos","status":"publish","type":"page","link":"https:\/\/3w.sienteomana.com\/en\/hosteleria-y-alojamientos\/","title":{"rendered":"Hosteler\u00eda y Alojamientos"},"content":{"rendered":"<div class=\"standard_wrapper\">\n<div  class=\"one_half withsmallpadding ppb_text\" style=\"padding:30px 0 30px 0;\" >\n<div class=\"standard_wrapper\">\n<div class=\"page_content_wrapper\">\n<div class=\"inner\">\n<div style=\"margin:auto;width:100%\">\n<h1><span style=\"text-decoration: underline;\"><span style=\"color: #99cc00; text-decoration: underline;\">Hosteler\u00eda<\/span><\/span><\/h1>\n<h4>EL HOLAND\u00c9S ERRANTE<\/h4>\n<p><em>Situado en plena reserva de la biosfera, este peque\u00f1o local, con capacidad para 20 comensales, est\u00e1 ubicado en el centro de Murias de Paredes. Preparamos platos de monta\u00f1a, caseros y con productos de m\u00e1xima calidad. Disponemos de una amplia bodega seleccionada. Productos de matanza y postres caseros. Atr\u00e9vase a descubrirnos.<\/em><\/p>\n<p><em>Capacidad: 20 comensales<\/em><\/p>\n<p><strong><em>Temporada: Todo el a\u00f1o<\/em><\/strong><em><br \/>\n<\/em>Plaza Extremadoiro, 6 &#8211; 24130- MURIAS DE PAREDES<br \/>\nTelf.: 987 593 200 \/ 606 174 366 \/ 609 072 251<br \/>\nWeb: <a href=\"http:\/\/www.elholandeserrante.com\">www.elholandeserrante.com<\/a><\/p>\n<h4>CUMBRES DE OMA\u00d1A<\/h4>\n<p><em>Restaurante que ofrece los tradicionales pucheros, el cocido, gran selecci\u00f3n de embutidos t\u00edpicos de la comarca, selecci\u00f3n de carnes con garant\u00eda de calidad y, en temporada, disponibilidad de platos confeccionados con carne de caza. Todos ellos, confeccionados con tal mimo y dedicaci\u00f3n que conseguir\u00e1n satisfacer a los paladares m\u00e1s exigentes.<\/em><\/p>\n<p><em>Capacidad: 38 comensales<\/em><\/p>\n<p><strong><em>Temporada: Todo el a\u00f1o<br \/>\n<\/em><\/strong>Calle La Carretera, 20 &#8211; 24136- SENRA<br \/>\nTelf.: 987 593 072<br \/>\nFax.: 987 593 072<br \/>\nWeb: <a href=\"http:\/\/www.hostalruralcumbresdeomana.com\">www.hostalruralcumbresdeomana.com<\/a><\/p>\n<div class=\"_4bl9\">\n<div><\/div>\n<\/div>\n<\/div>\n<\/div>\n<\/div>\n<\/div>\n<\/div>\n<\/div>\n<div class=\"standard_wrapper\">\n<div  class=\"one_half last withsmallpadding ppb_text\" style=\"padding:30px 0 30px 0;\" >\n<div class=\"standard_wrapper\">\n<div class=\"page_content_wrapper\">\n<div class=\"inner\">\n<div style=\"margin:auto;width:100%\">\n<h1><span style=\"text-decoration: underline;\"><span style=\"color: #99cc00; text-decoration: underline;\">Casas Rurales<\/span><\/span><\/h1>\n<h4>LA C\u00c1RCEL<\/h4>\n<p><em>Edificio del siglo XIX, construido para albergar la c\u00e1rcel del antiguo partido judicial de Murias de Paredes hasta 1965, hoy rehabilitado, conservando su arquitectura tradicional. Dispone de 12 plazas, distribuidas en 5 habitaciones con ba\u00f1o -4 dobles y 1 cu\u00e1druple- con TV y WIFI. Todas ellas con bonitas vistas al abedular mejor conservado de Europa. Sal\u00f3n-comedor con chimenea y jard\u00edn.<\/em><\/p>\n<p><strong><em>Temporada: Todo el a\u00f1o (previa reserva)<\/em><\/strong><\/p>\n<p>C\/ El Castro. 3. 24130- MURIAS DE PAREDES<br \/>\nTelf.: 676 15 12 78<br \/>\ne-mail: lacarcelhotelrural@gmail.com<\/p>\n<h4>EL HOLAND\u00c9S ERRANTE<\/h4>\n<p><em>Centro de Turismo Rural situado en Oma\u00f1a, en el centro de Murias de Paredes, sus instalaciones mezclan tradici\u00f3n de alta monta\u00f1a con un ambiente confortable, familiar y casero. Disponemos de tres habitaciones dobles y dos triples. Todas ellas con ba\u00f1o completo con hidromasaje. Nuestros hu\u00e9spedes disponen de dos amplios salones sociales, chimenea, biblioteca, galer\u00eda, cafeter\u00eda y restaurante.<\/em><\/p>\n<p><strong><em>Temporada: Todo el a\u00f1o<\/em><\/strong><em>\u00a0<\/em><\/p>\n<p>Plaza Extremadoiro, 6 &#8211; 24130- MURIAS DEPAREDES<br \/>\nTelf.: 987 593 200 \/ 606 174 366 \/ 609 072 251<br \/>\nWeb: <a href=\"http:\/\/www.elholandeserrante.com\">www.elholandeserrante.com<\/a><\/p>\n<h4>CUMBRES DE OMA\u00d1A<\/h4>\n<p><em>Antigua construcci\u00f3n t\u00edpica de la monta\u00f1a leonesa restaurada respetando la decoraci\u00f3n m\u00e1s tradicional. El artesonado de madera, paredes de piedra y la luz que inunda esta casa conseguir\u00e1n que el visitante guarde un extraordinario recuerdo de este Hostal. Habitaciones con encanto, su mobiliario r\u00fastico y su servicio de ba\u00f1o completo, calefacci\u00f3n, TV. y extraordinarias vistas, las hacen id\u00f3neas para un merecido descanso. Posibilidad de cama supletoria en 1 habitaci\u00f3n.<\/em><\/p>\n<p><strong><em>Temporada: Todo el a\u00f1o<\/em><\/strong><em>\u00a0<\/em><\/p>\n<p>Calle La Carretera, 20 &#8211; 24136- SENRA<br \/>\nTelf.: 987 593 072 \/ 629 626 429<br \/>\nFax.: 987 593 072<br \/>\nWeb: <a href=\"HTTP:\/\/www.hostalruralcumbresdeomana.com\">www.hostalruralcumbresdeomana.com<\/a><\/p>\n<h4>EL LLAO<\/h4>\n<p><em>Ubicadas en una antigua \u201ccasa tipica oma\u00f1esa\u201d, con su corredor y su \u2018patin\u201d. En la planta baja, la Casa Rural \u201cEl Llao\u201d debe su nombre al lago que en otros tiempos hab\u00eda a la entrada del pueblo. Cuenta con 4 plazas. en 2 habitaciones, sala de estar con chimenea, porche, cocina y ba\u00f1o, equipado con sistemas de hidroterapia. Posibilidad de alquiler de bicicletas.<\/em><\/p>\n<p><strong><em>Temporada: Todo el a\u00f1o<\/em><\/strong><em>\u00a0<\/em><\/p>\n<p>Calle Principal, 4 &#8211; 24136- LAZADO<br \/>\nTelf.: 606 929 832 \/ 987 264 122<br \/>\ne-mail: ctrelurogallo@hotmail.com<br \/>\nWeb: <a href=\"http:\/\/www.lazado.com\">www.lazado.com<\/a><\/p>\n<h4>LOS FRESNOS<\/h4>\n<p><em>En la planta alta, la Casa Rural Los Fresnos, d\u00faplex de 6 plazas en 3 habitaciones, sala de estar con chimenea, cocina, zona de bar y un ba\u00f1o en cada planta, el de la buhardilla con ba\u00f1era de hidromasaje. Dispone tambi\u00e9n de un corredor.<\/em><\/p>\n<p><strong><em>Temporada: Todo el a\u00f1o<\/em><\/strong><\/p>\n<p>Calle Principal, 4 &#8211; 24136- LAZADO<br \/>\nTelf.: 606 929 832 \/ 987 264 122<br \/>\ne-mail: ctrelurogallo@hotmail.com<br \/>\nWeb: <a href=\"http:\/\/www.lazado.com\">www.lazado.com<\/a><\/p>\n<div class=\"_4bl9\">\n<div><\/div>\n<\/div>\n<\/div>\n<\/div>\n<\/div>\n<\/div>\n<\/div>\n<\/div>\n<div class=\"standard_wrapper\">\n<div  class=\"one_half last withsmallpadding ppb_text\" style=\"padding:30px 0 30px 0;\" >\n<div class=\"standard_wrapper\">\n<div class=\"page_content_wrapper\">\n<div class=\"inner\">\n<div style=\"margin:auto;width:100%\">\n<h1><span style=\"text-decoration: underline;\"><span style=\"color: #99cc00; text-decoration: underline;\">Casas Rurales<\/span><\/span><\/h1>\n<h4>LA C\u00c1RCEL<\/h4>\n<p><em>Edificio del siglo XIX, construido para albergar la c\u00e1rcel del antiguo partido judicial de Murias de Paredes hasta 1965, hoy rehabilitado, conservando su arquitectura tradicional. Dispone de 12 plazas, distribuidas en 5 habitaciones con ba\u00f1o -4 dobles y 1 cu\u00e1druple- con TV y WIFI. Todas ellas con bonitas vistas al abedular mejor conservado de Europa. Sal\u00f3n-comedor con chimenea y jard\u00edn.<\/em><\/p>\n<p><strong><em>Temporada: Todo el a\u00f1o (previa reserva)<\/em><\/strong><\/p>\n<p>C\/ El Castro. 3. 24130- MURIAS DE PAREDES<br \/>\nTelf.: 676 15 12 78<br \/>\ne-mail: lacarcelhotelrural@gmail.com<\/p>\n<h4>EL HOLAND\u00c9S ERRANTE<\/h4>\n<p><em>Centro de Turismo Rural situado en Oma\u00f1a, en el centro de Murias de Paredes, sus instalaciones mezclan tradici\u00f3n de alta monta\u00f1a con un ambiente confortable, familiar y casero. Disponemos de tres habitaciones dobles y dos triples. Todas ellas con ba\u00f1o completo con hidromasaje. Nuestros hu\u00e9spedes disponen de dos amplios salones sociales, chimenea, biblioteca, galer\u00eda, cafeter\u00eda y restaurante.<\/em><\/p>\n<p><strong><em>Temporada: Todo el a\u00f1o<\/em><\/strong><em>\u00a0<\/em><\/p>\n<p>Plaza Extremadoiro, 6 &#8211; 24130- MURIAS DEPAREDES<br \/>\nTelf.: 987 593 200 \/ 606 174 366 \/ 609 072 251<br \/>\nWeb: <a href=\"http:\/\/www.elholandeserrante.com\">www.elholandeserrante.com<\/a><\/p>\n<h4>CUMBRES DE OMA\u00d1A<\/h4>\n<p><em>Antigua construcci\u00f3n t\u00edpica de la monta\u00f1a leonesa restaurada respetando la decoraci\u00f3n m\u00e1s tradicional. El artesonado de madera, paredes de piedra y la luz que inunda esta casa conseguir\u00e1n que el visitante guarde un extraordinario recuerdo de este Hostal. Habitaciones con encanto, su mobiliario r\u00fastico y su servicio de ba\u00f1o completo, calefacci\u00f3n, TV. y extraordinarias vistas, las hacen id\u00f3neas para un merecido descanso. Posibilidad de cama supletoria en 1 habitaci\u00f3n.<\/em><\/p>\n<p><strong><em>Temporada: Todo el a\u00f1o<\/em><\/strong><em>\u00a0<\/em><\/p>\n<p>Calle La Carretera, 20 &#8211; 24136- SENRA<br \/>\nTelf.: 987 593 072 \/ 629 626 429<br \/>\nFax.: 987 593 072<br \/>\nWeb: <a href=\"HTTP:\/\/www.hostalruralcumbresdeomana.com\">www.hostalruralcumbresdeomana.com<\/a><\/p>\n<h4>EL LLAO<\/h4>\n<p><em>Ubicadas en una antigua \u201ccasa tipica oma\u00f1esa\u201d, con su corredor y su \u2018patin\u201d. En la planta baja, la Casa Rural \u201cEl Llao\u201d debe su nombre al lago que en otros tiempos hab\u00eda a la entrada del pueblo. Cuenta con 4 plazas. en 2 habitaciones, sala de estar con chimenea, porche, cocina y ba\u00f1o, equipado con sistemas de hidroterapia. Posibilidad de alquiler de bicicletas.<\/em><\/p>\n<p><strong><em>Temporada: Todo el a\u00f1o<\/em><\/strong><em>\u00a0<\/em><\/p>\n<p>Calle Principal, 4 &#8211; 24136- LAZADO<br \/>\nTelf.: 606 929 832 \/ 987 264 122<br \/>\ne-mail: ctrelurogallo@hotmail.com<br \/>\nWeb: <a href=\"http:\/\/www.lazado.com\">www.lazado.com<\/a><\/p>\n<h4>LOS FRESNOS<\/h4>\n<p><em>En la planta alta, la Casa Rural Los Fresnos, d\u00faplex de 6 plazas en 3 habitaciones, sala de estar con chimenea, cocina, zona de bar y un ba\u00f1o en cada planta, el de la buhardilla con ba\u00f1era de hidromasaje. Dispone tambi\u00e9n de un corredor.<\/em><\/p>\n<p><strong><em>Temporada: Todo el a\u00f1o<\/em><\/strong><\/p>\n<p>Calle Principal, 4 &#8211; 24136- LAZADO<br \/>\nTelf.: 606 929 832 \/ 987 264 122<br \/>\ne-mail: ctrelurogallo@hotmail.com<br \/>\nWeb: <a href=\"http:\/\/www.lazado.com\">www.lazado.com<\/a><\/p>\n<div class=\"_4bl9\">\n<div><\/div>\n<\/div>\n<\/div>\n<\/div>\n<\/div>\n<\/div>\n<\/div>\n<\/div>\n","protected":false},"excerpt":{"rendered":"<p>Hosteler\u00eda EL HOLAND\u00c9S ERRANTE Situado en plena reserva de la biosfera, este peque\u00f1o local, con capacidad para 20 comensales, est\u00e1 ubicado en el centro de Murias de Paredes. Preparamos platos de monta\u00f1a, caseros y con productos de m\u00e1xima calidad. Disponemos [&hellip;]<\/p>\n","protected":false},"author":1,"featured_media":0,"parent":0,"menu_order":0,"comment_status":"closed","ping_status":"closed","template":"","meta":{"inline_featured_image":false,"footnotes":""},"yoast_head":"<!-- This site is optimized with the Yoast SEO plugin v20.13 - https:\/\/yoast.com\/wordpress\/plugins\/seo\/ -->\n<title>Hosteler\u00eda y Alojamientos - (EN) Siente Oma\u00f1a<\/title>\n<meta name=\"robots\" content=\"index, follow, max-snippet:-1, max-image-preview:large, max-video-preview:-1\" \/>\n<link rel=\"canonical\" href=\"https:\/\/3w.sienteomana.com\/en\/hosteleria-y-alojamientos\/\" \/>\n<meta property=\"og:locale\" content=\"es_ES\" \/>\n<meta property=\"og:type\" content=\"article\" \/>\n<meta property=\"og:title\" content=\"Hosteler\u00eda y Alojamientos - (EN) Siente Oma\u00f1a\" \/>\n<meta property=\"og:description\" content=\"Hosteler\u00eda EL HOLAND\u00c9S ERRANTE Situado en plena reserva de la biosfera, este peque\u00f1o local, con capacidad para 20 comensales, est\u00e1 ubicado en el centro de Murias de Paredes. Preparamos platos de monta\u00f1a, caseros y con productos de m\u00e1xima calidad. Disponemos [&hellip;]\" \/>\n<meta property=\"og:url\" content=\"https:\/\/3w.sienteomana.com\/en\/hosteleria-y-alojamientos\/\" \/>\n<meta property=\"og:site_name\" content=\"(EN) Siente Oma\u00f1a\" \/>\n<meta property=\"article:modified_time\" content=\"2022-10-15T10:37:01+00:00\" \/>\n<meta name=\"twitter:card\" content=\"summary_large_image\" \/>\n<meta name=\"twitter:label1\" content=\"Tiempo de lectura\" \/>\n\t<meta name=\"twitter:data1\" content=\"5 minutos\" \/>\n<script type=\"application\/ld+json\" class=\"yoast-schema-graph\">{\"@context\":\"https:\/\/schema.org\",\"@graph\":[{\"@type\":\"WebPage\",\"@id\":\"https:\/\/3w.sienteomana.com\/en\/hosteleria-y-alojamientos\/\",\"url\":\"https:\/\/3w.sienteomana.com\/en\/hosteleria-y-alojamientos\/\",\"name\":\"Hosteler\u00eda y Alojamientos - (EN) Siente Oma\u00f1a\",\"isPartOf\":{\"@id\":\"https:\/\/3w.sienteomana.com\/en\/#website\"},\"datePublished\":\"2018-01-22T16:38:37+00:00\",\"dateModified\":\"2022-10-15T10:37:01+00:00\",\"breadcrumb\":{\"@id\":\"https:\/\/3w.sienteomana.com\/en\/hosteleria-y-alojamientos\/#breadcrumb\"},\"inLanguage\":\"es\",\"potentialAction\":[{\"@type\":\"ReadAction\",\"target\":[\"https:\/\/3w.sienteomana.com\/en\/hosteleria-y-alojamientos\/\"]}]},{\"@type\":\"BreadcrumbList\",\"@id\":\"https:\/\/3w.sienteomana.com\/en\/hosteleria-y-alojamientos\/#breadcrumb\",\"itemListElement\":[{\"@type\":\"ListItem\",\"position\":1,\"name\":\"Home\",\"item\":\"https:\/\/3w.sienteomana.com\/en\/\"},{\"@type\":\"ListItem\",\"position\":2,\"name\":\"Hosteler\u00eda y Alojamientos\"}]},{\"@type\":\"WebSite\",\"@id\":\"https:\/\/3w.sienteomana.com\/en\/#website\",\"url\":\"https:\/\/3w.sienteomana.com\/en\/\",\"name\":\"(EN) Siente Oma\u00f1a\",\"description\":\"Oma\u00f1a\",\"potentialAction\":[{\"@type\":\"SearchAction\",\"target\":{\"@type\":\"EntryPoint\",\"urlTemplate\":\"https:\/\/3w.sienteomana.com\/en\/?s={search_term_string}\"},\"query-input\":\"required name=search_term_string\"}],\"inLanguage\":\"es\"}]}<\/script>\n<!-- \/ Yoast SEO plugin. -->","yoast_head_json":{"title":"Hosteler\u00eda y Alojamientos - (EN) Siente Oma\u00f1a","robots":{"index":"index","follow":"follow","max-snippet":"max-snippet:-1","max-image-preview":"max-image-preview:large","max-video-preview":"max-video-preview:-1"},"canonical":"https:\/\/3w.sienteomana.com\/en\/hosteleria-y-alojamientos\/","og_locale":"es_ES","og_type":"article","og_title":"Hosteler\u00eda y Alojamientos - (EN) Siente Oma\u00f1a","og_description":"Hosteler\u00eda EL HOLAND\u00c9S ERRANTE Situado en plena reserva de la biosfera, este peque\u00f1o local, con capacidad para 20 comensales, est\u00e1 ubicado en el centro de Murias de Paredes. Preparamos platos de monta\u00f1a, caseros y con productos de m\u00e1xima calidad. Disponemos [&hellip;]","og_url":"https:\/\/3w.sienteomana.com\/en\/hosteleria-y-alojamientos\/","og_site_name":"(EN) Siente Oma\u00f1a","article_modified_time":"2022-10-15T10:37:01+00:00","twitter_card":"summary_large_image","twitter_misc":{"Tiempo de lectura":"5 minutos"},"schema":{"@context":"https:\/\/schema.org","@graph":[{"@type":"WebPage","@id":"https:\/\/3w.sienteomana.com\/en\/hosteleria-y-alojamientos\/","url":"https:\/\/3w.sienteomana.com\/en\/hosteleria-y-alojamientos\/","name":"Hosteler\u00eda y Alojamientos - (EN) Siente Oma\u00f1a","isPartOf":{"@id":"https:\/\/3w.sienteomana.com\/en\/#website"},"datePublished":"2018-01-22T16:38:37+00:00","dateModified":"2022-10-15T10:37:01+00:00","breadcrumb":{"@id":"https:\/\/3w.sienteomana.com\/en\/hosteleria-y-alojamientos\/#breadcrumb"},"inLanguage":"es","potentialAction":[{"@type":"ReadAction","target":["https:\/\/3w.sienteomana.com\/en\/hosteleria-y-alojamientos\/"]}]},{"@type":"BreadcrumbList","@id":"https:\/\/3w.sienteomana.com\/en\/hosteleria-y-alojamientos\/#breadcrumb","itemListElement":[{"@type":"ListItem","position":1,"name":"Home","item":"https:\/\/3w.sienteomana.com\/en\/"},{"@type":"ListItem","position":2,"name":"Hosteler\u00eda y Alojamientos"}]},{"@type":"WebSite","@id":"https:\/\/3w.sienteomana.com\/en\/#website","url":"https:\/\/3w.sienteomana.com\/en\/","name":"(EN) Siente Oma\u00f1a","description":"Oma\u00f1a","potentialAction":[{"@type":"SearchAction","target":{"@type":"EntryPoint","urlTemplate":"https:\/\/3w.sienteomana.com\/en\/?s={search_term_string}"},"query-input":"required name=search_term_string"}],"inLanguage":"es"}]}},"_links":{"self":[{"href":"https:\/\/3w.sienteomana.com\/en\/wp-json\/wp\/v2\/pages\/9338"}],"collection":[{"href":"https:\/\/3w.sienteomana.com\/en\/wp-json\/wp\/v2\/pages"}],"about":[{"href":"https:\/\/3w.sienteomana.com\/en\/wp-json\/wp\/v2\/types\/page"}],"author":[{"embeddable":true,"href":"https:\/\/3w.sienteomana.com\/en\/wp-json\/wp\/v2\/users\/1"}],"replies":[{"embeddable":true,"href":"https:\/\/3w.sienteomana.com\/en\/wp-json\/wp\/v2\/comments?post=9338"}],"version-history":[{"count":93,"href":"https:\/\/3w.sienteomana.com\/en\/wp-json\/wp\/v2\/pages\/9338\/revisions"}],"predecessor-version":[{"id":14547,"href":"https:\/\/3w.sienteomana.com\/en\/wp-json\/wp\/v2\/pages\/9338\/revisions\/14547"}],"wp:attachment":[{"href":"https:\/\/3w.sienteomana.com\/en\/wp-json\/wp\/v2\/media?parent=9338"}],"curies":[{"name":"wp","href":"https:\/\/api.w.org\/{rel}","templated":true}]}}